{"id":3787,"date":"2024-02-29T15:13:23","date_gmt":"2024-02-29T11:13:23","guid":{"rendered":"https:\/\/etab.ac-reunion.fr\/clg-plateau-caillou\/?page_id=3787"},"modified":"2024-09-03T13:48:28","modified_gmt":"2024-09-03T09:48:28","slug":"semaine-des-langues-2024","status":"publish","type":"page","link":"https:\/\/etab.ac-reunion.fr\/clg-plateau-caillou\/vie-de-letablissement\/semaine-des-langues-2024\/","title":{"rendered":"Semaine des langues 2025"},"content":{"rendered":"<p style=\"text-align: justify\">La Semaine nationale des langues vivantes s&rsquo;adresse \u00e0 tous les \u00e9l\u00e8ves des \u00e9coles, coll\u00e8ges et lyc\u00e9es, ainsi qu&rsquo;\u00e0 leurs familles et au grand public.\u00a0Organis\u00e9e <strong>chaque ann\u00e9e<\/strong>, cette semaine s&rsquo;attache \u00e0\u00a0<strong>sensibiliser le grand public \u00e0 la diversit\u00e9 linguistique<\/strong>\u00a0qui existe sur le territoire et \u00e0\u00a0<strong>l&rsquo;atout que repr\u00e9sentent les langues vivantes.\u00a0<\/strong>Elle s&rsquo;inscrit \u00e9galement dans la volont\u00e9 de susciter l&rsquo;envie de les apprendre et de les utiliser.<\/p>\n<p>Cette semaine a pour objectifs de\u00a0:<\/p>\n<ul>\n<li>cr\u00e9er un temps fort sur une th\u00e9matique susceptible de f\u00e9d\u00e9rer des projets en langues et\/ou autour des langues et de faciliter leur rayonnement<\/li>\n<li>sensibiliser \u00e0 l&rsquo;atout que repr\u00e9sentent les langues pour faciliter l&rsquo;insertion professionnelle<\/li>\n<li>valoriser le plurilinguisme<\/li>\n<li>valoriser l&rsquo;enseignement en langues vivantes et toutes les initiatives associ\u00e9es<\/li>\n<li>inciter \u00e0 la mobilit\u00e9 et \u00e0 l&rsquo;ouverture internationale<\/li>\n<\/ul>\n<p style=\"text-align: center\">1 jour 1 langue \u00e0 l&rsquo;honneur ! Dress code en fonction de la journ\u00e9e<\/p>\n<p><img loading=\"lazy\" decoding=\"async\" class=\"alignnone size-full wp-image-3791 aligncenter\" src=\"https:\/\/etab.ac-reunion.fr\/clg-plateau-caillou\/wp-content\/uploads\/sites\/103\/2024\/02\/reunion.png\" alt=\"\" width=\"275\" height=\"183\" srcset=\"https:\/\/etab.ac-reunion.fr\/clg-plateau-caillou\/wp-content\/uploads\/sites\/103\/2024\/02\/reunion.png 275w, https:\/\/etab.ac-reunion.fr\/clg-plateau-caillou\/wp-content\/uploads\/sites\/103\/2024\/02\/reunion-150x100.png 150w\" sizes=\"auto, (max-width: 275px) 100vw, 275px\" \/><\/p>\n<p>&nbsp;<\/p>\n<p><img loading=\"lazy\" decoding=\"async\" class=\"wp-image-3790 alignleft\" src=\"https:\/\/etab.ac-reunion.fr\/clg-plateau-caillou\/wp-content\/uploads\/sites\/103\/2024\/02\/drapeau-espagnol.jpg\" alt=\"\" width=\"153\" height=\"153\" srcset=\"https:\/\/etab.ac-reunion.fr\/clg-plateau-caillou\/wp-content\/uploads\/sites\/103\/2024\/02\/drapeau-espagnol.jpg 225w, https:\/\/etab.ac-reunion.fr\/clg-plateau-caillou\/wp-content\/uploads\/sites\/103\/2024\/02\/drapeau-espagnol-150x150.jpg 150w\" sizes=\"auto, (max-width: 153px) 100vw, 153px\" \/><img loading=\"lazy\" decoding=\"async\" class=\"wp-image-3789 alignleft\" src=\"https:\/\/etab.ac-reunion.fr\/clg-plateau-caillou\/wp-content\/uploads\/sites\/103\/2024\/02\/drapeau-anglais.jpg\" alt=\"\" width=\"166\" height=\"166\" srcset=\"https:\/\/etab.ac-reunion.fr\/clg-plateau-caillou\/wp-content\/uploads\/sites\/103\/2024\/02\/drapeau-anglais.jpg 225w, https:\/\/etab.ac-reunion.fr\/clg-plateau-caillou\/wp-content\/uploads\/sites\/103\/2024\/02\/drapeau-anglais-150x150.jpg 150w\" sizes=\"auto, (max-width: 166px) 100vw, 166px\" \/><img loading=\"lazy\" decoding=\"async\" class=\"wp-image-3792 alignleft\" src=\"https:\/\/etab.ac-reunion.fr\/clg-plateau-caillou\/wp-content\/uploads\/sites\/103\/2024\/02\/allemand-drapeau.jpg\" alt=\"\" width=\"156\" height=\"156\" srcset=\"https:\/\/etab.ac-reunion.fr\/clg-plateau-caillou\/wp-content\/uploads\/sites\/103\/2024\/02\/allemand-drapeau.jpg 225w, https:\/\/etab.ac-reunion.fr\/clg-plateau-caillou\/wp-content\/uploads\/sites\/103\/2024\/02\/allemand-drapeau-150x150.jpg 150w\" sizes=\"auto, (max-width: 156px) 100vw, 156px\" \/><\/p>\n","protected":false},"excerpt":{"rendered":"<p>La Semaine nationale des langues vivantes s&rsquo;adresse \u00e0 tous les \u00e9l\u00e8ves des \u00e9coles, coll\u00e8ges et lyc\u00e9es, ainsi qu&rsquo;\u00e0 leurs familles et au grand public.\u00a0Organis\u00e9e chaque ann\u00e9e, cette semaine s&rsquo;attache \u00e0\u00a0sensibiliser le grand public \u00e0 la diversit\u00e9 linguistique\u00a0qui existe sur le territoire et \u00e0\u00a0l&rsquo;atout que repr\u00e9sentent les langues vivantes.\u00a0Elle s&rsquo;inscrit \u00e9galement&#8230;<\/p>\n<p> <a class=\"continue-reading-link\" href=\"https:\/\/etab.ac-reunion.fr\/clg-plateau-caillou\/vie-de-letablissement\/semaine-des-langues-2024\/\"><span>Lire la suite<\/span><i class=\"crycon-right-dir\"><\/i><\/a> <\/p>\n","protected":false},"author":7283,"featured_media":0,"parent":1029,"menu_order":0,"comment_status":"closed","ping_status":"closed","template":"","meta":{"footnotes":""},"class_list":["post-3787","page","type-page","status-publish","hentry"],"_links":{"self":[{"href":"https:\/\/etab.ac-reunion.fr\/clg-plateau-caillou\/wp-json\/wp\/v2\/pages\/3787","targetHints":{"allow":["GET"]}}],"collection":[{"href":"https:\/\/etab.ac-reunion.fr\/clg-plateau-caillou\/wp-json\/wp\/v2\/pages"}],"about":[{"href":"https:\/\/etab.ac-reunion.fr\/clg-plateau-caillou\/wp-json\/wp\/v2\/types\/page"}],"author":[{"embeddable":true,"href":"https:\/\/etab.ac-reunion.fr\/clg-plateau-caillou\/wp-json\/wp\/v2\/users\/7283"}],"replies":[{"embeddable":true,"href":"https:\/\/etab.ac-reunion.fr\/clg-plateau-caillou\/wp-json\/wp\/v2\/comments?post=3787"}],"version-history":[{"count":6,"href":"https:\/\/etab.ac-reunion.fr\/clg-plateau-caillou\/wp-json\/wp\/v2\/pages\/3787\/revisions"}],"predecessor-version":[{"id":3987,"href":"https:\/\/etab.ac-reunion.fr\/clg-plateau-caillou\/wp-json\/wp\/v2\/pages\/3787\/revisions\/3987"}],"up":[{"embeddable":true,"href":"https:\/\/etab.ac-reunion.fr\/clg-plateau-caillou\/wp-json\/wp\/v2\/pages\/1029"}],"wp:attachment":[{"href":"https:\/\/etab.ac-reunion.fr\/clg-plateau-caillou\/wp-json\/wp\/v2\/media?parent=3787"}],"curies":[{"name":"wp","href":"https:\/\/api.w.org\/{rel}","templated":true}]}}