{"id":3890,"date":"2024-06-17T16:26:47","date_gmt":"2024-06-17T12:26:47","guid":{"rendered":"https:\/\/etab.ac-reunion.fr\/clg-plateau-caillou\/?page_id=3890"},"modified":"2024-06-20T11:42:00","modified_gmt":"2024-06-20T07:42:00","slug":"octobre-rose-les-6e-relevent-le-defi","status":"publish","type":"page","link":"https:\/\/etab.ac-reunion.fr\/clg-plateau-caillou\/octobre-rose-les-6e-relevent-le-defi\/","title":{"rendered":"Octobre Rose 2023 : Les 6e rel\u00e8vent le d\u00e9fi !"},"content":{"rendered":"<p style=\"text-align: center\">A l\u2019occasion d\u2019Octobre Rose 2023, l\u2019Institut Curie lance un nouveau d\u00e9fi cr\u00e9atif et solidaire pour<br \/>\nsoutenir les femmes atteintes de cancer du sein. Les \u00e9l\u00e8ves de 6e accompagn\u00e9s de Mme Trabelsi,<br \/>\nprofesseur d\u2019Histoire-G\u00e9ographie-EMC se sont engag\u00e9s dans cette action si noble. Cette mobilisation<br \/>\ns\u2019est inscrite dans le parcours citoyen afin que les \u00e9l\u00e8ves puissent s\u2019engager \u00e0 la r\u00e9alisation de<br \/>\npochettes qui ont \u00e9t\u00e9 offertes aux patientes pendant le mois de mobilisation contre le cancer du sein.<\/p>\n<p><img loading=\"lazy\" decoding=\"async\" class=\"alignnone size-medium wp-image-3941\" src=\"https:\/\/etab.ac-reunion.fr\/clg-plateau-caillou\/wp-content\/uploads\/sites\/103\/2024\/06\/pochette-sein-225x300.jpg\" alt=\"\" width=\"225\" height=\"300\" srcset=\"https:\/\/etab.ac-reunion.fr\/clg-plateau-caillou\/wp-content\/uploads\/sites\/103\/2024\/06\/pochette-sein-225x300.jpg 225w, https:\/\/etab.ac-reunion.fr\/clg-plateau-caillou\/wp-content\/uploads\/sites\/103\/2024\/06\/pochette-sein-113x150.jpg 113w, https:\/\/etab.ac-reunion.fr\/clg-plateau-caillou\/wp-content\/uploads\/sites\/103\/2024\/06\/pochette-sein.jpg 603w\" sizes=\"auto, (max-width: 225px) 100vw, 225px\" \/> <img loading=\"lazy\" decoding=\"async\" class=\"alignnone size-medium wp-image-3942\" src=\"https:\/\/etab.ac-reunion.fr\/clg-plateau-caillou\/wp-content\/uploads\/sites\/103\/2024\/06\/pochette-sein2-227x300.jpg\" alt=\"\" width=\"227\" height=\"300\" srcset=\"https:\/\/etab.ac-reunion.fr\/clg-plateau-caillou\/wp-content\/uploads\/sites\/103\/2024\/06\/pochette-sein2-227x300.jpg 227w, https:\/\/etab.ac-reunion.fr\/clg-plateau-caillou\/wp-content\/uploads\/sites\/103\/2024\/06\/pochette-sein2-113x150.jpg 113w, https:\/\/etab.ac-reunion.fr\/clg-plateau-caillou\/wp-content\/uploads\/sites\/103\/2024\/06\/pochette-sein2.jpg 601w\" sizes=\"auto, (max-width: 227px) 100vw, 227px\" \/> <img loading=\"lazy\" decoding=\"async\" class=\"alignnone size-medium wp-image-3943\" src=\"https:\/\/etab.ac-reunion.fr\/clg-plateau-caillou\/wp-content\/uploads\/sites\/103\/2024\/06\/pochette-sein-3-227x300.jpg\" alt=\"\" width=\"227\" height=\"300\" srcset=\"https:\/\/etab.ac-reunion.fr\/clg-plateau-caillou\/wp-content\/uploads\/sites\/103\/2024\/06\/pochette-sein-3-227x300.jpg 227w, https:\/\/etab.ac-reunion.fr\/clg-plateau-caillou\/wp-content\/uploads\/sites\/103\/2024\/06\/pochette-sein-3-113x150.jpg 113w, https:\/\/etab.ac-reunion.fr\/clg-plateau-caillou\/wp-content\/uploads\/sites\/103\/2024\/06\/pochette-sein-3.jpg 606w\" sizes=\"auto, (max-width: 227px) 100vw, 227px\" \/> <img loading=\"lazy\" decoding=\"async\" class=\"alignnone size-medium wp-image-3944\" src=\"https:\/\/etab.ac-reunion.fr\/clg-plateau-caillou\/wp-content\/uploads\/sites\/103\/2024\/06\/pochette4-222x300.jpg\" alt=\"\" width=\"222\" height=\"300\" srcset=\"https:\/\/etab.ac-reunion.fr\/clg-plateau-caillou\/wp-content\/uploads\/sites\/103\/2024\/06\/pochette4-222x300.jpg 222w, https:\/\/etab.ac-reunion.fr\/clg-plateau-caillou\/wp-content\/uploads\/sites\/103\/2024\/06\/pochette4-111x150.jpg 111w, https:\/\/etab.ac-reunion.fr\/clg-plateau-caillou\/wp-content\/uploads\/sites\/103\/2024\/06\/pochette4.jpg 594w\" sizes=\"auto, (max-width: 222px) 100vw, 222px\" \/> <img loading=\"lazy\" decoding=\"async\" class=\"alignnone size-medium wp-image-3945\" src=\"https:\/\/etab.ac-reunion.fr\/clg-plateau-caillou\/wp-content\/uploads\/sites\/103\/2024\/06\/pochette-5-224x300.jpg\" alt=\"\" width=\"224\" height=\"300\" srcset=\"https:\/\/etab.ac-reunion.fr\/clg-plateau-caillou\/wp-content\/uploads\/sites\/103\/2024\/06\/pochette-5-224x300.jpg 224w, https:\/\/etab.ac-reunion.fr\/clg-plateau-caillou\/wp-content\/uploads\/sites\/103\/2024\/06\/pochette-5-112x150.jpg 112w, https:\/\/etab.ac-reunion.fr\/clg-plateau-caillou\/wp-content\/uploads\/sites\/103\/2024\/06\/pochette-5.jpg 600w\" sizes=\"auto, (max-width: 224px) 100vw, 224px\" \/> <img loading=\"lazy\" decoding=\"async\" class=\"wp-image-3946 aligncenter\" src=\"https:\/\/etab.ac-reunion.fr\/clg-plateau-caillou\/wp-content\/uploads\/sites\/103\/2024\/06\/eleve-pochette-300x223.jpg\" alt=\"\" width=\"520\" height=\"387\" srcset=\"https:\/\/etab.ac-reunion.fr\/clg-plateau-caillou\/wp-content\/uploads\/sites\/103\/2024\/06\/eleve-pochette-300x223.jpg 300w, https:\/\/etab.ac-reunion.fr\/clg-plateau-caillou\/wp-content\/uploads\/sites\/103\/2024\/06\/eleve-pochette-150x111.jpg 150w, https:\/\/etab.ac-reunion.fr\/clg-plateau-caillou\/wp-content\/uploads\/sites\/103\/2024\/06\/eleve-pochette.jpg 603w\" sizes=\"auto, (max-width: 520px) 100vw, 520px\" \/><\/p>\n<p>&nbsp;<\/p>\n","protected":false},"excerpt":{"rendered":"<p>A l\u2019occasion d\u2019Octobre Rose 2023, l\u2019Institut Curie lance un nouveau d\u00e9fi cr\u00e9atif et solidaire pour soutenir les femmes atteintes de cancer du sein. Les \u00e9l\u00e8ves de 6e accompagn\u00e9s de Mme Trabelsi, professeur d\u2019Histoire-G\u00e9ographie-EMC se sont engag\u00e9s dans cette action si noble. Cette mobilisation s\u2019est inscrite dans le parcours citoyen afin&#8230;<\/p>\n<p> <a class=\"continue-reading-link\" href=\"https:\/\/etab.ac-reunion.fr\/clg-plateau-caillou\/octobre-rose-les-6e-relevent-le-defi\/\"><span>Lire la suite<\/span><i class=\"crycon-right-dir\"><\/i><\/a> <\/p>\n","protected":false},"author":7283,"featured_media":0,"parent":0,"menu_order":0,"comment_status":"closed","ping_status":"closed","template":"","meta":{"footnotes":""},"class_list":["post-3890","page","type-page","status-publish","hentry"],"_links":{"self":[{"href":"https:\/\/etab.ac-reunion.fr\/clg-plateau-caillou\/wp-json\/wp\/v2\/pages\/3890","targetHints":{"allow":["GET"]}}],"collection":[{"href":"https:\/\/etab.ac-reunion.fr\/clg-plateau-caillou\/wp-json\/wp\/v2\/pages"}],"about":[{"href":"https:\/\/etab.ac-reunion.fr\/clg-plateau-caillou\/wp-json\/wp\/v2\/types\/page"}],"author":[{"embeddable":true,"href":"https:\/\/etab.ac-reunion.fr\/clg-plateau-caillou\/wp-json\/wp\/v2\/users\/7283"}],"replies":[{"embeddable":true,"href":"https:\/\/etab.ac-reunion.fr\/clg-plateau-caillou\/wp-json\/wp\/v2\/comments?post=3890"}],"version-history":[{"count":6,"href":"https:\/\/etab.ac-reunion.fr\/clg-plateau-caillou\/wp-json\/wp\/v2\/pages\/3890\/revisions"}],"predecessor-version":[{"id":3951,"href":"https:\/\/etab.ac-reunion.fr\/clg-plateau-caillou\/wp-json\/wp\/v2\/pages\/3890\/revisions\/3951"}],"wp:attachment":[{"href":"https:\/\/etab.ac-reunion.fr\/clg-plateau-caillou\/wp-json\/wp\/v2\/media?parent=3890"}],"curies":[{"name":"wp","href":"https:\/\/api.w.org\/{rel}","templated":true}]}}