{"id":3900,"date":"2024-06-20T09:27:23","date_gmt":"2024-06-20T05:27:23","guid":{"rendered":"https:\/\/etab.ac-reunion.fr\/clg-plateau-caillou\/?page_id=3900"},"modified":"2024-06-20T11:07:42","modified_gmt":"2024-06-20T07:07:42","slug":"journee-dintegration-des-cm2","status":"publish","type":"page","link":"https:\/\/etab.ac-reunion.fr\/clg-plateau-caillou\/journee-dintegration-des-cm2\/","title":{"rendered":"Journ\u00e9e d\u2019int\u00e9gration des CM2"},"content":{"rendered":"<p>Jeudi 20\/06\/2024 a lieu la matin\u00e9e d\u2019int\u00e9gration des \u00e9l\u00e8ves de CM2, futurs \u00e9l\u00e8ves de 6e ! Au programme : visite du coll\u00e8ge, prise de connaissance des diff\u00e9rents services et personnels qui y travaillent, immersion dans les cours, repas \u00e0 la cantine. Nos \u00e9l\u00e8ves d\u00e9l\u00e9gu\u00e9s de 6e les accompagnent tout au long de la matin\u00e9e. Inscrite dans le programme de liaison \u00c9cole\/Coll\u00e8ge, cette action permet aux enfants de passer une meilleure rentr\u00e9e \u00e0 leur arriv\u00e9e en Sixi\u00e8me, en int\u00e9grant progressivement les r\u00e8gles du coll\u00e8ge.\u00a0\u00c0 tr\u00e8s bient\u00f4t futurs \u00e9l\u00e8ves !<\/p>\n<p><img loading=\"lazy\" decoding=\"async\" class=\"wp-image-3901 aligncenter\" src=\"https:\/\/etab.ac-reunion.fr\/clg-plateau-caillou\/wp-content\/uploads\/sites\/103\/2024\/06\/IMG_2023-300x225.jpeg\" alt=\"\" width=\"471\" height=\"353\" srcset=\"https:\/\/etab.ac-reunion.fr\/clg-plateau-caillou\/wp-content\/uploads\/sites\/103\/2024\/06\/IMG_2023-300x225.jpeg 300w, https:\/\/etab.ac-reunion.fr\/clg-plateau-caillou\/wp-content\/uploads\/sites\/103\/2024\/06\/IMG_2023-1024x768.jpeg 1024w, https:\/\/etab.ac-reunion.fr\/clg-plateau-caillou\/wp-content\/uploads\/sites\/103\/2024\/06\/IMG_2023-768x576.jpeg 768w, https:\/\/etab.ac-reunion.fr\/clg-plateau-caillou\/wp-content\/uploads\/sites\/103\/2024\/06\/IMG_2023-1536x1152.jpeg 1536w, https:\/\/etab.ac-reunion.fr\/clg-plateau-caillou\/wp-content\/uploads\/sites\/103\/2024\/06\/IMG_2023-2048x1536.jpeg 2048w, https:\/\/etab.ac-reunion.fr\/clg-plateau-caillou\/wp-content\/uploads\/sites\/103\/2024\/06\/IMG_2023-150x113.jpeg 150w\" sizes=\"auto, (max-width: 471px) 100vw, 471px\" \/><\/p>\n","protected":false},"excerpt":{"rendered":"<p>Jeudi 20\/06\/2024 a lieu la matin\u00e9e d\u2019int\u00e9gration des \u00e9l\u00e8ves de CM2, futurs \u00e9l\u00e8ves de 6e ! Au programme : visite du coll\u00e8ge, prise de connaissance des diff\u00e9rents services et personnels qui y travaillent, immersion dans les cours, repas \u00e0 la cantine. Nos \u00e9l\u00e8ves d\u00e9l\u00e9gu\u00e9s de 6e les accompagnent tout au&#8230;<\/p>\n<p> <a class=\"continue-reading-link\" href=\"https:\/\/etab.ac-reunion.fr\/clg-plateau-caillou\/journee-dintegration-des-cm2\/\"><span>Lire la suite<\/span><i class=\"crycon-right-dir\"><\/i><\/a> <\/p>\n","protected":false},"author":7283,"featured_media":0,"parent":0,"menu_order":0,"comment_status":"closed","ping_status":"closed","template":"","meta":{"footnotes":""},"class_list":["post-3900","page","type-page","status-publish","hentry"],"_links":{"self":[{"href":"https:\/\/etab.ac-reunion.fr\/clg-plateau-caillou\/wp-json\/wp\/v2\/pages\/3900","targetHints":{"allow":["GET"]}}],"collection":[{"href":"https:\/\/etab.ac-reunion.fr\/clg-plateau-caillou\/wp-json\/wp\/v2\/pages"}],"about":[{"href":"https:\/\/etab.ac-reunion.fr\/clg-plateau-caillou\/wp-json\/wp\/v2\/types\/page"}],"author":[{"embeddable":true,"href":"https:\/\/etab.ac-reunion.fr\/clg-plateau-caillou\/wp-json\/wp\/v2\/users\/7283"}],"replies":[{"embeddable":true,"href":"https:\/\/etab.ac-reunion.fr\/clg-plateau-caillou\/wp-json\/wp\/v2\/comments?post=3900"}],"version-history":[{"count":3,"href":"https:\/\/etab.ac-reunion.fr\/clg-plateau-caillou\/wp-json\/wp\/v2\/pages\/3900\/revisions"}],"predecessor-version":[{"id":3928,"href":"https:\/\/etab.ac-reunion.fr\/clg-plateau-caillou\/wp-json\/wp\/v2\/pages\/3900\/revisions\/3928"}],"wp:attachment":[{"href":"https:\/\/etab.ac-reunion.fr\/clg-plateau-caillou\/wp-json\/wp\/v2\/media?parent=3900"}],"curies":[{"name":"wp","href":"https:\/\/api.w.org\/{rel}","templated":true}]}}