{"id":3908,"date":"2024-06-20T10:59:59","date_gmt":"2024-06-20T06:59:59","guid":{"rendered":"https:\/\/etab.ac-reunion.fr\/clg-plateau-caillou\/?page_id=3908"},"modified":"2025-07-01T11:51:33","modified_gmt":"2025-07-01T07:51:33","slug":"pri-honore-pou-lekol-2024","status":"publish","type":"page","link":"https:\/\/etab.ac-reunion.fr\/clg-plateau-caillou\/culture\/pri-honore-pou-lekol-2024\/","title":{"rendered":"CONCOURS Pri Honor\u00e9 Pou L\u00e9kol 2024"},"content":{"rendered":"<p style=\"text-align: left\"><img loading=\"lazy\" decoding=\"async\" class=\"size-medium wp-image-3913 alignleft\" src=\"https:\/\/etab.ac-reunion.fr\/clg-plateau-caillou\/wp-content\/uploads\/sites\/103\/2024\/06\/IMG_1594-300x225.jpeg\" alt=\"\" width=\"300\" height=\"225\" srcset=\"https:\/\/etab.ac-reunion.fr\/clg-plateau-caillou\/wp-content\/uploads\/sites\/103\/2024\/06\/IMG_1594-300x225.jpeg 300w, https:\/\/etab.ac-reunion.fr\/clg-plateau-caillou\/wp-content\/uploads\/sites\/103\/2024\/06\/IMG_1594-1024x768.jpeg 1024w, https:\/\/etab.ac-reunion.fr\/clg-plateau-caillou\/wp-content\/uploads\/sites\/103\/2024\/06\/IMG_1594-768x576.jpeg 768w, https:\/\/etab.ac-reunion.fr\/clg-plateau-caillou\/wp-content\/uploads\/sites\/103\/2024\/06\/IMG_1594-1536x1152.jpeg 1536w, https:\/\/etab.ac-reunion.fr\/clg-plateau-caillou\/wp-content\/uploads\/sites\/103\/2024\/06\/IMG_1594-2048x1536.jpeg 2048w, https:\/\/etab.ac-reunion.fr\/clg-plateau-caillou\/wp-content\/uploads\/sites\/103\/2024\/06\/IMG_1594-150x113.jpeg 150w\" sizes=\"auto, (max-width: 300px) 100vw, 300px\" \/><\/p>\n<p style=\"text-align: center\">Les \u00e9l\u00e8ves des classes de 5e1 et 5e2 inscrits \u00e0 l\u2019option cr\u00e9ole ont particip\u00e9 cette ann\u00e9e au concours litt\u00e9raire en cr\u00e9ole r\u00e9unionnais <strong><em>Pri Daniel Honor\u00e9 LanKR\u00e9ol 2024<\/em><\/strong>. Organis\u00e9 par le Conseil de la culture, de l\u2019\u00e9ducation et de l\u2019environnement (CCEE), en partenariat avec la Ligue de l\u2019enseignement-F\u00e9d\u00e9ration de La R\u00e9union et R\u00e9union La 1\u00e8re, ce concours est l&rsquo;occasion de promouvoir la langue cr\u00e9ole. Les \u00e9l\u00e8ves ont \u00e9crit un Fonnk\u00e8r intitul\u00e9<em> \u00ab Mi di pi \u00bb<\/em> un bel hommage aux mots et expressions cr\u00e9oles de notre patrimoine. La remise des prix a eu lieu au Domaine Mocca o\u00f9 nos \u00e9l\u00e8ves ont fi\u00e8rement d\u00e9croch\u00e9 la <span style=\"color: #ff0000\">3e place! <\/span><span style=\"font-family: Arial, Helvetica, sans-serif\">Bravo \u00e0 tous<\/span><\/p>\n<p><img loading=\"lazy\" decoding=\"async\" class=\"alignnone size-medium wp-image-3909\" src=\"https:\/\/etab.ac-reunion.fr\/clg-plateau-caillou\/wp-content\/uploads\/sites\/103\/2024\/06\/IMG_1620-225x300.jpeg\" alt=\"\" width=\"225\" height=\"300\" srcset=\"https:\/\/etab.ac-reunion.fr\/clg-plateau-caillou\/wp-content\/uploads\/sites\/103\/2024\/06\/IMG_1620-225x300.jpeg 225w, https:\/\/etab.ac-reunion.fr\/clg-plateau-caillou\/wp-content\/uploads\/sites\/103\/2024\/06\/IMG_1620-768x1024.jpeg 768w, https:\/\/etab.ac-reunion.fr\/clg-plateau-caillou\/wp-content\/uploads\/sites\/103\/2024\/06\/IMG_1620-1152x1536.jpeg 1152w, https:\/\/etab.ac-reunion.fr\/clg-plateau-caillou\/wp-content\/uploads\/sites\/103\/2024\/06\/IMG_1620-1536x2048.jpeg 1536w, https:\/\/etab.ac-reunion.fr\/clg-plateau-caillou\/wp-content\/uploads\/sites\/103\/2024\/06\/IMG_1620-113x150.jpeg 113w, https:\/\/etab.ac-reunion.fr\/clg-plateau-caillou\/wp-content\/uploads\/sites\/103\/2024\/06\/IMG_1620-scaled.jpeg 1920w\" sizes=\"auto, (max-width: 225px) 100vw, 225px\" \/> <img loading=\"lazy\" decoding=\"async\" class=\"wp-image-3910 alignleft\" src=\"https:\/\/etab.ac-reunion.fr\/clg-plateau-caillou\/wp-content\/uploads\/sites\/103\/2024\/06\/IMG_1617-300x225.jpeg\" alt=\"\" width=\"420\" height=\"315\" srcset=\"https:\/\/etab.ac-reunion.fr\/clg-plateau-caillou\/wp-content\/uploads\/sites\/103\/2024\/06\/IMG_1617-300x225.jpeg 300w, https:\/\/etab.ac-reunion.fr\/clg-plateau-caillou\/wp-content\/uploads\/sites\/103\/2024\/06\/IMG_1617-1024x768.jpeg 1024w, https:\/\/etab.ac-reunion.fr\/clg-plateau-caillou\/wp-content\/uploads\/sites\/103\/2024\/06\/IMG_1617-768x576.jpeg 768w, https:\/\/etab.ac-reunion.fr\/clg-plateau-caillou\/wp-content\/uploads\/sites\/103\/2024\/06\/IMG_1617-1536x1152.jpeg 1536w, https:\/\/etab.ac-reunion.fr\/clg-plateau-caillou\/wp-content\/uploads\/sites\/103\/2024\/06\/IMG_1617-2048x1536.jpeg 2048w, https:\/\/etab.ac-reunion.fr\/clg-plateau-caillou\/wp-content\/uploads\/sites\/103\/2024\/06\/IMG_1617-150x113.jpeg 150w\" sizes=\"auto, (max-width: 420px) 100vw, 420px\" \/><\/p>\n<p>&nbsp;<\/p>\n<p>&nbsp;<\/p>\n","protected":false},"excerpt":{"rendered":"<p>Les \u00e9l\u00e8ves des classes de 5e1 et 5e2 inscrits \u00e0 l\u2019option cr\u00e9ole ont particip\u00e9 cette ann\u00e9e au concours litt\u00e9raire en cr\u00e9ole r\u00e9unionnais Pri Daniel Honor\u00e9 LanKR\u00e9ol 2024. Organis\u00e9 par le Conseil de la culture, de l\u2019\u00e9ducation et de l\u2019environnement (CCEE), en partenariat avec la Ligue de l\u2019enseignement-F\u00e9d\u00e9ration de La R\u00e9union&#8230;<\/p>\n<p> <a class=\"continue-reading-link\" href=\"https:\/\/etab.ac-reunion.fr\/clg-plateau-caillou\/culture\/pri-honore-pou-lekol-2024\/\"><span>Lire la suite<\/span><i class=\"crycon-right-dir\"><\/i><\/a> <\/p>\n","protected":false},"author":7283,"featured_media":0,"parent":1027,"menu_order":0,"comment_status":"closed","ping_status":"closed","template":"","meta":{"footnotes":""},"class_list":["post-3908","page","type-page","status-publish","hentry"],"_links":{"self":[{"href":"https:\/\/etab.ac-reunion.fr\/clg-plateau-caillou\/wp-json\/wp\/v2\/pages\/3908","targetHints":{"allow":["GET"]}}],"collection":[{"href":"https:\/\/etab.ac-reunion.fr\/clg-plateau-caillou\/wp-json\/wp\/v2\/pages"}],"about":[{"href":"https:\/\/etab.ac-reunion.fr\/clg-plateau-caillou\/wp-json\/wp\/v2\/types\/page"}],"author":[{"embeddable":true,"href":"https:\/\/etab.ac-reunion.fr\/clg-plateau-caillou\/wp-json\/wp\/v2\/users\/7283"}],"replies":[{"embeddable":true,"href":"https:\/\/etab.ac-reunion.fr\/clg-plateau-caillou\/wp-json\/wp\/v2\/comments?post=3908"}],"version-history":[{"count":10,"href":"https:\/\/etab.ac-reunion.fr\/clg-plateau-caillou\/wp-json\/wp\/v2\/pages\/3908\/revisions"}],"predecessor-version":[{"id":5131,"href":"https:\/\/etab.ac-reunion.fr\/clg-plateau-caillou\/wp-json\/wp\/v2\/pages\/3908\/revisions\/5131"}],"up":[{"embeddable":true,"href":"https:\/\/etab.ac-reunion.fr\/clg-plateau-caillou\/wp-json\/wp\/v2\/pages\/1027"}],"wp:attachment":[{"href":"https:\/\/etab.ac-reunion.fr\/clg-plateau-caillou\/wp-json\/wp\/v2\/media?parent=3908"}],"curies":[{"name":"wp","href":"https:\/\/api.w.org\/{rel}","templated":true}]}}