{"id":3995,"date":"2024-09-03T14:44:49","date_gmt":"2024-09-03T10:44:49","guid":{"rendered":"https:\/\/etab.ac-reunion.fr\/clg-plateau-caillou\/?page_id=3995"},"modified":"2025-07-01T11:48:18","modified_gmt":"2025-07-01T07:48:18","slug":"classe-verte-projet-ruche","status":"publish","type":"page","link":"https:\/\/etab.ac-reunion.fr\/clg-plateau-caillou\/parcours-sciences\/classe-verte-projet-ruche\/","title":{"rendered":"Classe Verte &#8211; Projet Ruche"},"content":{"rendered":"<p style=\"text-align: justify\">Cette ann\u00e9e scolaire 2024-2025 voit la <span style=\"text-decoration: underline\">cr\u00e9ation d&rsquo;une classe \u00ab\u00a0verte\u00a0\u00bb en 6e<\/span>1. Une heure quinzaine est consacr\u00e9e en classe enti\u00e8re \u00e0 faire adopter aux \u00e9l\u00e8ves une conscience \u00e9coresponsable en s&rsquo;occupant d&rsquo;un r\u00fbcher. 25 \u00e9l\u00e8ves dont deux \u00e9l\u00e8ves d&rsquo;ULIS sont donc engag\u00e9s dans cette aventure aux c\u00f4t\u00e9s de leurs professeurs et des agents du coll\u00e8ge.<\/p>\n<p>Cette classe va aussi s&rsquo;occuper du potager avec la production de patates douces. Un concours sera organis\u00e9 entre plusieurs \u00e9tablissements. Le lien sera fait entre le potager et les abeilles (pollinisation, pollution, esp\u00e8ces invasives &#8230;). Les \u00e9l\u00e8ves ont d\u00e9j\u00e0 commenc\u00e9 le bouturage de tiges de patates douces et de basilic. Des tubercules de patates douces ont aussi \u00e9t\u00e9 mis \u00e0 germer. La prochaine \u00e9tape est le d\u00e9sherbage du potager et la plantation de nos boutures.<\/p>\n<p style=\"text-align: justify\">La classe verte sera \u00e0 l&rsquo;origine d&rsquo;actions transversales, avec entre autres les arts plastiques, pour faire ou refaire des galets peints qui porteront le nom cr\u00e9ole et scientifique des plantes de l&rsquo;arboretum et du reste du coll\u00e8ge, la r\u00e9alisation d&rsquo;une \u00e9tiquette pour les pots de miel sera aussi envisag\u00e9e.<\/p>\n<p style=\"text-align: left\">La premi\u00e8re production de miel a eu lieu ce mois de d\u00e9cembre !<\/p>\n<p style=\"text-align: center\"><strong><span style=\"color: #ff0000\">Le coll\u00e8ge s&rsquo;est class\u00e9 1er du classement \u00e9chantillon A <\/span><\/strong><\/p>\n<p style=\"text-align: center\"><strong><span style=\"color: #ff0000\">lors de la 5EME EDITION du CONCOURS DE MIELS ACADEMIQUE le 26 Mai 2025<\/span><\/strong><\/p>\n<p style=\"text-align: justify\">Issu d\u2019un environnement mixte de v\u00e9g\u00e9tation s\u00e8che, de ravines, de ville, de zone humide, notre miel refl\u00e8te toute la richesse de ce type de terroir. La viscosit\u00e9 conf\u00e8re au miel une texture en bouche particuli\u00e8rement agr\u00e9able pour celui qui le d\u00e9guste. Elle est souvent le signe d&rsquo;une forte proportion de miellat \u2014 une substance sucr\u00e9e s\u00e9cr\u00e9t\u00e9e par les insectes piqueurs-suceurs pr\u00e9sents sur certaines herbac\u00e9es et arbres, que les abeilles r\u00e9coltent et transforment en \u00ab miel de miellat \u00bb<\/p>\n<p style=\"text-align: center\"><img loading=\"lazy\" decoding=\"async\" class=\"wp-image-4495 aligncenter\" src=\"https:\/\/etab.ac-reunion.fr\/clg-plateau-caillou\/wp-content\/uploads\/sites\/103\/2024\/12\/6684ad37-af3c-491a-b6e9-619b7c19e0d0.jpeg\" alt=\"\" width=\"438\" height=\"246\" srcset=\"https:\/\/etab.ac-reunion.fr\/clg-plateau-caillou\/wp-content\/uploads\/sites\/103\/2024\/12\/6684ad37-af3c-491a-b6e9-619b7c19e0d0.jpeg 1024w, https:\/\/etab.ac-reunion.fr\/clg-plateau-caillou\/wp-content\/uploads\/sites\/103\/2024\/12\/6684ad37-af3c-491a-b6e9-619b7c19e0d0-300x169.jpeg 300w, https:\/\/etab.ac-reunion.fr\/clg-plateau-caillou\/wp-content\/uploads\/sites\/103\/2024\/12\/6684ad37-af3c-491a-b6e9-619b7c19e0d0-768x432.jpeg 768w, https:\/\/etab.ac-reunion.fr\/clg-plateau-caillou\/wp-content\/uploads\/sites\/103\/2024\/12\/6684ad37-af3c-491a-b6e9-619b7c19e0d0-150x84.jpeg 150w\" sizes=\"auto, (max-width: 438px) 100vw, 438px\" \/><\/p>\n","protected":false},"excerpt":{"rendered":"<p>Cette ann\u00e9e scolaire 2024-2025 voit la cr\u00e9ation d&rsquo;une classe \u00ab\u00a0verte\u00a0\u00bb en 6e1. Une heure quinzaine est consacr\u00e9e en classe enti\u00e8re \u00e0 faire adopter aux \u00e9l\u00e8ves une conscience \u00e9coresponsable en s&rsquo;occupant d&rsquo;un r\u00fbcher. 25 \u00e9l\u00e8ves dont deux \u00e9l\u00e8ves d&rsquo;ULIS sont donc engag\u00e9s dans cette aventure aux c\u00f4t\u00e9s de leurs professeurs et&#8230;<\/p>\n<p> <a class=\"continue-reading-link\" href=\"https:\/\/etab.ac-reunion.fr\/clg-plateau-caillou\/parcours-sciences\/classe-verte-projet-ruche\/\"><span>Lire la suite<\/span><i class=\"crycon-right-dir\"><\/i><\/a> <\/p>\n","protected":false},"author":7283,"featured_media":0,"parent":4008,"menu_order":0,"comment_status":"closed","ping_status":"closed","template":"","meta":{"footnotes":""},"class_list":["post-3995","page","type-page","status-publish","hentry"],"_links":{"self":[{"href":"https:\/\/etab.ac-reunion.fr\/clg-plateau-caillou\/wp-json\/wp\/v2\/pages\/3995","targetHints":{"allow":["GET"]}}],"collection":[{"href":"https:\/\/etab.ac-reunion.fr\/clg-plateau-caillou\/wp-json\/wp\/v2\/pages"}],"about":[{"href":"https:\/\/etab.ac-reunion.fr\/clg-plateau-caillou\/wp-json\/wp\/v2\/types\/page"}],"author":[{"embeddable":true,"href":"https:\/\/etab.ac-reunion.fr\/clg-plateau-caillou\/wp-json\/wp\/v2\/users\/7283"}],"replies":[{"embeddable":true,"href":"https:\/\/etab.ac-reunion.fr\/clg-plateau-caillou\/wp-json\/wp\/v2\/comments?post=3995"}],"version-history":[{"count":7,"href":"https:\/\/etab.ac-reunion.fr\/clg-plateau-caillou\/wp-json\/wp\/v2\/pages\/3995\/revisions"}],"predecessor-version":[{"id":5128,"href":"https:\/\/etab.ac-reunion.fr\/clg-plateau-caillou\/wp-json\/wp\/v2\/pages\/3995\/revisions\/5128"}],"up":[{"embeddable":true,"href":"https:\/\/etab.ac-reunion.fr\/clg-plateau-caillou\/wp-json\/wp\/v2\/pages\/4008"}],"wp:attachment":[{"href":"https:\/\/etab.ac-reunion.fr\/clg-plateau-caillou\/wp-json\/wp\/v2\/media?parent=3995"}],"curies":[{"name":"wp","href":"https:\/\/api.w.org\/{rel}","templated":true}]}}