{"id":4004,"date":"2024-09-05T14:38:11","date_gmt":"2024-09-05T10:38:11","guid":{"rendered":"https:\/\/etab.ac-reunion.fr\/clg-plateau-caillou\/?page_id=4004"},"modified":"2025-05-19T15:27:03","modified_gmt":"2025-05-19T11:27:03","slug":"parcours-artistique-et-culturel","status":"publish","type":"page","link":"https:\/\/etab.ac-reunion.fr\/clg-plateau-caillou\/parcours-artistique-et-culturel\/","title":{"rendered":"PARCOURS ARTISTIQUE ET CULTUREL"},"content":{"rendered":"<p style=\"text-align: justify\">De l&rsquo;\u00e9cole au lyc\u00e9e, le <strong>parcours d&rsquo;\u00e9ducation artistique et culturelle (PEAC)<\/strong> a pour ambition de favoriser l&rsquo;\u00e9gal acc\u00e8s de tous les \u00e9l\u00e8ves \u00e0 l&rsquo;art \u00e0 travers l&rsquo;acquisition d&rsquo;une culture artistique personnelle. Il se construit de l\u2019\u00e9cole primaire au lyc\u00e9e, dans la compl\u00e9mentarit\u00e9 des temps scolaire et p\u00e9riscolaire d\u2019une part, des enseignements et des actions \u00e9ducatives d\u2019autre part.<\/p>\n<p>&nbsp;<\/p>\n<p style=\"text-align: center\"><img loading=\"lazy\" decoding=\"async\" class=\"alignnone size-full wp-image-4820\" src=\"https:\/\/etab.ac-reunion.fr\/clg-plateau-caillou\/wp-content\/uploads\/sites\/103\/2025\/05\/Charte_EAC_HD_Mai_2019_1147204.54.jpg\" alt=\"\" width=\"740\" height=\"1132\" srcset=\"https:\/\/etab.ac-reunion.fr\/clg-plateau-caillou\/wp-content\/uploads\/sites\/103\/2025\/05\/Charte_EAC_HD_Mai_2019_1147204.54.jpg 740w, https:\/\/etab.ac-reunion.fr\/clg-plateau-caillou\/wp-content\/uploads\/sites\/103\/2025\/05\/Charte_EAC_HD_Mai_2019_1147204.54-196x300.jpg 196w, https:\/\/etab.ac-reunion.fr\/clg-plateau-caillou\/wp-content\/uploads\/sites\/103\/2025\/05\/Charte_EAC_HD_Mai_2019_1147204.54-669x1024.jpg 669w, https:\/\/etab.ac-reunion.fr\/clg-plateau-caillou\/wp-content\/uploads\/sites\/103\/2025\/05\/Charte_EAC_HD_Mai_2019_1147204.54-98x150.jpg 98w\" sizes=\"auto, (max-width: 740px) 100vw, 740px\" \/><\/p>\n<p style=\"text-align: justify\">La DAAC met en \u0153uvre, \u00e0 l\u2019\u00e9chelon acad\u00e9mique, la politique nationale relative \u00e0 l\u2019\u00e9ducation artistique et culturelle. Les missions de la DAAC ont principalement pour objectifs de :<\/p>\n<ul>\n<li>diversifier et \u00e9largir les domaines artistiques abord\u00e9s \u00e0 l&rsquo;\u00e9cole et de garantir des interventions de qualit\u00e9 effectu\u00e9es par des professionnels de l&rsquo;art<\/li>\n<li>articuler les diff\u00e9rents temps \u00e9ducatifs et en tirer parti, en travaillant en partenariat avec les diff\u00e9rents acteurs culturels<\/li>\n<li>donner sens et coh\u00e9rence \u00e0 l&rsquo;ensemble des actions et exp\u00e9riences auxquelles l&rsquo;\u00e9l\u00e8ve prend part, en accompagnant les \u00e9quipes \u00e9ducatives dans l&rsquo;\u00e9laboration de leurs projets<\/li>\n<li>recenser et valoriser les actions artistiques et culturelles afin d&rsquo;encourager et impulser les dynamiques culturelles, les faire rayonner au sein de l&rsquo;\u00e9tablissement\u00a0 et du territoire<\/li>\n<\/ul>\n","protected":false},"excerpt":{"rendered":"<p>De l&rsquo;\u00e9cole au lyc\u00e9e, le parcours d&rsquo;\u00e9ducation artistique et culturelle (PEAC) a pour ambition de favoriser l&rsquo;\u00e9gal acc\u00e8s de tous les \u00e9l\u00e8ves \u00e0 l&rsquo;art \u00e0 travers l&rsquo;acquisition d&rsquo;une culture artistique personnelle. Il se construit de l\u2019\u00e9cole primaire au lyc\u00e9e, dans la compl\u00e9mentarit\u00e9 des temps scolaire et p\u00e9riscolaire d\u2019une part, des&#8230;<\/p>\n<p> <a class=\"continue-reading-link\" href=\"https:\/\/etab.ac-reunion.fr\/clg-plateau-caillou\/parcours-artistique-et-culturel\/\"><span>Lire la suite<\/span><i class=\"crycon-right-dir\"><\/i><\/a> <\/p>\n","protected":false},"author":7283,"featured_media":0,"parent":0,"menu_order":0,"comment_status":"closed","ping_status":"closed","template":"","meta":{"footnotes":""},"class_list":["post-4004","page","type-page","status-publish","hentry"],"_links":{"self":[{"href":"https:\/\/etab.ac-reunion.fr\/clg-plateau-caillou\/wp-json\/wp\/v2\/pages\/4004","targetHints":{"allow":["GET"]}}],"collection":[{"href":"https:\/\/etab.ac-reunion.fr\/clg-plateau-caillou\/wp-json\/wp\/v2\/pages"}],"about":[{"href":"https:\/\/etab.ac-reunion.fr\/clg-plateau-caillou\/wp-json\/wp\/v2\/types\/page"}],"author":[{"embeddable":true,"href":"https:\/\/etab.ac-reunion.fr\/clg-plateau-caillou\/wp-json\/wp\/v2\/users\/7283"}],"replies":[{"embeddable":true,"href":"https:\/\/etab.ac-reunion.fr\/clg-plateau-caillou\/wp-json\/wp\/v2\/comments?post=4004"}],"version-history":[{"count":4,"href":"https:\/\/etab.ac-reunion.fr\/clg-plateau-caillou\/wp-json\/wp\/v2\/pages\/4004\/revisions"}],"predecessor-version":[{"id":4822,"href":"https:\/\/etab.ac-reunion.fr\/clg-plateau-caillou\/wp-json\/wp\/v2\/pages\/4004\/revisions\/4822"}],"wp:attachment":[{"href":"https:\/\/etab.ac-reunion.fr\/clg-plateau-caillou\/wp-json\/wp\/v2\/media?parent=4004"}],"curies":[{"name":"wp","href":"https:\/\/api.w.org\/{rel}","templated":true}]}}