{"id":4006,"date":"2024-09-05T14:38:21","date_gmt":"2024-09-05T10:38:21","guid":{"rendered":"https:\/\/etab.ac-reunion.fr\/clg-plateau-caillou\/?page_id=4006"},"modified":"2025-05-19T15:13:57","modified_gmt":"2025-05-19T11:13:57","slug":"parcours-sante","status":"publish","type":"page","link":"https:\/\/etab.ac-reunion.fr\/clg-plateau-caillou\/parcours-sante\/","title":{"rendered":"PARCOURS SANTE"},"content":{"rendered":"<div>\n<div class=\"article__header transparent-chapo\">\n<div class=\"container lukas\">\n<div class=\"article article--header content__header\">\n<div class=\"header__content header__content--banner-dark\">\n<div class=\"header__title__wrapper\">\n<p class=\"header__title\" style=\"text-align: justify\">Le <strong>Parcours \u00e9ducatif de Sant\u00e9<\/strong> <span style=\"font-family: Arial, Helvetica, sans-serif\">est un enjeu primordial au sein du syst\u00e8me \u00e9ducatif. Il constitue un facteur important de la r\u00e9ussite \u00e9ducative des enfants. <\/span><span style=\"font-family: Arial, Helvetica, sans-serif\">De la maternelle au lyc\u00e9e, il vise \u00e0 assurer l&rsquo;\u00e9ducation \u00e0 la sant\u00e9, la pr\u00e9vention et la protection de la sant\u00e9 des \u00e9l\u00e8ves. <\/span><span style=\"font-family: Arial, Helvetica, sans-serif\">Inscrit dans le continuum \u00e9ducatif,<\/span> il <span style=\"font-family: Arial, Helvetica, sans-serif\">pr\u00e9pare les \u00e9l\u00e8ves \u00e0 prendre soin d\u2019eux-m\u00eames et des autres, \u00e0 devenir des citoyens responsables en mati\u00e8re de sant\u00e9 individuelle et collective.\u00a0<\/span><\/p>\n<\/div>\n<\/div>\n<\/div>\n<\/div>\n<\/div>\n<\/div>\n<div class=\"article__main\">\n<div class=\"container container--flex with-progress-bar--enabled\">\n<div class=\"column--flex column--flex--main--wide show-progress\">\n<div class=\"column--flex column--flex--content--wide ckeditor-text\">\n<div class=\"field--node--body\">\n<h5 id=\"edugouv-summary-item-1\" class=\"title\" style=\"text-align: center\"><strong>\u00c9ducation, pr\u00e9vention, protection : les 3 axes du parcours \u00e9ducatif<\/strong><\/h5>\n<p>&nbsp;<\/p>\n<p style=\"text-align: justify\">Le parcours \u00e9ducatif de sant\u00e9 est structur\u00e9 autour de trois grands axes, l\u2019\u00e9ducation \u00e0 la sant\u00e9, la pr\u00e9vention et la protection de la sant\u00e9.<strong> Il se d\u00e9cline dans une approche individuelle et collective.\u00a0<\/strong>En ad\u00e9quation avec le socle commun, il permet d\u2019acqu\u00e9rir des comp\u00e9tences \u00e0 chacune des \u00e9tapes de la scolarit\u00e9 et du d\u00e9veloppement de l\u2019enfant, afin de permettre \u00e0 chaque futur citoyen de faire des choix \u00e9clair\u00e9s en mati\u00e8re de sant\u00e9.<\/p>\n<p style=\"text-align: justify\">Il se d\u00e9cline notamment par l\u2019intervention des professionnels de sant\u00e9, de service social et des psychologues de l\u2019\u00e9ducation nationale, par des actions inscrites dans les projets d\u2019\u00e9cole et d\u2019\u00e9tablissement. Ces actions sont port\u00e9es par les\u00a0<strong>comit\u00e9s d\u2019\u00e9ducation \u00e0 la sant\u00e9 et \u00e0 la citoyennet\u00e9 (CESCE<\/strong>)\u00a0qui mobilisent l\u2019ensemble de la communaut\u00e9 \u00e9ducative, dont les familles et les partenaires locaux (par exemple les agences r\u00e9gionales de sant\u00e9, les collectivit\u00e9s territoriales, les associations, etc.).<\/p>\n<p style=\"text-align: justify\">Les axes d\u2019\u00e9ducation et de pr\u00e9vention regroupent les actions centr\u00e9es sur une ou plusieurs probl\u00e9matiques de sant\u00e9 prioritaires, dans une d\u00e9marche inclusive et bienveillante :<\/p>\n<ul>\n<li>la pr\u00e9vention des conduites addictives<\/li>\n<li>l\u2019\u00e9ducation \u00e0 l\u2019alimentation et au go\u00fbt<\/li>\n<li>la promotion de l\u2019activit\u00e9 physique<\/li>\n<li>l\u2019\u00e9ducation \u00e0 la sexualit\u00e9<\/li>\n<li>la protection de l&rsquo;enfance<\/li>\n<li>la vaccination, l\u2019environnement, etc.<\/li>\n<li>les gestes de premiers secours<\/li>\n<\/ul>\n<\/div>\n<\/div>\n<\/div>\n<\/div>\n<\/div>\n","protected":false},"excerpt":{"rendered":"<p>Le Parcours \u00e9ducatif de Sant\u00e9 est un enjeu primordial au sein du syst\u00e8me \u00e9ducatif. Il constitue un facteur important de la r\u00e9ussite \u00e9ducative des enfants. De la maternelle au lyc\u00e9e, il vise \u00e0 assurer l&rsquo;\u00e9ducation \u00e0 la sant\u00e9, la pr\u00e9vention et la protection de la sant\u00e9 des \u00e9l\u00e8ves. Inscrit dans&#8230;<\/p>\n<p> <a class=\"continue-reading-link\" href=\"https:\/\/etab.ac-reunion.fr\/clg-plateau-caillou\/parcours-sante\/\"><span>Lire la suite<\/span><i class=\"crycon-right-dir\"><\/i><\/a> <\/p>\n","protected":false},"author":7283,"featured_media":0,"parent":0,"menu_order":0,"comment_status":"closed","ping_status":"closed","template":"","meta":{"footnotes":""},"class_list":["post-4006","page","type-page","status-publish","hentry"],"_links":{"self":[{"href":"https:\/\/etab.ac-reunion.fr\/clg-plateau-caillou\/wp-json\/wp\/v2\/pages\/4006","targetHints":{"allow":["GET"]}}],"collection":[{"href":"https:\/\/etab.ac-reunion.fr\/clg-plateau-caillou\/wp-json\/wp\/v2\/pages"}],"about":[{"href":"https:\/\/etab.ac-reunion.fr\/clg-plateau-caillou\/wp-json\/wp\/v2\/types\/page"}],"author":[{"embeddable":true,"href":"https:\/\/etab.ac-reunion.fr\/clg-plateau-caillou\/wp-json\/wp\/v2\/users\/7283"}],"replies":[{"embeddable":true,"href":"https:\/\/etab.ac-reunion.fr\/clg-plateau-caillou\/wp-json\/wp\/v2\/comments?post=4006"}],"version-history":[{"count":4,"href":"https:\/\/etab.ac-reunion.fr\/clg-plateau-caillou\/wp-json\/wp\/v2\/pages\/4006\/revisions"}],"predecessor-version":[{"id":4816,"href":"https:\/\/etab.ac-reunion.fr\/clg-plateau-caillou\/wp-json\/wp\/v2\/pages\/4006\/revisions\/4816"}],"wp:attachment":[{"href":"https:\/\/etab.ac-reunion.fr\/clg-plateau-caillou\/wp-json\/wp\/v2\/media?parent=4006"}],"curies":[{"name":"wp","href":"https:\/\/api.w.org\/{rel}","templated":true}]}}