{"id":4010,"date":"2024-09-05T14:39:32","date_gmt":"2024-09-05T10:39:32","guid":{"rendered":"https:\/\/etab.ac-reunion.fr\/clg-plateau-caillou\/?page_id=4010"},"modified":"2025-05-19T15:19:47","modified_gmt":"2025-05-19T11:19:47","slug":"parcours-avenir","status":"publish","type":"page","link":"https:\/\/etab.ac-reunion.fr\/clg-plateau-caillou\/parcours-avenir\/","title":{"rendered":"PARCOURS AVENIR"},"content":{"rendered":"<p style=\"text-align: justify\">Parcours individuel d&rsquo;information, d&rsquo;orientation et de d\u00e9couverte du monde \u00e9conomique et professionnel, le <strong>Parcours Avenir<\/strong> est suivi par tous les \u00e9l\u00e8ves de la sixi\u00e8me \u00e0 la terminale.<\/p>\n<p>L&rsquo;accompagnement au choix d\u2019orientation poursuit trois objectifs :<\/p>\n<ul>\n<li>faire conna\u00eetre la diversit\u00e9 des formations et du monde \u00e9conomique et professionnel<\/li>\n<li>valoriser l&rsquo;ensemble des voies de formation, professionnelle, apprentissage et enseignement agricole<\/li>\n<li>d\u00e9passer les repr\u00e9sentations et st\u00e9r\u00e9otypes sur les m\u00e9tiers et les formations<\/li>\n<\/ul>\n<p style=\"text-align: justify\">Il prend appui sur la d\u00e9couverte des m\u00e9tiers d\u00e8s la classe de 5<sup>e<\/sup>\u00a0au coll\u00e8ge et dispose d\u2019un horaire d\u00e9di\u00e9 \u00e0 l\u2019orientation au coll\u00e8ge et au lyc\u00e9e pour tous les niveaux de formation\u00a0; les r\u00e9gions participent \u00e0 l\u2019information sur les m\u00e9tiers et les formations afin d\u2019\u00e9clairer les choix des \u00e9l\u00e8ves et de leur famille.<\/p>\n<h5 id=\"summary-item-2\" style=\"text-align: center\"><strong>Les services de l&rsquo;Onisep<\/strong><\/h5>\n<p style=\"text-align: justify\">L&rsquo;Onisep met \u00e0 disposition\u00a0des ressources et services en libre acc\u00e8s\u00a0en compl\u00e9ment des informations r\u00e9guli\u00e8rement actualis\u00e9es sur les m\u00e9tiers et les formations.<\/p>\n<ul>\n<li style=\"text-align: justify\">La plateforme num\u00e9rique\u00a0<a class=\"external-link with-icon\" href=\"https:\/\/www.onisep.fr\/avenir-s\" target=\"_blank\" rel=\"noopener\" data-tracking-attached=\"true\">Avenir(s)\u00a0<\/a>met \u00e0 disposition des \u00e9quipes \u00e9ducatives et des \u00e9l\u00e8ves et des familles une grande diversit\u00e9 de ressources et d\u2019outils pour l\u2019orientation<\/li>\n<li><a class=\"external-link with-icon\" href=\"https:\/\/reso-avenirs.onisep.fr\/\" target=\"_blank\" rel=\"noopener\" data-tracking-attached=\"true\">Reso d\u2019Avenir(s)<\/a> est une plateforme en acc\u00e8s libre de 700 s\u00e9quences p\u00e9dagogiques accessible par niveaux, par th\u00e9matiques et par comp\u00e9tences<\/li>\n<li>Les r\u00e9f\u00e9rentiels de comp\u00e9tences \u00e0 s\u2019orienter\u00a0:\n<ul>\n<li><a class=\"external-link with-icon\" href=\"https:\/\/www.onisep.fr\/avenir-s\/pour-les-equipes-educatives\/ressources\/encourager-vos-eleves-a-decouvrir-les-competences-a-s-orienter-et-du-xxi-siecle\/le-referentiel-des-competences-a-s-orienter-au-college\" target=\"_blank\" rel=\"noopener\" data-tracking-attached=\"true\">le R\u00e9f\u00e9rentiel des comp\u00e9tences \u00e0 s\u2019orienter au coll\u00e8ge<\/a><\/li>\n<li><a class=\"external-link with-icon\" href=\"https:\/\/www.onisep.fr\/avenir-s\/pour-les-equipes-educatives\/ressources\/encourager-vos-eleves-a-decouvrir-les-competences-a-s-orienter-et-du-xxi-siecle\/le-referentiel-des-competences-a-s-orienter-au-lycee\" target=\"_blank\" rel=\"noopener\" data-tracking-attached=\"true\">le R\u00e9f\u00e9rentiel des comp\u00e9tences \u00e0 s\u2019orienter au lyc\u00e9e<\/a><\/li>\n<\/ul>\n<\/li>\n<li>Le site\u00a0<a class=\"external-link with-icon\" href=\"https:\/\/www.onisep.fr\/mon-orientation-en-ligne\" target=\"_blank\" rel=\"noopener\" data-tracking-attached=\"true\">Monorientationenligne<\/a> permet d\u2019avoir un \u00e9change personnalis\u00e9 avec des sp\u00e9cialistes de l\u2019orientation par mail, par tchat ou par t\u00e9l\u00e9phone<\/li>\n<\/ul>\n<h5 id=\"summary-item-9\" class=\"title\" style=\"text-align: center\">Parcoursmetiers.tv<\/h5>\n<p style=\"text-align: justify\">Euro France Association a mis en ligne un site\u00a0<a class=\"external-link with-icon\" href=\"https:\/\/www.parcoursmetiers.tv\/\" target=\"_blank\" rel=\"noopener\" data-tracking-attached=\"true\">www.parcoursmetiers.tv<\/a>\u00a0pr\u00e9sentant des vid\u00e9os sur les m\u00e9tiers et les formations r\u00e9alis\u00e9es par les jeunes avec le soutien des \u00e9quipes \u00e9ducatives pour les concours\u00a0Je filme le m\u00e9tier qui me pla\u00eet\u00a0et\u00a0Je filme ma formation. Ce site offre des acc\u00e8s diversifi\u00e9s ainsi que des cha\u00eenes th\u00e9matiques li\u00e9es \u00e0 des secteurs \u00e9conomiques porteurs.<\/p>\n","protected":false},"excerpt":{"rendered":"<p>Parcours individuel d&rsquo;information, d&rsquo;orientation et de d\u00e9couverte du monde \u00e9conomique et professionnel, le Parcours Avenir est suivi par tous les \u00e9l\u00e8ves de la sixi\u00e8me \u00e0 la terminale. L&rsquo;accompagnement au choix d\u2019orientation poursuit trois objectifs : faire conna\u00eetre la diversit\u00e9 des formations et du monde \u00e9conomique et professionnel valoriser l&rsquo;ensemble des&#8230;<\/p>\n<p> <a class=\"continue-reading-link\" href=\"https:\/\/etab.ac-reunion.fr\/clg-plateau-caillou\/parcours-avenir\/\"><span>Lire la suite<\/span><i class=\"crycon-right-dir\"><\/i><\/a> <\/p>\n","protected":false},"author":7283,"featured_media":0,"parent":0,"menu_order":0,"comment_status":"closed","ping_status":"closed","template":"","meta":{"footnotes":""},"class_list":["post-4010","page","type-page","status-publish","hentry"],"_links":{"self":[{"href":"https:\/\/etab.ac-reunion.fr\/clg-plateau-caillou\/wp-json\/wp\/v2\/pages\/4010","targetHints":{"allow":["GET"]}}],"collection":[{"href":"https:\/\/etab.ac-reunion.fr\/clg-plateau-caillou\/wp-json\/wp\/v2\/pages"}],"about":[{"href":"https:\/\/etab.ac-reunion.fr\/clg-plateau-caillou\/wp-json\/wp\/v2\/types\/page"}],"author":[{"embeddable":true,"href":"https:\/\/etab.ac-reunion.fr\/clg-plateau-caillou\/wp-json\/wp\/v2\/users\/7283"}],"replies":[{"embeddable":true,"href":"https:\/\/etab.ac-reunion.fr\/clg-plateau-caillou\/wp-json\/wp\/v2\/comments?post=4010"}],"version-history":[{"count":3,"href":"https:\/\/etab.ac-reunion.fr\/clg-plateau-caillou\/wp-json\/wp\/v2\/pages\/4010\/revisions"}],"predecessor-version":[{"id":4818,"href":"https:\/\/etab.ac-reunion.fr\/clg-plateau-caillou\/wp-json\/wp\/v2\/pages\/4010\/revisions\/4818"}],"wp:attachment":[{"href":"https:\/\/etab.ac-reunion.fr\/clg-plateau-caillou\/wp-json\/wp\/v2\/media?parent=4010"}],"curies":[{"name":"wp","href":"https:\/\/api.w.org\/{rel}","templated":true}]}}