{"id":4017,"date":"2024-09-16T08:44:30","date_gmt":"2024-09-16T04:44:30","guid":{"rendered":"https:\/\/etab.ac-reunion.fr\/clg-plateau-caillou\/?page_id=4017"},"modified":"2024-09-16T08:56:18","modified_gmt":"2024-09-16T04:56:18","slug":"aie-le-courage-de-te-servir-de-ton-propre-entendement-emmanuel-kant","status":"publish","type":"page","link":"https:\/\/etab.ac-reunion.fr\/clg-plateau-caillou\/parcours-citoyen\/aie-le-courage-de-te-servir-de-ton-propre-entendement-emmanuel-kant\/","title":{"rendered":"\u00ab\u00a0Aie le courage de te servir de ton propre entendement\u00a0\u00bb. Emmanuel Kant"},"content":{"rendered":"<p style=\"text-align: center\">Le 9 d\u00e9cembre 2023 l\u2019ensemble des acteurs \u00e9ducatifs a voulu mettre \u00e0 l\u2019honneur l\u2019article 7 de la charte<br \/>\nde la la\u00efcit\u00e9 : <em>\u00ab Les \u00e9l\u00e8ves ont une culture commune et partag\u00e9e \u00bb<\/em>.<\/p>\n<p style=\"text-align: center\"><img loading=\"lazy\" decoding=\"async\" class=\"alignnone size-medium wp-image-4024\" src=\"https:\/\/etab.ac-reunion.fr\/clg-plateau-caillou\/wp-content\/uploads\/sites\/103\/2024\/09\/Capture-decran_16-9-2024_85316_-225x300.jpeg\" alt=\"\" width=\"225\" height=\"300\" srcset=\"https:\/\/etab.ac-reunion.fr\/clg-plateau-caillou\/wp-content\/uploads\/sites\/103\/2024\/09\/Capture-decran_16-9-2024_85316_-225x300.jpeg 225w, https:\/\/etab.ac-reunion.fr\/clg-plateau-caillou\/wp-content\/uploads\/sites\/103\/2024\/09\/Capture-decran_16-9-2024_85316_-113x150.jpeg 113w, https:\/\/etab.ac-reunion.fr\/clg-plateau-caillou\/wp-content\/uploads\/sites\/103\/2024\/09\/Capture-decran_16-9-2024_85316_.jpeg 528w\" sizes=\"auto, (max-width: 225px) 100vw, 225px\" \/><\/p>\n<p style=\"text-align: center\">Lors de cette journ\u00e9e de la la\u00efcit\u00e9 les \u00e9l\u00e8ves ont cr\u00e9\u00e9 des ampoules du savoir o\u00f9 figuraient des notions abord\u00e9es dans l\u2019ensemble des disciplines.<\/p>\n<p><img loading=\"lazy\" decoding=\"async\" class=\"wp-image-3930 alignleft\" src=\"https:\/\/etab.ac-reunion.fr\/clg-plateau-caillou\/wp-content\/uploads\/sites\/103\/2024\/06\/ampoule2-222x300.jpg\" alt=\"\" width=\"203\" height=\"274\" srcset=\"https:\/\/etab.ac-reunion.fr\/clg-plateau-caillou\/wp-content\/uploads\/sites\/103\/2024\/06\/ampoule2-222x300.jpg 222w, https:\/\/etab.ac-reunion.fr\/clg-plateau-caillou\/wp-content\/uploads\/sites\/103\/2024\/06\/ampoule2-111x150.jpg 111w, https:\/\/etab.ac-reunion.fr\/clg-plateau-caillou\/wp-content\/uploads\/sites\/103\/2024\/06\/ampoule2.jpg 597w\" sizes=\"auto, (max-width: 203px) 100vw, 203px\" \/> <img loading=\"lazy\" decoding=\"async\" class=\"alignnone wp-image-3934 alignleft\" src=\"https:\/\/etab.ac-reunion.fr\/clg-plateau-caillou\/wp-content\/uploads\/sites\/103\/2024\/06\/ampoule5-300x225.jpg\" alt=\"\" width=\"370\" height=\"277\" srcset=\"https:\/\/etab.ac-reunion.fr\/clg-plateau-caillou\/wp-content\/uploads\/sites\/103\/2024\/06\/ampoule5-300x225.jpg 300w, https:\/\/etab.ac-reunion.fr\/clg-plateau-caillou\/wp-content\/uploads\/sites\/103\/2024\/06\/ampoule5-150x113.jpg 150w, https:\/\/etab.ac-reunion.fr\/clg-plateau-caillou\/wp-content\/uploads\/sites\/103\/2024\/06\/ampoule5.jpg 602w\" sizes=\"auto, (max-width: 370px) 100vw, 370px\" \/><img loading=\"lazy\" decoding=\"async\" class=\"wp-image-3931 alignleft\" src=\"https:\/\/etab.ac-reunion.fr\/clg-plateau-caillou\/wp-content\/uploads\/sites\/103\/2024\/06\/ampoule1-220x300.jpg\" alt=\"\" width=\"201\" height=\"274\" srcset=\"https:\/\/etab.ac-reunion.fr\/clg-plateau-caillou\/wp-content\/uploads\/sites\/103\/2024\/06\/ampoule1-220x300.jpg 220w, https:\/\/etab.ac-reunion.fr\/clg-plateau-caillou\/wp-content\/uploads\/sites\/103\/2024\/06\/ampoule1-110x150.jpg 110w, https:\/\/etab.ac-reunion.fr\/clg-plateau-caillou\/wp-content\/uploads\/sites\/103\/2024\/06\/ampoule1.jpg 602w\" sizes=\"auto, (max-width: 201px) 100vw, 201px\" \/><\/p>\n<p>&nbsp;<\/p>\n<p>&nbsp;<\/p>\n<p>&nbsp;<\/p>\n<p>&nbsp;<\/p>\n<p>&nbsp;<\/p>\n<p>&nbsp;<\/p>\n<p>&nbsp;<\/p>\n<p style=\"text-align: center\">Ce fut un moment riche de connaissances.<\/p>\n<p><img loading=\"lazy\" decoding=\"async\" class=\" wp-image-3929 aligncenter\" src=\"https:\/\/etab.ac-reunion.fr\/clg-plateau-caillou\/wp-content\/uploads\/sites\/103\/2024\/06\/ampoule3-224x300.jpg\" alt=\"\" width=\"249\" height=\"333\" srcset=\"https:\/\/etab.ac-reunion.fr\/clg-plateau-caillou\/wp-content\/uploads\/sites\/103\/2024\/06\/ampoule3-224x300.jpg 224w, https:\/\/etab.ac-reunion.fr\/clg-plateau-caillou\/wp-content\/uploads\/sites\/103\/2024\/06\/ampoule3-112x150.jpg 112w, https:\/\/etab.ac-reunion.fr\/clg-plateau-caillou\/wp-content\/uploads\/sites\/103\/2024\/06\/ampoule3.jpg 599w\" sizes=\"auto, (max-width: 249px) 100vw, 249px\" \/><\/p>\n","protected":false},"excerpt":{"rendered":"<p>Le 9 d\u00e9cembre 2023 l\u2019ensemble des acteurs \u00e9ducatifs a voulu mettre \u00e0 l\u2019honneur l\u2019article 7 de la charte de la la\u00efcit\u00e9 : \u00ab Les \u00e9l\u00e8ves ont une culture commune et partag\u00e9e \u00bb. Lors de cette journ\u00e9e de la la\u00efcit\u00e9 les \u00e9l\u00e8ves ont cr\u00e9\u00e9 des ampoules du savoir o\u00f9 figuraient des&#8230;<\/p>\n<p> <a class=\"continue-reading-link\" href=\"https:\/\/etab.ac-reunion.fr\/clg-plateau-caillou\/parcours-citoyen\/aie-le-courage-de-te-servir-de-ton-propre-entendement-emmanuel-kant\/\"><span>Lire la suite<\/span><i class=\"crycon-right-dir\"><\/i><\/a> <\/p>\n","protected":false},"author":7283,"featured_media":0,"parent":4002,"menu_order":0,"comment_status":"closed","ping_status":"closed","template":"","meta":{"footnotes":""},"class_list":["post-4017","page","type-page","status-publish","hentry"],"_links":{"self":[{"href":"https:\/\/etab.ac-reunion.fr\/clg-plateau-caillou\/wp-json\/wp\/v2\/pages\/4017","targetHints":{"allow":["GET"]}}],"collection":[{"href":"https:\/\/etab.ac-reunion.fr\/clg-plateau-caillou\/wp-json\/wp\/v2\/pages"}],"about":[{"href":"https:\/\/etab.ac-reunion.fr\/clg-plateau-caillou\/wp-json\/wp\/v2\/types\/page"}],"author":[{"embeddable":true,"href":"https:\/\/etab.ac-reunion.fr\/clg-plateau-caillou\/wp-json\/wp\/v2\/users\/7283"}],"replies":[{"embeddable":true,"href":"https:\/\/etab.ac-reunion.fr\/clg-plateau-caillou\/wp-json\/wp\/v2\/comments?post=4017"}],"version-history":[{"count":7,"href":"https:\/\/etab.ac-reunion.fr\/clg-plateau-caillou\/wp-json\/wp\/v2\/pages\/4017\/revisions"}],"predecessor-version":[{"id":4026,"href":"https:\/\/etab.ac-reunion.fr\/clg-plateau-caillou\/wp-json\/wp\/v2\/pages\/4017\/revisions\/4026"}],"up":[{"embeddable":true,"href":"https:\/\/etab.ac-reunion.fr\/clg-plateau-caillou\/wp-json\/wp\/v2\/pages\/4002"}],"wp:attachment":[{"href":"https:\/\/etab.ac-reunion.fr\/clg-plateau-caillou\/wp-json\/wp\/v2\/media?parent=4017"}],"curies":[{"name":"wp","href":"https:\/\/api.w.org\/{rel}","templated":true}]}}