{"id":4324,"date":"2024-11-14T15:09:32","date_gmt":"2024-11-14T11:09:32","guid":{"rendered":"https:\/\/etab.ac-reunion.fr\/clg-plateau-caillou\/?page_id=4324"},"modified":"2024-11-14T16:00:19","modified_gmt":"2024-11-14T12:00:19","slug":"sominn-kreol-2024","status":"publish","type":"page","link":"https:\/\/etab.ac-reunion.fr\/clg-plateau-caillou\/parcours-artistique-et-culturel\/sominn-kreol-2024\/","title":{"rendered":"SOMINN KREOL 2024"},"content":{"rendered":"<p style=\"text-align: justify\"><img loading=\"lazy\" decoding=\"async\" class=\"size-medium wp-image-4357 alignleft\" src=\"https:\/\/etab.ac-reunion.fr\/clg-plateau-caillou\/wp-content\/uploads\/sites\/103\/2024\/11\/IMG_3277-225x300.jpeg\" alt=\"\" width=\"225\" height=\"300\" srcset=\"https:\/\/etab.ac-reunion.fr\/clg-plateau-caillou\/wp-content\/uploads\/sites\/103\/2024\/11\/IMG_3277-225x300.jpeg 225w, https:\/\/etab.ac-reunion.fr\/clg-plateau-caillou\/wp-content\/uploads\/sites\/103\/2024\/11\/IMG_3277-768x1024.jpeg 768w, https:\/\/etab.ac-reunion.fr\/clg-plateau-caillou\/wp-content\/uploads\/sites\/103\/2024\/11\/IMG_3277-1152x1536.jpeg 1152w, https:\/\/etab.ac-reunion.fr\/clg-plateau-caillou\/wp-content\/uploads\/sites\/103\/2024\/11\/IMG_3277-1536x2048.jpeg 1536w, https:\/\/etab.ac-reunion.fr\/clg-plateau-caillou\/wp-content\/uploads\/sites\/103\/2024\/11\/IMG_3277-113x150.jpeg 113w, https:\/\/etab.ac-reunion.fr\/clg-plateau-caillou\/wp-content\/uploads\/sites\/103\/2024\/11\/IMG_3277-scaled.jpeg 1920w\" sizes=\"auto, (max-width: 225px) 100vw, 225px\" \/> <img loading=\"lazy\" decoding=\"async\" class=\"alignnone size-medium wp-image-4356\" src=\"https:\/\/etab.ac-reunion.fr\/clg-plateau-caillou\/wp-content\/uploads\/sites\/103\/2024\/11\/IMG_3288-225x300.jpeg\" alt=\"\" width=\"225\" height=\"300\" srcset=\"https:\/\/etab.ac-reunion.fr\/clg-plateau-caillou\/wp-content\/uploads\/sites\/103\/2024\/11\/IMG_3288-225x300.jpeg 225w, https:\/\/etab.ac-reunion.fr\/clg-plateau-caillou\/wp-content\/uploads\/sites\/103\/2024\/11\/IMG_3288-768x1024.jpeg 768w, https:\/\/etab.ac-reunion.fr\/clg-plateau-caillou\/wp-content\/uploads\/sites\/103\/2024\/11\/IMG_3288-1152x1536.jpeg 1152w, https:\/\/etab.ac-reunion.fr\/clg-plateau-caillou\/wp-content\/uploads\/sites\/103\/2024\/11\/IMG_3288-1536x2048.jpeg 1536w, https:\/\/etab.ac-reunion.fr\/clg-plateau-caillou\/wp-content\/uploads\/sites\/103\/2024\/11\/IMG_3288-113x150.jpeg 113w, https:\/\/etab.ac-reunion.fr\/clg-plateau-caillou\/wp-content\/uploads\/sites\/103\/2024\/11\/IMG_3288-scaled.jpeg 1920w\" sizes=\"auto, (max-width: 225px) 100vw, 225px\" \/> <img loading=\"lazy\" decoding=\"async\" class=\"alignnone size-medium wp-image-4355\" src=\"https:\/\/etab.ac-reunion.fr\/clg-plateau-caillou\/wp-content\/uploads\/sites\/103\/2024\/11\/IMG_3287-225x300.jpeg\" alt=\"\" width=\"225\" height=\"300\" srcset=\"https:\/\/etab.ac-reunion.fr\/clg-plateau-caillou\/wp-content\/uploads\/sites\/103\/2024\/11\/IMG_3287-225x300.jpeg 225w, https:\/\/etab.ac-reunion.fr\/clg-plateau-caillou\/wp-content\/uploads\/sites\/103\/2024\/11\/IMG_3287-768x1024.jpeg 768w, https:\/\/etab.ac-reunion.fr\/clg-plateau-caillou\/wp-content\/uploads\/sites\/103\/2024\/11\/IMG_3287-1152x1536.jpeg 1152w, https:\/\/etab.ac-reunion.fr\/clg-plateau-caillou\/wp-content\/uploads\/sites\/103\/2024\/11\/IMG_3287-1536x2048.jpeg 1536w, https:\/\/etab.ac-reunion.fr\/clg-plateau-caillou\/wp-content\/uploads\/sites\/103\/2024\/11\/IMG_3287-113x150.jpeg 113w, https:\/\/etab.ac-reunion.fr\/clg-plateau-caillou\/wp-content\/uploads\/sites\/103\/2024\/11\/IMG_3287-scaled.jpeg 1920w\" sizes=\"auto, (max-width: 225px) 100vw, 225px\" \/><\/p>\n<p style=\"text-align: justify\">La <em>Sominn Kr\u00e9ol<\/em> est un festival culturel qui se d\u00e9roule en octobre. Cet \u00e9v\u00e9nement met \u00e0 l\u2019honneur la richesse et la diversit\u00e9 de la culture r\u00e9unionnaise \u00e0 travers des activit\u00e9s telles que des concerts, des \u00e9changes, et des ateliers. \u00a0\ud83c\uddf7\ud83c\uddea C\u2019est une occasion de c\u00e9l\u00e9brer nos traditions. Notre culture, enrichie par le v\u00e9cu et l\u2019apport des g\u00e9n\u00e9rations successives, repr\u00e9sente une force qui doit toujours \u00eatre davantage valoris\u00e9e.<\/p>\n<p>Nos \u00e9l\u00e8ves ont pu profiter d\u2019une exposition au C.D.I. sur les objets du quotidien d\u2019autrefois, les objets incontournables de notre patrimoine. Ils se sont pr\u00eat\u00e9s au jeu des Kosa in shoz autour des fruits et l\u00e9gumes lontan. Certaines classes ont particip\u00e9 \u00e0 un atelier autour du Maloya, instruments et musique. A la cantine l\u2019ensemble des \u00e9l\u00e8ves a d\u00e9couvert les Kosa in shoz sur diff\u00e9rentes th\u00e9matiques objets, jeux, fruits et l\u00e9gumes. \ud83c\uddf7\ud83c\uddea<\/p>\n<p style=\"text-align: center\">Une belle semaine qui sera prolong\u00e9e autour de la f\u00eate du 20 desamn<\/p>\n","protected":false},"excerpt":{"rendered":"<p>La Sominn Kr\u00e9ol est un festival culturel qui se d\u00e9roule en octobre. Cet \u00e9v\u00e9nement met \u00e0 l\u2019honneur la richesse et la diversit\u00e9 de la culture r\u00e9unionnaise \u00e0 travers des activit\u00e9s telles que des concerts, des \u00e9changes, et des ateliers. \u00a0\ud83c\uddf7\ud83c\uddea C\u2019est une occasion de c\u00e9l\u00e9brer nos traditions. Notre culture, enrichie&#8230;<\/p>\n<p> <a class=\"continue-reading-link\" href=\"https:\/\/etab.ac-reunion.fr\/clg-plateau-caillou\/parcours-artistique-et-culturel\/sominn-kreol-2024\/\"><span>Lire la suite<\/span><i class=\"crycon-right-dir\"><\/i><\/a> <\/p>\n","protected":false},"author":7283,"featured_media":0,"parent":4004,"menu_order":0,"comment_status":"closed","ping_status":"closed","template":"","meta":{"footnotes":""},"class_list":["post-4324","page","type-page","status-publish","hentry"],"_links":{"self":[{"href":"https:\/\/etab.ac-reunion.fr\/clg-plateau-caillou\/wp-json\/wp\/v2\/pages\/4324","targetHints":{"allow":["GET"]}}],"collection":[{"href":"https:\/\/etab.ac-reunion.fr\/clg-plateau-caillou\/wp-json\/wp\/v2\/pages"}],"about":[{"href":"https:\/\/etab.ac-reunion.fr\/clg-plateau-caillou\/wp-json\/wp\/v2\/types\/page"}],"author":[{"embeddable":true,"href":"https:\/\/etab.ac-reunion.fr\/clg-plateau-caillou\/wp-json\/wp\/v2\/users\/7283"}],"replies":[{"embeddable":true,"href":"https:\/\/etab.ac-reunion.fr\/clg-plateau-caillou\/wp-json\/wp\/v2\/comments?post=4324"}],"version-history":[{"count":5,"href":"https:\/\/etab.ac-reunion.fr\/clg-plateau-caillou\/wp-json\/wp\/v2\/pages\/4324\/revisions"}],"predecessor-version":[{"id":4359,"href":"https:\/\/etab.ac-reunion.fr\/clg-plateau-caillou\/wp-json\/wp\/v2\/pages\/4324\/revisions\/4359"}],"up":[{"embeddable":true,"href":"https:\/\/etab.ac-reunion.fr\/clg-plateau-caillou\/wp-json\/wp\/v2\/pages\/4004"}],"wp:attachment":[{"href":"https:\/\/etab.ac-reunion.fr\/clg-plateau-caillou\/wp-json\/wp\/v2\/media?parent=4324"}],"curies":[{"name":"wp","href":"https:\/\/api.w.org\/{rel}","templated":true}]}}