{"id":4327,"date":"2024-11-14T15:18:06","date_gmt":"2024-11-14T11:18:06","guid":{"rendered":"https:\/\/etab.ac-reunion.fr\/clg-plateau-caillou\/?page_id=4327"},"modified":"2024-11-14T16:01:57","modified_gmt":"2024-11-14T12:01:57","slug":"halloween-%f0%9f%8e%83","status":"publish","type":"page","link":"https:\/\/etab.ac-reunion.fr\/clg-plateau-caillou\/vie-de-letablissement\/halloween-%f0%9f%8e%83\/","title":{"rendered":"Halloween \ud83c\udf83"},"content":{"rendered":"<p>Le jeudi 31 octobre la vie scolaire a organis\u00e9 son traditionnel d\u00e9fil\u00e9 des meilleurs costumes d\u2019Halloween au coll\u00e8ge. Une occasion de rassembler les \u00e9l\u00e8ves autour d\u2019une action commune de partage et de d\u00e9couverte pour la vie du coll\u00e8ge. Merci aux organisateurs et aux membres du jury pour leur implication \ud83d\udc7b<\/p>\n<p><img loading=\"lazy\" decoding=\"async\" class=\"alignnone size-medium wp-image-4328\" src=\"https:\/\/etab.ac-reunion.fr\/clg-plateau-caillou\/wp-content\/uploads\/sites\/103\/2024\/11\/e822ddf2-98de-45b6-8be2-2892231b0fb6-225x300.jpeg\" alt=\"\" width=\"225\" height=\"300\" srcset=\"https:\/\/etab.ac-reunion.fr\/clg-plateau-caillou\/wp-content\/uploads\/sites\/103\/2024\/11\/e822ddf2-98de-45b6-8be2-2892231b0fb6-225x300.jpeg 225w, https:\/\/etab.ac-reunion.fr\/clg-plateau-caillou\/wp-content\/uploads\/sites\/103\/2024\/11\/e822ddf2-98de-45b6-8be2-2892231b0fb6-768x1024.jpeg 768w, https:\/\/etab.ac-reunion.fr\/clg-plateau-caillou\/wp-content\/uploads\/sites\/103\/2024\/11\/e822ddf2-98de-45b6-8be2-2892231b0fb6-1152x1536.jpeg 1152w, https:\/\/etab.ac-reunion.fr\/clg-plateau-caillou\/wp-content\/uploads\/sites\/103\/2024\/11\/e822ddf2-98de-45b6-8be2-2892231b0fb6-113x150.jpeg 113w, https:\/\/etab.ac-reunion.fr\/clg-plateau-caillou\/wp-content\/uploads\/sites\/103\/2024\/11\/e822ddf2-98de-45b6-8be2-2892231b0fb6.jpeg 1200w\" sizes=\"auto, (max-width: 225px) 100vw, 225px\" \/> <img loading=\"lazy\" decoding=\"async\" class=\"alignnone size-medium wp-image-4329\" src=\"https:\/\/etab.ac-reunion.fr\/clg-plateau-caillou\/wp-content\/uploads\/sites\/103\/2024\/11\/d338b3fc-377a-4640-a6f6-ffeb6c3b3729-300x225.jpeg\" alt=\"\" width=\"300\" height=\"225\" srcset=\"https:\/\/etab.ac-reunion.fr\/clg-plateau-caillou\/wp-content\/uploads\/sites\/103\/2024\/11\/d338b3fc-377a-4640-a6f6-ffeb6c3b3729-300x225.jpeg 300w, https:\/\/etab.ac-reunion.fr\/clg-plateau-caillou\/wp-content\/uploads\/sites\/103\/2024\/11\/d338b3fc-377a-4640-a6f6-ffeb6c3b3729-1024x768.jpeg 1024w, https:\/\/etab.ac-reunion.fr\/clg-plateau-caillou\/wp-content\/uploads\/sites\/103\/2024\/11\/d338b3fc-377a-4640-a6f6-ffeb6c3b3729-768x576.jpeg 768w, https:\/\/etab.ac-reunion.fr\/clg-plateau-caillou\/wp-content\/uploads\/sites\/103\/2024\/11\/d338b3fc-377a-4640-a6f6-ffeb6c3b3729-150x113.jpeg 150w, https:\/\/etab.ac-reunion.fr\/clg-plateau-caillou\/wp-content\/uploads\/sites\/103\/2024\/11\/d338b3fc-377a-4640-a6f6-ffeb6c3b3729.jpeg 1280w\" sizes=\"auto, (max-width: 300px) 100vw, 300px\" \/> <img loading=\"lazy\" decoding=\"async\" class=\"alignnone size-medium wp-image-4330\" src=\"https:\/\/etab.ac-reunion.fr\/clg-plateau-caillou\/wp-content\/uploads\/sites\/103\/2024\/11\/7477c259-860c-4416-8de7-72d6b5d09644-225x300.jpeg\" alt=\"\" width=\"225\" height=\"300\" srcset=\"https:\/\/etab.ac-reunion.fr\/clg-plateau-caillou\/wp-content\/uploads\/sites\/103\/2024\/11\/7477c259-860c-4416-8de7-72d6b5d09644-225x300.jpeg 225w, https:\/\/etab.ac-reunion.fr\/clg-plateau-caillou\/wp-content\/uploads\/sites\/103\/2024\/11\/7477c259-860c-4416-8de7-72d6b5d09644-768x1024.jpeg 768w, https:\/\/etab.ac-reunion.fr\/clg-plateau-caillou\/wp-content\/uploads\/sites\/103\/2024\/11\/7477c259-860c-4416-8de7-72d6b5d09644-113x150.jpeg 113w, https:\/\/etab.ac-reunion.fr\/clg-plateau-caillou\/wp-content\/uploads\/sites\/103\/2024\/11\/7477c259-860c-4416-8de7-72d6b5d09644.jpeg 960w\" sizes=\"auto, (max-width: 225px) 100vw, 225px\" \/><\/p>\n<p>&nbsp;<\/p>\n","protected":false},"excerpt":{"rendered":"<p>Le jeudi 31 octobre la vie scolaire a organis\u00e9 son traditionnel d\u00e9fil\u00e9 des meilleurs costumes d\u2019Halloween au coll\u00e8ge. Une occasion de rassembler les \u00e9l\u00e8ves autour d\u2019une action commune de partage et de d\u00e9couverte pour la vie du coll\u00e8ge. Merci aux organisateurs et aux membres du jury pour leur implication \ud83d\udc7b&#8230;<\/p>\n<p> <a class=\"continue-reading-link\" href=\"https:\/\/etab.ac-reunion.fr\/clg-plateau-caillou\/vie-de-letablissement\/halloween-%f0%9f%8e%83\/\"><span>Lire la suite<\/span><i class=\"crycon-right-dir\"><\/i><\/a> <\/p>\n","protected":false},"author":7283,"featured_media":0,"parent":1029,"menu_order":0,"comment_status":"closed","ping_status":"closed","template":"","meta":{"footnotes":""},"class_list":["post-4327","page","type-page","status-publish","hentry"],"_links":{"self":[{"href":"https:\/\/etab.ac-reunion.fr\/clg-plateau-caillou\/wp-json\/wp\/v2\/pages\/4327","targetHints":{"allow":["GET"]}}],"collection":[{"href":"https:\/\/etab.ac-reunion.fr\/clg-plateau-caillou\/wp-json\/wp\/v2\/pages"}],"about":[{"href":"https:\/\/etab.ac-reunion.fr\/clg-plateau-caillou\/wp-json\/wp\/v2\/types\/page"}],"author":[{"embeddable":true,"href":"https:\/\/etab.ac-reunion.fr\/clg-plateau-caillou\/wp-json\/wp\/v2\/users\/7283"}],"replies":[{"embeddable":true,"href":"https:\/\/etab.ac-reunion.fr\/clg-plateau-caillou\/wp-json\/wp\/v2\/comments?post=4327"}],"version-history":[{"count":2,"href":"https:\/\/etab.ac-reunion.fr\/clg-plateau-caillou\/wp-json\/wp\/v2\/pages\/4327\/revisions"}],"predecessor-version":[{"id":4360,"href":"https:\/\/etab.ac-reunion.fr\/clg-plateau-caillou\/wp-json\/wp\/v2\/pages\/4327\/revisions\/4360"}],"up":[{"embeddable":true,"href":"https:\/\/etab.ac-reunion.fr\/clg-plateau-caillou\/wp-json\/wp\/v2\/pages\/1029"}],"wp:attachment":[{"href":"https:\/\/etab.ac-reunion.fr\/clg-plateau-caillou\/wp-json\/wp\/v2\/media?parent=4327"}],"curies":[{"name":"wp","href":"https:\/\/api.w.org\/{rel}","templated":true}]}}