{"id":4334,"date":"2024-11-14T16:07:17","date_gmt":"2024-11-14T12:07:17","guid":{"rendered":"https:\/\/etab.ac-reunion.fr\/clg-plateau-caillou\/?page_id=4334"},"modified":"2025-01-23T10:47:07","modified_gmt":"2025-01-23T06:47:07","slug":"journee-nah","status":"publish","type":"page","link":"https:\/\/etab.ac-reunion.fr\/clg-plateau-caillou\/nah-non-au-harcelement\/journee-nah\/","title":{"rendered":"Journ\u00e9e NAH 7\/11\/24"},"content":{"rendered":"<p style=\"text-align: justify\">Pour sensibiliser la communaut\u00e9 \u00e9ducative aux ph\u00e9nom\u00e8nes de harc\u00e8lement entre \u00e9l\u00e8ves, la journ\u00e9e nationale de lutte contre le harc\u00e8lement est organis\u00e9e chaque ann\u00e9e au mois de novembre. Cette journ\u00e9e est l&rsquo;occasion de rappeler combien la pr\u00e9vention et la lutte contre le harc\u00e8lement sont fondamentales pour permettre aux \u00e9l\u00e8ves d&rsquo;avoir une scolarit\u00e9 \u00e9panouie dans le cadre de la priorit\u00e9 donn\u00e9e au bien-\u00eatre. <img loading=\"lazy\" decoding=\"async\" class=\"wp-image-4506 aligncenter\" src=\"https:\/\/etab.ac-reunion.fr\/clg-plateau-caillou\/wp-content\/uploads\/sites\/103\/2025\/01\/nah24.jpg\" alt=\"\" width=\"196\" height=\"277\" srcset=\"https:\/\/etab.ac-reunion.fr\/clg-plateau-caillou\/wp-content\/uploads\/sites\/103\/2025\/01\/nah24.jpg 189w, https:\/\/etab.ac-reunion.fr\/clg-plateau-caillou\/wp-content\/uploads\/sites\/103\/2025\/01\/nah24-106x150.jpg 106w\" sizes=\"auto, (max-width: 196px) 100vw, 196px\" \/><\/p>\n<p style=\"text-align: center\"><span style=\"font-family: Arial, Helvetica, sans-serif\">\ud83d\udc9a Ce Jeudi 7\/11\/24, un dress code a \u00e9t\u00e9 choisi pour l\u2019occasion au coll\u00e8ge : vert, la couleur de l\u2019espoir <\/span>\ud83d\udc9a<\/p>\n<p style=\"text-align: justify\">Les \u00e9l\u00e8ves ont travaill\u00e9 \u00e0 partir du visionnage du clip de campagne<em> Prix Non au Harc\u00e8lement 2023-2024<\/em> et ont d\u00e9battu avec leur professeur sur leur ressenti et les questions que le film peut poser. Ils ont \u00e9t\u00e9 invit\u00e9s \u00e0 coller des post-it sur les murs d\u2019expression pr\u00e9vus \u00e0 cet effet dans la cour avec des messages et slogans de leur choix. Les \u00e9l\u00e8ves \u00ab\u00a0ambassadeurs Phare\u00a0\u00bb se sont rendus dans les classes de leur niveau afin de pr\u00e9senter le dispositif et leur r\u00f4le au sein du coll\u00e8ge pour aider leurs camarades.<\/p>\n<p><img loading=\"lazy\" decoding=\"async\" class=\"alignnone size-full wp-image-4507 aligncenter\" src=\"https:\/\/etab.ac-reunion.fr\/clg-plateau-caillou\/wp-content\/uploads\/sites\/103\/2025\/01\/nah0124.png\" alt=\"\" width=\"284\" height=\"177\" srcset=\"https:\/\/etab.ac-reunion.fr\/clg-plateau-caillou\/wp-content\/uploads\/sites\/103\/2025\/01\/nah0124.png 284w, https:\/\/etab.ac-reunion.fr\/clg-plateau-caillou\/wp-content\/uploads\/sites\/103\/2025\/01\/nah0124-150x93.png 150w\" sizes=\"auto, (max-width: 284px) 100vw, 284px\" \/><\/p>\n<p style=\"text-align: center\">Cette journ\u00e9e de sensibilisation permet de rendre les \u00e9l\u00e8ves acteurs de la lutte contre le harc\u00e8lement.<\/p>\n<p style=\"text-align: justify\"><img loading=\"lazy\" decoding=\"async\" class=\"wp-image-4336 alignnone\" src=\"https:\/\/etab.ac-reunion.fr\/clg-plateau-caillou\/wp-content\/uploads\/sites\/103\/2024\/11\/9da08b0c-f3b1-43fb-849c-89cc2b031937.jpeg\" alt=\"\" width=\"175\" height=\"311\" srcset=\"https:\/\/etab.ac-reunion.fr\/clg-plateau-caillou\/wp-content\/uploads\/sites\/103\/2024\/11\/9da08b0c-f3b1-43fb-849c-89cc2b031937.jpeg 720w, https:\/\/etab.ac-reunion.fr\/clg-plateau-caillou\/wp-content\/uploads\/sites\/103\/2024\/11\/9da08b0c-f3b1-43fb-849c-89cc2b031937-169x300.jpeg 169w, https:\/\/etab.ac-reunion.fr\/clg-plateau-caillou\/wp-content\/uploads\/sites\/103\/2024\/11\/9da08b0c-f3b1-43fb-849c-89cc2b031937-576x1024.jpeg 576w, https:\/\/etab.ac-reunion.fr\/clg-plateau-caillou\/wp-content\/uploads\/sites\/103\/2024\/11\/9da08b0c-f3b1-43fb-849c-89cc2b031937-84x150.jpeg 84w\" sizes=\"auto, (max-width: 175px) 100vw, 175px\" \/> <img loading=\"lazy\" decoding=\"async\" class=\"wp-image-4337 alignleft\" src=\"https:\/\/etab.ac-reunion.fr\/clg-plateau-caillou\/wp-content\/uploads\/sites\/103\/2024\/11\/5eae5601-ce6f-4ba1-9cc7-b8ae867b37e4.jpeg\" alt=\"\" width=\"499\" height=\"281\" srcset=\"https:\/\/etab.ac-reunion.fr\/clg-plateau-caillou\/wp-content\/uploads\/sites\/103\/2024\/11\/5eae5601-ce6f-4ba1-9cc7-b8ae867b37e4.jpeg 1280w, https:\/\/etab.ac-reunion.fr\/clg-plateau-caillou\/wp-content\/uploads\/sites\/103\/2024\/11\/5eae5601-ce6f-4ba1-9cc7-b8ae867b37e4-300x169.jpeg 300w, https:\/\/etab.ac-reunion.fr\/clg-plateau-caillou\/wp-content\/uploads\/sites\/103\/2024\/11\/5eae5601-ce6f-4ba1-9cc7-b8ae867b37e4-1024x576.jpeg 1024w, https:\/\/etab.ac-reunion.fr\/clg-plateau-caillou\/wp-content\/uploads\/sites\/103\/2024\/11\/5eae5601-ce6f-4ba1-9cc7-b8ae867b37e4-768x432.jpeg 768w, https:\/\/etab.ac-reunion.fr\/clg-plateau-caillou\/wp-content\/uploads\/sites\/103\/2024\/11\/5eae5601-ce6f-4ba1-9cc7-b8ae867b37e4-150x84.jpeg 150w\" sizes=\"auto, (max-width: 499px) 100vw, 499px\" \/><img loading=\"lazy\" decoding=\"async\" class=\"wp-image-4335 alignnone\" src=\"https:\/\/etab.ac-reunion.fr\/clg-plateau-caillou\/wp-content\/uploads\/sites\/103\/2024\/11\/c46a0808-f6fe-4170-9e79-eb9c617a1f1b.jpeg\" alt=\"\" width=\"180\" height=\"320\" srcset=\"https:\/\/etab.ac-reunion.fr\/clg-plateau-caillou\/wp-content\/uploads\/sites\/103\/2024\/11\/c46a0808-f6fe-4170-9e79-eb9c617a1f1b.jpeg 720w, https:\/\/etab.ac-reunion.fr\/clg-plateau-caillou\/wp-content\/uploads\/sites\/103\/2024\/11\/c46a0808-f6fe-4170-9e79-eb9c617a1f1b-169x300.jpeg 169w, https:\/\/etab.ac-reunion.fr\/clg-plateau-caillou\/wp-content\/uploads\/sites\/103\/2024\/11\/c46a0808-f6fe-4170-9e79-eb9c617a1f1b-576x1024.jpeg 576w, https:\/\/etab.ac-reunion.fr\/clg-plateau-caillou\/wp-content\/uploads\/sites\/103\/2024\/11\/c46a0808-f6fe-4170-9e79-eb9c617a1f1b-84x150.jpeg 84w\" sizes=\"auto, (max-width: 180px) 100vw, 180px\" \/><\/p>\n","protected":false},"excerpt":{"rendered":"<p>Pour sensibiliser la communaut\u00e9 \u00e9ducative aux ph\u00e9nom\u00e8nes de harc\u00e8lement entre \u00e9l\u00e8ves, la journ\u00e9e nationale de lutte contre le harc\u00e8lement est organis\u00e9e chaque ann\u00e9e au mois de novembre. Cette journ\u00e9e est l&rsquo;occasion de rappeler combien la pr\u00e9vention et la lutte contre le harc\u00e8lement sont fondamentales pour permettre aux \u00e9l\u00e8ves d&rsquo;avoir une&#8230;<\/p>\n<p> <a class=\"continue-reading-link\" href=\"https:\/\/etab.ac-reunion.fr\/clg-plateau-caillou\/nah-non-au-harcelement\/journee-nah\/\"><span>Lire la suite<\/span><i class=\"crycon-right-dir\"><\/i><\/a> <\/p>\n","protected":false},"author":7283,"featured_media":0,"parent":3777,"menu_order":0,"comment_status":"closed","ping_status":"closed","template":"","meta":{"footnotes":""},"class_list":["post-4334","page","type-page","status-publish","hentry"],"_links":{"self":[{"href":"https:\/\/etab.ac-reunion.fr\/clg-plateau-caillou\/wp-json\/wp\/v2\/pages\/4334","targetHints":{"allow":["GET"]}}],"collection":[{"href":"https:\/\/etab.ac-reunion.fr\/clg-plateau-caillou\/wp-json\/wp\/v2\/pages"}],"about":[{"href":"https:\/\/etab.ac-reunion.fr\/clg-plateau-caillou\/wp-json\/wp\/v2\/types\/page"}],"author":[{"embeddable":true,"href":"https:\/\/etab.ac-reunion.fr\/clg-plateau-caillou\/wp-json\/wp\/v2\/users\/7283"}],"replies":[{"embeddable":true,"href":"https:\/\/etab.ac-reunion.fr\/clg-plateau-caillou\/wp-json\/wp\/v2\/comments?post=4334"}],"version-history":[{"count":9,"href":"https:\/\/etab.ac-reunion.fr\/clg-plateau-caillou\/wp-json\/wp\/v2\/pages\/4334\/revisions"}],"predecessor-version":[{"id":4512,"href":"https:\/\/etab.ac-reunion.fr\/clg-plateau-caillou\/wp-json\/wp\/v2\/pages\/4334\/revisions\/4512"}],"up":[{"embeddable":true,"href":"https:\/\/etab.ac-reunion.fr\/clg-plateau-caillou\/wp-json\/wp\/v2\/pages\/3777"}],"wp:attachment":[{"href":"https:\/\/etab.ac-reunion.fr\/clg-plateau-caillou\/wp-json\/wp\/v2\/media?parent=4334"}],"curies":[{"name":"wp","href":"https:\/\/api.w.org\/{rel}","templated":true}]}}