{"id":4341,"date":"2024-11-14T15:47:08","date_gmt":"2024-11-14T11:47:08","guid":{"rendered":"https:\/\/etab.ac-reunion.fr\/clg-plateau-caillou\/?page_id=4341"},"modified":"2024-11-14T16:01:05","modified_gmt":"2024-11-14T12:01:05","slug":"journee-au-festival-reunion-graffiti","status":"publish","type":"page","link":"https:\/\/etab.ac-reunion.fr\/clg-plateau-caillou\/parcours-artistique-et-culturel\/journee-au-festival-reunion-graffiti\/","title":{"rendered":"Journ\u00e9e au festival reunion graffiti"},"content":{"rendered":"<p><img loading=\"lazy\" decoding=\"async\" class=\"alignnone size-medium wp-image-4342\" src=\"https:\/\/etab.ac-reunion.fr\/clg-plateau-caillou\/wp-content\/uploads\/sites\/103\/2024\/11\/68165dca-8861-4e5c-8945-a47c02d103be-300x225.jpeg\" alt=\"\" width=\"300\" height=\"225\" srcset=\"https:\/\/etab.ac-reunion.fr\/clg-plateau-caillou\/wp-content\/uploads\/sites\/103\/2024\/11\/68165dca-8861-4e5c-8945-a47c02d103be-300x225.jpeg 300w, https:\/\/etab.ac-reunion.fr\/clg-plateau-caillou\/wp-content\/uploads\/sites\/103\/2024\/11\/68165dca-8861-4e5c-8945-a47c02d103be-1024x768.jpeg 1024w, https:\/\/etab.ac-reunion.fr\/clg-plateau-caillou\/wp-content\/uploads\/sites\/103\/2024\/11\/68165dca-8861-4e5c-8945-a47c02d103be-768x576.jpeg 768w, https:\/\/etab.ac-reunion.fr\/clg-plateau-caillou\/wp-content\/uploads\/sites\/103\/2024\/11\/68165dca-8861-4e5c-8945-a47c02d103be-1536x1152.jpeg 1536w, https:\/\/etab.ac-reunion.fr\/clg-plateau-caillou\/wp-content\/uploads\/sites\/103\/2024\/11\/68165dca-8861-4e5c-8945-a47c02d103be-150x113.jpeg 150w, https:\/\/etab.ac-reunion.fr\/clg-plateau-caillou\/wp-content\/uploads\/sites\/103\/2024\/11\/68165dca-8861-4e5c-8945-a47c02d103be.jpeg 1600w\" sizes=\"auto, (max-width: 300px) 100vw, 300px\" \/> <img loading=\"lazy\" decoding=\"async\" class=\"alignnone size-medium wp-image-4343\" src=\"https:\/\/etab.ac-reunion.fr\/clg-plateau-caillou\/wp-content\/uploads\/sites\/103\/2024\/11\/cedc8e24-e8bf-4602-829b-dc5d96320ad7-300x225.jpeg\" alt=\"\" width=\"300\" height=\"225\" srcset=\"https:\/\/etab.ac-reunion.fr\/clg-plateau-caillou\/wp-content\/uploads\/sites\/103\/2024\/11\/cedc8e24-e8bf-4602-829b-dc5d96320ad7-300x225.jpeg 300w, https:\/\/etab.ac-reunion.fr\/clg-plateau-caillou\/wp-content\/uploads\/sites\/103\/2024\/11\/cedc8e24-e8bf-4602-829b-dc5d96320ad7-1024x768.jpeg 1024w, https:\/\/etab.ac-reunion.fr\/clg-plateau-caillou\/wp-content\/uploads\/sites\/103\/2024\/11\/cedc8e24-e8bf-4602-829b-dc5d96320ad7-768x576.jpeg 768w, https:\/\/etab.ac-reunion.fr\/clg-plateau-caillou\/wp-content\/uploads\/sites\/103\/2024\/11\/cedc8e24-e8bf-4602-829b-dc5d96320ad7-1536x1152.jpeg 1536w, https:\/\/etab.ac-reunion.fr\/clg-plateau-caillou\/wp-content\/uploads\/sites\/103\/2024\/11\/cedc8e24-e8bf-4602-829b-dc5d96320ad7-150x113.jpeg 150w, https:\/\/etab.ac-reunion.fr\/clg-plateau-caillou\/wp-content\/uploads\/sites\/103\/2024\/11\/cedc8e24-e8bf-4602-829b-dc5d96320ad7.jpeg 1600w\" sizes=\"auto, (max-width: 300px) 100vw, 300px\" \/> <img loading=\"lazy\" decoding=\"async\" class=\"alignnone size-medium wp-image-4344\" src=\"https:\/\/etab.ac-reunion.fr\/clg-plateau-caillou\/wp-content\/uploads\/sites\/103\/2024\/11\/4628bc43-3804-401e-a227-3e9adcd539af-300x225.jpeg\" alt=\"\" width=\"300\" height=\"225\" srcset=\"https:\/\/etab.ac-reunion.fr\/clg-plateau-caillou\/wp-content\/uploads\/sites\/103\/2024\/11\/4628bc43-3804-401e-a227-3e9adcd539af-300x225.jpeg 300w, https:\/\/etab.ac-reunion.fr\/clg-plateau-caillou\/wp-content\/uploads\/sites\/103\/2024\/11\/4628bc43-3804-401e-a227-3e9adcd539af-1024x768.jpeg 1024w, https:\/\/etab.ac-reunion.fr\/clg-plateau-caillou\/wp-content\/uploads\/sites\/103\/2024\/11\/4628bc43-3804-401e-a227-3e9adcd539af-768x576.jpeg 768w, https:\/\/etab.ac-reunion.fr\/clg-plateau-caillou\/wp-content\/uploads\/sites\/103\/2024\/11\/4628bc43-3804-401e-a227-3e9adcd539af-1536x1152.jpeg 1536w, https:\/\/etab.ac-reunion.fr\/clg-plateau-caillou\/wp-content\/uploads\/sites\/103\/2024\/11\/4628bc43-3804-401e-a227-3e9adcd539af-150x113.jpeg 150w, https:\/\/etab.ac-reunion.fr\/clg-plateau-caillou\/wp-content\/uploads\/sites\/103\/2024\/11\/4628bc43-3804-401e-a227-3e9adcd539af.jpeg 1600w\" sizes=\"auto, (max-width: 300px) 100vw, 300px\" \/> <img loading=\"lazy\" decoding=\"async\" class=\"alignnone size-medium wp-image-4345\" src=\"https:\/\/etab.ac-reunion.fr\/clg-plateau-caillou\/wp-content\/uploads\/sites\/103\/2024\/11\/080772f9-5abd-4d94-b466-512cd93dc260-300x225.jpeg\" alt=\"\" width=\"300\" height=\"225\" srcset=\"https:\/\/etab.ac-reunion.fr\/clg-plateau-caillou\/wp-content\/uploads\/sites\/103\/2024\/11\/080772f9-5abd-4d94-b466-512cd93dc260-300x225.jpeg 300w, https:\/\/etab.ac-reunion.fr\/clg-plateau-caillou\/wp-content\/uploads\/sites\/103\/2024\/11\/080772f9-5abd-4d94-b466-512cd93dc260-1024x768.jpeg 1024w, https:\/\/etab.ac-reunion.fr\/clg-plateau-caillou\/wp-content\/uploads\/sites\/103\/2024\/11\/080772f9-5abd-4d94-b466-512cd93dc260-768x576.jpeg 768w, https:\/\/etab.ac-reunion.fr\/clg-plateau-caillou\/wp-content\/uploads\/sites\/103\/2024\/11\/080772f9-5abd-4d94-b466-512cd93dc260-1536x1152.jpeg 1536w, https:\/\/etab.ac-reunion.fr\/clg-plateau-caillou\/wp-content\/uploads\/sites\/103\/2024\/11\/080772f9-5abd-4d94-b466-512cd93dc260-150x113.jpeg 150w, https:\/\/etab.ac-reunion.fr\/clg-plateau-caillou\/wp-content\/uploads\/sites\/103\/2024\/11\/080772f9-5abd-4d94-b466-512cd93dc260.jpeg 1600w\" sizes=\"auto, (max-width: 300px) 100vw, 300px\" \/> <img loading=\"lazy\" decoding=\"async\" class=\"alignnone size-medium wp-image-4346\" src=\"https:\/\/etab.ac-reunion.fr\/clg-plateau-caillou\/wp-content\/uploads\/sites\/103\/2024\/11\/72c03b44-699c-4a5d-af1e-962e9fed51bd-225x300.jpeg\" alt=\"\" width=\"225\" height=\"300\" srcset=\"https:\/\/etab.ac-reunion.fr\/clg-plateau-caillou\/wp-content\/uploads\/sites\/103\/2024\/11\/72c03b44-699c-4a5d-af1e-962e9fed51bd-225x300.jpeg 225w, https:\/\/etab.ac-reunion.fr\/clg-plateau-caillou\/wp-content\/uploads\/sites\/103\/2024\/11\/72c03b44-699c-4a5d-af1e-962e9fed51bd-768x1024.jpeg 768w, https:\/\/etab.ac-reunion.fr\/clg-plateau-caillou\/wp-content\/uploads\/sites\/103\/2024\/11\/72c03b44-699c-4a5d-af1e-962e9fed51bd-1152x1536.jpeg 1152w, https:\/\/etab.ac-reunion.fr\/clg-plateau-caillou\/wp-content\/uploads\/sites\/103\/2024\/11\/72c03b44-699c-4a5d-af1e-962e9fed51bd-113x150.jpeg 113w, https:\/\/etab.ac-reunion.fr\/clg-plateau-caillou\/wp-content\/uploads\/sites\/103\/2024\/11\/72c03b44-699c-4a5d-af1e-962e9fed51bd.jpeg 1200w\" sizes=\"auto, (max-width: 225px) 100vw, 225px\" \/> <img loading=\"lazy\" decoding=\"async\" class=\"alignnone size-medium wp-image-4347\" src=\"https:\/\/etab.ac-reunion.fr\/clg-plateau-caillou\/wp-content\/uploads\/sites\/103\/2024\/11\/2598f2d7-771c-4c61-bc23-c9846184a696-300x225.jpeg\" alt=\"\" width=\"300\" height=\"225\" srcset=\"https:\/\/etab.ac-reunion.fr\/clg-plateau-caillou\/wp-content\/uploads\/sites\/103\/2024\/11\/2598f2d7-771c-4c61-bc23-c9846184a696-300x225.jpeg 300w, https:\/\/etab.ac-reunion.fr\/clg-plateau-caillou\/wp-content\/uploads\/sites\/103\/2024\/11\/2598f2d7-771c-4c61-bc23-c9846184a696-1024x768.jpeg 1024w, https:\/\/etab.ac-reunion.fr\/clg-plateau-caillou\/wp-content\/uploads\/sites\/103\/2024\/11\/2598f2d7-771c-4c61-bc23-c9846184a696-768x576.jpeg 768w, https:\/\/etab.ac-reunion.fr\/clg-plateau-caillou\/wp-content\/uploads\/sites\/103\/2024\/11\/2598f2d7-771c-4c61-bc23-c9846184a696-1536x1152.jpeg 1536w, https:\/\/etab.ac-reunion.fr\/clg-plateau-caillou\/wp-content\/uploads\/sites\/103\/2024\/11\/2598f2d7-771c-4c61-bc23-c9846184a696-150x113.jpeg 150w, https:\/\/etab.ac-reunion.fr\/clg-plateau-caillou\/wp-content\/uploads\/sites\/103\/2024\/11\/2598f2d7-771c-4c61-bc23-c9846184a696.jpeg 1600w\" sizes=\"auto, (max-width: 300px) 100vw, 300px\" \/><br \/>\nLe Festival R\u00e9union Graffiti a eu lieu <b>du 1er au 20 octobre. <\/b>Focus sur les points cl\u00e9s de cette 6\u00e8me \u00e9dition qui, pendant 20 jours, a <span style=\"font-family: Arial, Helvetica, sans-serif\">fait de La R\u00e9union le carrefour des arts urbains. <\/span><\/p>\n<p><span style=\"font-family: Arial, Helvetica, sans-serif\"><br \/>\n<\/span><span style=\"font-family: Arial, Helvetica, sans-serif\">Le festival s\u2019est \u00e9tendu sur 3 semaines dans les villes de Saint-Denis et Saint-Andre\u0301, confirmant ainsi l\u2019ambition initiale de son cre\u0301ateur, EKO-LSA : \u00ab devenir le plus grand festival international de street art de l\u2019oce\u0301an indien \u00bb. Suite \u00e0 notre collaboration avec EKO-LSA nos \u00e9l\u00e8ves de 402 et les \u00e9l\u00e8ves ambassadeurs Phare sont all\u00e9s \u00e0 la rencontre <\/span><span style=\"font-family: Arial, Helvetica, sans-serif\">des grands noms de la sce\u0300ne internationale et des talents locaux.\u00a0<\/span><\/p>\n","protected":false},"excerpt":{"rendered":"<p>Le Festival R\u00e9union Graffiti a eu lieu du 1er au 20 octobre. Focus sur les points cl\u00e9s de cette 6\u00e8me \u00e9dition qui, pendant 20 jours, a fait de La R\u00e9union le carrefour des arts urbains. Le festival s\u2019est \u00e9tendu sur 3 semaines dans les villes de Saint-Denis et Saint-Andre\u0301, confirmant&#8230;<\/p>\n<p> <a class=\"continue-reading-link\" href=\"https:\/\/etab.ac-reunion.fr\/clg-plateau-caillou\/parcours-artistique-et-culturel\/journee-au-festival-reunion-graffiti\/\"><span>Lire la suite<\/span><i class=\"crycon-right-dir\"><\/i><\/a> <\/p>\n","protected":false},"author":7283,"featured_media":0,"parent":4004,"menu_order":0,"comment_status":"closed","ping_status":"closed","template":"","meta":{"footnotes":""},"class_list":["post-4341","page","type-page","status-publish","hentry"],"_links":{"self":[{"href":"https:\/\/etab.ac-reunion.fr\/clg-plateau-caillou\/wp-json\/wp\/v2\/pages\/4341","targetHints":{"allow":["GET"]}}],"collection":[{"href":"https:\/\/etab.ac-reunion.fr\/clg-plateau-caillou\/wp-json\/wp\/v2\/pages"}],"about":[{"href":"https:\/\/etab.ac-reunion.fr\/clg-plateau-caillou\/wp-json\/wp\/v2\/types\/page"}],"author":[{"embeddable":true,"href":"https:\/\/etab.ac-reunion.fr\/clg-plateau-caillou\/wp-json\/wp\/v2\/users\/7283"}],"replies":[{"embeddable":true,"href":"https:\/\/etab.ac-reunion.fr\/clg-plateau-caillou\/wp-json\/wp\/v2\/comments?post=4341"}],"version-history":[{"count":1,"href":"https:\/\/etab.ac-reunion.fr\/clg-plateau-caillou\/wp-json\/wp\/v2\/pages\/4341\/revisions"}],"predecessor-version":[{"id":4348,"href":"https:\/\/etab.ac-reunion.fr\/clg-plateau-caillou\/wp-json\/wp\/v2\/pages\/4341\/revisions\/4348"}],"up":[{"embeddable":true,"href":"https:\/\/etab.ac-reunion.fr\/clg-plateau-caillou\/wp-json\/wp\/v2\/pages\/4004"}],"wp:attachment":[{"href":"https:\/\/etab.ac-reunion.fr\/clg-plateau-caillou\/wp-json\/wp\/v2\/media?parent=4341"}],"curies":[{"name":"wp","href":"https:\/\/api.w.org\/{rel}","templated":true}]}}