{"id":4514,"date":"2025-02-04T11:21:03","date_gmt":"2025-02-04T07:21:03","guid":{"rendered":"https:\/\/etab.ac-reunion.fr\/clg-plateau-caillou\/?page_id=4514"},"modified":"2026-02-05T14:29:35","modified_gmt":"2026-02-05T10:29:35","slug":"informations-parents","status":"publish","type":"page","link":"https:\/\/etab.ac-reunion.fr\/clg-plateau-caillou\/informations-parents\/","title":{"rendered":"INFORMATIONS PARENTS"},"content":{"rendered":"<p style=\"text-align: center\">Vous avez un enfant en 3e et vous devez pr\u00e9parer son projet d&rsquo;orientation?<\/p>\n<p style=\"text-align: center\"><span style=\"font-family: Arial, Helvetica, sans-serif\">Retrouvez ici les dates <\/span><span style=\"font-family: Arial, Helvetica, sans-serif\">des <\/span><span style=\"color: #ff0000\"><strong>Journ\u00e9es Portes Ouvertes<\/strong><\/span><span style=\"font-family: Arial, Helvetica, sans-serif\"> des Lyc\u00e9es ou organismes de formation <\/span><span style=\"font-family: Arial, Helvetica, sans-serif\">(visite des locaux, pr\u00e9sentation des formations, ateliers, plateaux techniques, animations et rencontres) :\u00a0<\/span><\/p>\n<ul>\n<li>LGT Marguerite Jauzelon<span style=\"font-family: Arial, Helvetica, sans-serif\"> (Bellepierre) : le <\/span><span style=\"font-size: large\"><b>samedi 07 f\u00e9vrier \/ 08h30 \u00e0 15h30<\/b><\/span><\/li>\n<li>\u00a0<strong>Maison Familiale et Rurale de l\u2019Ouest MFR :\u00a0<\/strong>le <b>vendredi 20 f\u00e9vrier 2026 <\/b>\/ <b>9h00 \u00e0 14h30<\/b><\/li>\n<li>\u00a0LP Jean Perrin (Saint Andr\u00e9) : le <b>Samedi 21 f\u00e9vrier 2026 \/ 8h30 \u00e0 11h30<\/b><\/li>\n<li>Lyc\u00e9e Nelson Mandela (Saint-Beno\u00eet) : le <span style=\"font-size: large\"><b>Vendredi 20 f\u00e9vrier \/ 8h00 \u00e0 16h00 <\/b>et le <b>Samedi 21 <\/b><\/span><span style=\"font-size: large\"><b>f\u00e9vrier 2026 \/ 8h00 \u00e0 12h00<\/b><\/span><\/li>\n<li>LEGT Mahatma Gandhi (Saint Andr\u00e9) : le <b><span style=\"font-size: large\">samedi 21 f\u00e9vrier 2026 \/ <\/span><\/b><b><span style=\"font-size: large\">8h30 \u00e0 11h30<\/span><\/b><\/li>\n<li><strong> LYCEE HOTELIER Christian Antou :<\/strong> le\u00a0<b>Samedi 21 f\u00e9vrier 2026 \/ 9h \u00e0 13h00<\/b><\/li>\n<li><strong>LYCEE GERARD ETHEVE (ex-Stella)<\/strong> : le\u00a0<b>Samedi 21 f\u00e9vrier 2026 \/ <\/b><b>8h30 \u00e0 11h30\u00a0<\/b><\/li>\n<li><strong>LP VUE BELLE<\/strong> <span style=\"font-family: Arial, Helvetica, sans-serif\">: le <\/span><b>mercredi 25 f\u00e9vrier 2026 \/ 8h30 \u00e0 12h00\u00a0<\/b><\/li>\n<li>CMA Formation Ste-Clotilde\u00a0: le mercredi 25 f\u00e9vrier 2026 \/ 8 h30 \u00e0 15h30<\/li>\n<li>CMA FORMATION SAINT PIERRE : le <b>jeudi 26 FEVRIER 2026 \/ 8h30 \u00e0 16h00<\/b><\/li>\n<\/ul>\n","protected":false},"excerpt":{"rendered":"<p>Vous avez un enfant en 3e et vous devez pr\u00e9parer son projet d&rsquo;orientation? Retrouvez ici les dates des Journ\u00e9es Portes Ouvertes des Lyc\u00e9es ou organismes de formation (visite des locaux, pr\u00e9sentation des formations, ateliers, plateaux techniques, animations et rencontres) :\u00a0 LGT Marguerite Jauzelon (Bellepierre) : le samedi 07 f\u00e9vrier \/&#8230;<\/p>\n<p> <a class=\"continue-reading-link\" href=\"https:\/\/etab.ac-reunion.fr\/clg-plateau-caillou\/informations-parents\/\"><span>Lire la suite<\/span><i class=\"crycon-right-dir\"><\/i><\/a> <\/p>\n","protected":false},"author":7283,"featured_media":0,"parent":0,"menu_order":0,"comment_status":"closed","ping_status":"closed","template":"","meta":{"footnotes":""},"class_list":["post-4514","page","type-page","status-publish","hentry"],"_links":{"self":[{"href":"https:\/\/etab.ac-reunion.fr\/clg-plateau-caillou\/wp-json\/wp\/v2\/pages\/4514","targetHints":{"allow":["GET"]}}],"collection":[{"href":"https:\/\/etab.ac-reunion.fr\/clg-plateau-caillou\/wp-json\/wp\/v2\/pages"}],"about":[{"href":"https:\/\/etab.ac-reunion.fr\/clg-plateau-caillou\/wp-json\/wp\/v2\/types\/page"}],"author":[{"embeddable":true,"href":"https:\/\/etab.ac-reunion.fr\/clg-plateau-caillou\/wp-json\/wp\/v2\/users\/7283"}],"replies":[{"embeddable":true,"href":"https:\/\/etab.ac-reunion.fr\/clg-plateau-caillou\/wp-json\/wp\/v2\/comments?post=4514"}],"version-history":[{"count":11,"href":"https:\/\/etab.ac-reunion.fr\/clg-plateau-caillou\/wp-json\/wp\/v2\/pages\/4514\/revisions"}],"predecessor-version":[{"id":5304,"href":"https:\/\/etab.ac-reunion.fr\/clg-plateau-caillou\/wp-json\/wp\/v2\/pages\/4514\/revisions\/5304"}],"wp:attachment":[{"href":"https:\/\/etab.ac-reunion.fr\/clg-plateau-caillou\/wp-json\/wp\/v2\/media?parent=4514"}],"curies":[{"name":"wp","href":"https:\/\/api.w.org\/{rel}","templated":true}]}}