{"id":4534,"date":"2025-03-25T14:20:21","date_gmt":"2025-03-25T10:20:21","guid":{"rendered":"https:\/\/etab.ac-reunion.fr\/clg-plateau-caillou\/?page_id=4534"},"modified":"2025-03-25T15:23:29","modified_gmt":"2025-03-25T11:23:29","slug":"championnats-de-france-unss-natation","status":"publish","type":"page","link":"https:\/\/etab.ac-reunion.fr\/clg-plateau-caillou\/association-sportive-as\/as-natation\/championnats-de-france-unss-natation\/","title":{"rendered":"CHAMPIONNATS DE FRANCE UNSS NATATION"},"content":{"rendered":"<p style=\"text-align: center\">Chers parents d&rsquo;\u00e9l\u00e8ves, \u00e9l\u00e8ves, enseignants et personnels du coll\u00e8ge,<\/p>\n<p align=\"justify\">C&rsquo;est avec une grande fiert\u00e9 que je vous annonce qu&rsquo;une des 4 \u00e9quipes de nageurs du coll\u00e8ge a remport\u00e9 le titre de <b>championne acad\u00e9mique<\/b> et aura l&rsquo;honneur de repr\u00e9senter notre \u00e9tablissement aux championnats de France qui se d\u00e9rouleront \u00e0 <span style=\"color: #339966\"><strong><span style=\"color: #00ff00\">Vichy, du 10 au 17 mai 2025<\/span>.<\/strong><\/span><\/p>\n<p align=\"justify\">Cette victoire n&rsquo;est pas le fruit du hasard mais le r\u00e9sultat d&rsquo;un travail acharn\u00e9, d\u2019une pr\u00e9paration rigoureuse et de l\u2019engagement de nos \u00e9l\u00e8ves et de leurs coachs. Nous ne pouvons cependant pas ignorer que cette belle aventure a un co\u00fbt, et pour permettre \u00e0 nos championnes et champions de d\u00e9fendre leur titre de championnes de France, nous avons besoin de votre soutien.<\/p>\n<p align=\"justify\">Afin de financer ce d\u00e9placement, une <b>cagnotte a \u00e9t\u00e9 mise en ligne<\/b>. Cette cagnotte est homologu\u00e9e par l\u2019\u00c9ducation Nationale, ce qui permet \u00e0 chaque don de b\u00e9n\u00e9ficier d\u2019une d\u00e9duction fiscale, conform\u00e9ment \u00e0 la r\u00e9glementation en vigueur. Que vous soyez un particulier ou une entreprise, votre contribution est la bienvenue et, surtout, elle fera une r\u00e9elle diff\u00e9rence pour ces jeunes athl\u00e8tes. Chaque geste compte, et nous vous encourageons vivement \u00e0 faire jouer votre r\u00e9seau pour obtenir un maximum de dons.<\/p>\n<p align=\"center\"><span style=\"color: #2a6099\"><u><b><span style=\"color: #ff0000\">Le lien pour les dons est le suivant:<\/span>\u00a0<a href=\"https:\/\/trousseaprojets.fr\/projet\/15234\">https:\/\/trousseaprojets.fr\/projet\/15234<\/a><\/b><\/u><\/span><\/p>\n<p align=\"justify\"><img loading=\"lazy\" decoding=\"async\" class=\"alignnone size-full wp-image-4538 aligncenter\" src=\"https:\/\/etab.ac-reunion.fr\/clg-plateau-caillou\/wp-content\/uploads\/sites\/103\/2025\/03\/660528c2-0579-43a5-98c2-857a5bedbe62-scaled.jpg\" alt=\"\" width=\"2560\" height=\"1928\" srcset=\"https:\/\/etab.ac-reunion.fr\/clg-plateau-caillou\/wp-content\/uploads\/sites\/103\/2025\/03\/660528c2-0579-43a5-98c2-857a5bedbe62-scaled.jpg 2560w, https:\/\/etab.ac-reunion.fr\/clg-plateau-caillou\/wp-content\/uploads\/sites\/103\/2025\/03\/660528c2-0579-43a5-98c2-857a5bedbe62-300x226.jpg 300w, https:\/\/etab.ac-reunion.fr\/clg-plateau-caillou\/wp-content\/uploads\/sites\/103\/2025\/03\/660528c2-0579-43a5-98c2-857a5bedbe62-1024x771.jpg 1024w, https:\/\/etab.ac-reunion.fr\/clg-plateau-caillou\/wp-content\/uploads\/sites\/103\/2025\/03\/660528c2-0579-43a5-98c2-857a5bedbe62-768x578.jpg 768w, https:\/\/etab.ac-reunion.fr\/clg-plateau-caillou\/wp-content\/uploads\/sites\/103\/2025\/03\/660528c2-0579-43a5-98c2-857a5bedbe62-1536x1157.jpg 1536w, https:\/\/etab.ac-reunion.fr\/clg-plateau-caillou\/wp-content\/uploads\/sites\/103\/2025\/03\/660528c2-0579-43a5-98c2-857a5bedbe62-2048x1542.jpg 2048w, https:\/\/etab.ac-reunion.fr\/clg-plateau-caillou\/wp-content\/uploads\/sites\/103\/2025\/03\/660528c2-0579-43a5-98c2-857a5bedbe62-150x113.jpg 150w\" sizes=\"auto, (max-width: 2560px) 100vw, 2560px\" \/><\/p>\n<p align=\"justify\">Notre coll\u00e8ge a brill\u00e9 l\u2019an pass\u00e9 en devenant <b>champion de France UNSS de natation,<\/b> et nos nageurs sont d\u00e9termin\u00e9s \u00e0 d\u00e9fendre leur titre avec fiert\u00e9. Bien entendu, ces jeunes nageurs ne se contenteront pas de compter sur les dons. Ils s&rsquo;engagent, avec l&rsquo;aide d&rsquo;autres nageurs du coll\u00e8ge non qualifi\u00e9s, \u00e9galement dans diverses actions de financement, telles que des ensachages, pour contribuer \u00e0 leur propre voyage. Leur enthousiasme et leur esprit d\u2019\u00e9quipe sont un v\u00e9ritable mod\u00e8le de pers\u00e9v\u00e9rance et d&rsquo;entraide.<\/p>\n<p align=\"justify\"><img loading=\"lazy\" decoding=\"async\" class=\"alignnone size-full wp-image-4535 aligncenter\" src=\"https:\/\/etab.ac-reunion.fr\/clg-plateau-caillou\/wp-content\/uploads\/sites\/103\/2025\/03\/nageurs.jpg\" alt=\"\" width=\"259\" height=\"194\" srcset=\"https:\/\/etab.ac-reunion.fr\/clg-plateau-caillou\/wp-content\/uploads\/sites\/103\/2025\/03\/nageurs.jpg 259w, https:\/\/etab.ac-reunion.fr\/clg-plateau-caillou\/wp-content\/uploads\/sites\/103\/2025\/03\/nageurs-150x112.jpg 150w\" sizes=\"auto, (max-width: 259px) 100vw, 259px\" \/><\/p>\n<p style=\"text-align: justify\" align=\"justify\">Nous esp\u00e9rons que, gr\u00e2ce \u00e0 votre g\u00e9n\u00e9rosit\u00e9 et \u00e0 votre soutien, nous pourrons offrir \u00e0 ces jeunes athl\u00e8tes toutes les chances de briller lors de cet \u00e9v\u00e9nement national. Que vous soyez en mesure de faire un don ou simplement de relayer cette initiative dans vos r\u00e9seaux, chaque aide sera pr\u00e9cieuse et grandement appr\u00e9ci\u00e9e.<\/p>\n<p style=\"text-align: center\">Merci par avance pour votre soutien. Ensemble, faisons en sorte que ces jeunes nageurs puissent r\u00e9aliser leurs r\u00eaves et continuer \u00e0 nous rendre fiers.<\/p>\n<p style=\"text-align: center\">Bien cordialement, Mme Rigaud, professeur d&rsquo;EPS et animatrice de l&rsquo;AS natation.<\/p>\n","protected":false},"excerpt":{"rendered":"<p>Chers parents d&rsquo;\u00e9l\u00e8ves, \u00e9l\u00e8ves, enseignants et personnels du coll\u00e8ge, C&rsquo;est avec une grande fiert\u00e9 que je vous annonce qu&rsquo;une des 4 \u00e9quipes de nageurs du coll\u00e8ge a remport\u00e9 le titre de championne acad\u00e9mique et aura l&rsquo;honneur de repr\u00e9senter notre \u00e9tablissement aux championnats de France qui se d\u00e9rouleront \u00e0 Vichy, du&#8230;<\/p>\n<p> <a class=\"continue-reading-link\" href=\"https:\/\/etab.ac-reunion.fr\/clg-plateau-caillou\/association-sportive-as\/as-natation\/championnats-de-france-unss-natation\/\"><span>Lire la suite<\/span><i class=\"crycon-right-dir\"><\/i><\/a> <\/p>\n","protected":false},"author":7283,"featured_media":0,"parent":2193,"menu_order":0,"comment_status":"closed","ping_status":"closed","template":"","meta":{"footnotes":""},"class_list":["post-4534","page","type-page","status-publish","hentry"],"_links":{"self":[{"href":"https:\/\/etab.ac-reunion.fr\/clg-plateau-caillou\/wp-json\/wp\/v2\/pages\/4534","targetHints":{"allow":["GET"]}}],"collection":[{"href":"https:\/\/etab.ac-reunion.fr\/clg-plateau-caillou\/wp-json\/wp\/v2\/pages"}],"about":[{"href":"https:\/\/etab.ac-reunion.fr\/clg-plateau-caillou\/wp-json\/wp\/v2\/types\/page"}],"author":[{"embeddable":true,"href":"https:\/\/etab.ac-reunion.fr\/clg-plateau-caillou\/wp-json\/wp\/v2\/users\/7283"}],"replies":[{"embeddable":true,"href":"https:\/\/etab.ac-reunion.fr\/clg-plateau-caillou\/wp-json\/wp\/v2\/comments?post=4534"}],"version-history":[{"count":3,"href":"https:\/\/etab.ac-reunion.fr\/clg-plateau-caillou\/wp-json\/wp\/v2\/pages\/4534\/revisions"}],"predecessor-version":[{"id":4542,"href":"https:\/\/etab.ac-reunion.fr\/clg-plateau-caillou\/wp-json\/wp\/v2\/pages\/4534\/revisions\/4542"}],"up":[{"embeddable":true,"href":"https:\/\/etab.ac-reunion.fr\/clg-plateau-caillou\/wp-json\/wp\/v2\/pages\/2193"}],"wp:attachment":[{"href":"https:\/\/etab.ac-reunion.fr\/clg-plateau-caillou\/wp-json\/wp\/v2\/media?parent=4534"}],"curies":[{"name":"wp","href":"https:\/\/api.w.org\/{rel}","templated":true}]}}