{"id":4788,"date":"2025-05-19T09:23:24","date_gmt":"2025-05-19T05:23:24","guid":{"rendered":"https:\/\/etab.ac-reunion.fr\/clg-plateau-caillou\/?page_id=4788"},"modified":"2025-05-19T09:23:24","modified_gmt":"2025-05-19T05:23:24","slug":"concours-eureka-maths-reunion","status":"publish","type":"page","link":"https:\/\/etab.ac-reunion.fr\/clg-plateau-caillou\/concours-eureka-maths-reunion\/","title":{"rendered":"Concours Eur\u00eaka Maths R\u00e9union"},"content":{"rendered":"<p id=\"summary-item-4\" style=\"text-align: center\"><strong><em>Une action inter-degr\u00e9s<\/em><\/strong><\/p>\n<p style=\"text-align: justify\">Ce concours est ouvert \u00e0 tout le cycle 3 avec un principe de brassage inter-degr\u00e9. <strong>Les \u00e9l\u00e8ves d\u2019une classe de primaire brass\u00e9s \u00e0 ceux d\u2019une classe de 6\u00e8me, r\u00e9partis dans deux salles, tentent de r\u00e9soudre 6 d\u00e9fis en 50 minutes et rendent\u00a0une unique feuille de \u00ab recherche\/r\u00e9ponse \u00bb par d\u00e9fi et par salle.<\/strong><\/p>\n<p style=\"text-align: justify\">L\u2019action Eur\u00eaka Maths R\u00e9union participe ainsi \u00e0 la liaison \u00e9cole-coll\u00e8ge gr\u00e2ce \u00e0 la mise en \u0153uvre de jumelages en mode brass\u00e9 ou dissoci\u00e9. Quel que soit le mode du jumelage, lors de l\u2019\u00e9preuve finale, les r\u00e9ponses des deux groupes (1 groupe = \u00bd CM+ \u00bd 6\u00e8me) ou des deux classes sont r\u00e9unies pour la correction.<\/p>\n<p style=\"text-align: justify\">Tout au long de l\u2019ann\u00e9e qui peut \u00eatre rythm\u00e9e par les d\u00e9fis pr\u00e9paratoires dans les classes ou des entra\u00eenements sur des anciens sujets lors de rencontres des classes, les objectifs de l\u2019action Eur\u00eaka Maths R\u00e9union sont multiples. Il s\u2019agit de susciter et d\u00e9velopper chez les \u00e9l\u00e8ves : &#8211; l\u2019int\u00e9r\u00eat pour les math\u00e9matiques, &#8211; l\u2019envie de trouver, &#8211; le go\u00fbt de l\u2019effort de la recherche, &#8211; le plaisir de communiquer sa strat\u00e9gie, &#8211; le libre exercice de l\u2019esprit d\u2019initiative. Toute l\u2019\u00e9quipe compos\u00e9e d\u2019enseignants du premier et du second degr\u00e9 s\u2019investit avec professionnalisme et bonne humeur pour proposer des contenus vari\u00e9s, attractifs et ludiques qui portent des questionnements motivants. Ainsi se trouve favoris\u00e9 le d\u00e9veloppement des six grandes comp\u00e9tences math\u00e9matiques (chercher, mod\u00e9liser, repr\u00e9senter, raisonner, calculer et communiquer) mais aussi celui d\u2019autres comp\u00e9tences plus transversales telles qu\u2019oser s\u2019engager dans des essais et des d\u00e9marches in\u00e9dites, \u00eatre capable d\u2019argumenter et de justifier son point de vue, savoir identifier ses erreurs et les erreurs des autres, les accepter et les comprendre pour progresser.<\/p>\n<p>&nbsp;<\/p>\n","protected":false},"excerpt":{"rendered":"<p>Une action inter-degr\u00e9s Ce concours est ouvert \u00e0 tout le cycle 3 avec un principe de brassage inter-degr\u00e9. Les \u00e9l\u00e8ves d\u2019une classe de primaire brass\u00e9s \u00e0 ceux d\u2019une classe de 6\u00e8me, r\u00e9partis dans deux salles, tentent de r\u00e9soudre 6 d\u00e9fis en 50 minutes et rendent\u00a0une unique feuille de \u00ab recherche\/r\u00e9ponse&#8230;<\/p>\n<p> <a class=\"continue-reading-link\" href=\"https:\/\/etab.ac-reunion.fr\/clg-plateau-caillou\/concours-eureka-maths-reunion\/\"><span>Lire la suite<\/span><i class=\"crycon-right-dir\"><\/i><\/a> <\/p>\n","protected":false},"author":7283,"featured_media":0,"parent":0,"menu_order":0,"comment_status":"closed","ping_status":"closed","template":"","meta":{"footnotes":""},"class_list":["post-4788","page","type-page","status-publish","hentry"],"_links":{"self":[{"href":"https:\/\/etab.ac-reunion.fr\/clg-plateau-caillou\/wp-json\/wp\/v2\/pages\/4788","targetHints":{"allow":["GET"]}}],"collection":[{"href":"https:\/\/etab.ac-reunion.fr\/clg-plateau-caillou\/wp-json\/wp\/v2\/pages"}],"about":[{"href":"https:\/\/etab.ac-reunion.fr\/clg-plateau-caillou\/wp-json\/wp\/v2\/types\/page"}],"author":[{"embeddable":true,"href":"https:\/\/etab.ac-reunion.fr\/clg-plateau-caillou\/wp-json\/wp\/v2\/users\/7283"}],"replies":[{"embeddable":true,"href":"https:\/\/etab.ac-reunion.fr\/clg-plateau-caillou\/wp-json\/wp\/v2\/comments?post=4788"}],"version-history":[{"count":1,"href":"https:\/\/etab.ac-reunion.fr\/clg-plateau-caillou\/wp-json\/wp\/v2\/pages\/4788\/revisions"}],"predecessor-version":[{"id":4789,"href":"https:\/\/etab.ac-reunion.fr\/clg-plateau-caillou\/wp-json\/wp\/v2\/pages\/4788\/revisions\/4789"}],"wp:attachment":[{"href":"https:\/\/etab.ac-reunion.fr\/clg-plateau-caillou\/wp-json\/wp\/v2\/media?parent=4788"}],"curies":[{"name":"wp","href":"https:\/\/api.w.org\/{rel}","templated":true}]}}