{"id":4792,"date":"2025-05-19T09:27:47","date_gmt":"2025-05-19T05:27:47","guid":{"rendered":"https:\/\/etab.ac-reunion.fr\/clg-plateau-caillou\/?page_id=4792"},"modified":"2025-05-19T09:27:47","modified_gmt":"2025-05-19T05:27:47","slug":"salon-de-lecologie-et-du-developpement-durable","status":"publish","type":"page","link":"https:\/\/etab.ac-reunion.fr\/clg-plateau-caillou\/salon-de-lecologie-et-du-developpement-durable\/","title":{"rendered":"Salon de l&rsquo;\u00e9cologie et du d\u00e9veloppement durable"},"content":{"rendered":"<p style=\"text-align: center\">Salon de l&rsquo;\u00e9cologie et du d\u00e9veloppement durable &#8211; 16 septembre 2022<\/p>\n<p>MANIFESTATION. Pendant trois jours, la Nordev s&rsquo;est mise au vert \u00e0 l&rsquo;occasion de la deuxi\u00e8me \u00e9dition du Salon de l&rsquo;\u00e9cologie et du d\u00e9veloppement durable, organis\u00e9 par le Journal de l&rsquo;\u00cele. Nos d\u00e9l\u00e9gu\u00e9s suppl\u00e9ants et \u00e9co-d\u00e9l\u00e9gu\u00e9s ont rencontr\u00e9 des exposants, particip\u00e9 \u00e0 des activit\u00e9s et des ateliers en tant qu&rsquo;ambassadeurs de l&rsquo;environnement.<\/p>\n<p>Retrouvez ci-dessus l&rsquo;article de Clicanoo et l&rsquo;interview de nos \u00e9l\u00e8ves :<\/p>\n<p><a href=\"https:\/\/www.clicanoo.re\/article\/societe\/2022\/09\/17\/lecologie-expliquee-aux-enfants\">https:\/\/www.clicanoo.re\/article\/societe\/2022\/09\/17\/lecologie-expliquee-aux-enfants<\/a><\/p>\n","protected":false},"excerpt":{"rendered":"<p>Salon de l&rsquo;\u00e9cologie et du d\u00e9veloppement durable &#8211; 16 septembre 2022 MANIFESTATION. Pendant trois jours, la Nordev s&rsquo;est mise au vert \u00e0 l&rsquo;occasion de la deuxi\u00e8me \u00e9dition du Salon de l&rsquo;\u00e9cologie et du d\u00e9veloppement durable, organis\u00e9 par le Journal de l&rsquo;\u00cele. Nos d\u00e9l\u00e9gu\u00e9s suppl\u00e9ants et \u00e9co-d\u00e9l\u00e9gu\u00e9s ont rencontr\u00e9 des exposants,&#8230;<\/p>\n<p> <a class=\"continue-reading-link\" href=\"https:\/\/etab.ac-reunion.fr\/clg-plateau-caillou\/salon-de-lecologie-et-du-developpement-durable\/\"><span>Lire la suite<\/span><i class=\"crycon-right-dir\"><\/i><\/a> <\/p>\n","protected":false},"author":7283,"featured_media":0,"parent":0,"menu_order":0,"comment_status":"closed","ping_status":"closed","template":"","meta":{"footnotes":""},"class_list":["post-4792","page","type-page","status-publish","hentry"],"_links":{"self":[{"href":"https:\/\/etab.ac-reunion.fr\/clg-plateau-caillou\/wp-json\/wp\/v2\/pages\/4792","targetHints":{"allow":["GET"]}}],"collection":[{"href":"https:\/\/etab.ac-reunion.fr\/clg-plateau-caillou\/wp-json\/wp\/v2\/pages"}],"about":[{"href":"https:\/\/etab.ac-reunion.fr\/clg-plateau-caillou\/wp-json\/wp\/v2\/types\/page"}],"author":[{"embeddable":true,"href":"https:\/\/etab.ac-reunion.fr\/clg-plateau-caillou\/wp-json\/wp\/v2\/users\/7283"}],"replies":[{"embeddable":true,"href":"https:\/\/etab.ac-reunion.fr\/clg-plateau-caillou\/wp-json\/wp\/v2\/comments?post=4792"}],"version-history":[{"count":1,"href":"https:\/\/etab.ac-reunion.fr\/clg-plateau-caillou\/wp-json\/wp\/v2\/pages\/4792\/revisions"}],"predecessor-version":[{"id":4793,"href":"https:\/\/etab.ac-reunion.fr\/clg-plateau-caillou\/wp-json\/wp\/v2\/pages\/4792\/revisions\/4793"}],"wp:attachment":[{"href":"https:\/\/etab.ac-reunion.fr\/clg-plateau-caillou\/wp-json\/wp\/v2\/media?parent=4792"}],"curies":[{"name":"wp","href":"https:\/\/api.w.org\/{rel}","templated":true}]}}