{"id":4825,"date":"2025-05-19T15:42:46","date_gmt":"2025-05-19T11:42:46","guid":{"rendered":"https:\/\/etab.ac-reunion.fr\/clg-plateau-caillou\/?page_id=4825"},"modified":"2025-05-19T15:42:46","modified_gmt":"2025-05-19T11:42:46","slug":"mediatheque-de-plateau-caillou","status":"publish","type":"page","link":"https:\/\/etab.ac-reunion.fr\/clg-plateau-caillou\/mediatheque-de-plateau-caillou\/","title":{"rendered":"MEDIATHEQUE DE PLATEAU CAILLOU"},"content":{"rendered":"<p style=\"text-align: justify\">Retrouvez ici, dans la continuit\u00e9 des actions men\u00e9es au coll\u00e8ge, la page web de la M\u00e9diath\u00e8que de Plateau Caillou, partenaire incontournable de la promotion de la lecture au sein de notre r\u00e9seau.<\/p>\n<p>Horaires d&rsquo;ouverture, Coups de c\u0153urs, Agenda des activit\u00e9s propos\u00e9es :\u00a0 <a href=\"https:\/\/mediatheques-saintpaul.re\/iguana\/www.main.cls?surl=mediatheque-plateau-caillou\">M\u00e9diath\u00e8que de Plateau Caillou<\/a><\/p>\n","protected":false},"excerpt":{"rendered":"<p>Retrouvez ici, dans la continuit\u00e9 des actions men\u00e9es au coll\u00e8ge, la page web de la M\u00e9diath\u00e8que de Plateau Caillou, partenaire incontournable de la promotion de la lecture au sein de notre r\u00e9seau. Horaires d&rsquo;ouverture, Coups de c\u0153urs, Agenda des activit\u00e9s propos\u00e9es :\u00a0 M\u00e9diath\u00e8que de Plateau Caillou<\/p>\n<p> <a class=\"continue-reading-link\" href=\"https:\/\/etab.ac-reunion.fr\/clg-plateau-caillou\/mediatheque-de-plateau-caillou\/\"><span>Lire la suite<\/span><i class=\"crycon-right-dir\"><\/i><\/a> <\/p>\n","protected":false},"author":7283,"featured_media":0,"parent":0,"menu_order":0,"comment_status":"closed","ping_status":"closed","template":"","meta":{"footnotes":""},"class_list":["post-4825","page","type-page","status-publish","hentry"],"_links":{"self":[{"href":"https:\/\/etab.ac-reunion.fr\/clg-plateau-caillou\/wp-json\/wp\/v2\/pages\/4825","targetHints":{"allow":["GET"]}}],"collection":[{"href":"https:\/\/etab.ac-reunion.fr\/clg-plateau-caillou\/wp-json\/wp\/v2\/pages"}],"about":[{"href":"https:\/\/etab.ac-reunion.fr\/clg-plateau-caillou\/wp-json\/wp\/v2\/types\/page"}],"author":[{"embeddable":true,"href":"https:\/\/etab.ac-reunion.fr\/clg-plateau-caillou\/wp-json\/wp\/v2\/users\/7283"}],"replies":[{"embeddable":true,"href":"https:\/\/etab.ac-reunion.fr\/clg-plateau-caillou\/wp-json\/wp\/v2\/comments?post=4825"}],"version-history":[{"count":1,"href":"https:\/\/etab.ac-reunion.fr\/clg-plateau-caillou\/wp-json\/wp\/v2\/pages\/4825\/revisions"}],"predecessor-version":[{"id":4826,"href":"https:\/\/etab.ac-reunion.fr\/clg-plateau-caillou\/wp-json\/wp\/v2\/pages\/4825\/revisions\/4826"}],"wp:attachment":[{"href":"https:\/\/etab.ac-reunion.fr\/clg-plateau-caillou\/wp-json\/wp\/v2\/media?parent=4825"}],"curies":[{"name":"wp","href":"https:\/\/api.w.org\/{rel}","templated":true}]}}