{"id":4828,"date":"2025-05-19T16:01:53","date_gmt":"2025-05-19T12:01:53","guid":{"rendered":"https:\/\/etab.ac-reunion.fr\/clg-plateau-caillou\/?page_id=4828"},"modified":"2025-05-19T16:01:53","modified_gmt":"2025-05-19T12:01:53","slug":"rencontres-academiques-de-theatre-en-espagnol","status":"publish","type":"page","link":"https:\/\/etab.ac-reunion.fr\/clg-plateau-caillou\/rencontres-academiques-de-theatre-en-espagnol\/","title":{"rendered":"Rencontres acad\u00e9miques de th\u00e9\u00e2tre en espagnol\u00a0"},"content":{"rendered":"<p style=\"text-align: justify\">Le parcours d&rsquo;\u00e9ducation artistique et culturelle P\u00c9AC Participer aux Rencontres acad\u00e9miques de th\u00e9\u00e2tre en espagnol\u00a0<b>est propos\u00e9 aux classes ou groupes inscrits dans les dispositifs de th\u00e9\u00e2tre en espagnol : ateliers et actions en classe<\/b>. Il permet un travail de concertation et de lien entre les porteurs de projet, la structure culturelle, le porteur de projet acad\u00e9mique, le coordonnateur th\u00e9\u00e2tre de la d\u00e9l\u00e9gation acad\u00e9mique \u00e0 l&rsquo;\u00e9ducation artistique et culturelle (DAAC \/ Rectorat) et l&rsquo;inspection d&rsquo;espagnol.<\/p>\n<p id=\"summary-item-1\" class=\"title\" style=\"text-align: justify\">Les objectifs sont multiples :\u00a0Permettre \u00e0 un professeur, porteur de projet, et des \u00e9l\u00e8ves de se retrouver autour d\u2019un projet f\u00e9d\u00e9rateur en langue espagnole, &#8211; Partager et montrer le travail partenarial men\u00e9 par les \u00e9quipes p\u00e9dagogiques et les artistes, &#8211; Donner l&rsquo;occasion aux \u00e9l\u00e8ves et \u00e0 leurs professeurs d&rsquo;investir les structures th\u00e9\u00e2trales de proximit\u00e9, &#8211; Valoriser les r\u00e9alisations des \u00e9l\u00e8ves sur un plateau dans des conditions optimales, &#8211; Favoriser les \u00e9changes entre enseignants et \u00e9l\u00e8ves des diff\u00e9rents coll\u00e8ges et lyc\u00e9es pr\u00e9sents, &#8211; Echanger et r\u00e9fl\u00e9chir aux enjeux du spectacle vivant.<\/p>\n<p style=\"text-align: justify\">Nos \u00e9l\u00e8ves de 5e5 ont donc perform\u00e9 le lundi 17 mars au Lyc\u00e9e Roland Garros au Tampon dans un amphith\u00e9\u00e2tre rempli d&rsquo;\u00e9l\u00e8ves venus de coll\u00e8ges et de lyc\u00e9es de toute l&rsquo;\u00eele. Ils ont pr\u00e9sent\u00e9 en espagnol leur version revisit\u00e9e de l&rsquo;\u0153uvre <strong><em>El bosque magico <\/em><\/strong>de Vicente Canon.<\/p>\n<p style=\"text-align: center\"><em>Las brujas y brujos viven en el interior del bosque m\u00e1gico llenos de envidia al ver que los pueblos de la Alegr\u00eda, la Amistad y la Generosidad viven felices. Por lo que deciden lanzarles un conjuro maligno, para que los tres pueblos pasen a ser infelices y desdichados. Las personas m\u00e1s sabias se re\u00fanen para encontrar una soluci\u00f3n que vendr\u00e1 de la mano de unas hadas y duendes.<\/em><\/p>\n<p style=\"text-align: center\">Les \u00e9l\u00e8ves sur sc\u00e8ne ont \u00e9t\u00e9 chaleureusement applaudis et f\u00e9licit\u00e9s pour leur prestation, ils ont pris beaucoup de plaisir \u00e0 interpr\u00e9ter leur r\u00f4le : un immense bravo \u00e0 tous ! Ils le m\u00e9ritent amplement !<\/p>\n","protected":false},"excerpt":{"rendered":"<p>Le parcours d&rsquo;\u00e9ducation artistique et culturelle P\u00c9AC Participer aux Rencontres acad\u00e9miques de th\u00e9\u00e2tre en espagnol\u00a0est propos\u00e9 aux classes ou groupes inscrits dans les dispositifs de th\u00e9\u00e2tre en espagnol : ateliers et actions en classe. Il permet un travail de concertation et de lien entre les porteurs de projet, la structure&#8230;<\/p>\n<p> <a class=\"continue-reading-link\" href=\"https:\/\/etab.ac-reunion.fr\/clg-plateau-caillou\/rencontres-academiques-de-theatre-en-espagnol\/\"><span>Lire la suite<\/span><i class=\"crycon-right-dir\"><\/i><\/a> <\/p>\n","protected":false},"author":7283,"featured_media":0,"parent":0,"menu_order":0,"comment_status":"closed","ping_status":"closed","template":"","meta":{"footnotes":""},"class_list":["post-4828","page","type-page","status-publish","hentry"],"_links":{"self":[{"href":"https:\/\/etab.ac-reunion.fr\/clg-plateau-caillou\/wp-json\/wp\/v2\/pages\/4828","targetHints":{"allow":["GET"]}}],"collection":[{"href":"https:\/\/etab.ac-reunion.fr\/clg-plateau-caillou\/wp-json\/wp\/v2\/pages"}],"about":[{"href":"https:\/\/etab.ac-reunion.fr\/clg-plateau-caillou\/wp-json\/wp\/v2\/types\/page"}],"author":[{"embeddable":true,"href":"https:\/\/etab.ac-reunion.fr\/clg-plateau-caillou\/wp-json\/wp\/v2\/users\/7283"}],"replies":[{"embeddable":true,"href":"https:\/\/etab.ac-reunion.fr\/clg-plateau-caillou\/wp-json\/wp\/v2\/comments?post=4828"}],"version-history":[{"count":1,"href":"https:\/\/etab.ac-reunion.fr\/clg-plateau-caillou\/wp-json\/wp\/v2\/pages\/4828\/revisions"}],"predecessor-version":[{"id":4829,"href":"https:\/\/etab.ac-reunion.fr\/clg-plateau-caillou\/wp-json\/wp\/v2\/pages\/4828\/revisions\/4829"}],"wp:attachment":[{"href":"https:\/\/etab.ac-reunion.fr\/clg-plateau-caillou\/wp-json\/wp\/v2\/media?parent=4828"}],"curies":[{"name":"wp","href":"https:\/\/api.w.org\/{rel}","templated":true}]}}