{"id":5132,"date":"2025-08-29T09:10:41","date_gmt":"2025-08-29T05:10:41","guid":{"rendered":"https:\/\/etab.ac-reunion.fr\/clg-plateau-caillou\/?page_id=5132"},"modified":"2025-08-29T09:10:41","modified_gmt":"2025-08-29T05:10:41","slug":"orientation-scolaire-liens-utiles","status":"publish","type":"page","link":"https:\/\/etab.ac-reunion.fr\/clg-plateau-caillou\/orientation-scolaire-liens-utiles\/","title":{"rendered":"Orientation Scolaire, liens utiles"},"content":{"rendered":"<p><img loading=\"lazy\" decoding=\"async\" class=\"size-full wp-image-5133 alignleft\" src=\"https:\/\/etab.ac-reunion.fr\/clg-plateau-caillou\/wp-content\/uploads\/sites\/103\/2025\/08\/plateforme-avenir.jpg\" alt=\"\" width=\"409\" height=\"123\" srcset=\"https:\/\/etab.ac-reunion.fr\/clg-plateau-caillou\/wp-content\/uploads\/sites\/103\/2025\/08\/plateforme-avenir.jpg 409w, https:\/\/etab.ac-reunion.fr\/clg-plateau-caillou\/wp-content\/uploads\/sites\/103\/2025\/08\/plateforme-avenir-300x90.jpg 300w, https:\/\/etab.ac-reunion.fr\/clg-plateau-caillou\/wp-content\/uploads\/sites\/103\/2025\/08\/plateforme-avenir-150x45.jpg 150w\" sizes=\"auto, (max-width: 409px) 100vw, 409px\" \/><\/p>\n<p style=\"text-align: justify\">Votre enfant peut se connecter via <strong>M\u00e9tice<\/strong> \u00e0 la <strong>Plateforme AVENIR<\/strong> qui lui permettra de travailler son projet d&rsquo;orientation et son projet professionnel. Il y trouvera des activit\u00e9s, des quizz et un portefolio pour garder une trace de toutes ses d\u00e9marches !<\/p>\n<ul>\n<li>Vous retrouvez ici des conseils pour pr\u00e9parer en tant que parents l&rsquo;orientation scolaire de votre enfant <a href=\"https:\/\/www.onisep.fr\/avenir-s\/s-informer-sur-l-orientation\">https:\/\/www.onisep.fr\/avenir-s\/s-informer-sur-l-orientation<\/a><\/li>\n<\/ul>\n<p>&nbsp;<\/p>\n","protected":false},"excerpt":{"rendered":"<p>Votre enfant peut se connecter via M\u00e9tice \u00e0 la Plateforme AVENIR qui lui permettra de travailler son projet d&rsquo;orientation et son projet professionnel. Il y trouvera des activit\u00e9s, des quizz et un portefolio pour garder une trace de toutes ses d\u00e9marches ! Vous retrouvez ici des conseils pour pr\u00e9parer en&#8230;<\/p>\n<p> <a class=\"continue-reading-link\" href=\"https:\/\/etab.ac-reunion.fr\/clg-plateau-caillou\/orientation-scolaire-liens-utiles\/\"><span>Lire la suite<\/span><i class=\"crycon-right-dir\"><\/i><\/a> <\/p>\n","protected":false},"author":7283,"featured_media":0,"parent":0,"menu_order":0,"comment_status":"closed","ping_status":"closed","template":"","meta":{"footnotes":""},"class_list":["post-5132","page","type-page","status-publish","hentry"],"_links":{"self":[{"href":"https:\/\/etab.ac-reunion.fr\/clg-plateau-caillou\/wp-json\/wp\/v2\/pages\/5132","targetHints":{"allow":["GET"]}}],"collection":[{"href":"https:\/\/etab.ac-reunion.fr\/clg-plateau-caillou\/wp-json\/wp\/v2\/pages"}],"about":[{"href":"https:\/\/etab.ac-reunion.fr\/clg-plateau-caillou\/wp-json\/wp\/v2\/types\/page"}],"author":[{"embeddable":true,"href":"https:\/\/etab.ac-reunion.fr\/clg-plateau-caillou\/wp-json\/wp\/v2\/users\/7283"}],"replies":[{"embeddable":true,"href":"https:\/\/etab.ac-reunion.fr\/clg-plateau-caillou\/wp-json\/wp\/v2\/comments?post=5132"}],"version-history":[{"count":1,"href":"https:\/\/etab.ac-reunion.fr\/clg-plateau-caillou\/wp-json\/wp\/v2\/pages\/5132\/revisions"}],"predecessor-version":[{"id":5134,"href":"https:\/\/etab.ac-reunion.fr\/clg-plateau-caillou\/wp-json\/wp\/v2\/pages\/5132\/revisions\/5134"}],"wp:attachment":[{"href":"https:\/\/etab.ac-reunion.fr\/clg-plateau-caillou\/wp-json\/wp\/v2\/media?parent=5132"}],"curies":[{"name":"wp","href":"https:\/\/api.w.org\/{rel}","templated":true}]}}