{"id":5265,"date":"2025-10-10T08:02:05","date_gmt":"2025-10-10T04:02:05","guid":{"rendered":"https:\/\/etab.ac-reunion.fr\/clg-plateau-caillou\/?page_id=5265"},"modified":"2025-10-27T16:33:24","modified_gmt":"2025-10-27T12:33:24","slug":"clean-up-savane-une-action-citoyenne-et-pedagogique","status":"publish","type":"page","link":"https:\/\/etab.ac-reunion.fr\/clg-plateau-caillou\/edd-education-au-developpement-durable\/clean-up-savane-une-action-citoyenne-et-pedagogique\/","title":{"rendered":"Clean Up savane\u00a0: une action citoyenne et p\u00e9dagogique"},"content":{"rendered":"<p><img loading=\"lazy\" decoding=\"async\" class=\"wp-image-5267 alignleft\" src=\"https:\/\/etab.ac-reunion.fr\/clg-plateau-caillou\/wp-content\/uploads\/sites\/103\/2025\/10\/Clean-Up2.jpg\" alt=\"\" width=\"269\" height=\"359\" srcset=\"https:\/\/etab.ac-reunion.fr\/clg-plateau-caillou\/wp-content\/uploads\/sites\/103\/2025\/10\/Clean-Up2.jpg 1080w, https:\/\/etab.ac-reunion.fr\/clg-plateau-caillou\/wp-content\/uploads\/sites\/103\/2025\/10\/Clean-Up2-225x300.jpg 225w, https:\/\/etab.ac-reunion.fr\/clg-plateau-caillou\/wp-content\/uploads\/sites\/103\/2025\/10\/Clean-Up2-768x1024.jpg 768w, https:\/\/etab.ac-reunion.fr\/clg-plateau-caillou\/wp-content\/uploads\/sites\/103\/2025\/10\/Clean-Up2-113x150.jpg 113w\" sizes=\"auto, (max-width: 269px) 100vw, 269px\" \/><\/p>\n<p style=\"text-align: center\" align=\"center\"><strong><span style=\"font-family: Times New Roman, serif\"><i>Un petit geste pour un grand impact\u00a0: <\/i><\/span><span style=\"font-family: Times New Roman, serif\"><i>bravo aux \u00e9l\u00e8ves <\/i><\/span><span style=\"font-family: Times New Roman, serif\"><i>pour leur engagement\u00a0!<\/i><\/span><\/strong><\/p>\n<p style=\"text-align: justify\" align=\"left\"><span style=\"font-family: Times New Roman, serif\">Le jeudi 25 septembre, dans le cadre de la Semaine du D\u00e9veloppement Durable, les \u00e9l\u00e8ves de 3\u00e8 du coll\u00e8ge ont particip\u00e9 \u00e0 un ramassage de d\u00e9chets sur le sentier du Belv\u00e9d\u00e8re, dans la savane \u00e0 proximit\u00e9 de l\u2019\u00e9tablissement.<\/span><\/p>\n<p style=\"text-align: justify\" align=\"left\"><span style=\"font-family: Times New Roman, serif\">Encadr\u00e9s par leurs enseignantes d\u2019EPS et de SVT, Mme Rigaud et Mme Rostaing, les \u00e9l\u00e8ves ont effectu\u00e9 une marche citoyenne et \u00e9cologique au cours de laquelle ils ont ramass\u00e9 pas moins de 5<b>3 kg de d\u00e9chets<\/b>. Cette action s\u2019inscrit\u00a0pleinement dans les objectifs de l\u2019Education au D\u00e9veloppement Durable (EDD) et de l\u2019Education Moral et Civique (EMC). C\u2019est un acte concret de participation \u00e0 la vie locale, en lien avec les enjeux \u00e9cologiques globaux.<\/span><\/p>\n<p style=\"text-align: justify\" align=\"left\"><span style=\"font-family: Times New Roman, serif\">Cette action est r\u00e9f\u00e9renc\u00e9e en ligne et souligne l\u2019implication du coll\u00e8ge dans une dynamique territoriale de d\u00e9veloppement durable. <\/span><span style=\"font-family: Times New Roman, serif\">Elle est visible sur l\u2019agenda des actions locales de la DEAL R\u00e9union \u2192 <\/span> https:\/\/openagenda.com\/fr\/sedd-974<\/p>\n<p style=\"text-align: justify\" align=\"left\"><img loading=\"lazy\" decoding=\"async\" class=\"wp-image-5272 alignleft\" src=\"https:\/\/etab.ac-reunion.fr\/clg-plateau-caillou\/wp-content\/uploads\/sites\/103\/2025\/10\/Clean-Up5-scaled.jpg\" alt=\"\" width=\"370\" height=\"278\" srcset=\"https:\/\/etab.ac-reunion.fr\/clg-plateau-caillou\/wp-content\/uploads\/sites\/103\/2025\/10\/Clean-Up5-scaled.jpg 2560w, https:\/\/etab.ac-reunion.fr\/clg-plateau-caillou\/wp-content\/uploads\/sites\/103\/2025\/10\/Clean-Up5-300x225.jpg 300w, https:\/\/etab.ac-reunion.fr\/clg-plateau-caillou\/wp-content\/uploads\/sites\/103\/2025\/10\/Clean-Up5-1024x768.jpg 1024w, https:\/\/etab.ac-reunion.fr\/clg-plateau-caillou\/wp-content\/uploads\/sites\/103\/2025\/10\/Clean-Up5-768x576.jpg 768w, https:\/\/etab.ac-reunion.fr\/clg-plateau-caillou\/wp-content\/uploads\/sites\/103\/2025\/10\/Clean-Up5-1536x1152.jpg 1536w, https:\/\/etab.ac-reunion.fr\/clg-plateau-caillou\/wp-content\/uploads\/sites\/103\/2025\/10\/Clean-Up5-2048x1536.jpg 2048w, https:\/\/etab.ac-reunion.fr\/clg-plateau-caillou\/wp-content\/uploads\/sites\/103\/2025\/10\/Clean-Up5-150x113.jpg 150w\" sizes=\"auto, (max-width: 370px) 100vw, 370px\" \/><img loading=\"lazy\" decoding=\"async\" class=\"wp-image-5270 alignleft\" src=\"https:\/\/etab.ac-reunion.fr\/clg-plateau-caillou\/wp-content\/uploads\/sites\/103\/2025\/10\/Clean-Up3.jpg\" alt=\"\" width=\"371\" height=\"279\" srcset=\"https:\/\/etab.ac-reunion.fr\/clg-plateau-caillou\/wp-content\/uploads\/sites\/103\/2025\/10\/Clean-Up3.jpg 1080w, https:\/\/etab.ac-reunion.fr\/clg-plateau-caillou\/wp-content\/uploads\/sites\/103\/2025\/10\/Clean-Up3-300x225.jpg 300w, https:\/\/etab.ac-reunion.fr\/clg-plateau-caillou\/wp-content\/uploads\/sites\/103\/2025\/10\/Clean-Up3-1024x768.jpg 1024w, https:\/\/etab.ac-reunion.fr\/clg-plateau-caillou\/wp-content\/uploads\/sites\/103\/2025\/10\/Clean-Up3-768x576.jpg 768w, https:\/\/etab.ac-reunion.fr\/clg-plateau-caillou\/wp-content\/uploads\/sites\/103\/2025\/10\/Clean-Up3-150x113.jpg 150w\" sizes=\"auto, (max-width: 371px) 100vw, 371px\" \/> <img loading=\"lazy\" decoding=\"async\" class=\"size-full wp-image-5271 aligncenter\" src=\"https:\/\/etab.ac-reunion.fr\/clg-plateau-caillou\/wp-content\/uploads\/sites\/103\/2025\/10\/Clean-Up4.jpg\" alt=\"\" width=\"1080\" height=\"851\" srcset=\"https:\/\/etab.ac-reunion.fr\/clg-plateau-caillou\/wp-content\/uploads\/sites\/103\/2025\/10\/Clean-Up4.jpg 1080w, https:\/\/etab.ac-reunion.fr\/clg-plateau-caillou\/wp-content\/uploads\/sites\/103\/2025\/10\/Clean-Up4-300x236.jpg 300w, https:\/\/etab.ac-reunion.fr\/clg-plateau-caillou\/wp-content\/uploads\/sites\/103\/2025\/10\/Clean-Up4-1024x807.jpg 1024w, https:\/\/etab.ac-reunion.fr\/clg-plateau-caillou\/wp-content\/uploads\/sites\/103\/2025\/10\/Clean-Up4-768x605.jpg 768w, https:\/\/etab.ac-reunion.fr\/clg-plateau-caillou\/wp-content\/uploads\/sites\/103\/2025\/10\/Clean-Up4-150x118.jpg 150w\" sizes=\"auto, (max-width: 1080px) 100vw, 1080px\" \/><img loading=\"lazy\" decoding=\"async\" class=\"size-full wp-image-5266 aligncenter\" src=\"https:\/\/etab.ac-reunion.fr\/clg-plateau-caillou\/wp-content\/uploads\/sites\/103\/2025\/10\/Clean-Up1.jpg\" alt=\"\" width=\"1080\" height=\"875\" srcset=\"https:\/\/etab.ac-reunion.fr\/clg-plateau-caillou\/wp-content\/uploads\/sites\/103\/2025\/10\/Clean-Up1.jpg 1080w, https:\/\/etab.ac-reunion.fr\/clg-plateau-caillou\/wp-content\/uploads\/sites\/103\/2025\/10\/Clean-Up1-300x243.jpg 300w, https:\/\/etab.ac-reunion.fr\/clg-plateau-caillou\/wp-content\/uploads\/sites\/103\/2025\/10\/Clean-Up1-1024x830.jpg 1024w, https:\/\/etab.ac-reunion.fr\/clg-plateau-caillou\/wp-content\/uploads\/sites\/103\/2025\/10\/Clean-Up1-768x622.jpg 768w, https:\/\/etab.ac-reunion.fr\/clg-plateau-caillou\/wp-content\/uploads\/sites\/103\/2025\/10\/Clean-Up1-150x122.jpg 150w\" sizes=\"auto, (max-width: 1080px) 100vw, 1080px\" \/><\/p>\n","protected":false},"excerpt":{"rendered":"<p>Un petit geste pour un grand impact\u00a0: bravo aux \u00e9l\u00e8ves pour leur engagement\u00a0! Le jeudi 25 septembre, dans le cadre de la Semaine du D\u00e9veloppement Durable, les \u00e9l\u00e8ves de 3\u00e8 du coll\u00e8ge ont particip\u00e9 \u00e0 un ramassage de d\u00e9chets sur le sentier du Belv\u00e9d\u00e8re, dans la savane \u00e0 proximit\u00e9 de&#8230;<\/p>\n<p> <a class=\"continue-reading-link\" href=\"https:\/\/etab.ac-reunion.fr\/clg-plateau-caillou\/edd-education-au-developpement-durable\/clean-up-savane-une-action-citoyenne-et-pedagogique\/\"><span>Lire la suite<\/span><i class=\"crycon-right-dir\"><\/i><\/a> <\/p>\n","protected":false},"author":7283,"featured_media":0,"parent":2324,"menu_order":0,"comment_status":"closed","ping_status":"closed","template":"","meta":{"footnotes":""},"class_list":["post-5265","page","type-page","status-publish","hentry"],"_links":{"self":[{"href":"https:\/\/etab.ac-reunion.fr\/clg-plateau-caillou\/wp-json\/wp\/v2\/pages\/5265","targetHints":{"allow":["GET"]}}],"collection":[{"href":"https:\/\/etab.ac-reunion.fr\/clg-plateau-caillou\/wp-json\/wp\/v2\/pages"}],"about":[{"href":"https:\/\/etab.ac-reunion.fr\/clg-plateau-caillou\/wp-json\/wp\/v2\/types\/page"}],"author":[{"embeddable":true,"href":"https:\/\/etab.ac-reunion.fr\/clg-plateau-caillou\/wp-json\/wp\/v2\/users\/7283"}],"replies":[{"embeddable":true,"href":"https:\/\/etab.ac-reunion.fr\/clg-plateau-caillou\/wp-json\/wp\/v2\/comments?post=5265"}],"version-history":[{"count":4,"href":"https:\/\/etab.ac-reunion.fr\/clg-plateau-caillou\/wp-json\/wp\/v2\/pages\/5265\/revisions"}],"predecessor-version":[{"id":5275,"href":"https:\/\/etab.ac-reunion.fr\/clg-plateau-caillou\/wp-json\/wp\/v2\/pages\/5265\/revisions\/5275"}],"up":[{"embeddable":true,"href":"https:\/\/etab.ac-reunion.fr\/clg-plateau-caillou\/wp-json\/wp\/v2\/pages\/2324"}],"wp:attachment":[{"href":"https:\/\/etab.ac-reunion.fr\/clg-plateau-caillou\/wp-json\/wp\/v2\/media?parent=5265"}],"curies":[{"name":"wp","href":"https:\/\/api.w.org\/{rel}","templated":true}]}}