{"id":5290,"date":"2026-02-02T14:00:06","date_gmt":"2026-02-02T10:00:06","guid":{"rendered":"https:\/\/etab.ac-reunion.fr\/clg-plateau-caillou\/?page_id=5290"},"modified":"2026-02-02T14:00:06","modified_gmt":"2026-02-02T10:00:06","slug":"simulation-de-cop-30-quand-collegiens-et-lyceens-se-forment-ensemble-a-la-citoyennete-climatique","status":"publish","type":"page","link":"https:\/\/etab.ac-reunion.fr\/clg-plateau-caillou\/edd-education-au-developpement-durable\/simulation-de-cop-30-quand-collegiens-et-lyceens-se-forment-ensemble-a-la-citoyennete-climatique\/","title":{"rendered":"Simulation de COP 30 : Quand coll\u00e9giens et lyc\u00e9ens se forment ensemble \u00e0 la citoyennet\u00e9 climatique"},"content":{"rendered":"<p align=\"justify\"><span style=\"font-family: Times New Roman, serif\"><span style=\"font-size: medium\">Apr\u00e8s les vacances de la Toussaint 2025, le lyc\u00e9e Evariste de Parny a accueilli une simulation de la COP 30, r\u00e9unissant des \u00e9l\u00e8ves de Terminale (option HGGSP) et des coll\u00e9giens de 3e du coll\u00e8ge Plateau Caillou. Cette rencontre s\u2019inscrivait dans le calendrier r\u00e9el des n\u00e9gociations internationales, la v\u00e9ritable COP 30 se tenant en novembre au Br\u00e9sil. Encadr\u00e9s par Mme Rostaing (coll\u00e8ge Plateau Caillou) et Mme Hoareau (lyc\u00e9e E. de Parny), les \u00e9l\u00e8ves ont pris part \u00e0 un jeu de r\u00f4le des n\u00e9gociations climatiques internationales. Les \u00e9l\u00e8ves repr\u00e9sentaient diff\u00e9rents \u00c9tats, ont r\u00e9dig\u00e9 des discours officiels, n\u00e9goci\u00e9 des accords et r\u00e9dig\u00e9 un rapport d\u2019engagements. Ils ont d\u00fb chercher des informations fiables et d\u00e9fendre leurs choix \u00e0 l\u2019oral.<\/span><\/span><\/p>\n<h3 class=\"western\" align=\"justify\"><span style=\"font-family: Times New Roman, serif\"><span style=\"font-size: medium\"><u><b>Une forte implication des coll\u00e9giens<\/b><\/u><\/span><\/span><\/h3>\n<p align=\"justify\"><span style=\"font-family: Times New Roman, serif\"><span style=\"font-size: medium\">Le point marquant a \u00e9t\u00e9 l\u2019implication remarqu\u00e9e des \u00e9l\u00e8ves de 3e. Leur s\u00e9rieux, la qualit\u00e9 de leurs recherches et leur prise de parole ont \u00e9t\u00e9 particuli\u00e8rement soulign\u00e9s, notamment par le principal M Bonne et l\u2019inspecteur de SVT M M\u00e9nard, pr\u00e9sents lors de la restitution finale. Cette collaboration entre coll\u00e9giens et lyc\u00e9ens a \u00e9galement favoris\u00e9 l\u2019entraide et une transmission coll\u00e8ge\/lyc\u00e9e tr\u00e8s positive.<\/span><\/span><\/p>\n<h3 class=\"western\" align=\"justify\"><span style=\"font-family: Times New Roman, serif\"><span style=\"font-size: medium\"><u>Un projet au c\u0153ur de l\u2019EMC et une pr\u00e9paration efficace aux examens<\/u><\/span><\/span><\/h3>\n<p align=\"justify\"><span style=\"font-family: Times New Roman, serif\"><span style=\"font-size: medium\">Ce projet <u>s\u2019inscrit pleinement dans les priorit\u00e9s acad\u00e9miques<\/u> en mati\u00e8re d\u2019\u00e9ducation au d\u00e9veloppement durable (EDD) et d\u2019\u00e9ducation morale et civique (EMC). Les \u00e9l\u00e8ves ont fait l\u2019exp\u00e9rience de la d\u00e9mocratie et de l\u2019engagement civique, tout en prenant conscience de leur r\u00f4le de futur citoyens face aux d\u00e9fis environnementaux. Ce jeu de r\u00f4le a \u00e9galement constitu\u00e9 un entra\u00eenement aux \u00e9preuves orales. Ce projet a aid\u00e9 les \u00e9l\u00e8ves \u00e0 gagner en confiance, \u00e0 structurer un discours argument\u00e9 et \u00e0 s\u2019exprimer devant un public. Les coll\u00e9giens se sont ainsi pr\u00e9par\u00e9s \u00e0 l\u2019oral du DNB, et les lyc\u00e9ens aux conditions du Grand Oral du baccalaur\u00e9at.<\/span><\/span><\/p>\n<p align=\"justify\"><img loading=\"lazy\" decoding=\"async\" class=\"size-full wp-image-5292 aligncenter\" src=\"https:\/\/etab.ac-reunion.fr\/clg-plateau-caillou\/wp-content\/uploads\/sites\/103\/2026\/02\/COP3.jpg\" alt=\"\" width=\"1820\" height=\"1423\" srcset=\"https:\/\/etab.ac-reunion.fr\/clg-plateau-caillou\/wp-content\/uploads\/sites\/103\/2026\/02\/COP3.jpg 1820w, https:\/\/etab.ac-reunion.fr\/clg-plateau-caillou\/wp-content\/uploads\/sites\/103\/2026\/02\/COP3-300x235.jpg 300w, https:\/\/etab.ac-reunion.fr\/clg-plateau-caillou\/wp-content\/uploads\/sites\/103\/2026\/02\/COP3-1024x801.jpg 1024w, https:\/\/etab.ac-reunion.fr\/clg-plateau-caillou\/wp-content\/uploads\/sites\/103\/2026\/02\/COP3-768x600.jpg 768w, https:\/\/etab.ac-reunion.fr\/clg-plateau-caillou\/wp-content\/uploads\/sites\/103\/2026\/02\/COP3-1536x1201.jpg 1536w, https:\/\/etab.ac-reunion.fr\/clg-plateau-caillou\/wp-content\/uploads\/sites\/103\/2026\/02\/COP3-150x117.jpg 150w\" sizes=\"auto, (max-width: 1820px) 100vw, 1820px\" \/> <img loading=\"lazy\" decoding=\"async\" class=\"size-full wp-image-5293 aligncenter\" src=\"https:\/\/etab.ac-reunion.fr\/clg-plateau-caillou\/wp-content\/uploads\/sites\/103\/2026\/02\/COP1-scaled.jpg\" alt=\"\" width=\"2560\" height=\"1258\" srcset=\"https:\/\/etab.ac-reunion.fr\/clg-plateau-caillou\/wp-content\/uploads\/sites\/103\/2026\/02\/COP1-scaled.jpg 2560w, https:\/\/etab.ac-reunion.fr\/clg-plateau-caillou\/wp-content\/uploads\/sites\/103\/2026\/02\/COP1-300x147.jpg 300w, https:\/\/etab.ac-reunion.fr\/clg-plateau-caillou\/wp-content\/uploads\/sites\/103\/2026\/02\/COP1-1024x503.jpg 1024w, https:\/\/etab.ac-reunion.fr\/clg-plateau-caillou\/wp-content\/uploads\/sites\/103\/2026\/02\/COP1-768x377.jpg 768w, https:\/\/etab.ac-reunion.fr\/clg-plateau-caillou\/wp-content\/uploads\/sites\/103\/2026\/02\/COP1-1536x755.jpg 1536w, https:\/\/etab.ac-reunion.fr\/clg-plateau-caillou\/wp-content\/uploads\/sites\/103\/2026\/02\/COP1-2048x1007.jpg 2048w, https:\/\/etab.ac-reunion.fr\/clg-plateau-caillou\/wp-content\/uploads\/sites\/103\/2026\/02\/COP1-150x74.jpg 150w\" sizes=\"auto, (max-width: 2560px) 100vw, 2560px\" \/> <img loading=\"lazy\" decoding=\"async\" class=\"size-full wp-image-5294 aligncenter\" src=\"https:\/\/etab.ac-reunion.fr\/clg-plateau-caillou\/wp-content\/uploads\/sites\/103\/2026\/02\/COP2-scaled.jpg\" alt=\"\" width=\"2560\" height=\"1920\" srcset=\"https:\/\/etab.ac-reunion.fr\/clg-plateau-caillou\/wp-content\/uploads\/sites\/103\/2026\/02\/COP2-scaled.jpg 2560w, https:\/\/etab.ac-reunion.fr\/clg-plateau-caillou\/wp-content\/uploads\/sites\/103\/2026\/02\/COP2-300x225.jpg 300w, https:\/\/etab.ac-reunion.fr\/clg-plateau-caillou\/wp-content\/uploads\/sites\/103\/2026\/02\/COP2-1024x768.jpg 1024w, https:\/\/etab.ac-reunion.fr\/clg-plateau-caillou\/wp-content\/uploads\/sites\/103\/2026\/02\/COP2-768x576.jpg 768w, https:\/\/etab.ac-reunion.fr\/clg-plateau-caillou\/wp-content\/uploads\/sites\/103\/2026\/02\/COP2-1536x1152.jpg 1536w, https:\/\/etab.ac-reunion.fr\/clg-plateau-caillou\/wp-content\/uploads\/sites\/103\/2026\/02\/COP2-2048x1536.jpg 2048w, https:\/\/etab.ac-reunion.fr\/clg-plateau-caillou\/wp-content\/uploads\/sites\/103\/2026\/02\/COP2-150x113.jpg 150w\" sizes=\"auto, (max-width: 2560px) 100vw, 2560px\" \/><\/p>\n","protected":false},"excerpt":{"rendered":"<p>Apr\u00e8s les vacances de la Toussaint 2025, le lyc\u00e9e Evariste de Parny a accueilli une simulation de la COP 30, r\u00e9unissant des \u00e9l\u00e8ves de Terminale (option HGGSP) et des coll\u00e9giens de 3e du coll\u00e8ge Plateau Caillou. Cette rencontre s\u2019inscrivait dans le calendrier r\u00e9el des n\u00e9gociations internationales, la v\u00e9ritable COP 30&#8230;<\/p>\n<p> <a class=\"continue-reading-link\" href=\"https:\/\/etab.ac-reunion.fr\/clg-plateau-caillou\/edd-education-au-developpement-durable\/simulation-de-cop-30-quand-collegiens-et-lyceens-se-forment-ensemble-a-la-citoyennete-climatique\/\"><span>Lire la suite<\/span><i class=\"crycon-right-dir\"><\/i><\/a> <\/p>\n","protected":false},"author":7283,"featured_media":0,"parent":2324,"menu_order":0,"comment_status":"closed","ping_status":"closed","template":"","meta":{"footnotes":""},"class_list":["post-5290","page","type-page","status-publish","hentry"],"_links":{"self":[{"href":"https:\/\/etab.ac-reunion.fr\/clg-plateau-caillou\/wp-json\/wp\/v2\/pages\/5290","targetHints":{"allow":["GET"]}}],"collection":[{"href":"https:\/\/etab.ac-reunion.fr\/clg-plateau-caillou\/wp-json\/wp\/v2\/pages"}],"about":[{"href":"https:\/\/etab.ac-reunion.fr\/clg-plateau-caillou\/wp-json\/wp\/v2\/types\/page"}],"author":[{"embeddable":true,"href":"https:\/\/etab.ac-reunion.fr\/clg-plateau-caillou\/wp-json\/wp\/v2\/users\/7283"}],"replies":[{"embeddable":true,"href":"https:\/\/etab.ac-reunion.fr\/clg-plateau-caillou\/wp-json\/wp\/v2\/comments?post=5290"}],"version-history":[{"count":1,"href":"https:\/\/etab.ac-reunion.fr\/clg-plateau-caillou\/wp-json\/wp\/v2\/pages\/5290\/revisions"}],"predecessor-version":[{"id":5295,"href":"https:\/\/etab.ac-reunion.fr\/clg-plateau-caillou\/wp-json\/wp\/v2\/pages\/5290\/revisions\/5295"}],"up":[{"embeddable":true,"href":"https:\/\/etab.ac-reunion.fr\/clg-plateau-caillou\/wp-json\/wp\/v2\/pages\/2324"}],"wp:attachment":[{"href":"https:\/\/etab.ac-reunion.fr\/clg-plateau-caillou\/wp-json\/wp\/v2\/media?parent=5290"}],"curies":[{"name":"wp","href":"https:\/\/api.w.org\/{rel}","templated":true}]}}