{"id":5297,"date":"2026-02-02T14:05:31","date_gmt":"2026-02-02T10:05:31","guid":{"rendered":"https:\/\/etab.ac-reunion.fr\/clg-plateau-caillou\/?page_id=5297"},"modified":"2026-02-02T14:05:31","modified_gmt":"2026-02-02T10:05:31","slug":"sensibilisation-aux-tsaf","status":"publish","type":"page","link":"https:\/\/etab.ac-reunion.fr\/clg-plateau-caillou\/sensibilisation-aux-tsaf\/","title":{"rendered":"Sensibilisation aux TSAF"},"content":{"rendered":"<p style=\"text-align: justify\">Le 9 septembre dernier, l\u2019ensemble des classes de 4\u1d49 du coll\u00e8ge a b\u00e9n\u00e9fici\u00e9 d\u2019une s\u00e9ance de sensibilisation de deux heures consacr\u00e9e aux TSAF \u2013 troubles du spectre de l\u2019alcoolisation f\u0153tale. Cette action s\u2019inscrit pleinement dans les priorit\u00e9s acad\u00e9miques de pr\u00e9vention et d\u2019\u00e9ducation \u00e0 la sant\u00e9.<\/p>\n<p>\u00c0 La R\u00e9union, les TSAF concernent environ <strong>150 naissances par an<\/strong>, ce qui en fait un enjeu de sant\u00e9 publique majeur. La probl\u00e9matique de l\u2019alcoolisation, en particulier pendant la grossesse, n\u00e9cessite une information claire et rigoureuse d\u00e8s le plus jeune \u00e2ge, afin de sensibiliser les futurs citoyens aux risques, autant pour leur sant\u00e9 que pour celle des autres. Car les TSAF ont un impact important sur le plan scolaire. Les \u00e9l\u00e8ves atteints de ces troubles peuvent pr\u00e9senter des difficult\u00e9s d\u2019apprentissage, de concentration, de m\u00e9morisation ou de comportement sur le long terme, qui influencent directement leur parcours scolaire. Il est donc essentiel que la communaut\u00e9 \u00e9ducative et les \u00e9l\u00e8ves eux-m\u00eames comprennent mieux ces r\u00e9alit\u00e9s.<\/p>\n<p style=\"text-align: justify\">Lors de cette intervention, les \u00e9l\u00e8ves ont \u00e9cout\u00e9 le <strong>t\u00e9moignage de personnes atteintes de TSAF<\/strong>. Ils ont \u00e9galement b\u00e9n\u00e9fici\u00e9 des <strong>explications du Dr Roy-Doray<\/strong>, m\u00e9decin sp\u00e9cialiste local de cette probl\u00e9matique, qui a apport\u00e9 un \u00e9clairage scientifique pr\u00e9cis sur les cons\u00e9quences et la pr\u00e9vention des TSAF.<\/p>\n<p style=\"text-align: justify\">Des ateliers interactifs ont compl\u00e9t\u00e9 ces apports th\u00e9oriques, pour faire prendre conscience aux \u00e9l\u00e8ves des cons\u00e9quences physiques et mentales de l\u2019alcoolisation sur le futur enfant. Cette action a aussi \u00e9t\u00e9 l\u2019occasion de travailler des <strong>comp\u00e9tences psychosociales<\/strong>, en lien avec la lutte contre le harc\u00e8lement. Les \u00e9changes ont port\u00e9 sur l\u2019acceptation des personnes en situation de handicap, la n\u00e9cessit\u00e9 de les aider dans le cadre scolaire, et l\u2019importance de refuser toute forme de moquerie ou de stigmatisation.<\/p>\n<p style=\"text-align: justify\">Par cette initiative, le coll\u00e8ge de Plateau Caillou r\u00e9affirme son engagement en faveur de la pr\u00e9vention, de la sant\u00e9 et de l\u2019inclusion, en donnant aux \u00e9l\u00e8ves des connaissances, mais aussi des valeurs indispensables \u00e0 la construction d\u2019une soci\u00e9t\u00e9 plus responsable et solidaire.<\/p>\n<p style=\"text-align: justify\"><img loading=\"lazy\" decoding=\"async\" class=\"size-full wp-image-5298 aligncenter\" src=\"https:\/\/etab.ac-reunion.fr\/clg-plateau-caillou\/wp-content\/uploads\/sites\/103\/2026\/02\/TSAF-2-scaled.jpg\" alt=\"\" width=\"1920\" height=\"2560\" srcset=\"https:\/\/etab.ac-reunion.fr\/clg-plateau-caillou\/wp-content\/uploads\/sites\/103\/2026\/02\/TSAF-2-scaled.jpg 1920w, https:\/\/etab.ac-reunion.fr\/clg-plateau-caillou\/wp-content\/uploads\/sites\/103\/2026\/02\/TSAF-2-225x300.jpg 225w, https:\/\/etab.ac-reunion.fr\/clg-plateau-caillou\/wp-content\/uploads\/sites\/103\/2026\/02\/TSAF-2-768x1024.jpg 768w, https:\/\/etab.ac-reunion.fr\/clg-plateau-caillou\/wp-content\/uploads\/sites\/103\/2026\/02\/TSAF-2-1152x1536.jpg 1152w, https:\/\/etab.ac-reunion.fr\/clg-plateau-caillou\/wp-content\/uploads\/sites\/103\/2026\/02\/TSAF-2-1536x2048.jpg 1536w, https:\/\/etab.ac-reunion.fr\/clg-plateau-caillou\/wp-content\/uploads\/sites\/103\/2026\/02\/TSAF-2-113x150.jpg 113w\" sizes=\"auto, (max-width: 1920px) 100vw, 1920px\" \/><\/p>\n<p>&nbsp;<\/p>\n<p style=\"text-align: center\"><img loading=\"lazy\" decoding=\"async\" class=\"alignnone size-full wp-image-5299\" src=\"https:\/\/etab.ac-reunion.fr\/clg-plateau-caillou\/wp-content\/uploads\/sites\/103\/2026\/02\/TSAF-1-scaled.jpg\" alt=\"\" width=\"2560\" height=\"1707\" srcset=\"https:\/\/etab.ac-reunion.fr\/clg-plateau-caillou\/wp-content\/uploads\/sites\/103\/2026\/02\/TSAF-1-scaled.jpg 2560w, https:\/\/etab.ac-reunion.fr\/clg-plateau-caillou\/wp-content\/uploads\/sites\/103\/2026\/02\/TSAF-1-300x200.jpg 300w, https:\/\/etab.ac-reunion.fr\/clg-plateau-caillou\/wp-content\/uploads\/sites\/103\/2026\/02\/TSAF-1-1024x683.jpg 1024w, https:\/\/etab.ac-reunion.fr\/clg-plateau-caillou\/wp-content\/uploads\/sites\/103\/2026\/02\/TSAF-1-768x512.jpg 768w, https:\/\/etab.ac-reunion.fr\/clg-plateau-caillou\/wp-content\/uploads\/sites\/103\/2026\/02\/TSAF-1-1536x1024.jpg 1536w, https:\/\/etab.ac-reunion.fr\/clg-plateau-caillou\/wp-content\/uploads\/sites\/103\/2026\/02\/TSAF-1-2048x1366.jpg 2048w, https:\/\/etab.ac-reunion.fr\/clg-plateau-caillou\/wp-content\/uploads\/sites\/103\/2026\/02\/TSAF-1-150x100.jpg 150w\" sizes=\"auto, (max-width: 2560px) 100vw, 2560px\" \/><\/p>\n","protected":false},"excerpt":{"rendered":"<p>Le 9 septembre dernier, l\u2019ensemble des classes de 4\u1d49 du coll\u00e8ge a b\u00e9n\u00e9fici\u00e9 d\u2019une s\u00e9ance de sensibilisation de deux heures consacr\u00e9e aux TSAF \u2013 troubles du spectre de l\u2019alcoolisation f\u0153tale. Cette action s\u2019inscrit pleinement dans les priorit\u00e9s acad\u00e9miques de pr\u00e9vention et d\u2019\u00e9ducation \u00e0 la sant\u00e9. \u00c0 La R\u00e9union, les TSAF&#8230;<\/p>\n<p> <a class=\"continue-reading-link\" href=\"https:\/\/etab.ac-reunion.fr\/clg-plateau-caillou\/sensibilisation-aux-tsaf\/\"><span>Lire la suite<\/span><i class=\"crycon-right-dir\"><\/i><\/a> <\/p>\n","protected":false},"author":7283,"featured_media":0,"parent":0,"menu_order":0,"comment_status":"closed","ping_status":"closed","template":"","meta":{"footnotes":""},"class_list":["post-5297","page","type-page","status-publish","hentry"],"_links":{"self":[{"href":"https:\/\/etab.ac-reunion.fr\/clg-plateau-caillou\/wp-json\/wp\/v2\/pages\/5297","targetHints":{"allow":["GET"]}}],"collection":[{"href":"https:\/\/etab.ac-reunion.fr\/clg-plateau-caillou\/wp-json\/wp\/v2\/pages"}],"about":[{"href":"https:\/\/etab.ac-reunion.fr\/clg-plateau-caillou\/wp-json\/wp\/v2\/types\/page"}],"author":[{"embeddable":true,"href":"https:\/\/etab.ac-reunion.fr\/clg-plateau-caillou\/wp-json\/wp\/v2\/users\/7283"}],"replies":[{"embeddable":true,"href":"https:\/\/etab.ac-reunion.fr\/clg-plateau-caillou\/wp-json\/wp\/v2\/comments?post=5297"}],"version-history":[{"count":1,"href":"https:\/\/etab.ac-reunion.fr\/clg-plateau-caillou\/wp-json\/wp\/v2\/pages\/5297\/revisions"}],"predecessor-version":[{"id":5300,"href":"https:\/\/etab.ac-reunion.fr\/clg-plateau-caillou\/wp-json\/wp\/v2\/pages\/5297\/revisions\/5300"}],"wp:attachment":[{"href":"https:\/\/etab.ac-reunion.fr\/clg-plateau-caillou\/wp-json\/wp\/v2\/media?parent=5297"}],"curies":[{"name":"wp","href":"https:\/\/api.w.org\/{rel}","templated":true}]}}