{"id":5305,"date":"2026-03-25T09:27:08","date_gmt":"2026-03-25T05:27:08","guid":{"rendered":"https:\/\/etab.ac-reunion.fr\/clg-plateau-caillou\/?page_id=5305"},"modified":"2026-03-25T09:28:52","modified_gmt":"2026-03-25T05:28:52","slug":"challenge-digital-detox","status":"publish","type":"page","link":"https:\/\/etab.ac-reunion.fr\/clg-plateau-caillou\/challenge-digital-detox\/","title":{"rendered":"Challenge Digital Detox"},"content":{"rendered":"<p style=\"text-align: justify\" align=\"justify\"><b>D<\/b><b>ans le cadre du projet d\u2019\u00e9tablissement de la lutte contre les addictions, le coll\u00e8ge Plateau Caillou m\u00e8ne, pour la deuxi\u00e8me ann\u00e9e, des actions pour sensibiliser, informer et lutter contre l\u2019augmentation du temps d&rsquo;\u00e9cran chez les jeunes.<\/b><\/p>\n<p align=\"justify\"><u><b>La sensibilisation <\/b><\/u><\/p>\n<p style=\"text-align: justify\" align=\"justify\">De nombreuses \u00e9tudes alertent sur <b>l\u2019augmentation de l\u2019usage excessif des \u00e9crans, avec un possible risque de cyber-addiction ayant un impact sur la sant\u00e9 mentale mais aussi physique d<\/b><b>es<\/b><b> jeune<\/b><b>s.<\/b> Afin de pr\u00e9venir ces effets, la sensibilisation des jeunes est primordiale\u00a0!<\/p>\n<p style=\"text-align: justify\" align=\"justify\">Des partenaires experts sont ainsi intervenus aupr\u00e8s des classes du coll\u00e8ge, mais aussi aupr\u00e8s des parents d\u2019\u00e9l\u00e8ves pour les sensibiliser au probl\u00e8me d\u2019usage intensif des \u00e9crans. L\u2019ARS \/ Maison des adolescents Kaz\u2019ado Ouest \/ Kaz O Geek du R\u00e9seau Ot\u00e9 \/ La troupe de Mal O Rezo \/ l\u2019infirmi\u00e8re Lindsay CATHERINE ainsi que la structure Info Jeunes Bellem\u00e8ne ont anim\u00e9 de nombreux temps au coll\u00e8ges pour informer et r\u00e9pondre aux questions.<\/p>\n<p style=\"text-align: justify\" align=\"justify\"><u><b>Le Challenge<\/b><\/u><\/p>\n<p align=\"justify\"><img loading=\"lazy\" decoding=\"async\" class=\" wp-image-5306 aligncenter\" src=\"https:\/\/etab.ac-reunion.fr\/clg-plateau-caillou\/wp-content\/uploads\/sites\/103\/2026\/03\/Objectifs.jpg\" alt=\"\" width=\"771\" height=\"639\" srcset=\"https:\/\/etab.ac-reunion.fr\/clg-plateau-caillou\/wp-content\/uploads\/sites\/103\/2026\/03\/Objectifs.jpg 771w, https:\/\/etab.ac-reunion.fr\/clg-plateau-caillou\/wp-content\/uploads\/sites\/103\/2026\/03\/Objectifs-300x249.jpg 300w, https:\/\/etab.ac-reunion.fr\/clg-plateau-caillou\/wp-content\/uploads\/sites\/103\/2026\/03\/Objectifs-768x637.jpg 768w, https:\/\/etab.ac-reunion.fr\/clg-plateau-caillou\/wp-content\/uploads\/sites\/103\/2026\/03\/Objectifs-150x124.jpg 150w\" sizes=\"auto, (max-width: 771px) 100vw, 771px\" \/><\/p>\n<p style=\"text-align: justify\" align=\"justify\">Pendant 21 jours, deux classes du coll\u00e8ge de Plateau Caillou et deux classes du coll\u00e8ge Albert Lougnon du Guillaume, ont tent\u00e9 de relever le d\u00e9fi Challenge Digital Detox pour r\u00e9duire leur temps d\u2019\u00e9cran. Encadr\u00e9s et <b>encourag\u00e9s par leurs professeurs r\u00e9f\u00e9rents EDD<\/b>, les \u00e9l\u00e8ves ont essayer de <b>chang<\/b><b>er<\/b><b> leurs habitudes<\/b> et <b>tester des alternatives<\/b> : activit\u00e9s en plein air, moments de lecture, cuisiner, dessiner, etc&#8230; Gr\u00e2ce \u00e0 un syst\u00e8me de comptage des points par temps sans \u00e9crans, les jeunes ont pu mesurer leurs progr\u00e8s et conscientiser leur utilisation.<\/p>\n<p style=\"text-align: justify\" align=\"justify\">Le Challenge Digital Detox :<b> 21 jours sans \u00e9crans<\/b> est un projet financ\u00e9 par l\u2019ARS R\u00e9union et la R\u00e9gion R\u00e9union, men\u00e9 en collaboration avec la Cit\u00e9 \u00e9ducative de Saint Paul et la SIJ de Bellem\u00e8ne Saint Paul, et port\u00e9e par la Direction Jeunesse de la Ville. Ce projet a touch\u00e9<b> 83 jeunes<\/b>, invit\u00e9s \u00e0 r\u00e9fl\u00e9chir sur leur usage des \u00e9crans et \u00e0 exp\u00e9rimenter des temps de d\u00e9connexion.<\/p>\n<p style=\"text-align: justify\" align=\"justify\"><img loading=\"lazy\" decoding=\"async\" class=\"wp-image-5310 alignleft\" src=\"https:\/\/etab.ac-reunion.fr\/clg-plateau-caillou\/wp-content\/uploads\/sites\/103\/2026\/03\/Challenge.jpg\" alt=\"\" width=\"334\" height=\"330\" srcset=\"https:\/\/etab.ac-reunion.fr\/clg-plateau-caillou\/wp-content\/uploads\/sites\/103\/2026\/03\/Challenge.jpg 787w, https:\/\/etab.ac-reunion.fr\/clg-plateau-caillou\/wp-content\/uploads\/sites\/103\/2026\/03\/Challenge-300x296.jpg 300w, https:\/\/etab.ac-reunion.fr\/clg-plateau-caillou\/wp-content\/uploads\/sites\/103\/2026\/03\/Challenge-768x757.jpg 768w, https:\/\/etab.ac-reunion.fr\/clg-plateau-caillou\/wp-content\/uploads\/sites\/103\/2026\/03\/Challenge-150x148.jpg 150w\" sizes=\"auto, (max-width: 334px) 100vw, 334px\" \/> <img loading=\"lazy\" decoding=\"async\" class=\"alignnone wp-image-5307\" src=\"https:\/\/etab.ac-reunion.fr\/clg-plateau-caillou\/wp-content\/uploads\/sites\/103\/2026\/03\/intervention-parents.jpg\" alt=\"\" width=\"411\" height=\"329\" srcset=\"https:\/\/etab.ac-reunion.fr\/clg-plateau-caillou\/wp-content\/uploads\/sites\/103\/2026\/03\/intervention-parents.jpg 471w, https:\/\/etab.ac-reunion.fr\/clg-plateau-caillou\/wp-content\/uploads\/sites\/103\/2026\/03\/intervention-parents-300x240.jpg 300w, https:\/\/etab.ac-reunion.fr\/clg-plateau-caillou\/wp-content\/uploads\/sites\/103\/2026\/03\/intervention-parents-150x120.jpg 150w, https:\/\/etab.ac-reunion.fr\/clg-plateau-caillou\/wp-content\/uploads\/sites\/103\/2026\/03\/intervention-parents-350x280.jpg 350w\" sizes=\"auto, (max-width: 411px) 100vw, 411px\" \/><img loading=\"lazy\" decoding=\"async\" class=\"size-full wp-image-5308 aligncenter\" src=\"https:\/\/etab.ac-reunion.fr\/clg-plateau-caillou\/wp-content\/uploads\/sites\/103\/2026\/03\/diplome-Ecran.jpg\" alt=\"\" width=\"430\" height=\"292\" srcset=\"https:\/\/etab.ac-reunion.fr\/clg-plateau-caillou\/wp-content\/uploads\/sites\/103\/2026\/03\/diplome-Ecran.jpg 430w, https:\/\/etab.ac-reunion.fr\/clg-plateau-caillou\/wp-content\/uploads\/sites\/103\/2026\/03\/diplome-Ecran-300x204.jpg 300w, https:\/\/etab.ac-reunion.fr\/clg-plateau-caillou\/wp-content\/uploads\/sites\/103\/2026\/03\/diplome-Ecran-150x102.jpg 150w\" sizes=\"auto, (max-width: 430px) 100vw, 430px\" \/><img loading=\"lazy\" decoding=\"async\" class=\"wp-image-5309 aligncenter\" src=\"https:\/\/etab.ac-reunion.fr\/clg-plateau-caillou\/wp-content\/uploads\/sites\/103\/2026\/03\/commentaires-eleves.jpg\" alt=\"\" width=\"347\" height=\"468\" srcset=\"https:\/\/etab.ac-reunion.fr\/clg-plateau-caillou\/wp-content\/uploads\/sites\/103\/2026\/03\/commentaires-eleves.jpg 445w, https:\/\/etab.ac-reunion.fr\/clg-plateau-caillou\/wp-content\/uploads\/sites\/103\/2026\/03\/commentaires-eleves-223x300.jpg 223w, https:\/\/etab.ac-reunion.fr\/clg-plateau-caillou\/wp-content\/uploads\/sites\/103\/2026\/03\/commentaires-eleves-111x150.jpg 111w\" sizes=\"auto, (max-width: 347px) 100vw, 347px\" \/><\/p>\n<p style=\"text-align: justify\" align=\"justify\"><u><b>L<\/b><\/u><u><b>e caf\u00e9 des parents<\/b><\/u><\/p>\n<p style=\"text-align: justify\" align=\"justify\">Des interventions et des ateliers ont \u00e9t\u00e9 propos\u00e9s aux parents d\u2019\u00e9l\u00e8ves lors de deux caf\u00e9s des parents en cette fin d\u2019ann\u00e9e 2025, avec l\u2019intervention de Mme LAHURE, infirmi\u00e8re et des animateurs de Kaz O Geek du R\u00e9seau Ot\u00e9.<\/p>\n","protected":false},"excerpt":{"rendered":"<p>Dans le cadre du projet d\u2019\u00e9tablissement de la lutte contre les addictions, le coll\u00e8ge Plateau Caillou m\u00e8ne, pour la deuxi\u00e8me ann\u00e9e, des actions pour sensibiliser, informer et lutter contre l\u2019augmentation du temps d&rsquo;\u00e9cran chez les jeunes. La sensibilisation De nombreuses \u00e9tudes alertent sur l\u2019augmentation de l\u2019usage excessif des \u00e9crans, avec&#8230;<\/p>\n<p> <a class=\"continue-reading-link\" href=\"https:\/\/etab.ac-reunion.fr\/clg-plateau-caillou\/challenge-digital-detox\/\"><span>Lire la suite<\/span><i class=\"crycon-right-dir\"><\/i><\/a> <\/p>\n","protected":false},"author":7283,"featured_media":0,"parent":0,"menu_order":0,"comment_status":"closed","ping_status":"closed","template":"","meta":{"footnotes":""},"class_list":["post-5305","page","type-page","status-publish","hentry"],"_links":{"self":[{"href":"https:\/\/etab.ac-reunion.fr\/clg-plateau-caillou\/wp-json\/wp\/v2\/pages\/5305","targetHints":{"allow":["GET"]}}],"collection":[{"href":"https:\/\/etab.ac-reunion.fr\/clg-plateau-caillou\/wp-json\/wp\/v2\/pages"}],"about":[{"href":"https:\/\/etab.ac-reunion.fr\/clg-plateau-caillou\/wp-json\/wp\/v2\/types\/page"}],"author":[{"embeddable":true,"href":"https:\/\/etab.ac-reunion.fr\/clg-plateau-caillou\/wp-json\/wp\/v2\/users\/7283"}],"replies":[{"embeddable":true,"href":"https:\/\/etab.ac-reunion.fr\/clg-plateau-caillou\/wp-json\/wp\/v2\/comments?post=5305"}],"version-history":[{"count":2,"href":"https:\/\/etab.ac-reunion.fr\/clg-plateau-caillou\/wp-json\/wp\/v2\/pages\/5305\/revisions"}],"predecessor-version":[{"id":5313,"href":"https:\/\/etab.ac-reunion.fr\/clg-plateau-caillou\/wp-json\/wp\/v2\/pages\/5305\/revisions\/5313"}],"wp:attachment":[{"href":"https:\/\/etab.ac-reunion.fr\/clg-plateau-caillou\/wp-json\/wp\/v2\/media?parent=5305"}],"curies":[{"name":"wp","href":"https:\/\/api.w.org\/{rel}","templated":true}]}}