{"id":5314,"date":"2026-03-25T09:32:46","date_gmt":"2026-03-25T05:32:46","guid":{"rendered":"https:\/\/etab.ac-reunion.fr\/clg-plateau-caillou\/?page_id=5314"},"modified":"2026-03-25T09:33:50","modified_gmt":"2026-03-25T05:33:50","slug":"education-a-la-sante-et-a-lalimentation-un-engagement-durable-du-college","status":"publish","type":"page","link":"https:\/\/etab.ac-reunion.fr\/clg-plateau-caillou\/education-a-la-sante-et-a-lalimentation-un-engagement-durable-du-college\/","title":{"rendered":"\u00c9ducation \u00e0 la sant\u00e9 et \u00e0 l\u2019alimentation : un engagement durable du coll\u00e8ge"},"content":{"rendered":"<p style=\"text-align: justify\"><span style=\"font-family: Times New Roman, serif\"><span style=\"font-size: medium\">Dans le cadre du projet d\u2019\u00e9tablissement consacr\u00e9 \u00e0 la lutte contre l\u2019ob\u00e9sit\u00e9, le coll\u00e8ge Plateau Caillou m\u00e8ne, pour la troisi\u00e8me ann\u00e9e cons\u00e9cutive, des actions pour sensibiliser les \u00e9l\u00e8ves aux enjeux d\u2019une alimentation \u00e9quilibr\u00e9e et \u00e0 la n\u00e9cessit\u00e9 de lutter contre la s\u00e9dentarit\u00e9. <b>Au-del\u00e0 de la simple transmission d\u2019informations, <\/b><b>le<\/b><b>s actions p<\/b><b>ropos\u00e9es p<\/b><b>articipent \u00e0 la construction de comp\u00e9tences essentielles <\/b><b>et <\/b><b>vise \u00e0 former des citoyens capables de faire des choix pour leur bien-\u00eatre et celui de leur entourage.<\/b><\/span><\/span><\/p>\n<h2 class=\"western\" style=\"text-align: justify\"><span style=\"font-family: Times New Roman, serif\"><span style=\"font-size: medium\"><u>Sensibiliser pour comprendre et agir<\/u><\/span><\/span><\/h2>\n<p style=\"text-align: justify\"><span style=\"font-family: Times New Roman, serif\"><span style=\"font-size: medium\">Au cours des deux derni\u00e8res ann\u00e9es, des \u00e9tudiants en sant\u00e9 engag\u00e9s en service civique (issus des fili\u00e8res infirmi\u00e8re et m\u00e9decine) sont intervenus \u00e0 plusieurs reprises dans toutes les classes de sixi\u00e8me. Leurs interventions ont port\u00e9 sur les principes d\u2019une alimentation \u00e9quilibr\u00e9e et sur les risques associ\u00e9s \u00e0 une consommation excessive d\u2019aliments trop sucr\u00e9s, trop gras ou trop sal\u00e9s, combin\u00e9e \u00e0 un manque d\u2019activit\u00e9 physique. En effet, <b>de nombreuses \u00e9tudes montrent qu\u2019une alimentation d\u00e9s\u00e9quilibr\u00e9e peut alt\u00e9rer la concentration, la m\u00e9moire et, \u00e0 terme, les r\u00e9sultats scolaires. La sant\u00e9 et la r\u00e9ussite \u00e9ducative sont \u00e9troitement li\u00e9es.<\/b><\/span><\/span><\/p>\n<h2 class=\"western\" style=\"text-align: justify\"><span style=\"font-family: Times New Roman, serif\"><span style=\"font-size: medium\"><u>Des actions concr\u00e8tes et adapt\u00e9es au contexte local<\/u><\/span><\/span><\/h2>\n<p style=\"text-align: justify\"><span style=\"font-family: Times New Roman, serif\"><span style=\"font-size: medium\">La sensibilisation th\u00e9orique a \u00e9t\u00e9 compl\u00e9t\u00e9e par des actions pratiques. <b>Un exemple de petit-d\u00e9jeuner \u00e9quilibr\u00e9, ancr\u00e9 dans la culture locale, a \u00e9t\u00e9 propos\u00e9 aux \u00e9l\u00e8ves <\/b>: du riz chauff\u00e9 accompagn\u00e9 de fruits locaux. Cette initiative visait \u00e0 montrer qu\u2019il est possible de bien s\u2019alimenter d\u00e8s le d\u00e9but de la journ\u00e9e. Ce temps de partage a \u00e9t\u00e9 particuli\u00e8rement appr\u00e9ci\u00e9, d\u2019autant plus que <b>pr\u00e8s d\u2019un tiers des coll\u00e9giens d\u00e9clarent ne pas prendre de petit-d\u00e9jeuner avant de venir en classe. <\/b><\/span><\/span><\/p>\n<p style=\"text-align: justify\"><span style=\"font-family: Times New Roman, serif\"><span style=\"font-size: medium\">Durant les vacances de mars, des ateliers culinaires sont \u00e9galement propos\u00e9s aux \u00e9l\u00e8ves en partenariat avec <\/span><\/span><strong><span style=\"font-family: Times New Roman, serif\"><span style=\"font-size: medium\">P\u00e9p\u00e9 Jos\u00e9<\/span><\/span><\/strong><span style=\"font-family: Times New Roman, serif\"><span style=\"font-size: medium\">. \u00c0 travers ces ateliers, les jeunes d\u00e9couvrent les fruits et l\u00e9gumes locaux et apprennent \u00e0 pr\u00e9parer des plats simples, \u00e9quilibr\u00e9s et reproductibles \u00e0 domicile. Cette approche concr\u00e8te favorise l\u2019autonomie, la valorisation des produits d<\/span><\/span><span style=\"font-family: Times New Roman, serif\"><span style=\"font-size: medium\">e l\u2019\u00eele<\/span><\/span><span style=\"font-family: Times New Roman, serif\"><span style=\"font-size: medium\"> et l\u2019adoption durable de bonnes habitudes alimentaires.<\/span><\/span><\/p>\n<h2 class=\"western\" style=\"text-align: justify\"><img loading=\"lazy\" decoding=\"async\" class=\"wp-image-5315 alignleft\" src=\"https:\/\/etab.ac-reunion.fr\/clg-plateau-caillou\/wp-content\/uploads\/sites\/103\/2026\/03\/pepe-jose.jpg\" alt=\"\" width=\"383\" height=\"300\" srcset=\"https:\/\/etab.ac-reunion.fr\/clg-plateau-caillou\/wp-content\/uploads\/sites\/103\/2026\/03\/pepe-jose.jpg 544w, https:\/\/etab.ac-reunion.fr\/clg-plateau-caillou\/wp-content\/uploads\/sites\/103\/2026\/03\/pepe-jose-300x235.jpg 300w, https:\/\/etab.ac-reunion.fr\/clg-plateau-caillou\/wp-content\/uploads\/sites\/103\/2026\/03\/pepe-jose-150x117.jpg 150w\" sizes=\"auto, (max-width: 383px) 100vw, 383px\" \/> <img loading=\"lazy\" decoding=\"async\" class=\"alignnone wp-image-5316\" src=\"https:\/\/etab.ac-reunion.fr\/clg-plateau-caillou\/wp-content\/uploads\/sites\/103\/2026\/03\/logo-pepe-jose.png\" alt=\"\" width=\"162\" height=\"124\" srcset=\"https:\/\/etab.ac-reunion.fr\/clg-plateau-caillou\/wp-content\/uploads\/sites\/103\/2026\/03\/logo-pepe-jose.png 469w, https:\/\/etab.ac-reunion.fr\/clg-plateau-caillou\/wp-content\/uploads\/sites\/103\/2026\/03\/logo-pepe-jose-300x230.png 300w, https:\/\/etab.ac-reunion.fr\/clg-plateau-caillou\/wp-content\/uploads\/sites\/103\/2026\/03\/logo-pepe-jose-150x115.png 150w\" sizes=\"auto, (max-width: 162px) 100vw, 162px\" \/> <img loading=\"lazy\" decoding=\"async\" class=\"alignnone wp-image-5317\" src=\"https:\/\/etab.ac-reunion.fr\/clg-plateau-caillou\/wp-content\/uploads\/sites\/103\/2026\/03\/atelier-samoussa.png\" alt=\"\" width=\"332\" height=\"448\" srcset=\"https:\/\/etab.ac-reunion.fr\/clg-plateau-caillou\/wp-content\/uploads\/sites\/103\/2026\/03\/atelier-samoussa.png 431w, https:\/\/etab.ac-reunion.fr\/clg-plateau-caillou\/wp-content\/uploads\/sites\/103\/2026\/03\/atelier-samoussa-223x300.png 223w, https:\/\/etab.ac-reunion.fr\/clg-plateau-caillou\/wp-content\/uploads\/sites\/103\/2026\/03\/atelier-samoussa-111x150.png 111w\" sizes=\"auto, (max-width: 332px) 100vw, 332px\" \/> <img loading=\"lazy\" decoding=\"async\" class=\"size-full wp-image-5318 aligncenter\" src=\"https:\/\/etab.ac-reunion.fr\/clg-plateau-caillou\/wp-content\/uploads\/sites\/103\/2026\/03\/atelier-nutrition.png\" alt=\"\" width=\"1133\" height=\"606\" srcset=\"https:\/\/etab.ac-reunion.fr\/clg-plateau-caillou\/wp-content\/uploads\/sites\/103\/2026\/03\/atelier-nutrition.png 1133w, https:\/\/etab.ac-reunion.fr\/clg-plateau-caillou\/wp-content\/uploads\/sites\/103\/2026\/03\/atelier-nutrition-300x160.png 300w, https:\/\/etab.ac-reunion.fr\/clg-plateau-caillou\/wp-content\/uploads\/sites\/103\/2026\/03\/atelier-nutrition-1024x548.png 1024w, https:\/\/etab.ac-reunion.fr\/clg-plateau-caillou\/wp-content\/uploads\/sites\/103\/2026\/03\/atelier-nutrition-768x411.png 768w, https:\/\/etab.ac-reunion.fr\/clg-plateau-caillou\/wp-content\/uploads\/sites\/103\/2026\/03\/atelier-nutrition-150x80.png 150w\" sizes=\"auto, (max-width: 1133px) 100vw, 1133px\" \/><\/h2>\n<p>&nbsp;<\/p>\n","protected":false},"excerpt":{"rendered":"<p>Dans le cadre du projet d\u2019\u00e9tablissement consacr\u00e9 \u00e0 la lutte contre l\u2019ob\u00e9sit\u00e9, le coll\u00e8ge Plateau Caillou m\u00e8ne, pour la troisi\u00e8me ann\u00e9e cons\u00e9cutive, des actions pour sensibiliser les \u00e9l\u00e8ves aux enjeux d\u2019une alimentation \u00e9quilibr\u00e9e et \u00e0 la n\u00e9cessit\u00e9 de lutter contre la s\u00e9dentarit\u00e9. Au-del\u00e0 de la simple transmission d\u2019informations, les actions&#8230;<\/p>\n<p> <a class=\"continue-reading-link\" href=\"https:\/\/etab.ac-reunion.fr\/clg-plateau-caillou\/education-a-la-sante-et-a-lalimentation-un-engagement-durable-du-college\/\"><span>Lire la suite<\/span><i class=\"crycon-right-dir\"><\/i><\/a> <\/p>\n","protected":false},"author":7283,"featured_media":0,"parent":0,"menu_order":0,"comment_status":"closed","ping_status":"closed","template":"","meta":{"footnotes":""},"class_list":["post-5314","page","type-page","status-publish","hentry"],"_links":{"self":[{"href":"https:\/\/etab.ac-reunion.fr\/clg-plateau-caillou\/wp-json\/wp\/v2\/pages\/5314","targetHints":{"allow":["GET"]}}],"collection":[{"href":"https:\/\/etab.ac-reunion.fr\/clg-plateau-caillou\/wp-json\/wp\/v2\/pages"}],"about":[{"href":"https:\/\/etab.ac-reunion.fr\/clg-plateau-caillou\/wp-json\/wp\/v2\/types\/page"}],"author":[{"embeddable":true,"href":"https:\/\/etab.ac-reunion.fr\/clg-plateau-caillou\/wp-json\/wp\/v2\/users\/7283"}],"replies":[{"embeddable":true,"href":"https:\/\/etab.ac-reunion.fr\/clg-plateau-caillou\/wp-json\/wp\/v2\/comments?post=5314"}],"version-history":[{"count":1,"href":"https:\/\/etab.ac-reunion.fr\/clg-plateau-caillou\/wp-json\/wp\/v2\/pages\/5314\/revisions"}],"predecessor-version":[{"id":5319,"href":"https:\/\/etab.ac-reunion.fr\/clg-plateau-caillou\/wp-json\/wp\/v2\/pages\/5314\/revisions\/5319"}],"wp:attachment":[{"href":"https:\/\/etab.ac-reunion.fr\/clg-plateau-caillou\/wp-json\/wp\/v2\/media?parent=5314"}],"curies":[{"name":"wp","href":"https:\/\/api.w.org\/{rel}","templated":true}]}}