{"id":770,"date":"2015-05-07T14:36:04","date_gmt":"2015-05-07T10:36:04","guid":{"rendered":"http:\/\/college-plateau-caillou.ac-reunion.fr\/?page_id=770"},"modified":"2023-01-26T15:00:10","modified_gmt":"2023-01-26T11:00:10","slug":"charte-de-la-laicite","status":"publish","type":"page","link":"https:\/\/etab.ac-reunion.fr\/clg-plateau-caillou\/presentation-generale\/charte-de-la-laicite\/","title":{"rendered":"Charte de la la\u00efcit\u00e9 : Valeurs et Symboles de la R\u00e9publique"},"content":{"rendered":"<p><a href=\"https:\/\/etab.ac-reunion.fr\/clg-plateau-caillou\/wp-content\/uploads\/sites\/103\/2015\/05\/charte_laicit\u00e9.jpg\"><img loading=\"lazy\" decoding=\"async\" class=\"alignleft wp-image-771\" src=\"https:\/\/etab.ac-reunion.fr\/clg-plateau-caillou\/wp-content\/uploads\/sites\/103\/2015\/05\/charte_laicit\u00e9-682x1024.jpg\" alt=\"Charte La\u00efcit\u00e9\" width=\"500\" height=\"751\" srcset=\"https:\/\/etab.ac-reunion.fr\/clg-plateau-caillou\/wp-content\/uploads\/sites\/103\/2015\/05\/charte_laicit\u00e9-682x1024.jpg 682w, https:\/\/etab.ac-reunion.fr\/clg-plateau-caillou\/wp-content\/uploads\/sites\/103\/2015\/05\/charte_laicit\u00e9-200x300.jpg 200w, https:\/\/etab.ac-reunion.fr\/clg-plateau-caillou\/wp-content\/uploads\/sites\/103\/2015\/05\/charte_laicit\u00e9.jpg 1998w\" sizes=\"auto, (max-width: 500px) 100vw, 500px\" \/><\/a><\/p>\n<p style=\"text-align: left\">Cette Charte explicite les sens et enjeux du principe de la\u00efcit\u00e9 \u00e0 l&rsquo;\u00c9cole, dans son rapport avec les autres valeurs et principes de la R\u00e9publique. Elle offre ainsi un support privil\u00e9gi\u00e9 pour enseigner, faire partager et faire respecter ces principes et ces valeurs, mission confi\u00e9e \u00e0 l&rsquo;\u00c9cole par la Nation et r\u00e9affirm\u00e9e dans la loi d&rsquo;orientation et de programmation pour la refondation de l&rsquo;\u00c9cole de la R\u00e9publique du 8 juillet 2013.<\/p>\n<p>Pour de plus amples informations, vous pouvez consulter le site du Minist\u00e8re de l\u2019\u00c9ducation Nationale en cliquant le lien suivant : <span style=\"text-decoration: underline\"><a href=\"http:\/\/www.education.gouv.fr\/pid25535\/bulletin_officiel.html?cid_bo=73659\" target=\"_blank\" rel=\"noopener\">Charte de la la\u00efcit\u00e9<\/a><\/span><\/p>\n<p>&nbsp;<\/p>\n","protected":false},"excerpt":{"rendered":"<p>Cette Charte explicite les sens et enjeux du principe de la\u00efcit\u00e9 \u00e0 l&rsquo;\u00c9cole, dans son rapport avec les autres valeurs et principes de la R\u00e9publique. Elle offre ainsi un support privil\u00e9gi\u00e9 pour enseigner, faire partager et faire respecter ces principes et ces valeurs, mission confi\u00e9e \u00e0 l&rsquo;\u00c9cole par la Nation&#8230;<\/p>\n<p> <a class=\"continue-reading-link\" href=\"https:\/\/etab.ac-reunion.fr\/clg-plateau-caillou\/presentation-generale\/charte-de-la-laicite\/\"><span>Lire la suite<\/span><i class=\"crycon-right-dir\"><\/i><\/a> <\/p>\n","protected":false},"author":3397,"featured_media":0,"parent":177,"menu_order":0,"comment_status":"closed","ping_status":"closed","template":"","meta":{"footnotes":""},"class_list":["post-770","page","type-page","status-publish","hentry"],"_links":{"self":[{"href":"https:\/\/etab.ac-reunion.fr\/clg-plateau-caillou\/wp-json\/wp\/v2\/pages\/770","targetHints":{"allow":["GET"]}}],"collection":[{"href":"https:\/\/etab.ac-reunion.fr\/clg-plateau-caillou\/wp-json\/wp\/v2\/pages"}],"about":[{"href":"https:\/\/etab.ac-reunion.fr\/clg-plateau-caillou\/wp-json\/wp\/v2\/types\/page"}],"author":[{"embeddable":true,"href":"https:\/\/etab.ac-reunion.fr\/clg-plateau-caillou\/wp-json\/wp\/v2\/users\/3397"}],"replies":[{"embeddable":true,"href":"https:\/\/etab.ac-reunion.fr\/clg-plateau-caillou\/wp-json\/wp\/v2\/comments?post=770"}],"version-history":[{"count":17,"href":"https:\/\/etab.ac-reunion.fr\/clg-plateau-caillou\/wp-json\/wp\/v2\/pages\/770\/revisions"}],"predecessor-version":[{"id":2859,"href":"https:\/\/etab.ac-reunion.fr\/clg-plateau-caillou\/wp-json\/wp\/v2\/pages\/770\/revisions\/2859"}],"up":[{"embeddable":true,"href":"https:\/\/etab.ac-reunion.fr\/clg-plateau-caillou\/wp-json\/wp\/v2\/pages\/177"}],"wp:attachment":[{"href":"https:\/\/etab.ac-reunion.fr\/clg-plateau-caillou\/wp-json\/wp\/v2\/media?parent=770"}],"curies":[{"name":"wp","href":"https:\/\/api.w.org\/{rel}","templated":true}]}}