{"id":86,"date":"2012-10-11T11:39:05","date_gmt":"2012-10-11T07:39:05","guid":{"rendered":"https:\/\/portail.college-plateaucaillou.re\/wordpress\/?page_id=86"},"modified":"2024-09-03T13:00:32","modified_gmt":"2024-09-03T09:00:32","slug":"mentions-legales","status":"publish","type":"page","link":"https:\/\/etab.ac-reunion.fr\/clg-plateau-caillou\/mentions-legales\/","title":{"rendered":"Mentions l\u00e9gales"},"content":{"rendered":"<p style=\"text-align: justify\">Informations l\u00e9gales obligatoires selon l\u2019article 7 de la loi du\u00a011 mars 2003 sur certains aspects juridiques des services de la soci\u00e9t\u00e9 de l\u2019information.<\/p>\n<p style=\"text-align: justify\">Droits d\u2019auteurs : Ce site rel\u00e8ve de la l\u00e9gislation fran\u00e7aise et internationale sur le droit d\u2019auteur et la propri\u00e9t\u00e9 intellectuelle. Tous les droits de reproduction sont r\u00e9serv\u00e9s.<\/p>\n<p style=\"text-align: justify\">Liens hypertextes : Ce site contient des liens hypertextes permettant l\u2019acc\u00e8s \u00e0 des sites qui ne sont pas \u00e9dit\u00e9s par le responsable de ce site. En cons\u00e9quence l\u2019Acad\u00e9mie de la R\u00e9union ne saurait \u00eatre tenue pour responsable du contenu des sites auxquels l\u2019internaute aurait ainsi acc\u00e8s.<\/p>\n<p style=\"text-align: justify\">Liens hypertexte vers le Site : A l\u2019exception de sites diffusant des informations et\/ou contenus ayant un caract\u00e8re ill\u00e9gal et\/ou \u00e0 caract\u00e8re politique, religieux, pornographique, x\u00e9nophobe, vous pouvez cr\u00e9er un lien hypertexte vers notre Site sur votre site, sous la double r\u00e9serve qu\u2019il s\u2019agisse d\u2019un lien vers la Page d\u2019accueil du Site que ce lien ouvre le Site dans une nouvelle fen\u00eatre de navigation laissant appara\u00eetre l\u2019adresse \u00ab\u00a0<span style=\"color: #0000ff\"><a href=\"http:\/\/www.ac-grenoble.fr\/jdurand\" rel=\"nofollow\"><span style=\"color: #0000ff\">http:\/\/<span style=\"color: #3366ff\">c<\/span><\/span><\/a>ollege-plateau-caillou.ac-reunion.fr<\/span>\u00a0\u00bb. La mise en place de liens hypertextes n\u2019autorise en aucune fa\u00e7on la reproduction ou la pr\u00e9sentation sur des sites tiers d\u2019\u00e9l\u00e9ments du Site sous forme de \u00ab\u00a0frame\u00a0\u00bb ou syst\u00e8me apparent\u00e9.<\/p>\n<p style=\"text-align: justify\">Enfin, la mise en place de lien hypertexte n\u2019autorise en aucune fa\u00e7on de proposer l\u2019envoi d\u2019un message pr\u00e9r\u00e9dig\u00e9 \u00e0 une adresse mail li\u00e9e au Site ou la mise en place d\u2019un syst\u00e8me permettant l\u2019envoi massif de messages quel qu\u2019en soit la nature. Au titre de la pr\u00e9sente autorisation, \u00ab le coll\u00e8ge Plateau Caillou \u00bb de l\u2019acad\u00e9mie de la R\u00e9union se r\u00e9serve toutefois un droit d\u2019opposition.<\/p>\n<p style=\"text-align: justify\">Il est formellement interdit de collecter et d\u2019utiliser les informations disponibles sur le site \u00e0 des fins commerciales. Cette interdiction s\u2019\u00e9tend notamment, sans que cette liste ne soit limitative, \u00e0 tout \u00e9l\u00e9ment r\u00e9dactionnel figurant sur le site, \u00e0 la pr\u00e9sentation des \u00e9crans, aux logiciels n\u00e9cessaires \u00e0 l\u2019exploitation, aux logos, images, photos, graphiques, de quelque nature qu\u2019ils soient.<\/p>\n<p style=\"text-align: center\">Coll\u00e8ge de Plateau Caillou, 97460 Saint-Paul &#8211; T\u00e9l\u00a0: 02-62-55-45-25<\/p>\n<p dir=\"ltr\" style=\"text-align: center\" align=\"center\"><span style=\"font-family: 'Times New Roman'\">\u00a9\u00a0 Coll\u00e8ge Plateau Caillou &#8211; 2021 &#8211; Tous droits r\u00e9serv\u00e9s.<\/span><\/p>\n","protected":false},"excerpt":{"rendered":"<p>Informations l\u00e9gales obligatoires selon l\u2019article 7 de la loi du\u00a011 mars 2003 sur certains aspects juridiques des services de la soci\u00e9t\u00e9 de l\u2019information. Droits d\u2019auteurs : Ce site rel\u00e8ve de la l\u00e9gislation fran\u00e7aise et internationale sur le droit d\u2019auteur et la propri\u00e9t\u00e9 intellectuelle. Tous les droits de reproduction sont r\u00e9serv\u00e9s&#8230;.<\/p>\n<p> <a class=\"continue-reading-link\" href=\"https:\/\/etab.ac-reunion.fr\/clg-plateau-caillou\/mentions-legales\/\"><span>Lire la suite<\/span><i class=\"crycon-right-dir\"><\/i><\/a> <\/p>\n","protected":false},"author":3397,"featured_media":0,"parent":0,"menu_order":3,"comment_status":"closed","ping_status":"closed","template":"","meta":{"footnotes":""},"class_list":["post-86","page","type-page","status-publish","hentry"],"_links":{"self":[{"href":"https:\/\/etab.ac-reunion.fr\/clg-plateau-caillou\/wp-json\/wp\/v2\/pages\/86","targetHints":{"allow":["GET"]}}],"collection":[{"href":"https:\/\/etab.ac-reunion.fr\/clg-plateau-caillou\/wp-json\/wp\/v2\/pages"}],"about":[{"href":"https:\/\/etab.ac-reunion.fr\/clg-plateau-caillou\/wp-json\/wp\/v2\/types\/page"}],"author":[{"embeddable":true,"href":"https:\/\/etab.ac-reunion.fr\/clg-plateau-caillou\/wp-json\/wp\/v2\/users\/3397"}],"replies":[{"embeddable":true,"href":"https:\/\/etab.ac-reunion.fr\/clg-plateau-caillou\/wp-json\/wp\/v2\/comments?post=86"}],"version-history":[{"count":12,"href":"https:\/\/etab.ac-reunion.fr\/clg-plateau-caillou\/wp-json\/wp\/v2\/pages\/86\/revisions"}],"predecessor-version":[{"id":3976,"href":"https:\/\/etab.ac-reunion.fr\/clg-plateau-caillou\/wp-json\/wp\/v2\/pages\/86\/revisions\/3976"}],"wp:attachment":[{"href":"https:\/\/etab.ac-reunion.fr\/clg-plateau-caillou\/wp-json\/wp\/v2\/media?parent=86"}],"curies":[{"name":"wp","href":"https:\/\/api.w.org\/{rel}","templated":true}]}}