{"id":1511,"date":"2016-10-27T10:52:43","date_gmt":"2016-10-27T06:52:43","guid":{"rendered":"http:\/\/college-plateau-goyaves.ac-reunion.fr\/?page_id=1511"},"modified":"2025-12-03T08:15:27","modified_gmt":"2025-12-03T04:15:27","slug":"mentions-legales","status":"publish","type":"page","link":"https:\/\/etab.ac-reunion.fr\/clg-plateau-goyaves\/mentions-legales\/","title":{"rendered":"Mentions L\u00e9gales"},"content":{"rendered":"[et_pb_section fb_built=\u00a0\u00bb1&Prime; admin_label=\u00a0\u00bbsection\u00a0\u00bb _builder_version=\u00a0\u00bb4.16&Prime; global_colors_info=\u00a0\u00bb{}\u00a0\u00bb][et_pb_row admin_label=\u00a0\u00bbrow\u00a0\u00bb _builder_version=\u00a0\u00bb4.16&Prime; background_size=\u00a0\u00bbinitial\u00a0\u00bb background_position=\u00a0\u00bbtop_left\u00a0\u00bb background_repeat=\u00a0\u00bbrepeat\u00a0\u00bb global_colors_info=\u00a0\u00bb{}\u00a0\u00bb][et_pb_column type=\u00a0\u00bb4_4&Prime; _builder_version=\u00a0\u00bb4.16&Prime; custom_padding=\u00a0\u00bb|||\u00a0\u00bb global_colors_info=\u00a0\u00bb{}\u00a0\u00bb custom_padding__hover=\u00a0\u00bb|||\u00a0\u00bb][et_pb_text admin_label=\u00a0\u00bbText\u00a0\u00bb _builder_version=\u00a0\u00bb4.16&Prime; background_size=\u00a0\u00bbinitial\u00a0\u00bb background_position=\u00a0\u00bbtop_left\u00a0\u00bb background_repeat=\u00a0\u00bbrepeat\u00a0\u00bb global_colors_info=\u00a0\u00bb{}\u00a0\u00bb]\n<p><strong>\u00c9diteur<\/strong><\/p>\n<p>Rectorat de l\u2019Acad\u00e9mie de La R\u00e9union<br \/>Secr\u00e9tariat g\u00e9n\u00e9ral \u2013 Service Communication<br \/>24, Avenue Georges Brassens \u2013 97702 \u2013 St-Denis \u2013 Message Cedex 9<\/p>\n<p><strong>Directeur de la publication et de la r\u00e9daction<\/strong><\/p>\n<ul>\n<li>Responsable de la ma\u00eetrise d\u2019ouvrage :\u00a0 Le Chef d&rsquo;\u00e9tablissement<\/li>\n<\/ul>\n<ul>\n<li>Webmestre : Vincent Dambreville<\/li>\n<\/ul>\n[\/et_pb_text][\/et_pb_column][\/et_pb_row][\/et_pb_section]\n","protected":false},"excerpt":{"rendered":"<p>\u00c9diteur Rectorat de l\u2019Acad\u00e9mie de La R\u00e9unionSecr\u00e9tariat g\u00e9n\u00e9ral \u2013 Service Communication24, Avenue Georges Brassens \u2013 97702 \u2013 St-Denis \u2013 Message Cedex 9 Directeur de la publication et de la r\u00e9daction Responsable de la ma\u00eetrise d\u2019ouvrage :\u00a0 Le Chef d&rsquo;\u00e9tablissement Webmestre : Vincent Dambreville<\/p>\n","protected":false},"author":4103,"featured_media":0,"parent":0,"menu_order":0,"comment_status":"closed","ping_status":"closed","template":"","meta":{"_et_pb_use_builder":"on","_et_pb_old_content":"<strong>\u00c9diteur<\/strong>\n\nRectorat de l\u2019Acad\u00e9mie de La R\u00e9union\nSecr\u00e9tariat g\u00e9n\u00e9ral \u2013 Service Communication\n24, Avenue Georges Brassens \u2013 97702 \u2013 St-Denis \u2013 Message Cedex 9\n\n<strong>Directeur de la publication et de la r\u00e9daction<\/strong>\n<ul>\n \t<li>Responsable de la ma\u00eetrise d\u2019ouvrage :\u00a0 Le Principal du Coll\u00e8ge<\/li>\n<\/ul>\n<ul>\n \t<li>Webmestre : Vincent Dambreville<\/li>\n<\/ul>","_et_gb_content_width":"","footnotes":""},"class_list":["post-1511","page","type-page","status-publish","hentry"],"_links":{"self":[{"href":"https:\/\/etab.ac-reunion.fr\/clg-plateau-goyaves\/wp-json\/wp\/v2\/pages\/1511","targetHints":{"allow":["GET"]}}],"collection":[{"href":"https:\/\/etab.ac-reunion.fr\/clg-plateau-goyaves\/wp-json\/wp\/v2\/pages"}],"about":[{"href":"https:\/\/etab.ac-reunion.fr\/clg-plateau-goyaves\/wp-json\/wp\/v2\/types\/page"}],"author":[{"embeddable":true,"href":"https:\/\/etab.ac-reunion.fr\/clg-plateau-goyaves\/wp-json\/wp\/v2\/users\/4103"}],"replies":[{"embeddable":true,"href":"https:\/\/etab.ac-reunion.fr\/clg-plateau-goyaves\/wp-json\/wp\/v2\/comments?post=1511"}],"version-history":[{"count":6,"href":"https:\/\/etab.ac-reunion.fr\/clg-plateau-goyaves\/wp-json\/wp\/v2\/pages\/1511\/revisions"}],"predecessor-version":[{"id":6420,"href":"https:\/\/etab.ac-reunion.fr\/clg-plateau-goyaves\/wp-json\/wp\/v2\/pages\/1511\/revisions\/6420"}],"wp:attachment":[{"href":"https:\/\/etab.ac-reunion.fr\/clg-plateau-goyaves\/wp-json\/wp\/v2\/media?parent=1511"}],"curies":[{"name":"wp","href":"https:\/\/api.w.org\/{rel}","templated":true}]}}