{"id":1610,"date":"2017-08-17T11:45:34","date_gmt":"2017-08-17T07:45:34","guid":{"rendered":"http:\/\/college-plateau-goyaves.ac-reunion.fr\/?page_id=1610"},"modified":"2017-08-17T11:46:48","modified_gmt":"2017-08-17T07:46:48","slug":"1610-2","status":"publish","type":"page","link":"https:\/\/etab.ac-reunion.fr\/clg-plateau-goyaves\/1610-2\/","title":{"rendered":"Rentr\u00e9e 6eme 2017"},"content":{"rendered":"<h1 style=\"text-align: center\">VENDREDI 18 AOUT 2017 : Rentr\u00e9e des 6\u00e8mes<\/h1>\n<p>&#8211; De 07h45 \u00e0 08h15 : r\u00e9union des professeurs principaux des classes de 6\u00e8mes et des parents partenaires en salle de r\u00e9union.<br \/>\n&#8211; A partir de 08h00 : accueil des parents au portail ; remise du livret de rentr\u00e9e et du document ONISEP.<br \/>\n&#8211; Entre 08h15 et 08h45 : appel et mise en rang sous le pr\u00e9au par le professeur principal de la classe. D\u00e9part vers les salles de classe.<br \/>\n&#8211; Entre 08h45 et 10h15 : les autres professeurs de l\u2019\u00e9quipe p\u00e9dagogique de chaque classe viennent se pr\u00e9senter aux \u00e9l\u00e8ves durant cet horaire.<br \/>\n&#8211; A 09h00 : temps d\u2019accueil des parents en pl\u00e9ni\u00e8re.<br \/>\n&#8211; A 09h15 : Caf\u00e9 des parents avec professeurs principaux et parents partenaires. Les professeurs principaux et les autres professeurs de l\u2019\u00e9quipe p\u00e9dagogique de chaque classe (sauf les professeurs qui remplacent le professeur principal avec les \u00e9l\u00e8ves) ainsi que les personnels de sant\u00e9 se pr\u00e9sentent.<br \/>\n&#8211; A 10h15 : fin du caf\u00e9 des parents. Les professeurs d\u2019EPS prennent le relais avec les \u00e9l\u00e8ves de 6\u00e8mes (voir tableau p.13).<br \/>\n&#8211; A 11h30 : fin de la journ\u00e9e. (Pas de cantine le mercredi)<br \/>\n&#8211; Les \u00e9l\u00e8ves de 6\u00e8me reviennent Lundi 21 Ao\u00fbt de 7h30 \u00e0 11h30. Ils seront pris en charge par leurs professeurs principaux<\/p>\n","protected":false},"excerpt":{"rendered":"<p>VENDREDI 18 AOUT 2017 : Rentr\u00e9e des 6\u00e8mes &#8211; De 07h45 \u00e0 08h15 : r\u00e9union des professeurs principaux des classes de 6\u00e8mes et des parents partenaires en salle de r\u00e9union. &#8211; A partir de 08h00 : accueil des parents au portail ; remise du livret de rentr\u00e9e et du document ONISEP. &#8211; Entre 08h15 et [&hellip;]<\/p>\n","protected":false},"author":4103,"featured_media":0,"parent":0,"menu_order":0,"comment_status":"closed","ping_status":"closed","template":"","meta":{"_et_pb_use_builder":"","_et_pb_old_content":"","_et_gb_content_width":"","footnotes":""},"class_list":["post-1610","page","type-page","status-publish","hentry"],"_links":{"self":[{"href":"https:\/\/etab.ac-reunion.fr\/clg-plateau-goyaves\/wp-json\/wp\/v2\/pages\/1610","targetHints":{"allow":["GET"]}}],"collection":[{"href":"https:\/\/etab.ac-reunion.fr\/clg-plateau-goyaves\/wp-json\/wp\/v2\/pages"}],"about":[{"href":"https:\/\/etab.ac-reunion.fr\/clg-plateau-goyaves\/wp-json\/wp\/v2\/types\/page"}],"author":[{"embeddable":true,"href":"https:\/\/etab.ac-reunion.fr\/clg-plateau-goyaves\/wp-json\/wp\/v2\/users\/4103"}],"replies":[{"embeddable":true,"href":"https:\/\/etab.ac-reunion.fr\/clg-plateau-goyaves\/wp-json\/wp\/v2\/comments?post=1610"}],"version-history":[{"count":5,"href":"https:\/\/etab.ac-reunion.fr\/clg-plateau-goyaves\/wp-json\/wp\/v2\/pages\/1610\/revisions"}],"predecessor-version":[{"id":1619,"href":"https:\/\/etab.ac-reunion.fr\/clg-plateau-goyaves\/wp-json\/wp\/v2\/pages\/1610\/revisions\/1619"}],"wp:attachment":[{"href":"https:\/\/etab.ac-reunion.fr\/clg-plateau-goyaves\/wp-json\/wp\/v2\/media?parent=1610"}],"curies":[{"name":"wp","href":"https:\/\/api.w.org\/{rel}","templated":true}]}}