{"id":1672,"date":"2017-08-24T11:52:53","date_gmt":"2017-08-24T07:52:53","guid":{"rendered":"http:\/\/college-plateau-goyaves.ac-reunion.fr\/?page_id=1672"},"modified":"2020-11-05T11:14:35","modified_gmt":"2020-11-05T07:14:35","slug":"edd","status":"publish","type":"page","link":"https:\/\/etab.ac-reunion.fr\/clg-plateau-goyaves\/edd\/","title":{"rendered":"EDD"},"content":{"rendered":"<p><a href=\"https:\/\/etab.ac-reunion.fr\/clg-plateau-goyaves\/declareuro\/\">Declar&rsquo; Euro<\/a><\/p>\n<p><a href=\"https:\/\/etab.ac-reunion.fr\/clg-plateau-goyaves\/panneaux-de-sensibilisation-3\/\">Panneaux de sensibilisation<\/a><\/p>\n<p><a href=\"https:\/\/etab.ac-reunion.fr\/clg-plateau-goyaves\/larbre-des-possibles\/\">L&rsquo;arbre des possibles<\/a><\/p>\n<p><a href=\"https:\/\/etab.ac-reunion.fr\/clg-plateau-goyaves\/2019\/03\/20\/decouvrir-la-biodiversite-vegetale-du-college-grace-a-un-qr-code-ou-flash-code\/\">D\u00e9couvrir la Biodiversit\u00e9 v\u00e9g\u00e9tale du coll\u00e8ge gr\u00e2ce \u00e0 un QR-Code ou Flash code<\/a><\/p>\n<p><a href=\"https:\/\/etab.ac-reunion.fr\/clg-plateau-goyaves\/presentation-de-lepi\/\">Pr\u00e9sentation de L&rsquo;EPI<\/a><\/p>\n<p><a href=\"https:\/\/etab.ac-reunion.fr\/clg-plateau-goyaves\/fiches-arboretum\/\">Fiches Arboretum<\/a><\/p>\n<p><a href=\"https:\/\/etab.ac-reunion.fr\/clg-plateau-goyaves\/formation-des-referents-edd-du-05-04-2019\/\">Formation des r\u00e9f\u00e9rents EDD du 05\/04\/2019<\/a><\/p>\n","protected":false},"excerpt":{"rendered":"<p>Declar&rsquo; Euro Panneaux de sensibilisation L&rsquo;arbre des possibles D\u00e9couvrir la Biodiversit\u00e9 v\u00e9g\u00e9tale du coll\u00e8ge gr\u00e2ce \u00e0 un QR-Code ou Flash code Pr\u00e9sentation de L&rsquo;EPI Fiches Arboretum Formation des r\u00e9f\u00e9rents EDD du 05\/04\/2019<\/p>\n","protected":false},"author":13259,"featured_media":0,"parent":0,"menu_order":0,"comment_status":"closed","ping_status":"closed","template":"","meta":{"_et_pb_use_builder":"","_et_pb_old_content":"","_et_gb_content_width":"","footnotes":""},"class_list":["post-1672","page","type-page","status-publish","hentry"],"_links":{"self":[{"href":"https:\/\/etab.ac-reunion.fr\/clg-plateau-goyaves\/wp-json\/wp\/v2\/pages\/1672","targetHints":{"allow":["GET"]}}],"collection":[{"href":"https:\/\/etab.ac-reunion.fr\/clg-plateau-goyaves\/wp-json\/wp\/v2\/pages"}],"about":[{"href":"https:\/\/etab.ac-reunion.fr\/clg-plateau-goyaves\/wp-json\/wp\/v2\/types\/page"}],"author":[{"embeddable":true,"href":"https:\/\/etab.ac-reunion.fr\/clg-plateau-goyaves\/wp-json\/wp\/v2\/users\/13259"}],"replies":[{"embeddable":true,"href":"https:\/\/etab.ac-reunion.fr\/clg-plateau-goyaves\/wp-json\/wp\/v2\/comments?post=1672"}],"version-history":[{"count":16,"href":"https:\/\/etab.ac-reunion.fr\/clg-plateau-goyaves\/wp-json\/wp\/v2\/pages\/1672\/revisions"}],"predecessor-version":[{"id":3126,"href":"https:\/\/etab.ac-reunion.fr\/clg-plateau-goyaves\/wp-json\/wp\/v2\/pages\/1672\/revisions\/3126"}],"wp:attachment":[{"href":"https:\/\/etab.ac-reunion.fr\/clg-plateau-goyaves\/wp-json\/wp\/v2\/media?parent=1672"}],"curies":[{"name":"wp","href":"https:\/\/api.w.org\/{rel}","templated":true}]}}