{"id":1750,"date":"2017-09-04T09:41:39","date_gmt":"2017-09-04T05:41:39","guid":{"rendered":"http:\/\/college-plateau-goyaves.ac-reunion.fr\/?page_id=1750"},"modified":"2017-09-04T10:53:25","modified_gmt":"2017-09-04T06:53:25","slug":"le-cvc","status":"publish","type":"page","link":"https:\/\/etab.ac-reunion.fr\/clg-plateau-goyaves\/le-cvc\/","title":{"rendered":"Le CVC"},"content":{"rendered":"<p style=\"text-align: center\"><a href=\"https:\/\/etab.ac-reunion.fr\/clg-plateau-goyaves\/wp-content\/uploads\/sites\/109\/2017\/08\/CVC-format-a5-1-e1503551522926.png\"><img loading=\"lazy\" decoding=\"async\" class=\"alignnone wp-image-1628 size-large\" src=\"https:\/\/etab.ac-reunion.fr\/clg-plateau-goyaves\/wp-content\/uploads\/sites\/109\/2017\/08\/CVC-format-a5-1-1024x724.png\" alt=\"\" width=\"1024\" height=\"724\" \/><\/a><\/p>\n<h3 style=\"text-align: center\"><span style=\"color: #999999\"><strong>C\u2019est quoi\u00a0?<\/strong><\/span><\/h3>\n<p style=\"text-align: center\">C\u2019est un lieu de dialogue entre les \u00e9l\u00e8ves et les adultes de l\u2019\u00e9tablissement.<\/p>\n<h3 style=\"text-align: center\"><span style=\"color: #999999\"><strong>A quoi cela va servir\u00a0?<\/strong><\/span><\/h3>\n<p style=\"text-align: center\">Faire des propositions de projets et am\u00e9liorer la vie au coll\u00e8ge.<\/p>\n<h3 style=\"text-align: center\"><span style=\"color: #999999\"><strong>Qui peut en faire partie\u00a0?<\/strong><\/span><\/h3>\n<p style=\"text-align: center\">Tous les \u00e9l\u00e8ves du coll\u00e8ge qui sont volontaires et qui ont envie d\u2019\u00eatre actif.<\/p>\n<p style=\"text-align: center\">Certains adultes (La Principale, la CPE, les enseignants, les membres du personnel)<\/p>\n<h3 style=\"text-align: center\"><span style=\"color: #999999\"><strong>Que doit-on faire pour faire partie du CVC\u00a0?<\/strong><\/span><\/h3>\n<p style=\"text-align: center\">Se faire conna\u00eetre dans les d\u00e9lais pr\u00e9vus de la vie scolaire.<\/p>\n<h3 style=\"text-align: center\"><span style=\"color: #999999\"><strong>Comment cela va se passer\u00a0?<\/strong><\/span><\/h3>\n<p style=\"text-align: center\">Une \u00e9lection des repr\u00e9sentants coll\u00e9giens sera organis\u00e9e au sein du coll\u00e8ge<\/p>\n<p style=\"text-align: center\">et chaque niveau ( 6<span style=\"font-size: 11.6667px\">\u00e8me,\u00a0<\/span>5<span style=\"font-size: 11.6667px\">\u00e8me\u00a0<\/span>, 4<span style=\"font-size: 11.6667px\">\u00e8me\u00a0<\/span>et 3<span style=\"font-size: 11.6667px\">\u00e8me )<\/span>\u00a0sera repr\u00e9sent\u00e9.<\/p>\n<h3 style=\"text-align: center\"><span style=\"color: #999999\"><strong>Des engagements<\/strong><\/span><\/h3>\n<p style=\"text-align: center\">Aupr\u00e8s des camarades\u00a0: prendre du temps sur son temps libre, \u00eatre \u00e0 l\u2019\u00e9coute, prendre des initiatives.<\/p>\n<p style=\"text-align: center\">Lors des r\u00e9unions\u00a0: \u00eatre pr\u00e9sent, proposer des id\u00e9es et s\u2019impliquer dans des projets, repr\u00e9senter fid\u00e8lement ses camarades<\/p>\n","protected":false},"excerpt":{"rendered":"<p>C\u2019est quoi\u00a0? C\u2019est un lieu de dialogue entre les \u00e9l\u00e8ves et les adultes de l\u2019\u00e9tablissement. A quoi cela va servir\u00a0? Faire des propositions de projets et am\u00e9liorer la vie au coll\u00e8ge. Qui peut en faire partie\u00a0? Tous les \u00e9l\u00e8ves du coll\u00e8ge qui sont volontaires et qui ont envie d\u2019\u00eatre actif. Certains adultes (La Principale, la [&hellip;]<\/p>\n","protected":false},"author":15822,"featured_media":0,"parent":0,"menu_order":0,"comment_status":"closed","ping_status":"closed","template":"","meta":{"_et_pb_use_builder":"","_et_pb_old_content":"","_et_gb_content_width":"","footnotes":""},"class_list":["post-1750","page","type-page","status-publish","hentry"],"_links":{"self":[{"href":"https:\/\/etab.ac-reunion.fr\/clg-plateau-goyaves\/wp-json\/wp\/v2\/pages\/1750","targetHints":{"allow":["GET"]}}],"collection":[{"href":"https:\/\/etab.ac-reunion.fr\/clg-plateau-goyaves\/wp-json\/wp\/v2\/pages"}],"about":[{"href":"https:\/\/etab.ac-reunion.fr\/clg-plateau-goyaves\/wp-json\/wp\/v2\/types\/page"}],"author":[{"embeddable":true,"href":"https:\/\/etab.ac-reunion.fr\/clg-plateau-goyaves\/wp-json\/wp\/v2\/users\/15822"}],"replies":[{"embeddable":true,"href":"https:\/\/etab.ac-reunion.fr\/clg-plateau-goyaves\/wp-json\/wp\/v2\/comments?post=1750"}],"version-history":[{"count":11,"href":"https:\/\/etab.ac-reunion.fr\/clg-plateau-goyaves\/wp-json\/wp\/v2\/pages\/1750\/revisions"}],"predecessor-version":[{"id":1764,"href":"https:\/\/etab.ac-reunion.fr\/clg-plateau-goyaves\/wp-json\/wp\/v2\/pages\/1750\/revisions\/1764"}],"wp:attachment":[{"href":"https:\/\/etab.ac-reunion.fr\/clg-plateau-goyaves\/wp-json\/wp\/v2\/media?parent=1750"}],"curies":[{"name":"wp","href":"https:\/\/api.w.org\/{rel}","templated":true}]}}