{"id":2564,"date":"2019-05-22T14:01:37","date_gmt":"2019-05-22T10:01:37","guid":{"rendered":"http:\/\/college-plateau-goyaves.ac-reunion.fr\/?page_id=2564"},"modified":"2019-05-22T15:08:03","modified_gmt":"2019-05-22T11:08:03","slug":"panneaux-de-sensibilisation-3","status":"publish","type":"page","link":"https:\/\/etab.ac-reunion.fr\/clg-plateau-goyaves\/panneaux-de-sensibilisation-3\/","title":{"rendered":"Panneaux de sensibilisation"},"content":{"rendered":"\n<p><a href=\"https:\/\/etab.ac-reunion.fr\/clg-plateau-goyaves\/2019\/05\/22\/1-dechets\/\">1 &#8211; D\u00e9chets<\/a><\/p>\n\n\n\n<p><a href=\"https:\/\/etab.ac-reunion.fr\/clg-plateau-goyaves\/2019\/05\/22\/2-refugies-climatiques\/\">2 &#8211; R\u00e9fugi\u00e9s climatiques<\/a> <\/p>\n\n\n\n<p><a href=\"https:\/\/etab.ac-reunion.fr\/clg-plateau-goyaves\/2019\/05\/22\/3-mondialisation\/\">3 &#8211; Mondialisation <\/a><\/p>\n\n\n\n<p><a href=\"https:\/\/etab.ac-reunion.fr\/clg-plateau-goyaves\/2019\/05\/22\/4-voiture\/\">4 &#8211; Voiture<\/a><\/p>\n\n\n\n<p><a href=\"https:\/\/etab.ac-reunion.fr\/clg-plateau-goyaves\/2019\/05\/22\/elevage-industriel\/\">5 &#8211; Elevage industriel<\/a> <\/p>\n\n\n\n<p><a href=\"https:\/\/etab.ac-reunion.fr\/clg-plateau-goyaves\/2019\/05\/22\/6-energie-renouvelables\/\">6 &#8211; Energie renouvelables<\/a><\/p>\n\n\n\n<p><a href=\"https:\/\/etab.ac-reunion.fr\/clg-plateau-goyaves\/2019\/05\/22\/7-plastiques\/\">7 &#8211; Plastiques<\/a> <\/p>\n\n\n\n<p><a href=\"https:\/\/etab.ac-reunion.fr\/clg-plateau-goyaves\/2019\/05\/22\/8-changement-climatiques\/\">8 &#8211; Changement climatiques <\/a><\/p>\n","protected":false},"excerpt":{"rendered":"<p>1 &#8211; D\u00e9chets 2 &#8211; R\u00e9fugi\u00e9s climatiques 3 &#8211; Mondialisation 4 &#8211; Voiture 5 &#8211; Elevage industriel 6 &#8211; Energie renouvelables 7 &#8211; Plastiques 8 &#8211; Changement climatiques<\/p>\n","protected":false},"author":13259,"featured_media":0,"parent":0,"menu_order":0,"comment_status":"closed","ping_status":"closed","template":"","meta":{"_et_pb_use_builder":"off","_et_pb_old_content":"","_et_gb_content_width":"","footnotes":""},"class_list":["post-2564","page","type-page","status-publish","hentry"],"_links":{"self":[{"href":"https:\/\/etab.ac-reunion.fr\/clg-plateau-goyaves\/wp-json\/wp\/v2\/pages\/2564","targetHints":{"allow":["GET"]}}],"collection":[{"href":"https:\/\/etab.ac-reunion.fr\/clg-plateau-goyaves\/wp-json\/wp\/v2\/pages"}],"about":[{"href":"https:\/\/etab.ac-reunion.fr\/clg-plateau-goyaves\/wp-json\/wp\/v2\/types\/page"}],"author":[{"embeddable":true,"href":"https:\/\/etab.ac-reunion.fr\/clg-plateau-goyaves\/wp-json\/wp\/v2\/users\/13259"}],"replies":[{"embeddable":true,"href":"https:\/\/etab.ac-reunion.fr\/clg-plateau-goyaves\/wp-json\/wp\/v2\/comments?post=2564"}],"version-history":[{"count":12,"href":"https:\/\/etab.ac-reunion.fr\/clg-plateau-goyaves\/wp-json\/wp\/v2\/pages\/2564\/revisions"}],"predecessor-version":[{"id":2618,"href":"https:\/\/etab.ac-reunion.fr\/clg-plateau-goyaves\/wp-json\/wp\/v2\/pages\/2564\/revisions\/2618"}],"wp:attachment":[{"href":"https:\/\/etab.ac-reunion.fr\/clg-plateau-goyaves\/wp-json\/wp\/v2\/media?parent=2564"}],"curies":[{"name":"wp","href":"https:\/\/api.w.org\/{rel}","templated":true}]}}