{"id":5076,"date":"2023-11-30T12:57:21","date_gmt":"2023-11-30T08:57:21","guid":{"rendered":"https:\/\/etab.ac-reunion.fr\/clg-plateau-goyaves\/?page_id=5076"},"modified":"2024-09-16T12:48:30","modified_gmt":"2024-09-16T08:48:30","slug":"grande-lessive","status":"publish","type":"page","link":"https:\/\/etab.ac-reunion.fr\/clg-plateau-goyaves\/grande-lessive\/","title":{"rendered":"Grande Lessive"},"content":{"rendered":"[et_pb_section fb_built=\u00a0\u00bb1&Prime; _builder_version=\u00a0\u00bb4.27.0&Prime; _module_preset=\u00a0\u00bbdefault\u00a0\u00bb global_colors_info=\u00a0\u00bb{}\u00a0\u00bb][et_pb_row _builder_version=\u00a0\u00bb4.27.0&Prime; _module_preset=\u00a0\u00bbdefault\u00a0\u00bb global_colors_info=\u00a0\u00bb{}\u00a0\u00bb][et_pb_column type=\u00a0\u00bb4_4&Prime; _builder_version=\u00a0\u00bb4.27.0&Prime; _module_preset=\u00a0\u00bbdefault\u00a0\u00bb global_colors_info=\u00a0\u00bb{}\u00a0\u00bb][et_pb_post_title meta=\u00a0\u00bboff\u00a0\u00bb _builder_version=\u00a0\u00bb4.27.0&Prime; _module_preset=\u00a0\u00bbdefault\u00a0\u00bb global_colors_info=\u00a0\u00bb{}\u00a0\u00bb][\/et_pb_post_title][\/et_pb_column][\/et_pb_row][et_pb_row _builder_version=\u00a0\u00bb4.27.0&Prime; _module_preset=\u00a0\u00bbdefault\u00a0\u00bb column_structure=\u00a0\u00bb1_3,2_3&Prime;][et_pb_column _builder_version=\u00a0\u00bb4.27.0&Prime; _module_preset=\u00a0\u00bbdefault\u00a0\u00bb type=\u00a0\u00bb1_3&Prime;][et_pb_image src=\u00a0\u00bbhttps:\/\/etab.ac-reunion.fr\/clg-plateau-goyaves\/wp-content\/uploads\/sites\/109\/2024\/09\/DSCN4190-copie.jpeg\u00a0\u00bb _builder_version=\u00a0\u00bb4.27.0&Prime; _module_preset=\u00a0\u00bbdefault\u00a0\u00bb title_text=\u00a0\u00bbDSCN4190-copie\u00a0\u00bb hover_enabled=\u00a0\u00bb0&Prime; sticky_enabled=\u00a0\u00bb0&Prime;][\/et_pb_image][\/et_pb_column][et_pb_column _builder_version=\u00a0\u00bb4.27.0&Prime; _module_preset=\u00a0\u00bbdefault\u00a0\u00bb type=\u00a0\u00bb2_3&Prime;][et_pb_text _builder_version=\u00a0\u00bb4.27.0&Prime; _module_preset=\u00a0\u00bbdefault\u00a0\u00bb hover_enabled=\u00a0\u00bb0&Prime; sticky_enabled=\u00a0\u00bb0&Prime;]\n<p>Jo\u00eblle Gonthier est une plasticienne <span class=\"tooltipsall tooltipsincontent classtoolTips11\" data-hasqtip=\"5\">multim\u00e9dia<\/span> qui vit et travaille \u00e0 Montreuil en Seine-Saint-Denis.<\/p>\n<p>Sa <span class=\"tooltipsall tooltipsincontent classtoolTips19\" data-hasqtip=\"11\" aria-describedby=\"qtip-11\">d\u00e9marche<\/span> proc\u00e8de par \u00e9toilement et adopte des formes multiples afin d\u2019\u00e9tudier l\u2019art dont nous sommes les contemporains : performance, dessin, peinture, photo, \u00e9criture, conception d\u2019\u00e9v\u00e9nements et de sites (entre autres pour la Biblioth\u00e8que nationale de France) \u2026<\/p>\n<p>Elle s\u2019immerge alternativement dans l\u2019\u00e9tude (doctorat en art et sciences de l\u2019art), l\u2019enseignement (agr\u00e9g\u00e9e d\u2019arts plastiques), la m\u00e9diation (Jeu de Paume dans l\u2019\u00e9quipe d\u2019Alfred Pacquement, Biblioth\u00e8que nationale de France, etc.), la <span class=\"tooltipsall tooltipsincontent classtoolTips16\" data-hasqtip=\"7\">r\u00e9ception<\/span> et la <span class=\"tooltipsall tooltipsincontent classtoolTips17\" data-hasqtip=\"8\">cr\u00e9ation<\/span> artistiques.<\/p>\n<p>Les conf\u00e9rences perform\u00e9es qu\u2019elle r\u00e9alisent devant un large public depuis plus de 20 ans, explorent ainsi, de mani\u00e8re humoristique et po\u00e9tique, des probl\u00e9matiques artistiques et soci\u00e9tales, en particulier les rapports au savoir et \u00e0 la <span class=\"tooltipsall tooltipsincontent classtoolTips17\" data-hasqtip=\"9\">cr\u00e9ation<\/span>.<\/p>\n<p><span class=\"tooltipsall tooltipsincontent classtoolTips1\" data-hasqtip=\"1\" aria-describedby=\"qtip-1\">La Grande Lessive\u00ae<\/span> con\u00e7ue en 2006 questionne, pour sa part, les pratiques artistiques, l\u2019\u00e9tude de l\u2019art et le statut d\u2019auteure. Cette <span class=\"tooltipsall tooltipsincontent classtoolTips0\" data-hasqtip=\"0\">installation artistique<\/span> \u00e9ph\u00e9m\u00e8re est devenue la plus importante \u0153uvre d\u2019art participatif et citoyen en France, et, sans doute, l\u2019une des plus connues dans le monde en raison de sa p\u00e9rennit\u00e9, son implantation g\u00e9ographique et le nombre de participants de toutes g\u00e9n\u00e9rations. En effet, elle a rassembl\u00e9 13 millions de personnes dans des milliers de lieux situ\u00e9s dans 129 pays et 5 continents. Cette \u0153uvre allie des pratiques artistiques (dessin, peinture, photographie et autre images num\u00e9riques, po\u00e9sie visuelle, etc.) \u00e0 un <span class=\"tooltipsall tooltipsincontent classtoolTips13\" data-hasqtip=\"6\">dispositif<\/span> simple et f\u00e9d\u00e9rateur (fils, pinces \u00e0 linge et r\u00e9alisations de <span class=\"tooltipsall tooltipsincontent classtoolTips21\" data-hasqtip=\"12\">format A4<\/span>) et \u00e0 un site imagin\u00e9 en <span class=\"tooltipsall tooltipsincontent classtoolTips4\" data-hasqtip=\"2\">atelier partag\u00e9<\/span>.<\/p>\n[\/et_pb_text][et_pb_button button_text=\u00a0\u00bbd\u00e9couvrir son oeuvre\u00a0\u00bb _builder_version=\u00a0\u00bb4.27.0&Prime; _module_preset=\u00a0\u00bbdefault\u00a0\u00bb button_url=\u00a0\u00bbhttps:\/\/www.lagrandelessive.net\/joelle-gonthier\/\u00a0\u00bb hover_enabled=\u00a0\u00bb0&Prime; sticky_enabled=\u00a0\u00bb0&Prime; button_alignment=\u00a0\u00bbcenter\u00a0\u00bb][\/et_pb_button][\/et_pb_column][\/et_pb_row][et_pb_row _builder_version=\u00a0\u00bb4.27.0&Prime; _module_preset=\u00a0\u00bbdefault\u00a0\u00bb global_colors_info=\u00a0\u00bb{}\u00a0\u00bb][et_pb_column type=\u00a0\u00bb4_4&Prime; _builder_version=\u00a0\u00bb4.27.0&Prime; _module_preset=\u00a0\u00bbdefault\u00a0\u00bb global_colors_info=\u00a0\u00bb{}\u00a0\u00bb][et_pb_blog fullwidth=\u00a0\u00bboff\u00a0\u00bb include_categories=\u00a0\u00bb103&Prime; _builder_version=\u00a0\u00bb4.27.0&Prime; _module_preset=\u00a0\u00bbdefault\u00a0\u00bb global_colors_info=\u00a0\u00bb{}\u00a0\u00bb][\/et_pb_blog][\/et_pb_column][\/et_pb_row][\/et_pb_section]\n","protected":false},"excerpt":{"rendered":"<p>Jo\u00eblle Gonthier est une plasticienne multim\u00e9dia qui vit et travaille \u00e0 Montreuil en Seine-Saint-Denis. Sa d\u00e9marche proc\u00e8de par \u00e9toilement et adopte des formes multiples afin d\u2019\u00e9tudier l\u2019art dont nous sommes les contemporains : performance, dessin, peinture, photo, \u00e9criture, conception d\u2019\u00e9v\u00e9nements et de sites (entre autres pour la Biblioth\u00e8que nationale de France) \u2026 Elle s\u2019immerge alternativement [&hellip;]<\/p>\n","protected":false},"author":13259,"featured_media":0,"parent":0,"menu_order":0,"comment_status":"closed","ping_status":"closed","template":"","meta":{"_et_pb_use_builder":"on","_et_pb_old_content":"","_et_gb_content_width":"","footnotes":""},"class_list":["post-5076","page","type-page","status-publish","hentry"],"_links":{"self":[{"href":"https:\/\/etab.ac-reunion.fr\/clg-plateau-goyaves\/wp-json\/wp\/v2\/pages\/5076","targetHints":{"allow":["GET"]}}],"collection":[{"href":"https:\/\/etab.ac-reunion.fr\/clg-plateau-goyaves\/wp-json\/wp\/v2\/pages"}],"about":[{"href":"https:\/\/etab.ac-reunion.fr\/clg-plateau-goyaves\/wp-json\/wp\/v2\/types\/page"}],"author":[{"embeddable":true,"href":"https:\/\/etab.ac-reunion.fr\/clg-plateau-goyaves\/wp-json\/wp\/v2\/users\/13259"}],"replies":[{"embeddable":true,"href":"https:\/\/etab.ac-reunion.fr\/clg-plateau-goyaves\/wp-json\/wp\/v2\/comments?post=5076"}],"version-history":[{"count":5,"href":"https:\/\/etab.ac-reunion.fr\/clg-plateau-goyaves\/wp-json\/wp\/v2\/pages\/5076\/revisions"}],"predecessor-version":[{"id":5703,"href":"https:\/\/etab.ac-reunion.fr\/clg-plateau-goyaves\/wp-json\/wp\/v2\/pages\/5076\/revisions\/5703"}],"wp:attachment":[{"href":"https:\/\/etab.ac-reunion.fr\/clg-plateau-goyaves\/wp-json\/wp\/v2\/media?parent=5076"}],"curies":[{"name":"wp","href":"https:\/\/api.w.org\/{rel}","templated":true}]}}