{"id":5635,"date":"2024-09-08T18:46:30","date_gmt":"2024-09-08T14:46:30","guid":{"rendered":"https:\/\/etab.ac-reunion.fr\/clg-plateau-goyaves\/?page_id=5635"},"modified":"2024-09-08T18:58:22","modified_gmt":"2024-09-08T14:58:22","slug":"clubs-et-activites","status":"publish","type":"page","link":"https:\/\/etab.ac-reunion.fr\/clg-plateau-goyaves\/clubs-et-activites\/","title":{"rendered":"Clubs et activit\u00e9s"},"content":{"rendered":"[et_pb_section fb_built=\u00a0\u00bb1&Prime; _builder_version=\u00a0\u00bb4.27.0&Prime; _module_preset=\u00a0\u00bbdefault\u00a0\u00bb global_colors_info=\u00a0\u00bb{}\u00a0\u00bb][et_pb_row _builder_version=\u00a0\u00bb4.27.0&Prime; _module_preset=\u00a0\u00bbdefault\u00a0\u00bb global_colors_info=\u00a0\u00bb{}\u00a0\u00bb][et_pb_column type=\u00a0\u00bb4_4&Prime; _builder_version=\u00a0\u00bb4.27.0&Prime; _module_preset=\u00a0\u00bbdefault\u00a0\u00bb global_colors_info=\u00a0\u00bb{}\u00a0\u00bb][et_pb_post_title meta=\u00a0\u00bboff\u00a0\u00bb _builder_version=\u00a0\u00bb4.27.0&Prime; _module_preset=\u00a0\u00bbdefault\u00a0\u00bb title_text_align=\u00a0\u00bbcenter\u00a0\u00bb max_width=\u00a0\u00bb100%\u00a0\u00bb module_alignment=\u00a0\u00bbcenter\u00a0\u00bb custom_margin=\u00a0\u00bb|||388px||\u00a0\u00bb hover_enabled=\u00a0\u00bb0&Prime; global_colors_info=\u00a0\u00bb{}\u00a0\u00bb sticky_enabled=\u00a0\u00bb0&Prime;][\/et_pb_post_title][\/et_pb_column][\/et_pb_row][et_pb_row column_structure=\u00a0\u00bb1_5,3_5,1_5&Prime; _builder_version=\u00a0\u00bb4.27.0&Prime; _module_preset=\u00a0\u00bbdefault\u00a0\u00bb global_colors_info=\u00a0\u00bb{}\u00a0\u00bb][et_pb_column type=\u00a0\u00bb1_5&Prime; _builder_version=\u00a0\u00bb4.27.0&Prime; _module_preset=\u00a0\u00bbdefault\u00a0\u00bb global_colors_info=\u00a0\u00bb{}\u00a0\u00bb][\/et_pb_column][et_pb_column type=\u00a0\u00bb3_5&Prime; _builder_version=\u00a0\u00bb4.27.0&Prime; _module_preset=\u00a0\u00bbdefault\u00a0\u00bb global_colors_info=\u00a0\u00bb{}\u00a0\u00bb][et_pb_text _builder_version=\u00a0\u00bb4.27.0&Prime; _module_preset=\u00a0\u00bbdefault\u00a0\u00bb header_text_align=\u00a0\u00bbcenter\u00a0\u00bb global_colors_info=\u00a0\u00bb{}\u00a0\u00bb]\n<h1><strong>Rejoins un Club au Coll\u00e8ge !<\/strong><\/h1>\n<p>Envie de t\u2019amuser tout en apprenant de nouvelles choses ? Les clubs du coll\u00e8ge sont faits pour toi ! Voici pourquoi tu devrais t\u2019inscrire :<\/p>\n<ul>\n<li><strong>D\u00e9couvre de nouvelles passions<\/strong> : sport, arts, sciences, jeux\u2026 il y en a pour tous les go\u00fbts !<\/li>\n<li><strong>Fais de nouvelles rencontres<\/strong> : partage des moments sympas avec tes amis et d\u2019autres \u00e9l\u00e8ves qui partagent tes centres d&rsquo;int\u00e9r\u00eat.<\/li>\n<li><strong>D\u00e9veloppe tes talents<\/strong> : que tu sois d\u00e9butant ou expert, les clubs sont un super moyen de progresser et d\u2019apprendre.<\/li>\n<li><strong>Partage et collabore<\/strong> : apprends \u00e0 travailler en \u00e9quipe et \u00e0 partager tes id\u00e9es avec les autres.<\/li>\n<li><strong>Des moments pour toi<\/strong> : prends une pause dans tes journ\u00e9es d\u2019\u00e9cole pour te d\u00e9tendre et t\u2019amuser tout en restant actif.<\/li>\n<\/ul>\n<p>Les clubs sont ouverts <strong>pendant la pause m\u00e9ridienne<\/strong> et <strong>apr\u00e8s les cours<\/strong>. Alors, choisis le club qui te pla\u00eet et inscris-toi vite !<\/p>\n[\/et_pb_text][\/et_pb_column][et_pb_column type=\u00a0\u00bb1_5&Prime; _builder_version=\u00a0\u00bb4.27.0&Prime; _module_preset=\u00a0\u00bbdefault\u00a0\u00bb global_colors_info=\u00a0\u00bb{}\u00a0\u00bb][\/et_pb_column][\/et_pb_row][et_pb_row _builder_version=\u00a0\u00bb4.27.0&Prime; _module_preset=\u00a0\u00bbdefault\u00a0\u00bb global_colors_info=\u00a0\u00bb{}\u00a0\u00bb][et_pb_column type=\u00a0\u00bb4_4&Prime; _builder_version=\u00a0\u00bb4.27.0&Prime; _module_preset=\u00a0\u00bbdefault\u00a0\u00bb global_colors_info=\u00a0\u00bb{}\u00a0\u00bb][et_pb_blog fullwidth=\u00a0\u00bboff\u00a0\u00bb include_categories=\u00a0\u00bb86&Prime; _builder_version=\u00a0\u00bb4.27.0&Prime; _module_preset=\u00a0\u00bbdefault\u00a0\u00bb global_colors_info=\u00a0\u00bb{}\u00a0\u00bb][\/et_pb_blog][\/et_pb_column][\/et_pb_row][\/et_pb_section][et_pb_section fb_built=\u00a0\u00bb1&Prime; _builder_version=\u00a0\u00bb4.27.0&Prime; _module_preset=\u00a0\u00bbdefault\u00a0\u00bb global_colors_info=\u00a0\u00bb{}\u00a0\u00bb][et_pb_row _builder_version=\u00a0\u00bb4.27.0&Prime; _module_preset=\u00a0\u00bbdefault\u00a0\u00bb global_colors_info=\u00a0\u00bb{}\u00a0\u00bb][et_pb_column type=\u00a0\u00bb4_4&Prime; _builder_version=\u00a0\u00bb4.27.0&Prime; _module_preset=\u00a0\u00bbdefault\u00a0\u00bb global_colors_info=\u00a0\u00bb{}\u00a0\u00bb][et_pb_text _builder_version=\u00a0\u00bb4.27.0&Prime; _module_preset=\u00a0\u00bbdefault\u00a0\u00bb global_colors_info=\u00a0\u00bb{}\u00a0\u00bb]<a href=\"https:\/\/fr.freepik.com\/vecteurs-libre\/etudiants-heureux-sautent-se-rejouissent_26568818.htm#fromView=search&amp;page=1&amp;position=52&amp;uuid=f569069d-af93-42f3-ba09-2cb93da19089\">Image de upklyak sur Freepik<\/a>[\/et_pb_text][\/et_pb_column][\/et_pb_row][\/et_pb_section]\n","protected":false},"excerpt":{"rendered":"<p>Rejoins un Club au Coll\u00e8ge ! Envie de t\u2019amuser tout en apprenant de nouvelles choses ? Les clubs du coll\u00e8ge sont faits pour toi ! Voici pourquoi tu devrais t\u2019inscrire : D\u00e9couvre de nouvelles passions : sport, arts, sciences, jeux\u2026 il y en a pour tous les go\u00fbts ! Fais de nouvelles rencontres : partage [&hellip;]<\/p>\n","protected":false},"author":9884,"featured_media":5643,"parent":0,"menu_order":0,"comment_status":"closed","ping_status":"closed","template":"","meta":{"_et_pb_use_builder":"on","_et_pb_old_content":"","_et_gb_content_width":"","footnotes":""},"class_list":["post-5635","page","type-page","status-publish","has-post-thumbnail","hentry"],"_links":{"self":[{"href":"https:\/\/etab.ac-reunion.fr\/clg-plateau-goyaves\/wp-json\/wp\/v2\/pages\/5635","targetHints":{"allow":["GET"]}}],"collection":[{"href":"https:\/\/etab.ac-reunion.fr\/clg-plateau-goyaves\/wp-json\/wp\/v2\/pages"}],"about":[{"href":"https:\/\/etab.ac-reunion.fr\/clg-plateau-goyaves\/wp-json\/wp\/v2\/types\/page"}],"author":[{"embeddable":true,"href":"https:\/\/etab.ac-reunion.fr\/clg-plateau-goyaves\/wp-json\/wp\/v2\/users\/9884"}],"replies":[{"embeddable":true,"href":"https:\/\/etab.ac-reunion.fr\/clg-plateau-goyaves\/wp-json\/wp\/v2\/comments?post=5635"}],"version-history":[{"count":6,"href":"https:\/\/etab.ac-reunion.fr\/clg-plateau-goyaves\/wp-json\/wp\/v2\/pages\/5635\/revisions"}],"predecessor-version":[{"id":5646,"href":"https:\/\/etab.ac-reunion.fr\/clg-plateau-goyaves\/wp-json\/wp\/v2\/pages\/5635\/revisions\/5646"}],"wp:featuredmedia":[{"embeddable":true,"href":"https:\/\/etab.ac-reunion.fr\/clg-plateau-goyaves\/wp-json\/wp\/v2\/media\/5643"}],"wp:attachment":[{"href":"https:\/\/etab.ac-reunion.fr\/clg-plateau-goyaves\/wp-json\/wp\/v2\/media?parent=5635"}],"curies":[{"name":"wp","href":"https:\/\/api.w.org\/{rel}","templated":true}]}}