{"id":5977,"date":"2025-06-27T09:57:54","date_gmt":"2025-06-27T05:57:54","guid":{"rendered":"https:\/\/etab.ac-reunion.fr\/clg-plateau-goyaves\/?page_id=5977"},"modified":"2025-10-03T11:52:05","modified_gmt":"2025-10-03T07:52:05","slug":"chaap","status":"publish","type":"page","link":"https:\/\/etab.ac-reunion.fr\/clg-plateau-goyaves\/chaap\/","title":{"rendered":"CHAAP"},"content":{"rendered":"[et_pb_section fb_built=\u00a0\u00bb1&Prime; fullwidth=\u00a0\u00bbon\u00a0\u00bb _builder_version=\u00a0\u00bb4.27.4&Prime; _module_preset=\u00a0\u00bbdefault\u00a0\u00bb global_colors_info=\u00a0\u00bb{}\u00a0\u00bb][et_pb_fullwidth_image src=\u00a0\u00bbhttps:\/\/etab.ac-reunion.fr\/clg-plateau-goyaves\/wp-content\/uploads\/sites\/109\/2025\/10\/BANDEAU-PRESENTATION-CHAAP.png\u00a0\u00bb title_text=\u00a0\u00bbBANDEAU PRESENTATION CHAAP\u00a0\u00bb _builder_version=\u00a0\u00bb4.27.4&Prime; _module_preset=\u00a0\u00bbdefault\u00a0\u00bb hover_enabled=\u00a0\u00bb0&Prime; global_colors_info=\u00a0\u00bb{}\u00a0\u00bb sticky_enabled=\u00a0\u00bb0&Prime;][\/et_pb_fullwidth_image][\/et_pb_section][et_pb_section fb_built=\u00a0\u00bb1&Prime; fullwidth=\u00a0\u00bbon\u00a0\u00bb theme_builder_area=\u00a0\u00bbpost_content\u00a0\u00bb _builder_version=\u00a0\u00bb4.27.4&Prime; _module_preset=\u00a0\u00bbdefault\u00a0\u00bb hover_enabled=\u00a0\u00bb0&Prime; sticky_enabled=\u00a0\u00bb0&Prime;][et_pb_fullwidth_header title=\u00a0\u00bb\u00ab Dans chaque enfant, il y a un artiste. Le probl\u00e8me est de savoir comment rester un artiste en grandissant \u00bb.        \u00a0\u00bb _builder_version=\u00a0\u00bb4.27.4&Prime; _module_preset=\u00a0\u00bbdefault\u00a0\u00bb theme_builder_area=\u00a0\u00bbpost_content\u00a0\u00bb subhead=\u00a0\u00bbPablo Picasso\u00a0\u00bb hover_enabled=\u00a0\u00bb0&Prime; sticky_enabled=\u00a0\u00bb0&Prime; background_color=\u00a0\u00bb#f4f1de\u00a0\u00bb title_font=\u00a0\u00bb||||||||\u00a0\u00bb title_text_color=\u00a0\u00bb#E09900&Prime; title_level=\u00a0\u00bbh2&Prime; subhead_text_color=\u00a0\u00bb#E09900&Prime;][\/et_pb_fullwidth_header][\/et_pb_section][et_pb_section fb_built=\u00a0\u00bb1&Prime; _builder_version=\u00a0\u00bb4.27.4&Prime; _module_preset=\u00a0\u00bbdefault\u00a0\u00bb global_colors_info=\u00a0\u00bb{}\u00a0\u00bb][et_pb_row _builder_version=\u00a0\u00bb4.27.4&Prime; _module_preset=\u00a0\u00bbdefault\u00a0\u00bb][et_pb_column _builder_version=\u00a0\u00bb4.27.4&Prime; _module_preset=\u00a0\u00bbdefault\u00a0\u00bb type=\u00a0\u00bb4_4&Prime;][et_pb_slider _builder_version=\u00a0\u00bb4.27.4&Prime; _module_preset=\u00a0\u00bbdefault\u00a0\u00bb hover_enabled=\u00a0\u00bb0&Prime; sticky_enabled=\u00a0\u00bb0&Prime; background_color=\u00a0\u00bb#f4f1de\u00a0\u00bb custom_padding=\u00a0\u00bb0px||0px|||\u00a0\u00bb animation_style=\u00a0\u00bbslide\u00a0\u00bb auto=\u00a0\u00bbon\u00a0\u00bb][et_pb_slide heading=\u00a0\u00bbLa CHAAP, c&rsquo;est quoi ?\u00a0\u00bb _builder_version=\u00a0\u00bb4.27.4&Prime; _module_preset=\u00a0\u00bbdefault\u00a0\u00bb background_color=\u00a0\u00bb#f4f1de\u00a0\u00bb background_enable_color=\u00a0\u00bbon\u00a0\u00bb hover_enabled=\u00a0\u00bb0&Prime; sticky_enabled=\u00a0\u00bb0&Prime; body_text_color=\u00a0\u00bb#E09900&Prime; header_text_color=\u00a0\u00bb#E09900&Prime; body_text_align=\u00a0\u00bbcenter\u00a0\u00bb]\n<div>La CHAAP est un enseignement renforc\u00e9 en arts plastiques.<\/div>\n<div>Elle s\u2019adresse \u00e0 tout \u00e9l\u00e8ve d\u00e9sireux de <b>d\u00e9velopper sa sensibilit\u00e9 \u00e0 l\u2019art.<\/b><br \/>Pas besoin pour cela d\u2019\u00eatre un expert en dessin, en peinture, ou autres techniques plastiques.<\/div>\n<div><b>Seul compte le d\u00e9sir d\u2019apprendre, de cr\u00e9er et de<br \/>d\u00e9couvrir.<\/b><br \/>La CHAAP propose\u00a0 2 heures d\u2019enseignement d\u2019arts plastiques suppl\u00e9mentaires (qui viennent s\u2019ajouter \u00e0 l\u2019heure hebdomadaire dispens\u00e9e pour les autres \u00e9l\u00e8ves), soit 3h en tout.<\/div>\n<p>&nbsp;<\/p>\n<div><\/div>\n[\/et_pb_slide][et_pb_slide heading=\u00a0\u00bbAu travers de la CHAAP, les coll\u00e9giens pourront :\u00a0\u00bb _builder_version=\u00a0\u00bb4.27.4&Prime; _module_preset=\u00a0\u00bbdefault\u00a0\u00bb hover_enabled=\u00a0\u00bb0&Prime; sticky_enabled=\u00a0\u00bb0&Prime; body_text_color=\u00a0\u00bb#E09900&Prime; header_text_color=\u00a0\u00bb#E09900&Prime; body_text_align=\u00a0\u00bbleft\u00a0\u00bb]\n<ul>\n<li>\n<div><b>Pratiquer<\/b> les Arts: D\u00e9velopper leur cr\u00e9ativit\u00e9 au travers d\u2019une pratique vari\u00e9e (peinture, dessin,sculpture, volume, vid\u00e9o,installations\u2026) int\u00e9grant exp\u00e9rimentation, production et analyse.<\/div>\n<\/li>\n<li>\n<div><b>Rencontrer <\/b>des artistes<\/div>\n<\/li>\n<li>\n<div><b>Fr\u00e9quenter<\/b> les mus\u00e9es et expositions : y d\u00e9couvrir des \u0153uvres de natures diff\u00e9rentes (tableaux,sculptures, dessins, installations\u2026) et des structures culturelles de son territoire<\/div>\n<\/li>\n<li>\n<div><b>Conna\u00eetre<\/b> des artistes d\u2019hier et d\u2019aujourd\u2019hui, des courants artistiques vari\u00e9s, tout cela visant \u00e0 enrichir la culture artistique de l\u2019\u00e9l\u00e8ve et ses connaissances de l\u2019histoire de l\u2019art.<\/div>\n<\/li>\n<li>\n<div><b>D\u00e9couvrir<\/b> la pluralit\u00e9 des m\u00e9tiers li\u00e9s \u00e0 l\u2019art. Chaque ann\u00e9e, rencontrer des professionnels du monde de l\u2019art : plasticien, illustrateur, sculpteur, com\u00e9dien, architecte, cin\u00e9aste, mais aussi tous les m\u00e9tiers qui li\u00e9s au domaine de la diffusion artistique ( m\u00e9diation culturelle, commissariat d&rsquo; exposition, directeur de structure mus\u00e9ale, restaurateur d\u2019\u0153uvres d&rsquo; art, assistant sculpteur, technicien&#8230;.)<\/div>\n<\/li>\n<li>\n<div><b>Exposer et valoriser<\/b> leurs r\u00e9alisations dans diff\u00e9rents espaces.<\/div>\n<\/li>\n<li>\n<div><b>Travailler et apprendre<\/b> gr\u00e2ce \u00e0 des projets interdisciplinaires.<\/div>\n<\/li>\n<\/ul>\n[\/et_pb_slide][et_pb_slide _builder_version=\u00a0\u00bb4.27.4&Prime; _module_preset=\u00a0\u00bbdefault\u00a0\u00bb title_text=\u00a0\u00bbimage 1 dans la pr\u00e9sentation\u00a0\u00bb hover_enabled=\u00a0\u00bb0&Prime; sticky_enabled=\u00a0\u00bb0&Prime; background_image=\u00a0\u00bbhttps:\/\/etab.ac-reunion.fr\/clg-plateau-goyaves\/wp-content\/uploads\/sites\/109\/2025\/10\/image-1-dans-la-presentation.png\u00a0\u00bb background_enable_image=\u00a0\u00bbon\u00a0\u00bb][\/et_pb_slide][et_pb_slide _builder_version=\u00a0\u00bb4.27.4&Prime; _module_preset=\u00a0\u00bbdefault\u00a0\u00bb title_text=\u00a0\u00bbimage 2 dans la pr\u00e9sentation\u00a0\u00bb hover_enabled=\u00a0\u00bb0&Prime; sticky_enabled=\u00a0\u00bb0&Prime; background_image=\u00a0\u00bbhttps:\/\/etab.ac-reunion.fr\/clg-plateau-goyaves\/wp-content\/uploads\/sites\/109\/2025\/10\/image-2-dans-la-presentation.png\u00a0\u00bb background_enable_image=\u00a0\u00bbon\u00a0\u00bb][\/et_pb_slide][\/et_pb_slider][\/et_pb_column][\/et_pb_row][et_pb_row column_structure=\u00a0\u00bb1_2,1_2&Prime; _builder_version=\u00a0\u00bb4.27.4&Prime; _module_preset=\u00a0\u00bbdefault\u00a0\u00bb global_colors_info=\u00a0\u00bb{}\u00a0\u00bb][et_pb_column type=\u00a0\u00bb1_2&Prime; _builder_version=\u00a0\u00bb4.27.4&Prime; _module_preset=\u00a0\u00bbdefault\u00a0\u00bb global_colors_info=\u00a0\u00bb{}\u00a0\u00bb][et_pb_text _builder_version=\u00a0\u00bb4.27.4&Prime; _module_preset=\u00a0\u00bbdefault\u00a0\u00bb hover_enabled=\u00a0\u00bb0&Prime; global_colors_info=\u00a0\u00bb{}\u00a0\u00bb header_text_color=\u00a0\u00bb#E09900&Prime; header_font=\u00a0\u00bb|||on|||||\u00a0\u00bb sticky_enabled=\u00a0\u00bb0&Prime;]\n<h1>La CHAAP, c&rsquo;est quoi ?<\/h1>\n[\/et_pb_text][et_pb_text _builder_version=\u00a0\u00bb4.27.4&Prime; _module_preset=\u00a0\u00bbdefault\u00a0\u00bb hover_enabled=\u00a0\u00bb0&Prime; global_colors_info=\u00a0\u00bb{}\u00a0\u00bb sticky_enabled=\u00a0\u00bb0&Prime;]\n<div>\n<p>La CHAAP est un enseignement renforc\u00e9 en arts plastiques. Elle s\u2019adresse \u00e0 tout \u00e9l\u00e8ve d\u00e9sireux de <b>d\u00e9velopper sa sensibilit\u00e9 \u00e0 l\u2019art.<\/b><br \/>Pas besoin pour cela d\u2019\u00eatre un expert en dessin, en peinture, ou autres techniques plastiques. <b>Seul compte le d\u00e9sir d\u2019apprendre, de cr\u00e9er et de<br \/>d\u00e9couvrir.<\/b><br \/>La CHAAP propose\u00a0 2 heures d\u2019enseignement d\u2019arts plastiques suppl\u00e9mentaires (qui viennent s\u2019ajouter \u00e0 l\u2019heure hebdomadaire dispens\u00e9e<br \/>pour les autres \u00e9l\u00e8ves), soit 3h en tout.<\/p>\n<\/div>\n<div>Au travers de la CHAAP, les coll\u00e9giens pourront :<\/div>\n<ul>\n<li>\n<div><b>Pratiquer<\/b> les Arts: D\u00e9velopper leur cr\u00e9ativit\u00e9 au travers d\u2019une pratique vari\u00e9e (peinture, dessin,sculpture, volume, vid\u00e9o,installations\u2026) int\u00e9grant exp\u00e9rimentation, production et analyse.<\/div>\n<\/li>\n<li>\n<div><b>Rencontrer <\/b>des artistes<\/div>\n<\/li>\n<li>\n<div><b>Fr\u00e9quenter<\/b> les mus\u00e9es et expositions : y d\u00e9couvrir des \u0153uvres de natures diff\u00e9rentes (tableaux,sculptures, dessins, installations\u2026) et des structures culturelles de son territoire<\/div>\n<\/li>\n<li>\n<div><b>Conna\u00eetre<\/b> des artistes d\u2019hier et d\u2019aujourd\u2019hui, des courants artistiques vari\u00e9s, tout cela visant \u00e0 enrichir la culture artistique de l\u2019\u00e9l\u00e8ve et ses connaissances de l\u2019histoire de l\u2019art.<\/div>\n<\/li>\n<li>\n<div><b>D\u00e9couvrir<\/b> la pluralit\u00e9 des m\u00e9tiers li\u00e9s \u00e0 l\u2019art. Chaque ann\u00e9e, rencontrer des professionnels du monde de l\u2019art : plasticien, illustrateur, sculpteur, com\u00e9dien, architecte, cin\u00e9aste, mais aussi tous les m\u00e9tiers qui li\u00e9s au domaine de la diffusion artistique ( m\u00e9diation culturelle, commissariat d&rsquo; exposition, directeur de structure mus\u00e9ale, restaurateur d\u2019\u0153uvres d&rsquo; art, assistant sculpteur, technicien&#8230;.)<\/div>\n<\/li>\n<li>\n<div><b>Exposer et valoriser<\/b> leurs r\u00e9alisations dans diff\u00e9rents espaces.<\/div>\n<\/li>\n<li>\n<div><b>Travailler et apprendre<\/b> gr\u00e2ce \u00e0 des projets interdisciplinaires.<\/div>\n<\/li>\n<\/ul>\n[\/et_pb_text][\/et_pb_column][et_pb_column _builder_version=\u00a0\u00bb4.27.4&Prime; _module_preset=\u00a0\u00bbdefault\u00a0\u00bb type=\u00a0\u00bb1_2&Prime;][et_pb_image src=\u00a0\u00bbhttps:\/\/etab.ac-reunion.fr\/clg-plateau-goyaves\/wp-content\/uploads\/sites\/109\/2025\/10\/image-1-dans-la-presentation.png\u00a0\u00bb _builder_version=\u00a0\u00bb4.27.4&Prime; _module_preset=\u00a0\u00bbdefault\u00a0\u00bb title_text=\u00a0\u00bbimage 1 dans la pr\u00e9sentation\u00a0\u00bb hover_enabled=\u00a0\u00bb0&Prime; sticky_enabled=\u00a0\u00bb0&Prime;][\/et_pb_image][et_pb_image src=\u00a0\u00bbhttps:\/\/etab.ac-reunion.fr\/clg-plateau-goyaves\/wp-content\/uploads\/sites\/109\/2025\/10\/image-2-dans-la-presentation.png\u00a0\u00bb _builder_version=\u00a0\u00bb4.27.4&Prime; _module_preset=\u00a0\u00bbdefault\u00a0\u00bb title_text=\u00a0\u00bbimage 2 dans la pr\u00e9sentation\u00a0\u00bb hover_enabled=\u00a0\u00bb0&Prime; sticky_enabled=\u00a0\u00bb0&Prime;][\/et_pb_image][\/et_pb_column][\/et_pb_row][et_pb_row _builder_version=\u00a0\u00bb4.27.4&Prime; _module_preset=\u00a0\u00bbdefault\u00a0\u00bb global_colors_info=\u00a0\u00bb{}\u00a0\u00bb][et_pb_column type=\u00a0\u00bb4_4&Prime; _builder_version=\u00a0\u00bb4.27.4&Prime; _module_preset=\u00a0\u00bbdefault\u00a0\u00bb global_colors_info=\u00a0\u00bb{}\u00a0\u00bb][et_pb_blog fullwidth=\u00a0\u00bboff\u00a0\u00bb include_categories=\u00a0\u00bb109&Prime; _builder_version=\u00a0\u00bb4.27.4&Prime; _module_preset=\u00a0\u00bbdefault\u00a0\u00bb global_colors_info=\u00a0\u00bb{}\u00a0\u00bb][\/et_pb_blog][\/et_pb_column][\/et_pb_row][\/et_pb_section][et_pb_section fb_built=\u00a0\u00bb1&Prime; _builder_version=\u00a0\u00bb4.27.4&Prime; _module_preset=\u00a0\u00bbdefault\u00a0\u00bb global_colors_info=\u00a0\u00bb{}\u00a0\u00bb][et_pb_row _builder_version=\u00a0\u00bb4.27.4&Prime; _module_preset=\u00a0\u00bbdefault\u00a0\u00bb global_colors_info=\u00a0\u00bb{}\u00a0\u00bb][et_pb_column type=\u00a0\u00bb4_4&Prime; _builder_version=\u00a0\u00bb4.27.4&Prime; _module_preset=\u00a0\u00bbdefault\u00a0\u00bb global_colors_info=\u00a0\u00bb{}\u00a0\u00bb][et_pb_text _builder_version=\u00a0\u00bb4.27.4&Prime; _module_preset=\u00a0\u00bbdefault\u00a0\u00bb global_colors_info=\u00a0\u00bb{}\u00a0\u00bb]<a href=\"https:\/\/fr.freepik.com\/photos-gratuite\/vue-dessus-decoration-peinture_8706364.htm#fromView=search&amp;page=1&amp;position=32&amp;uuid=3e386ac6-0809-4edf-b926-923d232883f7&amp;query=creation+workshop\">Image de freepik<\/a>[\/et_pb_text][\/et_pb_column][\/et_pb_row][\/et_pb_section]\n","protected":false},"excerpt":{"rendered":"<p>La CHAAP est un enseignement renforc\u00e9 en arts plastiques. Elle s\u2019adresse \u00e0 tout \u00e9l\u00e8ve d\u00e9sireux de d\u00e9velopper sa sensibilit\u00e9 \u00e0 l\u2019art.Pas besoin pour cela d\u2019\u00eatre un expert en dessin, en peinture, ou autres techniques plastiques. Seul compte le d\u00e9sir d\u2019apprendre, de cr\u00e9er et ded\u00e9couvrir.La CHAAP propose\u00a0 2 heures d\u2019enseignement d\u2019arts plastiques suppl\u00e9mentaires (qui viennent s\u2019ajouter [&hellip;]<\/p>\n","protected":false},"author":9884,"featured_media":0,"parent":0,"menu_order":0,"comment_status":"closed","ping_status":"closed","template":"","meta":{"_et_pb_use_builder":"on","_et_pb_old_content":"","_et_gb_content_width":"","footnotes":""},"class_list":["post-5977","page","type-page","status-publish","hentry"],"_links":{"self":[{"href":"https:\/\/etab.ac-reunion.fr\/clg-plateau-goyaves\/wp-json\/wp\/v2\/pages\/5977","targetHints":{"allow":["GET"]}}],"collection":[{"href":"https:\/\/etab.ac-reunion.fr\/clg-plateau-goyaves\/wp-json\/wp\/v2\/pages"}],"about":[{"href":"https:\/\/etab.ac-reunion.fr\/clg-plateau-goyaves\/wp-json\/wp\/v2\/types\/page"}],"author":[{"embeddable":true,"href":"https:\/\/etab.ac-reunion.fr\/clg-plateau-goyaves\/wp-json\/wp\/v2\/users\/9884"}],"replies":[{"embeddable":true,"href":"https:\/\/etab.ac-reunion.fr\/clg-plateau-goyaves\/wp-json\/wp\/v2\/comments?post=5977"}],"version-history":[{"count":3,"href":"https:\/\/etab.ac-reunion.fr\/clg-plateau-goyaves\/wp-json\/wp\/v2\/pages\/5977\/revisions"}],"predecessor-version":[{"id":6117,"href":"https:\/\/etab.ac-reunion.fr\/clg-plateau-goyaves\/wp-json\/wp\/v2\/pages\/5977\/revisions\/6117"}],"wp:attachment":[{"href":"https:\/\/etab.ac-reunion.fr\/clg-plateau-goyaves\/wp-json\/wp\/v2\/media?parent=5977"}],"curies":[{"name":"wp","href":"https:\/\/api.w.org\/{rel}","templated":true}]}}