{"id":842,"date":"2013-06-26T07:39:32","date_gmt":"2013-06-26T03:39:32","guid":{"rendered":"http:\/\/college-pgoyaves.ac-reunion.fr\/wordpress2\/?page_id=842"},"modified":"2017-05-29T13:50:55","modified_gmt":"2017-05-29T09:50:55","slug":"marche-public-appel-doffre-2","status":"publish","type":"page","link":"https:\/\/etab.ac-reunion.fr\/clg-plateau-goyaves\/marche-public-appel-doffre-2\/","title":{"rendered":"March\u00e9 public \/ Appel d&rsquo;offre"},"content":{"rendered":"<p><strong>COLLEGE PLATEAU GOYAVES<\/strong><\/p>\n<p><strong>2 RUE AUGUSTE LAREE<\/strong><\/p>\n<p><strong>97450 SAINT LOUIS<\/strong><\/p>\n<p><strong>T\u00e9l\u00e9phone\u00a0: 0262 26 17 65<\/strong><\/p>\n<p><strong>T\u00e9l\u00e9copie\u00a0: 0262 26 87 88<\/strong><\/p>\n<p><strong>\u00a0<\/strong><\/p>\n<p><strong>\u00a0<\/strong><\/p>\n<p><strong><u>CONSULTATION 2017 POUR L\u2019ACHAT DE MANUELS SCOLAIRES<\/u><\/strong><\/p>\n<p><strong><u>ET DE RESSOURCES NUMERIQUES<\/u><\/strong><\/p>\n<p><a href=\"https:\/\/etab.ac-reunion.fr\/clg-plateau-goyaves\/wp-content\/uploads\/sites\/109\/2013\/06\/MAPA-CONSULTATION.pdf\">T\u00e9l\u00e9chargement du document en PDF<\/a><\/p>\n<p><strong><u>\u00a0<\/u><\/strong><\/p>\n<p><strong>CAHIER DES CHARGES VALANT ENGAGEMENT<\/strong><\/p>\n<p><strong>\u00a0<\/strong><\/p>\n<p>Ce document comporte 5 pages.<\/p>\n<p>La proc\u00e9dure utilis\u00e9e est celle de la proc\u00e9dure adapt\u00e9e pr\u00e9vue par l\u2019article 27 du d\u00e9cret n\u00b02016-360 du 25 mars 2016 relatif aux march\u00e9s publics. Seule la langue fran\u00e7aise est accept\u00e9e. Le pr\u00e9sent march\u00e9 rev\u00eat la forme d\u2019un march\u00e9 \u00e0 bons de commande.<\/p>\n<p>&nbsp;<\/p>\n<ul>\n<li><strong><u>OBJET<\/u><\/strong><\/li>\n<\/ul>\n<p>Achat de manuels scolaires et de ressources num\u00e9riques pour l\u2019ann\u00e9e 2017 comportant la fourniture et la livraison.<\/p>\n<p>Les candidats doivent soumettre leurs conditions tarifaires et de livraison.<\/p>\n<p><strong><u>LIVRAISON AU PLUS TARD LE LUNDI 21 AOUT 2017<\/u><\/strong><\/p>\n<p><strong><u>\u00a0<\/u><\/strong><\/p>\n<ul>\n<li><strong><u>DUREE<\/u><\/strong><\/li>\n<\/ul>\n<p>Le pr\u00e9sent march\u00e9 prendra effet \u00e0 la date de sa notification pour une dur\u00e9e de six mois, non reconductible.<\/p>\n<p>&nbsp;<\/p>\n<p>&nbsp;<\/p>\n<ul>\n<li><strong><u>MODALITES DE TRANSMISSION ET DE RECEPTION DES OFFRES<\/u><\/strong><\/li>\n<\/ul>\n<p>Les candidats transmettent leur proposition par enveloppe ou par mail contenant les documents contractuels \u00e0 l\u2019adresse suivante\u00a0:<\/p>\n<p>COLLEGE PLATEAU GOYAVES<\/p>\n<p>Consultation \u00a0pour la fourniture de manuels scolaires et de ressources num\u00e9riques 2017<\/p>\n<p>2 rue Auguste Larr\u00e9 97450 Saint Louis<\/p>\n<p>T\u00e9l\u00e9copie\u00a0: 0262 26 87 88<\/p>\n<p>Mail\u00a0: <a href=\"mailto:gestion.9740841w@ac-reunion.fr\">gestion.9740841w@ac-reunion.fr<\/a><\/p>\n<p>Date de limite de r\u00e9ception des offres\u00a0: le <strong>21 juin 2017 \u00e0 11 heures<\/strong>, heure locale<\/p>\n<p>&nbsp;<\/p>\n<ul>\n<li><strong><u>RENSEIGNEMENTS A FOURNIR<\/u><\/strong><\/li>\n<\/ul>\n<p><strong><u>\u00a0<\/u><\/strong><\/p>\n<p>Le candidat fournit <strong>avec sa proposition<\/strong> tous documents justifiant les capacit\u00e9s professionnelles, techniques et financi\u00e8res de son entreprise.<\/p>\n<p>Il fournit une attestation sur l\u2019honneur d\u2019avoir souscrit, au 31 d\u00e9cembre 2015, les d\u00e9clarations lui incombant en mati\u00e8re fiscale et sociale ou de s\u2019\u00eatre acquitt\u00e9 les imp\u00f4ts et cotisations exigibles \u00e0 cette date, au sens de l\u2019article 43 du code des march\u00e9s publics\u00a0; attestation de non-condamnation pour infraction au code du travail\u00a0; attestation sur l\u2019honneur du candidat indiquant qu\u2019il n\u2019a pas fait l\u2019objet , au cours des cinq derni\u00e8res ann\u00e9es, d\u2019une condamnation inscrite au bulletin n\u00b02 du casier judiciaire\u00a0 pour les infractions vis\u00e9es aux articles L324-9,L324-10,L125-1 et L125-3 du code du travail\u00a0; la copie du (ou des) jugement(s) prononc\u00e9(s), si le candidat est en redressement judiciaire\u00a0; attestation de r\u00e9gularit\u00e9 au regard des articles L323-1 et L323-8-2 ou L323-8-5 du code de travail concernant l\u2019emploi\u00a0 des travailleurs handicap\u00e9s.<\/p>\n<p>Un formulaire de \u00ab\u00a0d\u00e9claration du candidat\u00a0\u00bb peut \u00eatre t\u00e9l\u00e9charg\u00e9 \u00e0 l\u2019adresse suivante\u00a0:<\/p>\n<p><a href=\"http:\/\/www.minefi.gouv.fr\/formulaires\/daj\/DCimprimes_dc\/dc5.rtf\">http:\/\/www.minefi.gouv.fr\/formulaires\/daj\/DCimprimes_dc\/dc5.rtf<\/a><\/p>\n<ul>\n<li><strong><u>MODALITES D\u2019ATTRIBUTION DU MARCHE<\/u><\/strong><\/li>\n<\/ul>\n<p>L\u2019offre retenue sera la plus avantageuse \u00e9conomiquement, en fonction du crit\u00e8re \u00e9nonc\u00e9 ci-apr\u00e8s\u00a0:<\/p>\n<ul>\n<li>Le prix 70 points\u00a0: le prix de l\u2019offre est not\u00e9 sur la base de la formule suivante\u00a0:<\/li>\n<\/ul>\n<p>70X offre de prix la plus base\/ prix de l\u2019offre consid\u00e9r\u00e9e.<\/p>\n<ul>\n<li>Les conditions d\u2019\u00e9change de manuels d\u00e9fectueux, 30 points\u00a0: 30 points pour la gratuit\u00e9 des frais. 0 point pour des frais divers (r\u00e9cup\u00e9ration comprise)<\/li>\n<\/ul>\n<p>En cas d\u2019\u00e9galit\u00e9 entre les candidats, il sera effectu\u00e9 un partage \u00e9quitable en veillant \u00e0 ne pas scinder en deux une m\u00eame collection et m\u00eame discipline.<\/p>\n<p><strong>Le coll\u00e8ge Plateau Goyaves \u00a0se r\u00e9serve le droit de ne pas donner suite \u00e0 la consultation.<\/strong><\/p>\n<p><strong>\u00a0<\/strong><\/p>\n<ul>\n<li><strong><u>DOCUMENTS CONTRACTUELS<\/u><\/strong><\/li>\n<\/ul>\n<p><strong><u>\u00a0<\/u><\/strong><\/p>\n<ul>\n<li><strong>Le pr\u00e9sent cahier des charges sign\u00e9 par le candidat valant acte d\u2019engagement<\/strong><\/li>\n<li>La proposition chiffr\u00e9e du candidat, <strong>pr\u00e9cisant les conditions tarifaires, les d\u00e9lais et les<\/strong> <strong>conditions\u00a0 de livraison, ainsi que les conditions d\u2019\u00e9change des manuels d\u00e9fectueux<\/strong>.<\/li>\n<\/ul>\n<p>&nbsp;<\/p>\n<ul>\n<li><strong><u>MODALITES DE REGLEMENT<\/u><\/strong><\/li>\n<\/ul>\n<p>Sur pr\u00e9sentation d\u2019une facture en bonne et due forme, comportant obligatoirement les coordonn\u00e9es bancaires (IBAN+BIC), le mode de r\u00e8glement est le virement administratif. Le d\u00e9lai de paiement est de trente jours \u00e0 compter de la date de r\u00e9ception de la facture par l\u2019administration du coll\u00e8ge et apr\u00e8s service\u00a0 fait (bon de commande valant engagement et livraison conforme).<\/p>\n<p>&nbsp;<\/p>\n<p>En cas de d\u00e9faut de paiement dans le d\u00e9lai imparti, les int\u00e9r\u00eats moratoires applicables, le taux appliqu\u00e9 est celui du taux l\u00e9gal en vigueur \u00e0 la date \u00e0 laquelle les int\u00e9r\u00eats ont commenc\u00e9 \u00e0 courir.<\/p>\n<p>Aucun acompte, ni aucune avance ne sont pr\u00e9vus.<\/p>\n<p>&nbsp;<\/p>\n<ul>\n<li><strong><u>MODALITES D\u2019EXECUTION<\/u><\/strong><\/li>\n<\/ul>\n<p>Lieu de livraison\u00a0: coll\u00e8ge Plateau Goyaves, 2 rue Auguste Lar\u00e9e 97450 saint Louis.<\/p>\n<p>Le service de l\u2019Intendance devra \u00eatre inform\u00e9 de la livraison au moins 2 jours ouvrables \u00e0 l\u2019avance afin de prendre toutes les disponibilit\u00e9s utiles \u00e0 son bon d\u00e9roulement.<\/p>\n<p>Les livraisons des mat\u00e9riels devront avoir lieu aux heures d\u2019ouvertures de l\u2019\u00e9tablissement\u00a0:<\/p>\n<p><strong>Du lundi au vendredi de 7h30 \u00e0 16h00, le mercredi jusqu\u2019\u00e0\u00a0 11h30<\/strong>.<\/p>\n<p>&nbsp;<\/p>\n<p>Les d\u00e9lais d\u2019ex\u00e9cution englobent le temps d\u2019acheminement des manuels par l\u2019attribution du march\u00e9 via ses fournisseurs de livraison au coll\u00e8ge. Ce d\u00e9lai\u00a0 peut \u00eatre prolong\u00e9 pour un nombre de jours \u00e9gal \u00e0 celui pendant lequel des \u00e9v\u00e8nements impr\u00e9vus lors de la remise des offres non imputables aux fournisseurs retenus ont rendu impossible la livraison des mat\u00e9riels. Au cas o\u00f9 le d\u00e9lai contractuel vis\u00e9 \u00e0 l\u2019acte d\u2019engagement ne serait\u00a0 pas respect\u00e9, la personne responsable du march\u00e9 peut r\u00e9silier le march\u00e9 aux torts du titulaire sans pr\u00e9judice de l\u2019application des p\u00e9nalit\u00e9s de retard.<\/p>\n<p>Le fournisseur retenu re\u00e7oit un bon de commande. L\u2019ex\u00e9cution du d\u00e9lai de livraison contractuel sera la date d\u2019envoi du\u00a0 bon de commande, par t\u00e9l\u00e9copie, par mail ou par courrier (+un jour). Toute livraison ex\u00e9cut\u00e9e sans bon de commande ne sera pas pay\u00e9e au titulaire.<\/p>\n<p>&nbsp;<\/p>\n<p>Les mat\u00e9riels livr\u00e9s par le titulaire doivent \u00eatre accompagn\u00e9s d\u2019un bon de livraison dat\u00e9 qui pr\u00e9cisera\u00a0:<\/p>\n<ul>\n<li>La personne publique contractante<\/li>\n<li>Le non et l\u2019adresse du fournisseur<\/li>\n<li>Le num\u00e9ro SIRET ou SIREN<\/li>\n<li>L\u2019identification, les num\u00e9ros de s\u00e9rie et les qualit\u00e9s des mat\u00e9riels livr\u00e9es<\/li>\n<li>Le lieu et la date de livraison<\/li>\n<\/ul>\n<p>&nbsp;<\/p>\n<p><strong><u>Livraison au plus tard le lundi 21 ao\u00fbt 2017<\/u><\/strong><\/p>\n<p><strong><u>\u00a0<\/u><\/strong><\/p>\n<ul>\n<li><strong><u>PRIX<\/u><\/strong><\/li>\n<\/ul>\n<p>Ils sont fermes et d\u00e9finitifs et incluent le transport,\u00a0 autres charges comprises.<\/p>\n<p>Ils doivent \u00eatre garantis jusqu\u2019\u00e0 la facturation apr\u00e8s service fait.<\/p>\n<p>&nbsp;<\/p>\n<ul>\n<li><strong><u>DIFFERENDS ET LITIGES<\/u><\/strong><\/li>\n<\/ul>\n<p>Tout diff\u00e9rend pouvant na\u00eetre de l\u2019ex\u00e9cution du pr\u00e9sent march\u00e9 devra faire l\u2019objet au pr\u00e9alable d\u2019un r\u00e8glement amiable.<\/p>\n<p>Les litiges seront port\u00e9s devant le tribunal administratif de SAINT-DENIS de la REUNION<\/p>\n<p>&nbsp;<\/p>\n<p>&nbsp;<\/p>\n<p>&nbsp;<\/p>\n<p>&nbsp;<\/p>\n<p>&nbsp;<\/p>\n<p>&nbsp;<\/p>\n<p>&nbsp;<\/p>\n<p>&nbsp;<\/p>\n<p>&nbsp;<\/p>\n<p>&nbsp;<\/p>\n<p>&nbsp;<\/p>\n<p>&nbsp;<\/p>\n<ul>\n<li><strong><u>ENGAGEMENT DU CANDIDAT<\/u><\/strong><\/li>\n<\/ul>\n<p>Je soussign\u00e9 (Nom, Pr\u00e9noms)\u00a0: \u2026\u2026\u2026\u2026\u2026\u2026\u2026\u2026\u2026\u2026\u2026\u2026\u2026\u2026\u2026\u2026\u2026\u2026\u2026\u2026\u2026\u2026\u2026\u2026\u2026\u2026\u2026\u2026\u2026\u2026\u2026\u2026\u2026\u2026\u2026\u2026\u2026\u2026\u2026\u2026<\/p>\n<p>Agissant au nom propre et pour le compte de\u00a0: \u2026\u2026\u2026\u2026\u2026\u2026\u2026\u2026\u2026\u2026\u2026\u2026\u2026\u2026\u2026\u2026\u2026\u2026\u2026\u2026\u2026\u2026\u2026\u2026\u2026\u2026\u2026\u2026\u2026\u2026..<\/p>\n<p>Domicili\u00e9\u00a0: \u2026\u2026\u2026\u2026\u2026\u2026\u2026\u2026\u2026\u2026\u2026\u2026\u2026\u2026\u2026\u2026\u2026\u2026\u2026\u2026\u2026\u2026\u2026\u2026\u2026\u2026\u2026\u2026\u2026\u2026\u2026\u2026\u2026\u2026\u2026\u2026\u2026\u2026\u2026\u2026\u2026\u2026\u2026\u2026\u2026\u2026\u2026\u2026\u2026\u2026\u2026\u2026<\/p>\n<p>Ayant son si\u00e8ge social \u00e0\u00a0: \u2026\u2026\u2026\u2026\u2026\u2026\u2026\u2026\u2026\u2026\u2026\u2026\u2026\u2026\u2026\u2026\u2026\u2026\u2026\u2026\u2026\u2026\u2026\u2026\u2026\u2026\u2026\u2026\u2026\u2026\u2026\u2026\u2026\u2026\u2026\u2026\u2026\u2026\u2026\u2026\u2026\u2026\u2026..<\/p>\n<p>T\u00e9l\u00e9phone\u00a0: \u2026\u2026\u2026\u2026\u2026\u2026\u2026\u2026\u2026\u2026\u2026\u2026\u2026\u2026\u2026\u2026\u2026\u2026\u2026\u2026\u2026\u2026\u2026\u2026\u2026\u2026\u2026\u2026\u2026\u2026\u2026\u2026\u2026\u2026\u2026\u2026\u2026\u2026\u2026\u2026\u2026\u2026\u2026\u2026\u2026\u2026\u2026\u2026\u2026\u2026\u2026.<\/p>\n<p>Fax\u00a0: \u2026\u2026\u2026\u2026\u2026\u2026\u2026\u2026\u2026\u2026\u2026\u2026\u2026\u2026\u2026\u2026\u2026\u2026\u2026\u2026\u2026\u2026\u2026\u2026\u2026\u2026\u2026\u2026\u2026\u2026\u2026\u2026\u2026\u2026\u2026\u2026\u2026\u2026\u2026\u2026\u2026\u2026\u2026\u2026\u2026\u2026\u2026\u2026\u2026\u2026\u2026\u2026\u2026\u2026\u2026..<\/p>\n<p>E-mail\u00a0: \u2026\u2026\u2026\u2026\u2026\u2026\u2026\u2026\u2026\u2026\u2026\u2026\u2026\u2026\u2026\u2026\u2026\u2026\u2026\u2026\u2026\u2026\u2026\u2026\u2026\u2026\u2026\u2026\u2026\u2026\u2026\u2026\u2026\u2026\u2026\u2026\u2026\u2026\u2026\u2026\u2026\u2026\u2026\u2026\u2026\u2026\u2026\u2026\u2026\u2026\u2026\u2026\u2026\u2026<\/p>\n<p>N\u00b0 SIRET\u00a0: \u2026\u2026\u2026\u2026\u2026\u2026\u2026\u2026\u2026\u2026\u2026\u2026\u2026\u2026\u2026\u2026\u2026\u2026\u2026\u2026\u2026\u2026\u2026\u2026\u2026\u2026\u2026\u2026\u2026\u2026\u2026\u2026\u2026\u2026\u2026\u2026\u2026\u2026\u2026\u2026\u2026\u2026\u2026\u2026\u2026\u2026\u2026\u2026\u2026\u2026\u2026\u2026..<\/p>\n<p>Code d\u2019activit\u00e9 principale\u00a0: \u2026\u2026\u2026\u2026\u2026\u2026\u2026\u2026\u2026\u2026\u2026\u2026\u2026\u2026\u2026\u2026\u2026\u2026\u2026\u2026\u2026\u2026\u2026\u2026\u2026\u2026\u2026\u2026\u2026\u2026\u2026\u2026\u2026\u2026\u2026\u2026\u2026\u2026\u2026\u2026\u2026\u2026\u2026<\/p>\n<p>N\u00b0 d\u2019inscription au registre du commerce\u00a0: \u2026\u2026\u2026\u2026\u2026\u2026\u2026\u2026\u2026\u2026\u2026\u2026\u2026\u2026\u2026\u2026\u2026\u2026\u2026\u2026\u2026\u2026\u2026\u2026\u2026\u2026\u2026\u2026\u2026\u2026\u2026\u2026\u2026..<\/p>\n<p>Avoir pris connaissance du pr\u00e9sent document que je d\u00e9clare accepter sans modification ni r\u00e9serves. Je m\u2019engage \u00e0 ex\u00e9cuter les prestations demand\u00e9es selon les conditions et les modalit\u00e9s ci-dessus pour le(s) lot(s) pour le(s)quel(s) je serai retenu.<\/p>\n<p>Conditions tarifaires et de d\u00e9lai\u00a0:<\/p>\n<p>&nbsp;<\/p>\n<p><strong>Demande que le coll\u00e8ge Plateau Goyaves r\u00e8gle les sommes dues au titre du pr\u00e9sent march\u00e9 en faisant porter le montant au cr\u00e9dit du compte suivant (joindre RIB)<\/strong>\u00a0:<\/p>\n<p>B\u00e9n\u00e9ficiaire\u00a0: \u2026\u2026\u2026\u2026\u2026\u2026\u2026\u2026\u2026\u2026\u2026\u2026\u2026\u2026\u2026\u2026\u2026\u2026\u2026\u2026\u2026\u2026\u2026\u2026\u2026\u2026\u2026\u2026\u2026\u2026\u2026\u2026.<\/p>\n<p>Etablissement bancaire\u00a0: \u2026\u2026\u2026\u2026\u2026\u2026\u2026\u2026\u2026\u2026\u2026\u2026\u2026\u2026\u2026\u2026\u2026\u2026\u2026\u2026\u2026\u2026\u2026\u2026\u2026..<\/p>\n<p>IBAN\u00a0: \u2026\u2026\u2026\u2026\u2026\u2026\u2026\u2026\u2026\u2026\u2026\u2026\u2026\u2026\u2026\u2026\u2026\u2026\u2026\u2026\u2026\u2026\u2026\u2026\u2026\u2026\u2026\u2026\u2026\u2026\u2026\u2026\u2026\u2026\u2026\u2026.<\/p>\n<p>Code BIC\u00a0: \u2026\u2026\u2026\u2026\u2026\u2026\u2026\u2026\u2026\u2026\u2026\u2026\u2026\u2026\u2026\u2026\u2026\u2026\u2026\u2026\u2026\u2026\u2026\u2026\u2026\u2026\u2026\u2026\u2026\u2026\u2026\u2026\u2026\u2026.<\/p>\n<p>&nbsp;<\/p>\n<p>Saint Louis le 24 mai 2017<\/p>\n<p><strong>Le chef d\u2019\u00e9tablissement<\/strong><\/p>\n<p><strong>Sophie GAUDE<\/strong><\/p>\n<p>Pour approbation<\/p>\n<p>Date<\/p>\n<p>Signature du fournisseur<\/p>\n<p>&nbsp;<\/p>\n<p>&nbsp;<\/p>\n<p>&nbsp;<\/p>\n","protected":false},"excerpt":{"rendered":"<p>COLLEGE PLATEAU GOYAVES 2 RUE AUGUSTE LAREE 97450 SAINT LOUIS T\u00e9l\u00e9phone\u00a0: 0262 26 17 65 T\u00e9l\u00e9copie\u00a0: 0262 26 87 88 \u00a0 \u00a0 CONSULTATION 2017 POUR L\u2019ACHAT DE MANUELS SCOLAIRES ET DE RESSOURCES NUMERIQUES T\u00e9l\u00e9chargement du document en PDF \u00a0 CAHIER DES CHARGES VALANT ENGAGEMENT \u00a0 Ce document comporte 5 pages. La proc\u00e9dure utilis\u00e9e est celle [&hellip;]<\/p>\n","protected":false},"author":4103,"featured_media":0,"parent":0,"menu_order":0,"comment_status":"closed","ping_status":"open","template":"","meta":{"_et_pb_use_builder":"","_et_pb_old_content":"","_et_gb_content_width":"","footnotes":""},"class_list":["post-842","page","type-page","status-publish","hentry"],"_links":{"self":[{"href":"https:\/\/etab.ac-reunion.fr\/clg-plateau-goyaves\/wp-json\/wp\/v2\/pages\/842","targetHints":{"allow":["GET"]}}],"collection":[{"href":"https:\/\/etab.ac-reunion.fr\/clg-plateau-goyaves\/wp-json\/wp\/v2\/pages"}],"about":[{"href":"https:\/\/etab.ac-reunion.fr\/clg-plateau-goyaves\/wp-json\/wp\/v2\/types\/page"}],"author":[{"embeddable":true,"href":"https:\/\/etab.ac-reunion.fr\/clg-plateau-goyaves\/wp-json\/wp\/v2\/users\/4103"}],"replies":[{"embeddable":true,"href":"https:\/\/etab.ac-reunion.fr\/clg-plateau-goyaves\/wp-json\/wp\/v2\/comments?post=842"}],"version-history":[{"count":4,"href":"https:\/\/etab.ac-reunion.fr\/clg-plateau-goyaves\/wp-json\/wp\/v2\/pages\/842\/revisions"}],"predecessor-version":[{"id":1542,"href":"https:\/\/etab.ac-reunion.fr\/clg-plateau-goyaves\/wp-json\/wp\/v2\/pages\/842\/revisions\/1542"}],"wp:attachment":[{"href":"https:\/\/etab.ac-reunion.fr\/clg-plateau-goyaves\/wp-json\/wp\/v2\/media?parent=842"}],"curies":[{"name":"wp","href":"https:\/\/api.w.org\/{rel}","templated":true}]}}