{"id":145,"date":"2017-01-21T05:05:59","date_gmt":"2017-01-21T01:05:59","guid":{"rendered":"http:\/\/college-pointe-chateaux-tmp.ac-reunion.fr\/?page_id=145"},"modified":"2025-09-04T10:42:26","modified_gmt":"2025-09-04T06:42:26","slug":"contact","status":"publish","type":"page","link":"https:\/\/etab.ac-reunion.fr\/clg-pointe-des-chateaux\/contact\/","title":{"rendered":"CONTACT"},"content":{"rendered":"<div class=\"ideo-address-text\">\n<div class=\"ideo-address-text-inner \">\n<h1 class=\"noTrad no-margin\" style=\"text-align: center\">Coll\u00e8ge Pointe des Ch\u00e2teaux<\/h1>\n<h4 style=\"text-align: center\"><span class=\"ezstring-field\">48 rue Georges Pompidou<\/span><\/h4>\n<h4 style=\"text-align: center\"><span class=\"ezstring-field\">97436<\/span> <span class=\"ezstring-field\">Saint-Leu<\/span><\/h4>\n<p style=\"text-align: center\"><b>Acad\u00e9mie de La R\u00e9union<\/b><\/p>\n<\/div>\n<\/div>\n<h4 style=\"text-align: center\"><span class=\"ezstring-field\">02 62 34 88 56<\/span><\/h4>\n<h3 style=\"text-align: center\"><a href=\"https:\/\/www.facebook.com\/share\/16FC9tBe7X\/\">Page Facebook du Coll\u00e8ge<\/a><\/h3>\n<h4 style=\"text-align: center\"><a class=\"ezemail-field\" href=\"mailto:ce.9741048w%40ac-reunion.fr\">ce.9741048w@ac-reunion.fr<\/a><\/h4>\n<h4 style=\"text-align: center\"><a class=\"moz-txt-link-abbreviated moz-txt-link-freetext\" href=\"mailto:vie-scolaire1.9741048W@ac-reunion.fr\">vie-scolaire1.9741048W@ac-reunion.fr<\/a><\/h4>\n<p style=\"text-align: center\">\n<div class=\"wpcf7 no-js\" id=\"wpcf7-f1062-o1\" lang=\"fr-FR\" dir=\"ltr\" data-wpcf7-id=\"1062\">\n<div class=\"screen-reader-response\"><p role=\"status\" aria-live=\"polite\" aria-atomic=\"true\"><\/p> <ul><\/ul><\/div>\n<form action=\"\/clg-pointe-des-chateaux\/wp-json\/wp\/v2\/pages\/145#wpcf7-f1062-o1\" method=\"post\" class=\"wpcf7-form init\" aria-label=\"Formulaire de contact\" novalidate=\"novalidate\" data-status=\"init\">\n<fieldset class=\"hidden-fields-container\"><input type=\"hidden\" name=\"_wpcf7\" value=\"1062\" \/><input type=\"hidden\" name=\"_wpcf7_version\" value=\"6.1.5\" \/><input type=\"hidden\" name=\"_wpcf7_locale\" value=\"fr_FR\" \/><input type=\"hidden\" name=\"_wpcf7_unit_tag\" value=\"wpcf7-f1062-o1\" \/><input type=\"hidden\" name=\"_wpcf7_container_post\" value=\"0\" \/><input type=\"hidden\" name=\"_wpcf7_posted_data_hash\" value=\"\" \/>\n<\/fieldset>\n<div class=\"wpcf7-response-output\" aria-hidden=\"true\"><\/div>\n<\/form>\n<\/div>\n<\/p>\n","protected":false},"excerpt":{"rendered":"<p>Coll\u00e8ge Pointe des Ch\u00e2teaux 48 rue Georges Pompidou 97436 Saint-Leu Acad\u00e9mie de La R\u00e9union 02 62 34 88 56 Page Facebook du Coll\u00e8ge ce.9741048w@ac-reunion.fr vie-scolaire1.9741048W@ac-reunion.fr<\/p>\n","protected":false},"author":15219,"featured_media":0,"parent":0,"menu_order":0,"comment_status":"closed","ping_status":"closed","template":"","meta":{"footnotes":""},"class_list":["post-145","page","type-page","status-publish","hentry"],"_links":{"self":[{"href":"https:\/\/etab.ac-reunion.fr\/clg-pointe-des-chateaux\/wp-json\/wp\/v2\/pages\/145","targetHints":{"allow":["GET"]}}],"collection":[{"href":"https:\/\/etab.ac-reunion.fr\/clg-pointe-des-chateaux\/wp-json\/wp\/v2\/pages"}],"about":[{"href":"https:\/\/etab.ac-reunion.fr\/clg-pointe-des-chateaux\/wp-json\/wp\/v2\/types\/page"}],"author":[{"embeddable":true,"href":"https:\/\/etab.ac-reunion.fr\/clg-pointe-des-chateaux\/wp-json\/wp\/v2\/users\/15219"}],"replies":[{"embeddable":true,"href":"https:\/\/etab.ac-reunion.fr\/clg-pointe-des-chateaux\/wp-json\/wp\/v2\/comments?post=145"}],"version-history":[{"count":8,"href":"https:\/\/etab.ac-reunion.fr\/clg-pointe-des-chateaux\/wp-json\/wp\/v2\/pages\/145\/revisions"}],"predecessor-version":[{"id":5244,"href":"https:\/\/etab.ac-reunion.fr\/clg-pointe-des-chateaux\/wp-json\/wp\/v2\/pages\/145\/revisions\/5244"}],"wp:attachment":[{"href":"https:\/\/etab.ac-reunion.fr\/clg-pointe-des-chateaux\/wp-json\/wp\/v2\/media?parent=145"}],"curies":[{"name":"wp","href":"https:\/\/api.w.org\/{rel}","templated":true}]}}