{"id":1822,"date":"2020-09-29T09:23:02","date_gmt":"2020-09-29T05:23:02","guid":{"rendered":"http:\/\/college-pointe-chateaux.ac-reunion.fr\/?page_id=1822"},"modified":"2025-05-20T08:02:11","modified_gmt":"2025-05-20T04:02:11","slug":"le-reglement-interieur","status":"publish","type":"page","link":"https:\/\/etab.ac-reunion.fr\/clg-pointe-des-chateaux\/le-reglement-interieur\/","title":{"rendered":"Le r\u00e9glement int\u00e9rieur"},"content":{"rendered":"<h5 style=\"text-align: center\" data-wp-editing=\"1\"><strong><a href=\"https:\/\/etab.ac-reunion.fr\/clg-pointe-des-chateaux\/wp-content\/uploads\/sites\/48\/2025\/05\/RI-24-25-2.pdf\">Cliquez ici pour t\u00e9l\u00e9charger le r\u00e8glement int\u00e9rieur du Coll\u00e8ge Pointe des Ch\u00e2teaux<\/a><\/strong><\/h5>\n<p data-wp-editing=\"1\"><img loading=\"lazy\" decoding=\"async\" class=\"alignnone size-full wp-image-5127 aligncenter\" src=\"https:\/\/etab.ac-reunion.fr\/clg-pointe-des-chateaux\/wp-content\/uploads\/sites\/48\/2025\/05\/RI-24-25-2.png\" alt=\"\" width=\"609\" height=\"859\" srcset=\"https:\/\/etab.ac-reunion.fr\/clg-pointe-des-chateaux\/wp-content\/uploads\/sites\/48\/2025\/05\/RI-24-25-2.png 609w, https:\/\/etab.ac-reunion.fr\/clg-pointe-des-chateaux\/wp-content\/uploads\/sites\/48\/2025\/05\/RI-24-25-2-284x400.png 284w, https:\/\/etab.ac-reunion.fr\/clg-pointe-des-chateaux\/wp-content\/uploads\/sites\/48\/2025\/05\/RI-24-25-2-496x700.png 496w, https:\/\/etab.ac-reunion.fr\/clg-pointe-des-chateaux\/wp-content\/uploads\/sites\/48\/2025\/05\/RI-24-25-2-142x200.png 142w\" sizes=\"auto, (max-width: 609px) 100vw, 609px\" \/><\/p>\n<h4 style=\"text-align: center\"><strong>Charte des parents<\/strong><\/h4>\n<p>&nbsp;<\/p>\n<p><a href=\"https:\/\/etab.ac-reunion.fr\/clg-pointe-des-chateaux\/wp-content\/uploads\/sites\/48\/2024\/07\/charte.jpg\"><img loading=\"lazy\" decoding=\"async\" class=\"size-large wp-image-4593 aligncenter\" src=\"https:\/\/etab.ac-reunion.fr\/clg-pointe-des-chateaux\/wp-content\/uploads\/sites\/48\/2024\/07\/charte-489x700.jpg\" alt=\"\" width=\"489\" height=\"700\" srcset=\"https:\/\/etab.ac-reunion.fr\/clg-pointe-des-chateaux\/wp-content\/uploads\/sites\/48\/2024\/07\/charte-489x700.jpg 489w, https:\/\/etab.ac-reunion.fr\/clg-pointe-des-chateaux\/wp-content\/uploads\/sites\/48\/2024\/07\/charte-280x400.jpg 280w, https:\/\/etab.ac-reunion.fr\/clg-pointe-des-chateaux\/wp-content\/uploads\/sites\/48\/2024\/07\/charte-105x150.jpg 105w, https:\/\/etab.ac-reunion.fr\/clg-pointe-des-chateaux\/wp-content\/uploads\/sites\/48\/2024\/07\/charte.jpg 747w\" sizes=\"auto, (max-width: 489px) 100vw, 489px\" \/><\/a><\/p>\n","protected":false},"excerpt":{"rendered":"<p>Cliquez ici pour t\u00e9l\u00e9charger le r\u00e8glement int\u00e9rieur du Coll\u00e8ge Pointe des Ch\u00e2teaux Charte des parents &nbsp;<\/p>\n","protected":false},"author":15822,"featured_media":0,"parent":0,"menu_order":0,"comment_status":"closed","ping_status":"closed","template":"","meta":{"footnotes":""},"class_list":["post-1822","page","type-page","status-publish","hentry"],"_links":{"self":[{"href":"https:\/\/etab.ac-reunion.fr\/clg-pointe-des-chateaux\/wp-json\/wp\/v2\/pages\/1822","targetHints":{"allow":["GET"]}}],"collection":[{"href":"https:\/\/etab.ac-reunion.fr\/clg-pointe-des-chateaux\/wp-json\/wp\/v2\/pages"}],"about":[{"href":"https:\/\/etab.ac-reunion.fr\/clg-pointe-des-chateaux\/wp-json\/wp\/v2\/types\/page"}],"author":[{"embeddable":true,"href":"https:\/\/etab.ac-reunion.fr\/clg-pointe-des-chateaux\/wp-json\/wp\/v2\/users\/15822"}],"replies":[{"embeddable":true,"href":"https:\/\/etab.ac-reunion.fr\/clg-pointe-des-chateaux\/wp-json\/wp\/v2\/comments?post=1822"}],"version-history":[{"count":10,"href":"https:\/\/etab.ac-reunion.fr\/clg-pointe-des-chateaux\/wp-json\/wp\/v2\/pages\/1822\/revisions"}],"predecessor-version":[{"id":5128,"href":"https:\/\/etab.ac-reunion.fr\/clg-pointe-des-chateaux\/wp-json\/wp\/v2\/pages\/1822\/revisions\/5128"}],"wp:attachment":[{"href":"https:\/\/etab.ac-reunion.fr\/clg-pointe-des-chateaux\/wp-json\/wp\/v2\/media?parent=1822"}],"curies":[{"name":"wp","href":"https:\/\/api.w.org\/{rel}","templated":true}]}}