{"id":1837,"date":"2020-10-01T11:25:03","date_gmt":"2020-10-01T07:25:03","guid":{"rendered":"http:\/\/college-pointe-chateaux.ac-reunion.fr\/?page_id=1837"},"modified":"2020-10-01T11:25:03","modified_gmt":"2020-10-01T07:25:03","slug":"infirmerie","status":"publish","type":"page","link":"https:\/\/etab.ac-reunion.fr\/clg-pointe-des-chateaux\/infirmerie\/","title":{"rendered":"Infirmerie"},"content":{"rendered":"<p style=\"text-align: center\"><strong> Infirmerie<\/strong> (ligne directe 0262 34 22 99)<\/p>\n<p style=\"text-align: left\">L\u2019infirmi\u00e8re est \u00e0 la disposition des \u00e9l\u00e8ves et des familles.<\/p>\n<p style=\"text-align: left\">Elle re\u00e7oit sans rendez-vous et est tenue au secret professionnel.<\/p>\n<p style=\"text-align: left\">L\u2019infirmi\u00e8re accueille les \u00e9l\u00e8ves pour quelque motif que ce soit : soins, \u00e9coute, conseil, bilan de sant\u00e9, renseignements&#8230; En dehors des urgences, il est pr\u00e9f\u00e9rable de choisir les moments d\u2019interclasse, de r\u00e9cr\u00e9ations et de pause m\u00e9ridienne.<\/p>\n<p style=\"text-align: left\">L\u2019\u00e9l\u00e8ve peut se rendre \u00e0 l\u2019infirmerie accompagn\u00e9 d\u2019un camarade et de son carnet de liaison. Il doit \u00eatre rempli par le professeur ou l\u2019assistant d\u2019\u00e9ducation : date, heure de sortie de cours et signature.Les \u00e9l\u00e8ves souffrant de probl\u00e8me de sant\u00e9 sont pri\u00e9s de se faire conna\u00eetre d\u00e8s la rentr\u00e9e afin de mettre en place un protocole d\u2019urgence ou un projet d\u2019accueil individualis\u00e9.<\/p>\n<p style=\"text-align: left\">Si besoin, l\u2019ordonnance du m\u00e9decin et les m\u00e9dicaments sont d\u00e9pos\u00e9s \u00e0 l\u2019infirmerie. Il est interdit de poss\u00e9der des m\u00e9dicaments dans son sac pour des raisons de s\u00e9curit\u00e9. Seule l\u2019infirmi\u00e8re est habilit\u00e9e \u00e0 juger de l\u2019\u00e9tat de sant\u00e9 d\u2019un \u00e9l\u00e8ve et de la n\u00e9cessit\u00e9 de son retour \u00e0 la maison. Elle pr\u00e9viendra la famille pour venir chercher l\u2019\u00e9l\u00e8ve. En l\u2019absence de l\u2019infirmi\u00e8re, le coll\u00e8ge appellera les responsables l\u00e9gaux et \/ou les services d\u2019urgence.<\/p>\n<p style=\"text-align: left\">Elle intervient aupr\u00e8s de groupes d\u2019\u00e9l\u00e8ves dans le cadre d\u2019\u00e9ducation \u00e0 la sant\u00e9.<\/p>\n","protected":false},"excerpt":{"rendered":"<p>Infirmerie (ligne directe 0262 34 22 99) L\u2019infirmi\u00e8re est \u00e0 la disposition des \u00e9l\u00e8ves et des familles. Elle re\u00e7oit sans rendez-vous et est tenue au secret professionnel. L\u2019infirmi\u00e8re accueille les \u00e9l\u00e8ves pour quelque motif que ce soit : soins, \u00e9coute, conseil, bilan de sant\u00e9, renseignements&#8230; En dehors des urgences, il &hellip;<\/p>\n","protected":false},"author":15822,"featured_media":0,"parent":0,"menu_order":0,"comment_status":"closed","ping_status":"closed","template":"","meta":{"footnotes":""},"class_list":["post-1837","page","type-page","status-publish","hentry"],"_links":{"self":[{"href":"https:\/\/etab.ac-reunion.fr\/clg-pointe-des-chateaux\/wp-json\/wp\/v2\/pages\/1837","targetHints":{"allow":["GET"]}}],"collection":[{"href":"https:\/\/etab.ac-reunion.fr\/clg-pointe-des-chateaux\/wp-json\/wp\/v2\/pages"}],"about":[{"href":"https:\/\/etab.ac-reunion.fr\/clg-pointe-des-chateaux\/wp-json\/wp\/v2\/types\/page"}],"author":[{"embeddable":true,"href":"https:\/\/etab.ac-reunion.fr\/clg-pointe-des-chateaux\/wp-json\/wp\/v2\/users\/15822"}],"replies":[{"embeddable":true,"href":"https:\/\/etab.ac-reunion.fr\/clg-pointe-des-chateaux\/wp-json\/wp\/v2\/comments?post=1837"}],"version-history":[{"count":2,"href":"https:\/\/etab.ac-reunion.fr\/clg-pointe-des-chateaux\/wp-json\/wp\/v2\/pages\/1837\/revisions"}],"predecessor-version":[{"id":1839,"href":"https:\/\/etab.ac-reunion.fr\/clg-pointe-des-chateaux\/wp-json\/wp\/v2\/pages\/1837\/revisions\/1839"}],"wp:attachment":[{"href":"https:\/\/etab.ac-reunion.fr\/clg-pointe-des-chateaux\/wp-json\/wp\/v2\/media?parent=1837"}],"curies":[{"name":"wp","href":"https:\/\/api.w.org\/{rel}","templated":true}]}}