{"id":1841,"date":"2020-10-01T13:22:22","date_gmt":"2020-10-01T09:22:22","guid":{"rendered":"http:\/\/college-pointe-chateaux.ac-reunion.fr\/?page_id=1841"},"modified":"2020-10-05T09:42:44","modified_gmt":"2020-10-05T05:42:44","slug":"assistante-social","status":"publish","type":"page","link":"https:\/\/etab.ac-reunion.fr\/clg-pointe-des-chateaux\/assistante-social\/","title":{"rendered":"Assistante sociale"},"content":{"rendered":"<p>Une assistante sociale scolaire est en relation avec le corps enseignant pendant ses heures de permanence. Elle re\u00e7oit les \u00e9l\u00e8ves et les familles qui le souhaitent. Se renseigner aupr\u00e8s de la \u00ab vie scolaire \u00bb pour les jours de pr\u00e9sence dans l\u2019\u00e9tablissement.<\/p>\n<p>&nbsp;<\/p>\n<p><a href=\"https:\/\/etab.ac-reunion.fr\/clg-pointe-des-chateaux\/wp-content\/uploads\/sites\/48\/2020\/10\/edt.jpg\"><img loading=\"lazy\" decoding=\"async\" class=\"aligncenter wp-image-1842 size-large\" src=\"https:\/\/etab.ac-reunion.fr\/clg-pointe-des-chateaux\/wp-content\/uploads\/sites\/48\/2020\/10\/edt-900x574.jpg\" alt=\"\" width=\"900\" height=\"574\" srcset=\"https:\/\/etab.ac-reunion.fr\/clg-pointe-des-chateaux\/wp-content\/uploads\/sites\/48\/2020\/10\/edt-900x574.jpg 900w, https:\/\/etab.ac-reunion.fr\/clg-pointe-des-chateaux\/wp-content\/uploads\/sites\/48\/2020\/10\/edt-500x319.jpg 500w, https:\/\/etab.ac-reunion.fr\/clg-pointe-des-chateaux\/wp-content\/uploads\/sites\/48\/2020\/10\/edt-768x490.jpg 768w, https:\/\/etab.ac-reunion.fr\/clg-pointe-des-chateaux\/wp-content\/uploads\/sites\/48\/2020\/10\/edt-150x96.jpg 150w, https:\/\/etab.ac-reunion.fr\/clg-pointe-des-chateaux\/wp-content\/uploads\/sites\/48\/2020\/10\/edt.jpg 1221w\" sizes=\"auto, (max-width: 900px) 100vw, 900px\" \/><\/a><\/p>\n","protected":false},"excerpt":{"rendered":"<p>Une assistante sociale scolaire est en relation avec le corps enseignant pendant ses heures de permanence. Elle re\u00e7oit les \u00e9l\u00e8ves et les familles qui le souhaitent. Se renseigner aupr\u00e8s de la \u00ab vie scolaire \u00bb pour les jours de pr\u00e9sence dans l\u2019\u00e9tablissement. &nbsp;<\/p>\n","protected":false},"author":15822,"featured_media":0,"parent":0,"menu_order":0,"comment_status":"closed","ping_status":"closed","template":"","meta":{"footnotes":""},"class_list":["post-1841","page","type-page","status-publish","hentry"],"_links":{"self":[{"href":"https:\/\/etab.ac-reunion.fr\/clg-pointe-des-chateaux\/wp-json\/wp\/v2\/pages\/1841","targetHints":{"allow":["GET"]}}],"collection":[{"href":"https:\/\/etab.ac-reunion.fr\/clg-pointe-des-chateaux\/wp-json\/wp\/v2\/pages"}],"about":[{"href":"https:\/\/etab.ac-reunion.fr\/clg-pointe-des-chateaux\/wp-json\/wp\/v2\/types\/page"}],"author":[{"embeddable":true,"href":"https:\/\/etab.ac-reunion.fr\/clg-pointe-des-chateaux\/wp-json\/wp\/v2\/users\/15822"}],"replies":[{"embeddable":true,"href":"https:\/\/etab.ac-reunion.fr\/clg-pointe-des-chateaux\/wp-json\/wp\/v2\/comments?post=1841"}],"version-history":[{"count":4,"href":"https:\/\/etab.ac-reunion.fr\/clg-pointe-des-chateaux\/wp-json\/wp\/v2\/pages\/1841\/revisions"}],"predecessor-version":[{"id":1847,"href":"https:\/\/etab.ac-reunion.fr\/clg-pointe-des-chateaux\/wp-json\/wp\/v2\/pages\/1841\/revisions\/1847"}],"wp:attachment":[{"href":"https:\/\/etab.ac-reunion.fr\/clg-pointe-des-chateaux\/wp-json\/wp\/v2\/media?parent=1841"}],"curies":[{"name":"wp","href":"https:\/\/api.w.org\/{rel}","templated":true}]}}