{"id":2048,"date":"2020-12-08T14:32:39","date_gmt":"2020-12-08T10:32:39","guid":{"rendered":"http:\/\/college-pointe-chateaux.ac-reunion.fr\/?page_id=2048"},"modified":"2020-12-08T14:37:14","modified_gmt":"2020-12-08T10:37:14","slug":"mise-a-jour-du-projet-detablissement","status":"publish","type":"page","link":"https:\/\/etab.ac-reunion.fr\/clg-pointe-des-chateaux\/mise-a-jour-du-projet-detablissement\/","title":{"rendered":"Mise \u00e0 jour du projet d&rsquo;\u00e9tablissement"},"content":{"rendered":"<p>&nbsp;<\/p>\n<ul>\n<li><a href=\"https:\/\/etab.ac-reunion.fr\/clg-pointe-des-chateaux\/wp-content\/uploads\/sites\/48\/2020\/12\/7-0-mise-a-jour-projet-etablissement-web.pdf\">7 0 mise \u00e0 jour projet etablissement web<\/a><\/li>\n<li><a href=\"https:\/\/etab.ac-reunion.fr\/clg-pointe-des-chateaux\/wp-content\/uploads\/sites\/48\/2020\/12\/7-1-calendrier-2020-2021_compressed.pdf\">7 1 calendrier 2020 2021_compressed<\/a><\/li>\n<li><a href=\"https:\/\/etab.ac-reunion.fr\/clg-pointe-des-chateaux\/wp-content\/uploads\/sites\/48\/2020\/12\/7-2-Structure-pedagogique-2020-2021.pdf\">7 2 Structure p\u00e9dagogique 2020 2021<\/a><\/li>\n<li><a href=\"https:\/\/etab.ac-reunion.fr\/clg-pointe-des-chateaux\/wp-content\/uploads\/sites\/48\/2020\/12\/7-3-Performance_compressed.pdf\">7 3 Performance_compressed<\/a><\/li>\n<li><a href=\"https:\/\/etab.ac-reunion.fr\/clg-pointe-des-chateaux\/wp-content\/uploads\/sites\/48\/2020\/12\/7-4-protocole-de-rempl-de-courte-duree-Copie.pdf\">7 4 protocole de rempl de courte dur\u00e9e &#8211; Copie<\/a><\/li>\n<li><a href=\"https:\/\/etab.ac-reunion.fr\/clg-pointe-des-chateaux\/wp-content\/uploads\/sites\/48\/2020\/12\/7-5-Bilandactivites-du-dispositif-ULIS-20-21_compressed.pdf\">7 5 Biland&rsquo;activit\u00e9s du dispositif ULIS 20 21_compressed<\/a><\/li>\n<li><a href=\"https:\/\/etab.ac-reunion.fr\/clg-pointe-des-chateaux\/wp-content\/uploads\/sites\/48\/2020\/12\/7-6-CONTRAT-PREPA-METIER-2020.pdf\">7 6 CONTRAT PREPA METIER 2020<\/a><\/li>\n<li><a href=\"https:\/\/etab.ac-reunion.fr\/clg-pointe-des-chateaux\/wp-content\/uploads\/sites\/48\/2020\/12\/7-7-Presentation-de-la-SEGPA-2020-2021_compressed.pdf\">7 7 Pr\u00e9sentation de la SEGPA 2020 2021_compressed<\/a><\/li>\n<li><a href=\"https:\/\/etab.ac-reunion.fr\/clg-pointe-des-chateaux\/wp-content\/uploads\/sites\/48\/2020\/12\/7-8-Oral-DNB-2021-information-eleve_compressed.pdf\">7 8 Oral DNB 2021 information \u00e9l\u00e8ve_compressed<\/a><\/li>\n<li><a href=\"https:\/\/etab.ac-reunion.fr\/clg-pointe-des-chateaux\/wp-content\/uploads\/sites\/48\/2020\/12\/7-8-ORAL-DNB-2021-information-parents_compressed.pdf\">7 8 ORAL DNB 2021 information parents_compressed<\/a><\/li>\n<li><a href=\"https:\/\/etab.ac-reunion.fr\/clg-pointe-des-chateaux\/wp-content\/uploads\/sites\/48\/2020\/12\/7-8-ORAL-DNB-2021-nouvelle-Grille-devaluation_compressed.pdf\">7 8 ORAL DNB 2021 nouvelle Grille d&rsquo;\u00e9valuation_compressed<\/a><\/li>\n<li><a href=\"https:\/\/etab.ac-reunion.fr\/clg-pointe-des-chateaux\/wp-content\/uploads\/sites\/48\/2020\/12\/7-8-planning-oral-DNB-2021_compressed.pdf\">7 8 planning oral DNB 2021_compressed<\/a><\/li>\n<li><a href=\"https:\/\/etab.ac-reunion.fr\/clg-pointe-des-chateaux\/wp-content\/uploads\/sites\/48\/2020\/12\/7-9-Dispositif-Devoirs-Faits-2020.pdf\">7 9 Dispositif Devoirs Faits 2020<\/a><\/li>\n<li><a href=\"https:\/\/etab.ac-reunion.fr\/clg-pointe-des-chateaux\/wp-content\/uploads\/sites\/48\/2020\/12\/7-10-Liaisons-ecoles-1.pdf\">7 10 Liaisons \u00e9coles 1<\/a><\/li>\n<li><a href=\"https:\/\/etab.ac-reunion.fr\/clg-pointe-des-chateaux\/wp-content\/uploads\/sites\/48\/2020\/12\/7-11-fonctionnement-cdi.pdf\">7 11 fonctionnement cdi<\/a><\/li>\n<li><a href=\"https:\/\/etab.ac-reunion.fr\/clg-pointe-des-chateaux\/wp-content\/uploads\/sites\/48\/2020\/12\/7-12-PA-PC-200920-PSYEN.pdf\">7 12 PA PC 200920 PSYEN<\/a><\/li>\n<li><a href=\"https:\/\/etab.ac-reunion.fr\/clg-pointe-des-chateaux\/wp-content\/uploads\/sites\/48\/2020\/12\/7-13-Calendrier-3e-2020-2021-def_compressed.pdf\">7 13 Calendrier 3e 2020-2021 d\u00e9f_compressed<\/a><\/li>\n<li><a href=\"https:\/\/etab.ac-reunion.fr\/clg-pointe-des-chateaux\/wp-content\/uploads\/sites\/48\/2020\/12\/7-13-Parcours-Avenir-BILAN-2019-2020_compressed.pdf\">7 13 Parcours Avenir &#8211; BILAN 2019-2020_compressed<\/a><\/li>\n<li><a href=\"https:\/\/etab.ac-reunion.fr\/clg-pointe-des-chateaux\/wp-content\/uploads\/sites\/48\/2020\/12\/7-14-peac-2020_2021.pdf\">7 14 peac 2020_2021<\/a><\/li>\n<li><a href=\"https:\/\/etab.ac-reunion.fr\/clg-pointe-des-chateaux\/wp-content\/uploads\/sites\/48\/2020\/12\/7-15-CESC-2020-CA.pdf\">7 15 CESC 2020 &#8211; CA<\/a><\/li>\n<li><a href=\"https:\/\/etab.ac-reunion.fr\/clg-pointe-des-chateaux\/wp-content\/uploads\/sites\/48\/2020\/12\/7-16-ASSR-2020-2021-PROJET-PEDAGOGIQUE-Securite-Routiere.pdf\">7 16 ASSR 2020 &#8211; 2021 PROJET PEDAGOGIQUE S\u00e9curit\u00e9 Routi\u00e8re<\/a><\/li>\n<li><a href=\"https:\/\/etab.ac-reunion.fr\/clg-pointe-des-chateaux\/wp-content\/uploads\/sites\/48\/2020\/12\/7-18-Projet-psc1-2020-21.pdf\">7 18 Projet psc1 2020-21<\/a><\/li>\n<li><a href=\"https:\/\/etab.ac-reunion.fr\/clg-pointe-des-chateaux\/wp-content\/uploads\/sites\/48\/2020\/12\/7-19-programme-dactivite\u0301s-ERAEI-2020-21-Vendredi-25-septembre-2020-1.pdf\">7 19 programme d&rsquo;activite\u0301s ERAEI 2020-21 Vendredi 25 septembre 2020-1<\/a><\/li>\n<li><a href=\"https:\/\/etab.ac-reunion.fr\/clg-pointe-des-chateaux\/wp-content\/uploads\/sites\/48\/2020\/12\/7-20-190912-CR_comite_numerique_compressed.pdf\">7 20 190912-CR_comite_numerique_compressed<\/a><\/li>\n<li><a href=\"https:\/\/etab.ac-reunion.fr\/clg-pointe-des-chateaux\/wp-content\/uploads\/sites\/48\/2020\/12\/7-22_fiche-action_Assistante_Sociale_2020-2021.pdf\">7 22_fiche action_Assistante_Sociale_2020-2021<\/a><\/li>\n<li><a href=\"https:\/\/etab.ac-reunion.fr\/clg-pointe-des-chateaux\/wp-content\/uploads\/sites\/48\/2020\/12\/7-23-Compte-rendu-CHS-du-31-09-2020.pdf\">7 23 Compte rendu CHS du 31-09-2020<\/a><\/li>\n<li><a href=\"https:\/\/etab.ac-reunion.fr\/clg-pointe-des-chateaux\/wp-content\/uploads\/sites\/48\/2020\/12\/7-25-Projet-EPS.pdf\">7 25 Projet EPS<\/a><\/li>\n<li><a href=\"https:\/\/etab.ac-reunion.fr\/clg-pointe-des-chateaux\/wp-content\/uploads\/sites\/48\/2020\/12\/7-26-PROJET-final-General-dAS-CLG-Pointe-des-Chateaux-2020-2021_compressed.pdf\">7 26 PROJET final G\u00e9n\u00e9ral d&rsquo;AS CLG Pointe des Ch\u00e2teaux 2020 &#8211; 2021_compressed<\/a><\/li>\n<li><a href=\"https:\/\/etab.ac-reunion.fr\/clg-pointe-des-chateaux\/wp-content\/uploads\/sites\/48\/2020\/12\/7-26-PROJET-final-par-activite-AS-2020-2021.pdf\">7 26 PROJET final par activit\u00e9 AS 2020 2021<\/a><\/li>\n<li><a href=\"https:\/\/etab.ac-reunion.fr\/clg-pointe-des-chateaux\/wp-content\/uploads\/sites\/48\/2020\/12\/7-27-AG-FSE-2020-2021-.pdf\">7 27 AG FSE 2020-2021 &#8211;<\/a><\/li>\n<li><a href=\"https:\/\/etab.ac-reunion.fr\/clg-pointe-des-chateaux\/wp-content\/uploads\/sites\/48\/2020\/12\/7-28-accueil-et-information-des-parents_compressed.pdf\">7 28 accueil et information des parents_compressed<\/a><\/li>\n<li><a href=\"https:\/\/etab.ac-reunion.fr\/clg-pointe-des-chateaux\/wp-content\/uploads\/sites\/48\/2020\/12\/7-29-Mesures-de-securite_compressed.pdf\">7 29 Mesures de s\u00e9curit\u00e9_compressed<\/a><\/li>\n<\/ul>\n","protected":false},"excerpt":{"rendered":"<p>&nbsp; 7 0 mise \u00e0 jour projet etablissement web 7 1 calendrier 2020 2021_compressed 7 2 Structure p\u00e9dagogique 2020 2021 7 3 Performance_compressed 7 4 protocole de rempl de courte dur\u00e9e &#8211; Copie 7 5 Biland&rsquo;activit\u00e9s du dispositif ULIS 20 21_compressed 7 6 CONTRAT PREPA METIER 2020 7 7 Pr\u00e9sentation &hellip;<\/p>\n","protected":false},"author":15822,"featured_media":0,"parent":0,"menu_order":0,"comment_status":"closed","ping_status":"closed","template":"","meta":{"footnotes":""},"class_list":["post-2048","page","type-page","status-publish","hentry"],"_links":{"self":[{"href":"https:\/\/etab.ac-reunion.fr\/clg-pointe-des-chateaux\/wp-json\/wp\/v2\/pages\/2048","targetHints":{"allow":["GET"]}}],"collection":[{"href":"https:\/\/etab.ac-reunion.fr\/clg-pointe-des-chateaux\/wp-json\/wp\/v2\/pages"}],"about":[{"href":"https:\/\/etab.ac-reunion.fr\/clg-pointe-des-chateaux\/wp-json\/wp\/v2\/types\/page"}],"author":[{"embeddable":true,"href":"https:\/\/etab.ac-reunion.fr\/clg-pointe-des-chateaux\/wp-json\/wp\/v2\/users\/15822"}],"replies":[{"embeddable":true,"href":"https:\/\/etab.ac-reunion.fr\/clg-pointe-des-chateaux\/wp-json\/wp\/v2\/comments?post=2048"}],"version-history":[{"count":3,"href":"https:\/\/etab.ac-reunion.fr\/clg-pointe-des-chateaux\/wp-json\/wp\/v2\/pages\/2048\/revisions"}],"predecessor-version":[{"id":2083,"href":"https:\/\/etab.ac-reunion.fr\/clg-pointe-des-chateaux\/wp-json\/wp\/v2\/pages\/2048\/revisions\/2083"}],"wp:attachment":[{"href":"https:\/\/etab.ac-reunion.fr\/clg-pointe-des-chateaux\/wp-json\/wp\/v2\/media?parent=2048"}],"curies":[{"name":"wp","href":"https:\/\/api.w.org\/{rel}","templated":true}]}}