{"id":2216,"date":"2021-03-01T10:46:07","date_gmt":"2021-03-01T06:46:07","guid":{"rendered":"http:\/\/college-pointe-chateaux.ac-reunion.fr\/?page_id=2216"},"modified":"2021-08-26T15:44:42","modified_gmt":"2021-08-26T11:44:42","slug":"educonnect","status":"publish","type":"page","link":"https:\/\/etab.ac-reunion.fr\/clg-pointe-des-chateaux\/educonnect\/","title":{"rendered":"EDUCONNECT"},"content":{"rendered":"<a href='https:\/\/educonnect.education.gouv.fr\/' class='big-button bigblue'>Se connecter \u00e0 Educonnect<\/a>\n<p>Une <strong>application mobile gratuite<\/strong> (Android, iPhone) \u00e9dit\u00e9e par Index \u00c9ducation peut \u00eatre t\u00e9l\u00e9charg\u00e9e par les utilisateurs\u00a0:<\/p>\n<p>Recherchez\u00a0 PRONOTE\u00a0 <a href=\"https:\/\/play.google.com\/store\/apps\/details?id=com.IndexEducation.Pronote&amp;hl=fr&amp;gl=US\"><img loading=\"lazy\" decoding=\"async\" class=\"alignnone wp-image-2341 size-full\" src=\"https:\/\/etab.ac-reunion.fr\/clg-pointe-des-chateaux\/wp-content\/uploads\/sites\/48\/2021\/04\/1.png\" alt=\"\" width=\"40\" height=\"40\" \/><\/a> dans\u00a0 <a href=\"https:\/\/play.google.com\/\"><img loading=\"lazy\" decoding=\"async\" class=\"alignnone wp-image-2342 size-full\" src=\"https:\/\/etab.ac-reunion.fr\/clg-pointe-des-chateaux\/wp-content\/uploads\/sites\/48\/2021\/04\/2.png\" alt=\"\" width=\"144\" height=\"31\" \/><\/a> \u00a0 ou dans l\u2019Apple store\u00a0 <img loading=\"lazy\" decoding=\"async\" class=\"size-full wp-image-2343 alignnone\" src=\"https:\/\/etab.ac-reunion.fr\/clg-pointe-des-chateaux\/wp-content\/uploads\/sites\/48\/2021\/04\/3.jpg\" alt=\"\" width=\"29\" height=\"29\" \/> , suivez les instructions d\u2019installation.<\/p>\n<h5>Consultez le Flyer pour vous aider lors de la cr\u00e9ation de votre Compte Educonnect :<\/h5>\n<p>&nbsp;<\/p>\n<p><a href=\"https:\/\/etab.ac-reunion.fr\/clg-pointe-des-chateaux\/wp-content\/uploads\/sites\/48\/2021\/03\/educonnect.png\"><img loading=\"lazy\" decoding=\"async\" class=\"alignleft size-full wp-image-2219\" src=\"https:\/\/etab.ac-reunion.fr\/clg-pointe-des-chateaux\/wp-content\/uploads\/sites\/48\/2021\/03\/educonnect.png\" alt=\"\" width=\"1291\" height=\"915\" srcset=\"https:\/\/etab.ac-reunion.fr\/clg-pointe-des-chateaux\/wp-content\/uploads\/sites\/48\/2021\/03\/educonnect.png 1291w, https:\/\/etab.ac-reunion.fr\/clg-pointe-des-chateaux\/wp-content\/uploads\/sites\/48\/2021\/03\/educonnect-500x354.png 500w, https:\/\/etab.ac-reunion.fr\/clg-pointe-des-chateaux\/wp-content\/uploads\/sites\/48\/2021\/03\/educonnect-900x638.png 900w, https:\/\/etab.ac-reunion.fr\/clg-pointe-des-chateaux\/wp-content\/uploads\/sites\/48\/2021\/03\/educonnect-768x544.png 768w, https:\/\/etab.ac-reunion.fr\/clg-pointe-des-chateaux\/wp-content\/uploads\/sites\/48\/2021\/03\/educonnect-150x106.png 150w\" sizes=\"auto, (max-width: 1291px) 100vw, 1291px\" \/><\/a><\/p>\n<p>&nbsp;<\/p>\n<h4><a href=\"https:\/\/etab.ac-reunion.fr\/clg-pointe-des-chateaux\/wp-content\/uploads\/sites\/48\/2021\/03\/educonnect-2.png\"><img loading=\"lazy\" decoding=\"async\" class=\"alignleft size-full wp-image-2221\" src=\"https:\/\/etab.ac-reunion.fr\/clg-pointe-des-chateaux\/wp-content\/uploads\/sites\/48\/2021\/03\/educonnect-2.png\" alt=\"\" width=\"1293\" height=\"902\" srcset=\"https:\/\/etab.ac-reunion.fr\/clg-pointe-des-chateaux\/wp-content\/uploads\/sites\/48\/2021\/03\/educonnect-2.png 1293w, https:\/\/etab.ac-reunion.fr\/clg-pointe-des-chateaux\/wp-content\/uploads\/sites\/48\/2021\/03\/educonnect-2-500x349.png 500w, https:\/\/etab.ac-reunion.fr\/clg-pointe-des-chateaux\/wp-content\/uploads\/sites\/48\/2021\/03\/educonnect-2-900x628.png 900w, https:\/\/etab.ac-reunion.fr\/clg-pointe-des-chateaux\/wp-content\/uploads\/sites\/48\/2021\/03\/educonnect-2-768x536.png 768w, https:\/\/etab.ac-reunion.fr\/clg-pointe-des-chateaux\/wp-content\/uploads\/sites\/48\/2021\/03\/educonnect-2-150x105.png 150w\" sizes=\"auto, (max-width: 1293px) 100vw, 1293px\" \/><\/a>En cas de difficult\u00e9s, vous pouvez contacter le coll\u00e8ge par mail au<\/h4>\n<h4><span style=\"color: #0000ff\">ce.9741048w@ac-reunion.fr<\/span><\/h4>\n<h4>ou via t\u00e9l\u00e9phone au 0262 34 88 56.<\/h4>\n","protected":false},"excerpt":{"rendered":"<p>Une application mobile gratuite (Android, iPhone) \u00e9dit\u00e9e par Index \u00c9ducation peut \u00eatre t\u00e9l\u00e9charg\u00e9e par les utilisateurs\u00a0: Recherchez\u00a0 PRONOTE\u00a0 dans\u00a0 \u00a0 ou dans l\u2019Apple store\u00a0 , suivez les instructions d\u2019installation. Consultez le Flyer pour vous aider lors de la cr\u00e9ation de votre Compte Educonnect : &nbsp; &nbsp; En cas de difficult\u00e9s, &hellip;<\/p>\n","protected":false},"author":15822,"featured_media":0,"parent":0,"menu_order":0,"comment_status":"closed","ping_status":"closed","template":"","meta":{"footnotes":""},"class_list":["post-2216","page","type-page","status-publish","hentry"],"_links":{"self":[{"href":"https:\/\/etab.ac-reunion.fr\/clg-pointe-des-chateaux\/wp-json\/wp\/v2\/pages\/2216","targetHints":{"allow":["GET"]}}],"collection":[{"href":"https:\/\/etab.ac-reunion.fr\/clg-pointe-des-chateaux\/wp-json\/wp\/v2\/pages"}],"about":[{"href":"https:\/\/etab.ac-reunion.fr\/clg-pointe-des-chateaux\/wp-json\/wp\/v2\/types\/page"}],"author":[{"embeddable":true,"href":"https:\/\/etab.ac-reunion.fr\/clg-pointe-des-chateaux\/wp-json\/wp\/v2\/users\/15822"}],"replies":[{"embeddable":true,"href":"https:\/\/etab.ac-reunion.fr\/clg-pointe-des-chateaux\/wp-json\/wp\/v2\/comments?post=2216"}],"version-history":[{"count":24,"href":"https:\/\/etab.ac-reunion.fr\/clg-pointe-des-chateaux\/wp-json\/wp\/v2\/pages\/2216\/revisions"}],"predecessor-version":[{"id":2235,"href":"https:\/\/etab.ac-reunion.fr\/clg-pointe-des-chateaux\/wp-json\/wp\/v2\/pages\/2216\/revisions\/2235"}],"wp:attachment":[{"href":"https:\/\/etab.ac-reunion.fr\/clg-pointe-des-chateaux\/wp-json\/wp\/v2\/media?parent=2216"}],"curies":[{"name":"wp","href":"https:\/\/api.w.org\/{rel}","templated":true}]}}