{"id":289,"date":"2014-08-14T15:16:00","date_gmt":"2014-08-14T14:16:00","guid":{"rendered":"http:\/\/college-pointe-chateaux.ac-reunion.fr\/?page_id=289"},"modified":"2014-08-14T15:16:00","modified_gmt":"2014-08-14T14:16:00","slug":"c-i-p-e","status":"publish","type":"page","link":"https:\/\/etab.ac-reunion.fr\/clg-pointe-des-chateaux\/c-i-p-e\/","title":{"rendered":"C.I.P.E."},"content":{"rendered":"<p>&nbsp;<\/p>\n<h2 class=\"western\" style=\"margin-bottom: 0.35cm;line-height: 115%\" align=\"center\"><span style=\"font-family: Times New Roman,serif\"><span style=\"font-size: x-large\"><b>COORDINATION INDEPENDANTE<\/b><\/span><\/span><\/h2>\n<h2 class=\"western\" style=\"margin-bottom: 0.35cm;line-height: 115%\" align=\"center\"><span style=\"font-family: Times New Roman,serif\"><span style=\"font-size: x-large\"><b> DES PARENTSD\u2019ELEVES <\/b><\/span><\/span><\/h2>\n<h2 class=\"western\" style=\"margin-bottom: 0.35cm;line-height: 115%\" align=\"center\"><span style=\"font-family: Times New Roman,serif\"><span style=\"font-size: x-large\"><b>DU COLLEGE de LA POINTE DES CHATEAUX<br \/>\n<\/b><\/span><\/span><\/h2>\n<p class=\"western\" style=\"margin-bottom: 0.35cm;line-height: 115%\" align=\"justify\"><span style=\"font-family: Times New Roman,serif\"><span style=\"font-size: medium\">Depuis l\u2019ann\u00e9e scolaire 2011\/2012, afin d\u2019harmoniser leurs actions, les associations des Parents d\u2019El\u00e8ves des 3 \u00e9tablissements d\u2019enseignement secondaire de Saint Leu\u00a0: Coll. M. Goulette, Ly. Stella (ex FCPE) et Coll. Pte des Ch\u00e2teaux se sont regroup\u00e9es et ont mis leurs moyens en commun dans une<\/span><\/span><\/p>\n<h2 style=\"text-align: center\" align=\"justify\">Coordination Ind\u00e9pendante (CIPE)<\/h2>\n<p class=\"western\" style=\"margin-bottom: 0.35cm;line-height: 115%\" align=\"justify\"><span style=\"font-family: Times New Roman,serif\"><span style=\"font-size: medium\">Les repr\u00e9sentants des Parents de la CIPE \u00e9lus ont si\u00e9g\u00e9 dans toutes les instances du coll\u00e8ge tout au long de l\u2019ann\u00e9e derni\u00e8re. Nous avons particip\u00e9 activement <\/span><\/span><span style=\"font-family: Times New Roman,serif\"><span style=\"font-size: medium\"><b>\u00e0 tous les conseils d\u2019administration<\/b><\/span><\/span><span style=\"font-family: Times New Roman,serif\"><span style=\"font-size: medium\"> et <\/span><\/span><span style=\"font-family: Times New Roman,serif\"><span style=\"font-size: medium\"><b>avons repr\u00e9sent\u00e9 les parents aux conseils de classe<\/b><\/span><\/span><span style=\"font-family: Times New Roman,serif\"><span style=\"font-size: medium\"> ainsi qu\u2019aux diff\u00e9rentes commissions r\u00e9glementaires.<\/span><\/span><\/p>\n<p class=\"western\" style=\"margin-bottom: 0.35cm;line-height: 115%\" align=\"justify\"><span style=\"font-family: Times New Roman,serif\"><span style=\"font-size: medium\">Les membres de la CIPE s\u2019engagent envers les familles en cr\u00e9ant, par leur activit\u00e9 permanente, un <\/span><\/span><span style=\"font-family: Times New Roman,serif\"><span style=\"font-size: medium\"><b>dialogue efficace<\/b><\/span><\/span><span style=\"font-family: Times New Roman,serif\"><span style=\"font-size: medium\"> avec l\u2019administration, les enseignants et les familles dans un souci de coop\u00e9ration et de participation active \u00e0 la vie \u00e9ducative.<\/span><\/span><\/p>\n<p class=\"western\" style=\"margin-bottom: 0.35cm;line-height: 115%\" align=\"justify\"><span style=\"font-family: Times New Roman,serif\"><span style=\"font-size: medium\">Nous invitons chaque famille \u00e0 nous rejoindre pour que tous les \u00e9l\u00e8ves soient repr\u00e9sent\u00e9s garantissant ainsi notre <\/span><\/span><span style=\"font-family: Times New Roman,serif\"><span style=\"font-size: medium\"><b>volont\u00e9 de proximit\u00e9<\/b><\/span><\/span><span style=\"font-family: Times New Roman,serif\"><span style=\"font-size: medium\">.<\/span><\/span><\/p>\n<p class=\"western\" style=\"margin-bottom: 0.35cm;line-height: 115%\" align=\"justify\"><span style=\"font-family: Times New Roman,serif\"><span style=\"font-size: medium\">Nous nous engageons \u00e0 continuer \u00e0 <\/span><\/span><span style=\"font-family: Times New Roman,serif\"><span style=\"font-size: medium\"><b>\u00eatre \u00e0 votre \u00e9coute<\/b><\/span><\/span><span style=\"font-family: Times New Roman,serif\"><span style=\"font-size: medium\"> pour que nos enfants puissent b\u00e9n\u00e9ficier du <\/span><\/span><span style=\"font-family: Times New Roman,serif\"><span style=\"font-size: medium\"><b>meilleur environnement possible pour leurs \u00e9tudes.<\/b><\/span><\/span><\/p>\n<p class=\"western\" style=\"margin-bottom: 0.35cm;line-height: 200%\" align=\"justify\"><span style=\"font-family: Times New Roman,serif\"><span style=\"font-size: medium\">Une permanence se tient chaque jour dans notre local, un personnel se tient \u00e0 votre disposition pour vous renseigner\u00a0:<\/span><\/span><\/p>\n<p class=\"western\" style=\"text-indent: 1.25cm;margin-bottom: 0.35cm;line-height: 200%\" align=\"justify\"><span style=\"font-family: Times New Roman,serif\"><span style=\"font-size: medium\"><b>38 All\u00e9e des FLAMBOYANTS \u2013 97424 PITON SAINT LEU<\/b><\/span><\/span><\/p>\n<p class=\"western\" style=\"margin-bottom: 0.35cm;line-height: 115%\" align=\"justify\"><span style=\"font-family: Times New Roman,serif\"><span style=\"font-size: medium\">Vous pouvez nous joindre au 0262 34 02 09<\/span><\/span><\/p>\n<p class=\"western\" style=\"margin-bottom: 0.35cm;line-height: 115%\" align=\"justify\"><span style=\"font-family: Times New Roman,serif\"><span style=\"font-size: medium\"> ou par Mail\u00a0: <\/span><\/span><span style=\"color: #0000ff\"><span style=\"text-decoration: underline\"><a href=\"mailto:cipe.saint.leu@gmail.com\"><span style=\"font-family: Times New Roman,serif\"><span style=\"font-size: medium\">cipe.saint.leu@gmail.com<\/span><\/span><\/a><\/span><\/span><\/p>\n<p>&nbsp;<\/p>\n","protected":false},"excerpt":{"rendered":"<p>&nbsp; COORDINATION INDEPENDANTE DES PARENTSD\u2019ELEVES DU COLLEGE de LA POINTE DES CHATEAUX Depuis l\u2019ann\u00e9e scolaire 2011\/2012, afin d\u2019harmoniser leurs actions, les associations des Parents d\u2019El\u00e8ves des 3 \u00e9tablissements d\u2019enseignement secondaire de Saint Leu\u00a0: Coll. M. Goulette, Ly. Stella (ex FCPE) et Coll. Pte des Ch\u00e2teaux se sont regroup\u00e9es et ont &hellip;<\/p>\n","protected":false},"author":502,"featured_media":0,"parent":0,"menu_order":0,"comment_status":"open","ping_status":"open","template":"","meta":{"footnotes":""},"class_list":["post-289","page","type-page","status-publish","hentry"],"_links":{"self":[{"href":"https:\/\/etab.ac-reunion.fr\/clg-pointe-des-chateaux\/wp-json\/wp\/v2\/pages\/289","targetHints":{"allow":["GET"]}}],"collection":[{"href":"https:\/\/etab.ac-reunion.fr\/clg-pointe-des-chateaux\/wp-json\/wp\/v2\/pages"}],"about":[{"href":"https:\/\/etab.ac-reunion.fr\/clg-pointe-des-chateaux\/wp-json\/wp\/v2\/types\/page"}],"author":[{"embeddable":true,"href":"https:\/\/etab.ac-reunion.fr\/clg-pointe-des-chateaux\/wp-json\/wp\/v2\/users\/502"}],"replies":[{"embeddable":true,"href":"https:\/\/etab.ac-reunion.fr\/clg-pointe-des-chateaux\/wp-json\/wp\/v2\/comments?post=289"}],"version-history":[{"count":6,"href":"https:\/\/etab.ac-reunion.fr\/clg-pointe-des-chateaux\/wp-json\/wp\/v2\/pages\/289\/revisions"}],"predecessor-version":[{"id":295,"href":"https:\/\/etab.ac-reunion.fr\/clg-pointe-des-chateaux\/wp-json\/wp\/v2\/pages\/289\/revisions\/295"}],"wp:attachment":[{"href":"https:\/\/etab.ac-reunion.fr\/clg-pointe-des-chateaux\/wp-json\/wp\/v2\/media?parent=289"}],"curies":[{"name":"wp","href":"https:\/\/api.w.org\/{rel}","templated":true}]}}