{"id":5675,"date":"2026-01-23T09:14:20","date_gmt":"2026-01-23T05:14:20","guid":{"rendered":"https:\/\/etab.ac-reunion.fr\/clg-pointe-des-chateaux\/?page_id=5675"},"modified":"2026-01-23T09:14:20","modified_gmt":"2026-01-23T05:14:20","slug":"visite-des-italiens-au-college-pointe-des-chateaux-venant-des-iles-eoliennes","status":"publish","type":"page","link":"https:\/\/etab.ac-reunion.fr\/clg-pointe-des-chateaux\/visite-des-italiens-au-college-pointe-des-chateaux-venant-des-iles-eoliennes\/","title":{"rendered":"visite des italiens au coll\u00e8ge Pointe des ch\u00e2teaux venant des \u00celes \u00c9oliennes"},"content":{"rendered":"","protected":false},"excerpt":{"rendered":"","protected":false},"author":15822,"featured_media":0,"parent":0,"menu_order":0,"comment_status":"closed","ping_status":"closed","template":"","meta":{"footnotes":""},"class_list":["post-5675","page","type-page","status-publish","hentry"],"_links":{"self":[{"href":"https:\/\/etab.ac-reunion.fr\/clg-pointe-des-chateaux\/wp-json\/wp\/v2\/pages\/5675","targetHints":{"allow":["GET"]}}],"collection":[{"href":"https:\/\/etab.ac-reunion.fr\/clg-pointe-des-chateaux\/wp-json\/wp\/v2\/pages"}],"about":[{"href":"https:\/\/etab.ac-reunion.fr\/clg-pointe-des-chateaux\/wp-json\/wp\/v2\/types\/page"}],"author":[{"embeddable":true,"href":"https:\/\/etab.ac-reunion.fr\/clg-pointe-des-chateaux\/wp-json\/wp\/v2\/users\/15822"}],"replies":[{"embeddable":true,"href":"https:\/\/etab.ac-reunion.fr\/clg-pointe-des-chateaux\/wp-json\/wp\/v2\/comments?post=5675"}],"version-history":[{"count":1,"href":"https:\/\/etab.ac-reunion.fr\/clg-pointe-des-chateaux\/wp-json\/wp\/v2\/pages\/5675\/revisions"}],"predecessor-version":[{"id":5676,"href":"https:\/\/etab.ac-reunion.fr\/clg-pointe-des-chateaux\/wp-json\/wp\/v2\/pages\/5675\/revisions\/5676"}],"wp:attachment":[{"href":"https:\/\/etab.ac-reunion.fr\/clg-pointe-des-chateaux\/wp-json\/wp\/v2\/media?parent=5675"}],"curies":[{"name":"wp","href":"https:\/\/api.w.org\/{rel}","templated":true}]}}