{"id":67,"date":"2013-12-16T14:36:12","date_gmt":"2013-12-16T13:36:12","guid":{"rendered":"http:\/\/college-pointe-chateaux-tmp.ac-reunion.fr\/?page_id=67"},"modified":"2020-02-21T12:59:40","modified_gmt":"2020-02-21T08:59:40","slug":"la-segpa","status":"publish","type":"page","link":"https:\/\/etab.ac-reunion.fr\/clg-pointe-des-chateaux\/la-segpa\/","title":{"rendered":"LA SEGPA"},"content":{"rendered":"<h6 style=\"text-align: center\"><strong>Que signifie SEGPA ?<\/strong><br \/>\nLa SEGPA signifie <span style=\"color: #993300\"><strong>S<\/strong>ection d\u2019<strong>E<\/strong>nseignement <strong>G<\/strong>\u00e9n\u00e9ral et <strong>P<\/strong>rofessionnel <strong>A<\/strong>dapt\u00e9<\/span><\/h6>\n<h6 style=\"text-align: center\"><strong>O\u00f9 trouve-t-on les classes de SEGPA ?<\/strong><br \/>\nAu coll\u00e8ge o\u00f9 l\u2019on peut trouver des classes d\u2019enseignement g\u00e9n\u00e9ral et des classes d\u2019enseignement technologique et professionnel<\/h6>\n<h6 style=\"text-align: center\"><strong>A qui sont destin\u00e9es les SEGPA ?<\/strong><br \/>\nLes \u00e9l\u00e8ves orient\u00e9s en SEGPA sont des adolescents \u00e2g\u00e9s de 12 \u00e0 16 ans qui pr\u00e9sentent des difficult\u00e9s, parfois passag\u00e8res<br \/>\nL\u2019enseignement en\u00a0SEGPA leur permettra de reprendre\u00a0confiance en eux. Ces \u00e9l\u00e8ves participent \u00e0 la vie scolaire comme les autres coll\u00e9giens (restaurant scolaire, CDI, foyer socio-\u00e9ducatif, associations sportives, r\u00e8glement int\u00e9rieur\u2026)<\/h6>\n<h6 style=\"text-align: center\"><strong>Comment entre-t-on en SEGPA ?<\/strong><br \/>\nL\u2019\u00e9l\u00e8ve est admis en SEGPA apr\u00e8s examen de son dossier de candidature par une Commission d\u2019Orientation vers les Enseignements Adapt\u00e9s. Celle-ci propose l\u2019orientation vers la SEGPA mais la d\u00e9cision appartient \u00e0 la famille<\/h6>\n<h6 style=\"text-align: center\"><strong>Qui sont les enseignants de SEGPA ?<\/strong><br \/>\nL\u2019\u00e9quipe p\u00e9dagogique est form\u00e9e de professeurs des \u00e9coles ou de coll\u00e8ge pour l\u2019enseignement g\u00e9n\u00e9ral et de professeurs de lyc\u00e9e professionnel pour animer les ateliers<\/h6>\n<h6 style=\"text-align: center\"><strong>Quels sont les objectifs de la SEGPA ?<\/strong><br \/>\nLa SEGPA regroupe les enseignements g\u00e9n\u00e9raux et les enseignements professionnels pour aider les \u00e9l\u00e8ves \u00e0 construire leur projet personnel et r\u00e9ussir leur int\u00e9gration professionnelle et sociale.<br \/>\nIls pourront de cette mani\u00e8re recevoir une formation de niveau V (CAP) dans un lyc\u00e9e professionnel ou dans un Centre de Formation des Apprentis (CFA), certains \u00e9l\u00e8ves obtiennent un Bac Pro<\/h6>\n<h6 style=\"text-align: center\"><strong>Quels sont les enseignements propos\u00e9s ?<\/strong><br \/>\nM\u00eame si les programmes sont identiques \u00e0 ceux du coll\u00e8ge, ils sont adapt\u00e9s\u00a0aux capacit\u00e9s des \u00e9l\u00e8ves afin qu\u2019ils puissent progresser de mani\u00e8re r\u00e9guli\u00e8re et valorisante :<\/h6>\n<p style=\"text-align: center\"><span style=\"text-decoration: underline;color: #993300\">Classe de <\/span><strong><span style=\"text-decoration: underline;color: #993300\">6\u00e8me<\/span><br \/>\ncycle<\/strong> d\u2019<strong>adaptation<\/strong> qui permet d\u2019accueillir, de renforcer les acquis de l\u2019\u00e9cole \u00e9l\u00e9mentaire des \u00e9l\u00e8ves de 12 et 13 ans<\/p>\n<p style=\"text-align: center\"><span style=\"text-decoration: underline;color: #993300\">Classes de <\/span><strong><span style=\"text-decoration: underline;color: #993300\">5\u00e8me-4\u00e8me<\/span><br \/>\ncycle central<\/strong> qui permet de consolider les apprentissages g\u00e9n\u00e9raux et technologiques pour d\u00e9finir un projet professionnel personnel<\/p>\n<p style=\"text-align: center\"><span style=\"text-decoration: underline;color: #993300\">Classe de <\/span><strong><span style=\"text-decoration: underline;color: #993300\">3\u00e8me<\/span><br \/>\ncycle d\u2019orientation<\/strong> qui propose aux \u00e9l\u00e8ves des activit\u00e9s en atelier et l\u2019exploitation p\u00e9dagogique des stages en entreprise.<br \/>\nLes \u00e9l\u00e8ves passent l\u2019examen du Certificat de Formation G\u00e9n\u00e9rale (CFG) qui regroupe une s\u00e9rie de contr\u00f4les continus en fran\u00e7ais et en math\u00e9matiques, une \u00e9preuve orale de 20 minutes devant un jury o\u00f9 l\u2019\u00e9l\u00e8ve pr\u00e9sente son rapport de stage et r\u00e9pond \u00e0 des questions sur le cours de Vie Sociale et Professionnelle<\/p>\n<h6 style=\"text-align: center\"><strong>Quelles sont les mati\u00e8res de l\u2019enseignement g\u00e9n\u00e9ral que l\u2019on retrouve en SEGPA ?<\/strong><br \/>\nSVT, Physique-Chimie, Maths, Histoire-G\u00e9ographie, Fran\u00e7ais, Technologie, Anglais<\/h6>\n<h6 style=\"text-align: center\"><strong>Combien\u00a0d\u2019heures de cours dispens\u00e9es en SEGPA ?<\/strong><br \/>\nLes heures de cours sont modulables en fonction des besoins sp\u00e9cifiques des \u00e9l\u00e8ves\u00a0: 26h30 en 6\u00e8me, 25 heures en 5\u00e8me, 28h30 en 4\u00e8me, 31h30 en 3\u00e8me<\/h6>\n<h6 style=\"text-align: center\"><strong>Vers quels m\u00e9tiers\u00a0les \u00e9l\u00e8ves de SEGPA peuvent-ils s\u2019orienter ?<\/strong><br \/>\n<strong><span style=\"text-decoration: underline;color: #ff6600\"><em>Habitat<\/em><\/span><br \/>\n<\/strong>ma\u00e7onnerie, peinture finition, \u00e9lectricit\u00e9, plomberie, carrelage-mosa\u00efque, menuiserie<br \/>\n<strong><span style=\"text-decoration: underline;color: #ff6600\"><em>Hygi\u00e8ne-Alimentation-Services<\/em><\/span><br \/>\n<\/strong>propret\u00e9, m\u00e9tiers de bouche, h\u00f4tellerie-restauration, services \u00e0 la personne, aux \u00e9tablissements, aux collectivit\u00e9s<\/h6>\n<p style=\"text-align: center\"><span style=\"text-decoration: underline;color: #ff6600\"><em><strong>Espace Rural et Environnement<\/strong><\/em><\/span><br \/>\nfloriculture, production l\u00e9gumi\u00e8re, am\u00e9nagement et entretien des espaces, viticulture),<\/p>\n<p style=\"text-align: center\"><strong><span style=\"text-decoration: underline;color: #ff6600\"><em>Vente, Distribution et Magasinage<\/em><\/span><br \/>\n<\/strong>vente et commerce de produits alimentaires, logistique et transports de marchandises)<\/p>\n","protected":false},"excerpt":{"rendered":"<p>Que signifie SEGPA ? La SEGPA signifie Section d\u2019Enseignement G\u00e9n\u00e9ral et Professionnel Adapt\u00e9 O\u00f9 trouve-t-on les classes de SEGPA ? Au coll\u00e8ge o\u00f9 l\u2019on peut trouver des classes d\u2019enseignement g\u00e9n\u00e9ral et des classes d\u2019enseignement technologique et professionnel A qui sont destin\u00e9es les SEGPA ? Les \u00e9l\u00e8ves orient\u00e9s en SEGPA sont &hellip;<\/p>\n","protected":false},"author":502,"featured_media":0,"parent":0,"menu_order":0,"comment_status":"closed","ping_status":"closed","template":"","meta":{"footnotes":""},"class_list":["post-67","page","type-page","status-publish","hentry"],"_links":{"self":[{"href":"https:\/\/etab.ac-reunion.fr\/clg-pointe-des-chateaux\/wp-json\/wp\/v2\/pages\/67","targetHints":{"allow":["GET"]}}],"collection":[{"href":"https:\/\/etab.ac-reunion.fr\/clg-pointe-des-chateaux\/wp-json\/wp\/v2\/pages"}],"about":[{"href":"https:\/\/etab.ac-reunion.fr\/clg-pointe-des-chateaux\/wp-json\/wp\/v2\/types\/page"}],"author":[{"embeddable":true,"href":"https:\/\/etab.ac-reunion.fr\/clg-pointe-des-chateaux\/wp-json\/wp\/v2\/users\/502"}],"replies":[{"embeddable":true,"href":"https:\/\/etab.ac-reunion.fr\/clg-pointe-des-chateaux\/wp-json\/wp\/v2\/comments?post=67"}],"version-history":[{"count":17,"href":"https:\/\/etab.ac-reunion.fr\/clg-pointe-des-chateaux\/wp-json\/wp\/v2\/pages\/67\/revisions"}],"predecessor-version":[{"id":1446,"href":"https:\/\/etab.ac-reunion.fr\/clg-pointe-des-chateaux\/wp-json\/wp\/v2\/pages\/67\/revisions\/1446"}],"wp:attachment":[{"href":"https:\/\/etab.ac-reunion.fr\/clg-pointe-des-chateaux\/wp-json\/wp\/v2\/media?parent=67"}],"curies":[{"name":"wp","href":"https:\/\/api.w.org\/{rel}","templated":true}]}}