{"id":1875,"date":"2021-09-13T05:21:42","date_gmt":"2021-09-13T05:21:42","guid":{"rendered":"http:\/\/localhost:8081\/wordpress\/?page_id=277"},"modified":"2022-11-28T16:33:42","modified_gmt":"2022-11-28T12:33:42","slug":"web-radio","status":"publish","type":"page","link":"https:\/\/etab.ac-reunion.fr\/clg-raymond-verges\/web-radio\/","title":{"rendered":"Web Radio du Coll\u00e8ge Raymond Verg\u00e8s &#8211; Radio Papang"},"content":{"rendered":"\n<figure class=\"wp-block-embed is-type-rich is-provider-soundcloud wp-block-embed-soundcloud\"><div class=\"wp-block-embed__wrapper\">\n<iframe loading=\"lazy\" title=\"Radio Papang - Emission 1 - 2021\/2022 by Radio Papang - CRV 97419\" width=\"870\" height=\"400\" scrolling=\"no\" frameborder=\"no\" src=\"https:\/\/w.soundcloud.com\/player\/?visual=true&#038;url=https%3A%2F%2Fapi.soundcloud.com%2Ftracks%2F1248665296&#038;show_artwork=true&#038;maxheight=1000&#038;maxwidth=870\"><\/iframe>\n<\/div><figcaption class=\"wp-element-caption\">Bonjour \u00e0 toutes et \u00e0 tous !<br><br>Vous l&rsquo;attendiez ? Et la voici.<br>Voici la toute premi\u00e8re \u00e9mission de la Radio Papang, webradio de notre coll\u00e8ge. Anim\u00e9e par des \u00e9l\u00e8ves de tout niveau, elle a pour objectif de les former aux bons usages des m\u00e9dias. En tant que reporters de terrain, les \u00e9l\u00e8ves ont vari\u00e9 les sujets d&rsquo;actualit\u00e9 pour une \u00e9coute agr\u00e9able et divertissante.<br>En vous souhaitant une bonne \u00e9coute.<br><br>Radio Papang : la radio qui parle plus loin.<\/figcaption><\/figure>\n","protected":false},"excerpt":{"rendered":"","protected":false},"author":31432,"featured_media":0,"parent":0,"menu_order":0,"comment_status":"closed","ping_status":"closed","template":"","meta":{"footnotes":""},"class_list":["post-1875","page","type-page","status-publish","hentry"],"_links":{"self":[{"href":"https:\/\/etab.ac-reunion.fr\/clg-raymond-verges\/wp-json\/wp\/v2\/pages\/1875","targetHints":{"allow":["GET"]}}],"collection":[{"href":"https:\/\/etab.ac-reunion.fr\/clg-raymond-verges\/wp-json\/wp\/v2\/pages"}],"about":[{"href":"https:\/\/etab.ac-reunion.fr\/clg-raymond-verges\/wp-json\/wp\/v2\/types\/page"}],"author":[{"embeddable":true,"href":"https:\/\/etab.ac-reunion.fr\/clg-raymond-verges\/wp-json\/wp\/v2\/users\/31432"}],"replies":[{"embeddable":true,"href":"https:\/\/etab.ac-reunion.fr\/clg-raymond-verges\/wp-json\/wp\/v2\/comments?post=1875"}],"version-history":[{"count":2,"href":"https:\/\/etab.ac-reunion.fr\/clg-raymond-verges\/wp-json\/wp\/v2\/pages\/1875\/revisions"}],"predecessor-version":[{"id":2367,"href":"https:\/\/etab.ac-reunion.fr\/clg-raymond-verges\/wp-json\/wp\/v2\/pages\/1875\/revisions\/2367"}],"wp:attachment":[{"href":"https:\/\/etab.ac-reunion.fr\/clg-raymond-verges\/wp-json\/wp\/v2\/media?parent=1875"}],"curies":[{"name":"wp","href":"https:\/\/api.w.org\/{rel}","templated":true}]}}