{"id":19,"date":"2024-07-03T12:40:08","date_gmt":"2024-07-03T08:40:08","guid":{"rendered":"http:\/\/localhost:8081\/wordpress\/?page_id=19"},"modified":"2025-06-26T10:52:21","modified_gmt":"2025-06-26T06:52:21","slug":"infos","status":"publish","type":"page","link":"https:\/\/etab.ac-reunion.fr\/clg-raymond-verges\/accueil\/infos\/","title":{"rendered":"Rentr\u00e9e 2025"},"content":{"rendered":"\n<h4 class=\"wp-block-heading\">Planning de rentr\u00e9e 2025<\/h4>\n\n\n<a href=\"https:\/\/etab.ac-reunion.fr\/clg-raymond-verges\/wp-content\/uploads\/sites\/12\/2025\/06\/planning-de-rentree-generale-en-2025.pdf\" class=\"pdfemb-viewer\" style=\"\" data-width=\"max\" data-height=\"max\" data-toolbar=\"bottom\" data-toolbar-fixed=\"off\">planning-de-rentree-generale-en-2025<\/a>\n\n\n<div class=\"wp-block-file\"><a id=\"wp-block-file--media-fa5343f3-def8-4308-9285-b513103b4a94\" href=\"https:\/\/etab.ac-reunion.fr\/clg-raymond-verges\/wp-content\/uploads\/sites\/12\/2025\/06\/planning-de-rentree-generale-en-2025.pdf\">planning de rentr\u00e9e g\u00e9n\u00e9rale en 2025<\/a><a href=\"https:\/\/etab.ac-reunion.fr\/clg-raymond-verges\/wp-content\/uploads\/sites\/12\/2025\/06\/planning-de-rentree-generale-en-2025.pdf\" class=\"wp-block-file__button wp-element-button\" download aria-describedby=\"wp-block-file--media-fa5343f3-def8-4308-9285-b513103b4a94\">T\u00e9l\u00e9charger<\/a><\/div>\n\n\n\n<h4 class=\"wp-block-heading\">Liste des fournitures scolaires rentr\u00e9e 2025<\/h4>\n\n\n<a href=\"https:\/\/etab.ac-reunion.fr\/clg-raymond-verges\/wp-content\/uploads\/sites\/12\/2025\/06\/FOURNITURES-SCOLAIRES-annee-2025-2026-EN-pdf.pdf\" class=\"pdfemb-viewer\" style=\"\" data-width=\"max\" data-height=\"max\" data-toolbar=\"bottom\" data-toolbar-fixed=\"off\">FOURNITURES-SCOLAIRES-annee-2025-2026-EN-pdf<\/a>\n\n\n<div class=\"wp-block-file\"><a id=\"wp-block-file--media-34055f54-d8c1-4393-b9eb-1159b2ed1271\" href=\"https:\/\/etab.ac-reunion.fr\/clg-raymond-verges\/wp-content\/uploads\/sites\/12\/2025\/06\/FOURNITURES-SCOLAIRES-annee-2025-2026-EN-pdf.pdf\">FOURNITURES SCOLAIRES ann\u00e9e 2025 2026 EN pdf<\/a><a href=\"https:\/\/etab.ac-reunion.fr\/clg-raymond-verges\/wp-content\/uploads\/sites\/12\/2025\/06\/FOURNITURES-SCOLAIRES-annee-2025-2026-EN-pdf.pdf\" class=\"wp-block-file__button wp-element-button\" download aria-describedby=\"wp-block-file--media-34055f54-d8c1-4393-b9eb-1159b2ed1271\">T\u00e9l\u00e9charger<\/a><\/div>\n","protected":false},"excerpt":{"rendered":"<p>Planning de rentr\u00e9e 2025 Liste des fournitures scolaires rentr\u00e9e 2025<\/p>\n","protected":false},"author":35198,"featured_media":0,"parent":29,"menu_order":1,"comment_status":"closed","ping_status":"closed","template":"","meta":{"footnotes":""},"class_list":["post-19","page","type-page","status-publish","hentry"],"_links":{"self":[{"href":"https:\/\/etab.ac-reunion.fr\/clg-raymond-verges\/wp-json\/wp\/v2\/pages\/19","targetHints":{"allow":["GET"]}}],"collection":[{"href":"https:\/\/etab.ac-reunion.fr\/clg-raymond-verges\/wp-json\/wp\/v2\/pages"}],"about":[{"href":"https:\/\/etab.ac-reunion.fr\/clg-raymond-verges\/wp-json\/wp\/v2\/types\/page"}],"author":[{"embeddable":true,"href":"https:\/\/etab.ac-reunion.fr\/clg-raymond-verges\/wp-json\/wp\/v2\/users\/35198"}],"replies":[{"embeddable":true,"href":"https:\/\/etab.ac-reunion.fr\/clg-raymond-verges\/wp-json\/wp\/v2\/comments?post=19"}],"version-history":[{"count":23,"href":"https:\/\/etab.ac-reunion.fr\/clg-raymond-verges\/wp-json\/wp\/v2\/pages\/19\/revisions"}],"predecessor-version":[{"id":2717,"href":"https:\/\/etab.ac-reunion.fr\/clg-raymond-verges\/wp-json\/wp\/v2\/pages\/19\/revisions\/2717"}],"up":[{"embeddable":true,"href":"https:\/\/etab.ac-reunion.fr\/clg-raymond-verges\/wp-json\/wp\/v2\/pages\/29"}],"wp:attachment":[{"href":"https:\/\/etab.ac-reunion.fr\/clg-raymond-verges\/wp-json\/wp\/v2\/media?parent=19"}],"curies":[{"name":"wp","href":"https:\/\/api.w.org\/{rel}","templated":true}]}}