{"id":29,"date":"2021-09-08T12:40:41","date_gmt":"2021-09-08T10:40:41","guid":{"rendered":"http:\/\/localhost:8081\/wordpress\/?page_id=29"},"modified":"2023-12-11T13:46:35","modified_gmt":"2023-12-11T09:46:35","slug":"accueil","status":"publish","type":"page","link":"https:\/\/etab.ac-reunion.fr\/clg-raymond-verges\/","title":{"rendered":"ACCUEIL"},"content":{"rendered":"\n<h2 class=\"has-text-align-center wp-block-heading\" style=\"font-size:50px\">Actualit\u00e9s<\/h2>\n\n\n\n<div style=\"height:50px\" aria-hidden=\"true\" class=\"wp-block-spacer\"><\/div>\n\n\n<ul class=\"wp-block-latest-posts__list is-grid columns-3 has-dates aligncenter has-medium-fonts wp-block-latest-posts\"><li><a class=\"wp-block-latest-posts__post-title\" href=\"https:\/\/etab.ac-reunion.fr\/clg-raymond-verges\/2026\/02\/18\/maybelle-bomela-304-ecrit-lhistoire-championne-de-france-de-ju-jitsu\/\">Maybelle Bomela (304) \u00e9crit l&rsquo;histoire : Championne de France de Ju-Jitsu !<\/a><time datetime=\"2026-02-18T11:45:30+04:00\" class=\"wp-block-latest-posts__post-date\">18 f\u00e9vrier 2026<\/time><div class=\"wp-block-latest-posts__post-excerpt\">Le Coll\u00e8ge Raymond Verges est incroyablement fier de f\u00e9liciter Maybelle Bomela, \u00e9l\u00e8ve de la classe 304, pour &hellip;<\/div><\/li>\n<li><a class=\"wp-block-latest-posts__post-title\" href=\"https:\/\/etab.ac-reunion.fr\/clg-raymond-verges\/2025\/10\/06\/ceremonie-republicaine-de-remise-des-dnb-session-2025\/\">CEREMONIE REPUBLICAINE DE REMISE DES DNB SESSION 2025<\/a><time datetime=\"2025-10-06T11:25:31+04:00\" class=\"wp-block-latest-posts__post-date\">6 octobre 2025<\/time><div class=\"wp-block-latest-posts__post-excerpt\"><\/div><\/li>\n<li><a class=\"wp-block-latest-posts__post-title\" href=\"https:\/\/etab.ac-reunion.fr\/clg-raymond-verges\/2025\/09\/08\/les-elections-de-delegues-2025-2026-cest-parti\/\">Les \u00e9lections de d\u00e9l\u00e9gu\u00e9s 2025-2026, c&rsquo;est parti !<\/a><time datetime=\"2025-09-08T09:49:42+04:00\" class=\"wp-block-latest-posts__post-date\">8 septembre 2025<\/time><div class=\"wp-block-latest-posts__post-excerpt\">Les \u00e9lections de d\u00e9l\u00e9gu\u00e9s auront lieu du 10 au 19 septembre dans toutes les classes du coll\u00e8ge. &hellip;<\/div><\/li>\n<li><a class=\"wp-block-latest-posts__post-title\" href=\"https:\/\/etab.ac-reunion.fr\/clg-raymond-verges\/2025\/07\/11\/victoire\/\">VICTOIRE !<\/a><time datetime=\"2025-07-11T09:16:34+04:00\" class=\"wp-block-latest-posts__post-date\">11 juillet 2025<\/time><div class=\"wp-block-latest-posts__post-excerpt\">Le conseil d\u00e9partemental a organis\u00e9 un concours sur le c\u00e9l\u00e8bre jeu \u00ab&nbsp;League of legends&nbsp;\u00bb. Il a oppos\u00e9 &hellip;<\/div><\/li>\n<li><a class=\"wp-block-latest-posts__post-title\" href=\"https:\/\/etab.ac-reunion.fr\/clg-raymond-verges\/2025\/07\/10\/comedie-musicale\/\">COMEDIE MUSICALE<\/a><time datetime=\"2025-07-10T10:33:51+04:00\" class=\"wp-block-latest-posts__post-date\">10 juillet 2025<\/time><div class=\"wp-block-latest-posts__post-excerpt\">Notre talentueux professeur d\u2019\u00e9ducation musicale, M. Lionel BOURAU-GLISIA nous a encore enchant\u00e9 cette ann\u00e9e. Avec les \u00e9l\u00e8ves &hellip;<\/div><\/li>\n<li><a class=\"wp-block-latest-posts__post-title\" href=\"https:\/\/etab.ac-reunion.fr\/clg-raymond-verges\/2025\/07\/10\/les-eleves-de-verges-ont-dincroyables-talents\/\">LES ELEVES DE VERGES ONT D\u2019INCROYABLES TALENTS<\/a><time datetime=\"2025-07-10T10:28:53+04:00\" class=\"wp-block-latest-posts__post-date\">10 juillet 2025<\/time><div class=\"wp-block-latest-posts__post-excerpt\">Le samedi 31 mai avait lieu la demi-finale du concours de calcul rapide au coll\u00e8ge Terrain Fayard. &hellip;<\/div><\/li>\n<\/ul>\n\n\n<div style=\"height:80px\" aria-hidden=\"true\" class=\"wp-block-spacer\"><\/div>\n\n\n\n<div class=\"wp-block-columns has-white-color has-text-color is-layout-flex wp-container-core-columns-is-layout-9d6595d7 wp-block-columns-is-layout-flex\">\n<div class=\"wp-block-column is-layout-flow wp-block-column-is-layout-flow\"><\/div>\n\n\n\n<div class=\"wp-block-column is-layout-flow wp-block-column-is-layout-flow\"><\/div>\n<\/div>\n\n\n\n<hr class=\"wp-block-separator has-css-opacity is-style-wide\" \/>\n\n\n\n<p>\/<a href=\"https:\/\/etab.ac-reunion.fr\/clg-raymond-verges\/mentions-legales-2\/\" data-type=\"page\" data-id=\"374\">Mentions l\u00e9gales<\/a><\/p>\n","protected":false},"excerpt":{"rendered":"<p>Actualit\u00e9s \/Mentions l\u00e9gales<\/p>\n","protected":false},"author":22751,"featured_media":0,"parent":0,"menu_order":0,"comment_status":"closed","ping_status":"closed","template":"","meta":{"footnotes":""},"class_list":["post-29","page","type-page","status-publish","hentry"],"_links":{"self":[{"href":"https:\/\/etab.ac-reunion.fr\/clg-raymond-verges\/wp-json\/wp\/v2\/pages\/29","targetHints":{"allow":["GET"]}}],"collection":[{"href":"https:\/\/etab.ac-reunion.fr\/clg-raymond-verges\/wp-json\/wp\/v2\/pages"}],"about":[{"href":"https:\/\/etab.ac-reunion.fr\/clg-raymond-verges\/wp-json\/wp\/v2\/types\/page"}],"author":[{"embeddable":true,"href":"https:\/\/etab.ac-reunion.fr\/clg-raymond-verges\/wp-json\/wp\/v2\/users\/22751"}],"replies":[{"embeddable":true,"href":"https:\/\/etab.ac-reunion.fr\/clg-raymond-verges\/wp-json\/wp\/v2\/comments?post=29"}],"version-history":[{"count":8,"href":"https:\/\/etab.ac-reunion.fr\/clg-raymond-verges\/wp-json\/wp\/v2\/pages\/29\/revisions"}],"predecessor-version":[{"id":2700,"href":"https:\/\/etab.ac-reunion.fr\/clg-raymond-verges\/wp-json\/wp\/v2\/pages\/29\/revisions\/2700"}],"wp:attachment":[{"href":"https:\/\/etab.ac-reunion.fr\/clg-raymond-verges\/wp-json\/wp\/v2\/media?parent=29"}],"curies":[{"name":"wp","href":"https:\/\/api.w.org\/{rel}","templated":true}]}}