{"id":374,"date":"2013-07-14T04:20:24","date_gmt":"2013-07-14T03:20:24","guid":{"rendered":"http:\/\/college-raymondverges-tmp.ac-reunion.fr\/?page_id=374"},"modified":"2023-05-05T09:58:06","modified_gmt":"2023-05-05T05:58:06","slug":"mentions-legales-2","status":"publish","type":"page","link":"https:\/\/etab.ac-reunion.fr\/clg-raymond-verges\/mentions-legales-2\/","title":{"rendered":"Mentions l\u00e9gales"},"content":{"rendered":"<p><strong>\u00c9diteur<\/strong><\/p>\n<p>Rectorat de l\u2019Acad\u00e9mie de La R\u00e9union<br \/>\nSecr\u00e9tariat g\u00e9n\u00e9ral \u2013 Service Communication<br \/>\n24, Avenue Georges Brassens \u2013 97702 \u2013 St-Denis \u2013 Messag Cedex 9<\/p>\n<p><strong>Directeur de la publication et de la r\u00e9daction<\/strong><\/p>\n<ul>\n<li>Responsable de la ma\u00eetrise d\u2019ouvrage :\u00a0 M. \/ Mme le Principal du Coll\u00e8ge<\/li>\n<li>Webmestre : TRAVEL Marius<\/li>\n<\/ul>\n<p>Pour d&rsquo;\u00e9ventuelles demandes de modifications \/ rectifications d&rsquo;informations diffus\u00e9es via ce site : ce.9740084y@ac-reunion.fr<\/p>\n","protected":false},"excerpt":{"rendered":"<p>\u00c9diteur Rectorat de l\u2019Acad\u00e9mie de La R\u00e9union Secr\u00e9tariat g\u00e9n\u00e9ral \u2013 Service Communication 24, Avenue Georges Brassens \u2013 97702 \u2013 St-Denis \u2013 Messag Cedex 9 Directeur de la publication et de la r\u00e9daction Responsable de la ma\u00eetrise d\u2019ouvrage :\u00a0 M. \/ Mme le Principal du Coll\u00e8ge Webmestre : TRAVEL Marius Pour &hellip;<\/p>\n","protected":false},"author":164,"featured_media":0,"parent":0,"menu_order":0,"comment_status":"closed","ping_status":"closed","template":"","meta":{"footnotes":""},"class_list":["post-374","page","type-page","status-publish","hentry"],"_links":{"self":[{"href":"https:\/\/etab.ac-reunion.fr\/clg-raymond-verges\/wp-json\/wp\/v2\/pages\/374","targetHints":{"allow":["GET"]}}],"collection":[{"href":"https:\/\/etab.ac-reunion.fr\/clg-raymond-verges\/wp-json\/wp\/v2\/pages"}],"about":[{"href":"https:\/\/etab.ac-reunion.fr\/clg-raymond-verges\/wp-json\/wp\/v2\/types\/page"}],"author":[{"embeddable":true,"href":"https:\/\/etab.ac-reunion.fr\/clg-raymond-verges\/wp-json\/wp\/v2\/users\/164"}],"replies":[{"embeddable":true,"href":"https:\/\/etab.ac-reunion.fr\/clg-raymond-verges\/wp-json\/wp\/v2\/comments?post=374"}],"version-history":[{"count":7,"href":"https:\/\/etab.ac-reunion.fr\/clg-raymond-verges\/wp-json\/wp\/v2\/pages\/374\/revisions"}],"predecessor-version":[{"id":2395,"href":"https:\/\/etab.ac-reunion.fr\/clg-raymond-verges\/wp-json\/wp\/v2\/pages\/374\/revisions\/2395"}],"wp:attachment":[{"href":"https:\/\/etab.ac-reunion.fr\/clg-raymond-verges\/wp-json\/wp\/v2\/media?parent=374"}],"curies":[{"name":"wp","href":"https:\/\/api.w.org\/{rel}","templated":true}]}}