{"id":85,"date":"2021-09-09T08:03:30","date_gmt":"2021-09-09T08:03:30","guid":{"rendered":"http:\/\/localhost:8081\/wordpress\/?page_id=85"},"modified":"2023-12-11T13:47:23","modified_gmt":"2023-12-11T09:47:23","slug":"le-college","status":"publish","type":"page","link":"https:\/\/etab.ac-reunion.fr\/clg-raymond-verges\/le-college\/","title":{"rendered":"LE COLLEGE Raymond VERGES"},"content":{"rendered":"\n<div class=\"wp-block-columns is-layout-flex wp-container-core-columns-is-layout-9d6595d7 wp-block-columns-is-layout-flex\">\n<div class=\"wp-block-column is-layout-flow wp-block-column-is-layout-flow\">\n<h2 class=\"wp-block-heading\" id=\"creation-historique-9956c77b-1bbb-49e6-a783-e0988aba7ee2\">Cr\u00e9ation \/ Historique:<\/h2>\n\n\n\n<div class=\"wp-block-group\"><div class=\"wp-block-group__inner-container is-layout-flow wp-block-group-is-layout-flow\">\n<p>Ancienne \u00e9cole primaire, transform\u00e9e en C.E.G. vraisemblablement en septembre 1968, le COLLEGE RAYMOND VERGES a \u00e9t\u00e9 nationalis\u00e9 le 15 septembre 1977 selon le d\u00e9cret du 23 mars 1978 publi\u00e9 au Journal Officiel du 30 mars 1978.<\/p>\n\n\n\n<p>Son num\u00e9ro d\u2019immatriculation appara\u00eet pour la premi\u00e8re fois au Rectorat le 11 octobre 1968.<\/p>\n\n\n\n<p>Implant\u00e9 pr\u00e8s de l\u2019ancienne Mairie, dans les locaux de l\u2019\u00c9cole \u00c9variste de Parny, il sera d\u00e9plac\u00e9 sur l\u2019emplacement actuel en 1972.<\/p>\n\n\n\n<p>L\u2019enqu\u00eate du 1er octobre 1969 pr\u00e9sente des effectifs de 220 \u00e9l\u00e8ves ; toutefois ils vont s\u2019accro\u00eetre rapidement : 279 en 1970, 425 en 1971, 537 \u00e9l\u00e8ves d\u00e8s 1972 .<\/p>\n\n\n\n<p>A partir de cette date les effectifs du coll\u00e8ge ne seront jamais inf\u00e9rieurs \u00e0 800 \u00e9l\u00e8ves.<\/p>\n\n\n\n<p>Bien que sa capacit\u00e9 th\u00e9orique d\u2019accueil ait \u00e9t\u00e9 port\u00e9e \u00e0 525 \u00e9l\u00e8ves, l\u2019\u00e9tablissement a toujours eu des effectifs sup\u00e9rieurs \u00e0 ce nombre, d\u2019autant plus qu\u2019il a \u00e9t\u00e9 pendant longtemps le seul coll\u00e8ge de la commune de La Possession.<\/p>\n\n\n\n<p>Suite \u00e0 l\u2019accroissement de la population de la commune, deux nouveaux coll\u00e8ges ont \u00e9t\u00e9 construits (COLLEGE JEAN ALBANY et TEXEIRA DA MOTTA). Mais l\u2019augmentation constante des nouvelles constructions et donc celle des effectifs va porter le nombre d\u2019\u00e9l\u00e8ves accueillis \u00e0 plus de sept cents \u00e0 la rentr\u00e9e scolaire 2002, en attendant l\u2019ouverture d\u2019un quatri\u00e8me coll\u00e8ge dans quelques ann\u00e9es.<\/p>\n\n\n\n<p>Pour faire face \u00e0 cet accroissement constant, 4 blocs de 3 salles et 1 de 2 salles ont \u00e9t\u00e9 ajout\u00e9s rapidement aux deux b\u00e2timents primitifs. Un bloc technologie (3 salles de cours et une salle audio-visuelle) a \u00e9t\u00e9 construit \u00e0 la fin des ann\u00e9es 80, et un b\u00e2timent servant de r\u00e9serve, d\u2019infirmerie et de d\u00e9p\u00f4t de mat\u00e9riel EPS a achev\u00e9 l\u2019ensemble des constructions en 1994.<\/p>\n<\/div><\/div>\n\n\n\n<div style=\"height:50px\" aria-hidden=\"true\" class=\"wp-block-spacer\"><\/div>\n\n\n\n<hr class=\"wp-block-separator has-css-opacity is-style-wide\" \/>\n\n\n\n<div style=\"height:50px\" aria-hidden=\"true\" class=\"wp-block-spacer\"><\/div>\n\n\n\n<div class=\"wp-block-media-text alignwide has-media-on-the-right is-stacked-on-mobile\" style=\"grid-template-columns:auto 34%\"><div class=\"wp-block-media-text__content\">\n<p>D\u00e8s 1988 il a fallu r\u00e9nover 2 blocs de 3 salles chacun ; en 1991 la capacit\u00e9 d\u2019accueil du restaurant scolaire a \u00e9t\u00e9 port\u00e9e \u00e0 350 rationnaires suite \u00e0 son extension.<\/p>\n\n\n\n<p>L\u2019ann\u00e9e suivante a vu l\u2019am\u00e9nagement d\u2019ombri\u00e8res dans la permanence. L\u2019am\u00e9nagement paysager a \u00e9t\u00e9 r\u00e9alis\u00e9 en 1993, puis ce fut le tour de l\u2019am\u00e9nagement des abords (cl\u00f4tures, muret), grilles, portail, ainsi que la mise en place d\u2019un arrosage automatique. En 2001 on r\u00e9alise la fermeture automatique des portails et les derniers am\u00e9nagements des cuisines. Le coll\u00e8ge a donc ainsi atteint son d\u00e9veloppement actuel, en attendant une \u00e9ventuelle restructuration totale, qui mettrait les salles sp\u00e9cialis\u00e9es aux normes.<\/p>\n\n\n\n<p>Ainsi ce coll\u00e8ge qui n\u2019a pas de plan d\u2019ensemble \u00e0 l\u2019origine, a su r\u00e9aliser un cadre de travail accueillant. Le d\u00e9vouement des \u00e9quipes p\u00e9dagogiques lui a donn\u00e9 son \u00e2me.<\/p>\n<\/div><figure class=\"wp-block-media-text__media\"><img loading=\"lazy\" decoding=\"async\" width=\"497\" height=\"700\" src=\"https:\/\/etab.ac-reunion.fr\/clg-raymond-verges\/wp-content\/uploads\/sites\/12\/2012\/11\/plan.png\" alt=\"\" class=\"wp-image-321 size-full\" srcset=\"https:\/\/etab.ac-reunion.fr\/clg-raymond-verges\/wp-content\/uploads\/sites\/12\/2012\/11\/plan.png 497w, https:\/\/etab.ac-reunion.fr\/clg-raymond-verges\/wp-content\/uploads\/sites\/12\/2012\/11\/plan-213x300.png 213w\" sizes=\"auto, (max-width: 497px) 100vw, 497px\" \/><\/figure><\/div>\n<\/div>\n<\/div>\n\n\n\n<div style=\"height:50px\" aria-hidden=\"true\" class=\"wp-block-spacer\"><\/div>\n\n\n\n<hr class=\"wp-block-separator has-css-opacity is-style-wide\" \/>\n\n\n\n<h2 class=\"wp-block-heading\" id=\"raymond\">Qui \u00e9tait Raymond Verg\u00e8s ? <\/h2>\n\n\n\n<div class=\"wp-block-media-text alignwide is-stacked-on-mobile is-vertically-aligned-top\" style=\"grid-template-columns:29% auto\"><figure class=\"wp-block-media-text__media\"><img loading=\"lazy\" decoding=\"async\" width=\"224\" height=\"320\" src=\"https:\/\/etab.ac-reunion.fr\/clg-raymond-verges\/wp-content\/uploads\/sites\/12\/2013\/07\/photo_raymond_verges.png\" alt=\"\" class=\"wp-image-292 size-full\" srcset=\"https:\/\/etab.ac-reunion.fr\/clg-raymond-verges\/wp-content\/uploads\/sites\/12\/2013\/07\/photo_raymond_verges.png 224w, https:\/\/etab.ac-reunion.fr\/clg-raymond-verges\/wp-content\/uploads\/sites\/12\/2013\/07\/photo_raymond_verges-210x300.png 210w\" sizes=\"auto, (max-width: 224px) 100vw, 224px\" \/><\/figure><div class=\"wp-block-media-text__content\">\n<p>N\u00e9 \u00e0 Saint-Denis le 15 ao\u00fbt 1882, fils de pharmacien, <\/p>\n\n\n\n<p>il entreprend simultan\u00e9ment des \u00e9tudes de m\u00e9decin et de math\u00e9matiques. Volontaire pendant la guerre, puis bless\u00e9, il devient professeur, ing\u00e9nieur et m\u00e9decin en chine, puis consul de France \u00e0 Siam.<\/p>\n\n\n\n<p>Raymond Verges revient \u00e0 la R\u00e9union en 1931. Il est nomm\u00e9 directeur du service de sant\u00e9 et s\u2019engage dans la d\u00e9fense des pauvres, ce qui l\u2019am\u00e8ne \u00e0 se syndicaliser \u00e0 la C.G.T. Sa popularit\u00e9 est telle qu\u2019il est \u00e9lu dans trois communes m\u00eame s\u2019il opte finalement pour la mairie de St-Denis.<\/p>\n\n\n\n<p>Il est aussi \u00e9lu d\u00e9put\u00e9 en octobre 1945 et occupera ce poste jusqu\u2019en 1655.<\/p>\n\n\n\n<p>Derri\u00e8re lui se massent beaucoup de militants de gauche mais aussi un grand nombre de mod\u00e9r\u00e9s.<\/p>\n\n\n\n<p>Le 5 mai 1944, il fonde le journal T\u00e9moignages.<\/p>\n\n\n\n<p>En 1946, les deux d\u00e9put\u00e9s communistes Raymond Verg\u00e8s et L\u00e9on de Lepervanche proposent la loi de d\u00e9partementalisation. L\u2019\u00eele acc\u00e8de a son statut de d\u00e9partement fran\u00e7ais d\u2019Outre Mer le 19 mars 1946.<\/p>\n<\/div><\/div>\n\n\n\n<h2 class=\"wp-block-heading\" id=\"visite-de-letablissement-a6ee3ba8-4838-46fc-a344-5ae1c629a146\">Visite de l&rsquo;\u00e9tablissement<\/h2>\n\n\n\n<figure class=\"wp-block-video\"><video height=\"720\" style=\"aspect-ratio: 1280 \/ 720;\" width=\"1280\" controls src=\"https:\/\/etab.ac-reunion.fr\/clg-raymond-verges\/wp-content\/uploads\/sites\/12\/2021\/11\/Visite.mp4\"><\/video><\/figure>\n\n\n\n<h2 class=\"wp-block-heading\" id=\"projet-detablissement-2d52d571-0c41-485e-8c41-c75fab1d1c9b\">Projet d&rsquo;\u00e9tablissement<\/h2>\n\n\n<a href=\"https:\/\/etab.ac-reunion.fr\/clg-raymond-verges\/wp-content\/uploads\/sites\/12\/2022\/02\/projet-detablissement-suite-com.-perm.-du-18-juin-181.pdf\" class=\"pdfemb-viewer\" style=\"\" data-width=\"max\" data-height=\"max\" data-toolbar=\"bottom\" data-toolbar-fixed=\"off\">projet-detablissement-suite-com.-perm.-du-18-juin-181<\/a>\n<p class=\"wp-block-pdfemb-pdf-embedder-viewer\"><\/p>\n\n\n\n<h2 class=\"wp-block-heading\" id=\"organigramme-72125aad-60af-4891-984d-49d11f34ecf2\">Organigramme<\/h2>\n\n\n<a href=\"https:\/\/etab.ac-reunion.fr\/clg-raymond-verges\/wp-content\/uploads\/sites\/12\/2023\/11\/organigramme-crv-2023-2024-maj-1.pdf\" class=\"pdfemb-viewer\" style=\"\" data-width=\"max\" data-height=\"max\" data-toolbar=\"bottom\" data-toolbar-fixed=\"off\">organigramme-crv-2023-2024-maj-1<\/a>\n<p class=\"wp-block-pdfemb-pdf-embedder-viewer\"><\/p>\n\n\n\n<h2 class=\"wp-block-heading\" id=\"le-mot-du-principal-9cea9eeb-5fa5-4ddd-8879-7b5cf1a5df56\">Le mot du Principal<\/h2>\n\n\n\n<p><\/p>\n\n\n\n<div class=\"wp-block-group\"><div class=\"wp-block-group__inner-container is-layout-flow wp-block-group-is-layout-flow\">\n<p>L&rsquo;\u00e9tablissement est situ\u00e9 en plein centre-ville de la Possession a \u00e9t\u00e9 pendant longtemps l&rsquo;unique coll\u00e8ge de la Possession.<br>Le coll\u00e8ge fut construit en 1968 et il r\u00e9sulte de la transformation d&rsquo;une \u00e9cole primaire en EPLE.<br> Il a vu ses effectifs s&rsquo;accro\u00eetre au fil du temps.<\/p>\n\n\n\n<p><\/p>\n\n\n\n<p>\n L&rsquo;\u00e9tablissement reste tr\u00e8s attractif car il n&rsquo;est pas loin du \u00ab\u00a0C\u0153ur de ville\u00a0\u00bb de la Commune de la Possession.\n <br>\n La structure du coll\u00e8ge se r\u00e9partit donc en 27 classes dans lesquelles sont inclus les 12 \u00e9l\u00e8ves relevant du dispositif\n ULIS.\n <br>\n Nous avons ouvert une 7\u00e8me classe de 6\u00e8me \u00e0 cette rentr\u00e9e.\n <br>\n L&rsquo;\u00e9tablissement est class\u00e9 hors \u00e9ducation prioritaire (HEP) et les effectifs par division avoisinent 28 \u00e9l\u00e8ves par classe.\n<\/p>\n\n\n\n<p>Nous comptons pour cette ann\u00e9e scolaire 720 \u00e9l\u00e8ves originaires principalement:<\/p>\n\n\n\n<ul class=\"wp-block-list\">\n<li>Du centre-ville de la Possession<\/li>\n\n\n\n<li>De la Ravine \u00e0 Malheurs<\/li>\n\n\n\n<li>De la Grande Chaloupe<\/li>\n\n\n\n<li>Des Lataniers<\/li>\n<\/ul>\n\n\n\n<p>Dans le cadre de l&rsquo;Ecole inclusive, le dispositif PIAL(P\u00f4le Inclusif d&rsquo;accompagnement localis\u00e9) auquel nous appartenons (OUEST 3) est g\u00e9r\u00e9 par le coll\u00e8ge Teixeira Da Motta, ce qui nous permet d&rsquo;\u00eatre aliment\u00e9 en accompagnants des \u00e9l\u00e8ves en situation de handicap.<\/p>\n<\/div><\/div>\n\n\n\n<p>D&rsquo;autres dispositifs d&rsquo;accompagnement sont mis en place en faveur des \u00e9l\u00e8ves \u00e0 besoin particuliers tels que, le PPS(Projet Personnalis\u00e9 de Scolarisation), le PAP(Plan d\u2019accompagnement personnalis\u00e9, le PPRE (Programme Personnalis\u00e9 de R\u00e9ussite Educative), le PAI(Projet d&rsquo;Accompagnement Individualis\u00e9).<\/p>\n\n\n\n<p style=\"font-size:18px\">La gestion de la crise sanitaire actuelle, nous a emmen\u00e9 \u00e0 \u00e9tablir un protocole sanitaire et un plan de continuit\u00e9 p\u00e9dagogique.<\/p>\n\n\n\n<p><\/p>\n\n\n\n<p><\/p>\n\n\n\n<p><\/p>\n\n\n\n<p><\/p>\n\n\n\n<p><\/p>\n\n\n\n<p><\/p>\n\n\n\n<p><\/p>\n\n\n\n<p><\/p>\n\n\n\n<p><\/p>\n\n\n\n<p><\/p>\n\n\n\n<p> <\/p>\n","protected":false},"excerpt":{"rendered":"<p>Cr\u00e9ation \/ Historique: Ancienne \u00e9cole primaire, transform\u00e9e en C.E.G. vraisemblablement en septembre 1968, le COLLEGE RAYMOND VERGES a \u00e9t\u00e9 nationalis\u00e9 le 15 septembre 1977 selon le d\u00e9cret du 23 mars 1978 publi\u00e9 au Journal Officiel du 30 mars 1978. Son num\u00e9ro d\u2019immatriculation appara\u00eet pour la premi\u00e8re fois au Rectorat le &hellip;<\/p>\n","protected":false},"author":22751,"featured_media":292,"parent":0,"menu_order":0,"comment_status":"closed","ping_status":"closed","template":"","meta":{"footnotes":""},"class_list":["post-85","page","type-page","status-publish","has-post-thumbnail","hentry"],"_links":{"self":[{"href":"https:\/\/etab.ac-reunion.fr\/clg-raymond-verges\/wp-json\/wp\/v2\/pages\/85","targetHints":{"allow":["GET"]}}],"collection":[{"href":"https:\/\/etab.ac-reunion.fr\/clg-raymond-verges\/wp-json\/wp\/v2\/pages"}],"about":[{"href":"https:\/\/etab.ac-reunion.fr\/clg-raymond-verges\/wp-json\/wp\/v2\/types\/page"}],"author":[{"embeddable":true,"href":"https:\/\/etab.ac-reunion.fr\/clg-raymond-verges\/wp-json\/wp\/v2\/users\/22751"}],"replies":[{"embeddable":true,"href":"https:\/\/etab.ac-reunion.fr\/clg-raymond-verges\/wp-json\/wp\/v2\/comments?post=85"}],"version-history":[{"count":53,"href":"https:\/\/etab.ac-reunion.fr\/clg-raymond-verges\/wp-json\/wp\/v2\/pages\/85\/revisions"}],"predecessor-version":[{"id":2578,"href":"https:\/\/etab.ac-reunion.fr\/clg-raymond-verges\/wp-json\/wp\/v2\/pages\/85\/revisions\/2578"}],"wp:featuredmedia":[{"embeddable":true,"href":"https:\/\/etab.ac-reunion.fr\/clg-raymond-verges\/wp-json\/wp\/v2\/media\/292"}],"wp:attachment":[{"href":"https:\/\/etab.ac-reunion.fr\/clg-raymond-verges\/wp-json\/wp\/v2\/media?parent=85"}],"curies":[{"name":"wp","href":"https:\/\/api.w.org\/{rel}","templated":true}]}}